{"id":456,"date":"2025-03-19T08:19:45","date_gmt":"2025-03-19T07:19:45","guid":{"rendered":"https:\/\/www.dermacain.de\/?post_type=product&#038;p=456"},"modified":"2025-09-16T13:17:55","modified_gmt":"2025-09-16T11:17:55","slug":"3-x-dermacain-50g","status":"publish","type":"product","link":"https:\/\/www.tktx-shop.xyz\/?product=3-x-dermacain-50g","title":{"rendered":"3 x Dermacain 50g"},"content":{"rendered":"<div class=\"flex-1 overflow-hidden @container\/thread translate-y-[2rem] -mt-[2rem] pb-[1.5rem]\">\n<div class=\"relative h-full\">\n<div class=\"flex h-full flex-col overflow-y-auto [scrollbar-gutter:stable]\">\n<div class=\"flex flex-col text-sm md:pb-9\">\n<article class=\"w-full text-token-text-primary focus-visible:outline-2 focus-visible:outline-offset-[-4px]\" dir=\"auto\" data-testid=\"conversation-turn-263\" data-scroll-anchor=\"true\">\n<div class=\"m-auto text-base py-[18px] px-6\">\n<div class=\"mx-auto flex flex-1 text-base gap-4 md:gap-5 lg:gap-6 md:max-w-3xl lg:max-w-[40rem] xl:max-w-[48rem]\">\n<div class=\"group\/conversation-turn relative flex w-full min-w-0 flex-col agent-turn @xs\/thread:px-0 @sm\/thread:px-1.5 @md\/thread:px-4\">\n<div class=\"flex-col gap-1 md:gap-3\">\n<div class=\"flex max-w-full flex-col flex-grow\">\n<div class=\"min-h-8 text-message relative flex w-full flex-col items-end gap-2 whitespace-normal break-words text-start [.text-message+&amp;]:mt-5\" dir=\"auto\" data-message-author-role=\"assistant\" data-message-id=\"affef06b-9bf6-4f18-a5e1-0adc0ef05e16\" data-message-model-slug=\"gpt-4o\">\n<div class=\"flex w-full flex-col gap-1 empty:hidden first:pt-[3px]\">\n<div class=\"markdown prose w-full break-words dark:prose-invert light\">\n<p data-start=\"260\" data-end=\"340\">\ud83d\udca1 <strong data-start=\"263\" data-end=\"338\">Zakaj je Dermacain 50g najbolj\u0161a krema proti bole\u010dinam pri tetoviranju?<\/strong><\/p>\n<p data-start=\"342\" data-end=\"704\">\u2714 <strong data-start=\"344\" data-end=\"386\">NAJMO\u010cNEJ\u0160A FORMULA S 15,6 % LIDOCAINA<\/strong> \u2013 za maksimalno brezboljnost!<br data-start=\"416\" data-end=\"419\" \/>\u2714 <strong data-start=\"421\" data-end=\"439\">BREZ NEUDOBJA!<\/strong> Tetoviranje brez trzanja in kr\u010dev!<br data-start=\"474\" data-end=\"477\" \/>\u2714 <strong data-start=\"479\" data-end=\"513\">IDEALNA ZA OB\u010cUTLJIVE PREDELE!<\/strong> Rebra, roke, kolena ali vrat \u2013 popolnoma brez bole\u010din!<br data-start=\"568\" data-end=\"571\" \/>\u2714 <strong data-start=\"573\" data-end=\"610\">OPTIMALNA ZA DOLGE TATTOO SEANSE!<\/strong> Brez nepotrebnega trpljenja!<br data-start=\"639\" data-end=\"642\" \/>\u2714 <strong data-start=\"644\" data-end=\"671\">GARANCIJA ZADOVOLJSTVA!<\/strong> Niste prepri\u010dani? Denar nazaj!<\/p>\n<p data-start=\"706\" data-end=\"760\">\ud83d\udd25 <strong data-start=\"709\" data-end=\"758\">Naro\u010dite zdaj in se tetovirajte brez bole\u010din!<\/strong><\/p>\n<p data-start=\"762\" data-end=\"833\">\ud83d\udee0 <strong data-start=\"765\" data-end=\"831\">Kako pravilno uporabiti kremo proti bole\u010dinam pri tetoviranju:<\/strong><\/p>\n<p><iframe loading=\"lazy\" title=\"Kako pravilno nanesti anesteti\u010dno kremo TKTX pred tetova\u017eo?\" width=\"760\" height=\"428\" src=\"https:\/\/www.youtube.com\/embed\/5HZfXko8OVI?feature=oembed\" frameborder=\"0\" allow=\"accelerometer; autoplay; clipboard-write; encrypted-media; gyroscope; picture-in-picture; web-share\" referrerpolicy=\"strict-origin-when-cross-origin\" allowfullscreen><\/iframe><\/p>\n<p data-start=\"835\" data-end=\"1089\"><strong>1\ufe0f\u20e3 Ko\u017eo temeljito o\u010distite z antibakterijskim milom in posu\u0161ite.<\/strong><br data-start=\"900\" data-end=\"903\" \/><strong>2\ufe0f\u20e3 Na predel za tetoviranje nanesite debelo plast Dermacain 50g.<\/strong><br data-start=\"968\" data-end=\"971\" \/><strong>3\ufe0f\u20e3 Pokrijte s prozorno folijo in pustite delovati vsaj 30 minut.<\/strong><br data-start=\"1036\" data-end=\"1039\" \/><strong>4\ufe0f\u20e3 Kremo odstranite z vla\u017eno krpo \u2013 in za\u010dnite!<\/strong><\/p>\n<p data-start=\"1091\" data-end=\"1209\">\ud83d\udca1 <strong data-start=\"1094\" data-end=\"1105\">Nasvet:<\/strong> Pri dalj\u0161ih tetova\u017enih seansah nanesite kremo na naslednji predel ko\u017ee, preden ga za\u010dnete tetovirati.<\/p>\n<p data-start=\"1211\" data-end=\"1259\">\ud83d\udd0e <strong data-start=\"1214\" data-end=\"1257\">Mnenja strank \u2013 Kaj pravijo na\u0161i kupci?<\/strong><\/p>\n<p data-start=\"1261\" data-end=\"1363\"><strong>\ud83d\udcac David, 32 let<\/strong><br data-start=\"1277\" data-end=\"1280\" \/>&#8222;Hvala Dermacain 50g sem lahko dobil tetova\u017eo brez bole\u010din \u2013 absolutno genialno!&#8220;<\/p>\n<p data-start=\"1365\" data-end=\"1488\"><strong>\ud83d\udcac Lisa, 28 let<\/strong><br data-start=\"1380\" data-end=\"1383\" \/>&#8222;Moje tetoviranje na rebrih ne bi zdr\u017eala brez te kreme proti bole\u010dinam \u2013 nujna za ob\u010dutljive predele!&#8220;<\/p>\n<p data-start=\"1490\" data-end=\"1601\"><strong>\ud83d\udcac Marco, tetovator<\/strong><br data-start=\"1509\" data-end=\"1512\" \/>&#8222;Dermacain 50g priporo\u010dam vsaki stranki \u2013 za spro\u0161\u010deno in nebole\u010do tetova\u017eno izku\u0161njo!&#8220;<\/p>\n<p data-start=\"1603\" data-end=\"1660\">\ud83d\uded2 <strong data-start=\"1606\" data-end=\"1658\">Naro\u010dite zdaj in do\u017eivite tetova\u017eo brez bole\u010din!<\/strong><\/p>\n<p data-start=\"1662\" data-end=\"1892\"><strong>\u2705 100 % originalen izdelek \u2013 brez poceni kopij!<\/strong><br data-start=\"1709\" data-end=\"1712\" \/><strong>\ud83d\ude80 Danes odposlano \u2013 dostava v DVA DELOVNA DNI!<\/strong><br data-start=\"1759\" data-end=\"1762\" \/><strong>\ud83d\udce6 Brezpla\u010dna dostava pri naro\u010dilu od 3 kosov \u2013 najbolj\u0161a ponudba na trgu!<\/strong><br data-start=\"1836\" data-end=\"1839\" \/><strong>\ud83d\udcde Strokovno svetovanje \u2013 pomagamo vam pri uporabi!<\/strong><\/p>\n<p data-start=\"1894\" data-end=\"1966\"><strong>\ud83d\udd25 Kliknite na &#8222;NARO\u010cI ZDAJ&#8220; in do\u017eivite tetova\u017eo brez bole\u010din! \ud83d\udd25<\/strong><\/p>\n<p data-start=\"3730\" data-end=\"3818\"><a href=\"https:\/\/www.tktx-shop.xyz\/?add-to-cart=456\"><img loading=\"lazy\" decoding=\"async\" class=\"aligncenter wp-image-42 size-medium\" src=\"https:\/\/www.tktx-shop.xyz\/wp-content\/uploads\/2023\/04\/2-283x300.png\" alt=\"Dermacain U\u010dinkovita krema za anestetik TKTX\" width=\"283\" height=\"300\" srcset=\"https:\/\/www.tktx-shop.xyz\/wp-content\/uploads\/2023\/04\/2-283x300.png 283w, https:\/\/www.tktx-shop.xyz\/wp-content\/uploads\/2023\/04\/2-300x318.png 300w, https:\/\/www.tktx-shop.xyz\/wp-content\/uploads\/2023\/04\/2.png 583w\" sizes=\"auto, (max-width: 283px) 100vw, 283px\" \/><\/a><\/p>\n<h4 data-start=\"3820\" data-end=\"3960\"><a href=\"https:\/\/www.tktx-shop.xyz\/?add-to-cart=456\"><img loading=\"lazy\" decoding=\"async\" class=\"aligncenter wp-image-842 size-full\" src=\"https:\/\/www.tktx-shop.xyz\/wp-content\/uploads\/2025\/07\/35.png\" alt=\"\" width=\"150\" height=\"70\" \/><\/a><\/h4>\n<p style=\"text-align: center;\" data-start=\"1968\" data-end=\"2070\">\ud83d\udcb0 <strong data-start=\"1971\" data-end=\"1998\">Garancija zadovoljstva!<\/strong><br data-start=\"1998\" data-end=\"2001\" \/><strong>\u010ce niste zadovoljni, preprosto vrnite izdelek \u2013 povrnemo vam denar!<\/strong><\/p>\n<p data-start=\"2072\" data-end=\"2185\">\ud83d\udcde <strong data-start=\"2075\" data-end=\"2097\">Kontaktirajte nas!<\/strong><br data-start=\"2097\" data-end=\"2100\" \/><strong>Imate vpra\u0161anja ali \u017eelite naro\u010diti neposredno? Pi\u0161ite nam SMS na +421 902 877 942!<\/strong><\/p>\n<p data-start=\"2187\" data-end=\"2264\">\ud83c\udfaf <strong data-start=\"2190\" data-end=\"2259\">Dermacain 30g \u2013 \u0161t. 1 med kremami za tetoviranje proti bole\u010dinam!<\/strong> \ud83c\udfaf<\/p>\n<\/div>\n<\/div>\n<\/div>\n<\/div>\n<\/div>\n<\/div>\n<\/div>\n<\/div>\n<\/article>\n<\/div>\n<\/div>\n<\/div>\n<\/div>\n","protected":false},"excerpt":{"rendered":"<h2 data-start=\"724\" data-end=\"779\"><strong data-start=\"727\" data-end=\"777\">\ud83d\udd25 SCHMERZFREIES T\u00c4TOWIEREN MIT DERMACAIN 50G!<\/strong><\/h2>\n<p data-start=\"781\" data-end=\"868\">T\u00e4towierungen sind Kunstwerke f\u00fcrs Leben \u2013 aber warum sollten Sie Schmerzen ertragen?<\/p>\n<p data-start=\"870\" data-end=\"1110\">Mit <strong data-start=\"874\" data-end=\"891\">Dermacain 50g<\/strong>, der st\u00e4rksten <strong data-start=\"907\" data-end=\"930\">Tattoo Schmerzcreme<\/strong>, bleibt Ihre Haut <strong data-start=\"949\" data-end=\"981\">bis zu 3 Stunden schmerzfrei<\/strong>. Dank <strong data-start=\"988\" data-end=\"1007\">15,6 % Lidocain<\/strong> genie\u00dfen Sie eine <strong data-start=\"1026\" data-end=\"1062\">v\u00f6llig entspannte Tattoo-Session<\/strong> \u2013 keine Tr\u00e4nen, kein Zucken, keine Schmerzen!<\/p>\n<p data-start=\"1112\" data-end=\"1463\">\u2705 <strong data-start=\"1114\" data-end=\"1179\">Maximaler Schmerzschutz \u2013 bis zu 3 Stunden v\u00f6llige Bet\u00e4ubung!<\/strong><br data-start=\"1179\" data-end=\"1182\" \/>\u2705 <strong data-start=\"1184\" data-end=\"1233\">Schnelle Wirkung \u2013 in nur 30 Minuten bet\u00e4ubt!<\/strong><br data-start=\"1233\" data-end=\"1236\" \/>\u2705 <strong data-start=\"1238\" data-end=\"1319\">Reduziert Schwellungen &amp; Blutungen \u2013 f\u00fcr klarere Linien &amp; lebendigere Farben!<\/strong><br data-start=\"1319\" data-end=\"1322\" \/>\u2705 <strong data-start=\"1324\" data-end=\"1390\">Von Tattoo-Profis empfohlen \u2013 f\u00fcr eine ruhige, pr\u00e4zise Arbeit!<\/strong><br data-start=\"1390\" data-end=\"1393\" \/>\u2705 <strong data-start=\"1395\" data-end=\"1461\">50g \u2013 reicht f\u00fcr mehrere Anwendungen &amp; lange Tattoo-Sitzungen!<\/strong><\/p>\n<p data-start=\"1465\" data-end=\"1512\">\ud83d\ude80 <strong data-start=\"1468\" data-end=\"1510\">Heute bestellt \u2013 \u00fcbermorgen geliefert!<\/strong><\/p>\n","protected":false},"featured_media":42,"comment_status":"closed","ping_status":"closed","template":"","meta":{"_monsterinsights_skip_tracking":false,"_monsterinsights_sitenote_active":false,"_monsterinsights_sitenote_note":"","_monsterinsights_sitenote_category":0},"product_brand":[],"product_cat":[29],"product_tag":[],"class_list":{"0":"post-456","1":"product","2":"type-product","3":"status-publish","4":"has-post-thumbnail","6":"product_cat-dermacain-50g","8":"first","9":"instock","10":"sale","11":"taxable","12":"shipping-taxable","13":"purchasable","14":"product-type-simple"},"yoast_head":"<!-- This site is optimized with the Yoast SEO plugin v25.2 - https:\/\/yoast.com\/wordpress\/plugins\/seo\/ -->\n<title>3 x Dermacain 50g - Dermacain<\/title>\n<meta name=\"description\" content=\"Dermacain 50g anesteti\u010dna krema z 15,6 % lidokaina \u2013 popolna za dolge tetova\u017ene seanse in ob\u010dutljive predele. Brez bole\u010din, dostava v 2 delovnih dneh!\" \/>\n<meta name=\"robots\" content=\"index, follow, max-snippet:-1, max-image-preview:large, max-video-preview:-1\" \/>\n<link rel=\"canonical\" href=\"https:\/\/www.tktx-shop.xyz\/?product=3-x-dermacain-50g\" \/>\n<meta property=\"og:locale\" content=\"de_DE\" \/>\n<meta property=\"og:type\" content=\"article\" \/>\n<meta property=\"og:title\" content=\"3 x Dermacain 50g - Dermacain\" \/>\n<meta property=\"og:description\" content=\"Dermacain 50g anesteti\u010dna krema z 15,6 % lidokaina \u2013 popolna za dolge tetova\u017ene seanse in ob\u010dutljive predele. Brez bole\u010din, dostava v 2 delovnih dneh!\" \/>\n<meta property=\"og:url\" content=\"https:\/\/www.tktx-shop.xyz\/?product=3-x-dermacain-50g\" \/>\n<meta property=\"og:site_name\" content=\"Dermacain\" \/>\n<meta property=\"article:modified_time\" content=\"2025-09-16T11:17:55+00:00\" \/>\n<meta property=\"og:image\" content=\"https:\/\/www.tktx-shop.xyz\/wp-content\/uploads\/2023\/04\/2.png\" \/>\n\t<meta property=\"og:image:width\" content=\"583\" \/>\n\t<meta property=\"og:image:height\" content=\"618\" \/>\n\t<meta property=\"og:image:type\" content=\"image\/png\" \/>\n<meta name=\"twitter:card\" content=\"summary_large_image\" \/>\n<meta name=\"twitter:label1\" content=\"Gesch\u00e4tzte Lesezeit\" \/>\n\t<meta name=\"twitter:data1\" content=\"3\u00a0Minuten\" \/>\n<script type=\"application\/ld+json\" class=\"yoast-schema-graph\">{\"@context\":\"https:\/\/schema.org\",\"@graph\":[{\"@type\":\"WebPage\",\"@id\":\"https:\/\/www.tktx-shop.xyz\/?product=3-x-dermacain-50g\",\"url\":\"https:\/\/www.tktx-shop.xyz\/?product=3-x-dermacain-50g\",\"name\":\"3 x Dermacain 50g - Dermacain\",\"isPartOf\":{\"@id\":\"https:\/\/www.tktx-shop.xyz\/#website\"},\"primaryImageOfPage\":{\"@id\":\"https:\/\/www.tktx-shop.xyz\/?product=3-x-dermacain-50g#primaryimage\"},\"image\":{\"@id\":\"https:\/\/www.tktx-shop.xyz\/?product=3-x-dermacain-50g#primaryimage\"},\"thumbnailUrl\":\"https:\/\/www.tktx-shop.xyz\/wp-content\/uploads\/2023\/04\/2.png\",\"datePublished\":\"2025-03-19T07:19:45+00:00\",\"dateModified\":\"2025-09-16T11:17:55+00:00\",\"description\":\"Dermacain 50g anesteti\u010dna krema z 15,6 % lidokaina \u2013 popolna za dolge tetova\u017ene seanse in ob\u010dutljive predele. Brez bole\u010din, dostava v 2 delovnih dneh!\",\"breadcrumb\":{\"@id\":\"https:\/\/www.tktx-shop.xyz\/?product=3-x-dermacain-50g#breadcrumb\"},\"inLanguage\":\"de\",\"potentialAction\":[{\"@type\":\"ReadAction\",\"target\":[\"https:\/\/www.tktx-shop.xyz\/?product=3-x-dermacain-50g\"]}]},{\"@type\":\"ImageObject\",\"inLanguage\":\"de\",\"@id\":\"https:\/\/www.tktx-shop.xyz\/?product=3-x-dermacain-50g#primaryimage\",\"url\":\"https:\/\/www.tktx-shop.xyz\/wp-content\/uploads\/2023\/04\/2.png\",\"contentUrl\":\"https:\/\/www.tktx-shop.xyz\/wp-content\/uploads\/2023\/04\/2.png\",\"width\":583,\"height\":618,\"caption\":\"Dermacain Bet\u00e4ubende Tattoo-Creme TKTX\"},{\"@type\":\"BreadcrumbList\",\"@id\":\"https:\/\/www.tktx-shop.xyz\/?product=3-x-dermacain-50g#breadcrumb\",\"itemListElement\":[{\"@type\":\"ListItem\",\"position\":1,\"name\":\"Home\",\"item\":\"https:\/\/www.tktx-shop.xyz\/\"},{\"@type\":\"ListItem\",\"position\":2,\"name\":\"3 x Dermacain 50g\"}]},{\"@type\":\"WebSite\",\"@id\":\"https:\/\/www.tktx-shop.xyz\/#website\",\"url\":\"https:\/\/www.tktx-shop.xyz\/\",\"name\":\"Dermacain\",\"description\":\"Wir machen Ihre Tattoos angenehmer\",\"potentialAction\":[{\"@type\":\"SearchAction\",\"target\":{\"@type\":\"EntryPoint\",\"urlTemplate\":\"https:\/\/www.tktx-shop.xyz\/?s={search_term_string}\"},\"query-input\":{\"@type\":\"PropertyValueSpecification\",\"valueRequired\":true,\"valueName\":\"search_term_string\"}}],\"inLanguage\":\"de\"}]}<\/script>\n<!-- \/ Yoast SEO plugin. -->","yoast_head_json":{"title":"3 x Dermacain 50g - Dermacain","description":"Dermacain 50g anesteti\u010dna krema z 15,6 % lidokaina \u2013 popolna za dolge tetova\u017ene seanse in ob\u010dutljive predele. Brez bole\u010din, dostava v 2 delovnih dneh!","robots":{"index":"index","follow":"follow","max-snippet":"max-snippet:-1","max-image-preview":"max-image-preview:large","max-video-preview":"max-video-preview:-1"},"canonical":"https:\/\/www.tktx-shop.xyz\/?product=3-x-dermacain-50g","og_locale":"de_DE","og_type":"article","og_title":"3 x Dermacain 50g - Dermacain","og_description":"Dermacain 50g anesteti\u010dna krema z 15,6 % lidokaina \u2013 popolna za dolge tetova\u017ene seanse in ob\u010dutljive predele. Brez bole\u010din, dostava v 2 delovnih dneh!","og_url":"https:\/\/www.tktx-shop.xyz\/?product=3-x-dermacain-50g","og_site_name":"Dermacain","article_modified_time":"2025-09-16T11:17:55+00:00","og_image":[{"width":583,"height":618,"url":"https:\/\/www.tktx-shop.xyz\/wp-content\/uploads\/2023\/04\/2.png","type":"image\/png"}],"twitter_card":"summary_large_image","twitter_misc":{"Gesch\u00e4tzte Lesezeit":"3\u00a0Minuten"},"schema":{"@context":"https:\/\/schema.org","@graph":[{"@type":"WebPage","@id":"https:\/\/www.tktx-shop.xyz\/?product=3-x-dermacain-50g","url":"https:\/\/www.tktx-shop.xyz\/?product=3-x-dermacain-50g","name":"3 x Dermacain 50g - Dermacain","isPartOf":{"@id":"https:\/\/www.tktx-shop.xyz\/#website"},"primaryImageOfPage":{"@id":"https:\/\/www.tktx-shop.xyz\/?product=3-x-dermacain-50g#primaryimage"},"image":{"@id":"https:\/\/www.tktx-shop.xyz\/?product=3-x-dermacain-50g#primaryimage"},"thumbnailUrl":"https:\/\/www.tktx-shop.xyz\/wp-content\/uploads\/2023\/04\/2.png","datePublished":"2025-03-19T07:19:45+00:00","dateModified":"2025-09-16T11:17:55+00:00","description":"Dermacain 50g anesteti\u010dna krema z 15,6 % lidokaina \u2013 popolna za dolge tetova\u017ene seanse in ob\u010dutljive predele. Brez bole\u010din, dostava v 2 delovnih dneh!","breadcrumb":{"@id":"https:\/\/www.tktx-shop.xyz\/?product=3-x-dermacain-50g#breadcrumb"},"inLanguage":"de","potentialAction":[{"@type":"ReadAction","target":["https:\/\/www.tktx-shop.xyz\/?product=3-x-dermacain-50g"]}]},{"@type":"ImageObject","inLanguage":"de","@id":"https:\/\/www.tktx-shop.xyz\/?product=3-x-dermacain-50g#primaryimage","url":"https:\/\/www.tktx-shop.xyz\/wp-content\/uploads\/2023\/04\/2.png","contentUrl":"https:\/\/www.tktx-shop.xyz\/wp-content\/uploads\/2023\/04\/2.png","width":583,"height":618,"caption":"Dermacain Bet\u00e4ubende Tattoo-Creme TKTX"},{"@type":"BreadcrumbList","@id":"https:\/\/www.tktx-shop.xyz\/?product=3-x-dermacain-50g#breadcrumb","itemListElement":[{"@type":"ListItem","position":1,"name":"Home","item":"https:\/\/www.tktx-shop.xyz\/"},{"@type":"ListItem","position":2,"name":"3 x Dermacain 50g"}]},{"@type":"WebSite","@id":"https:\/\/www.tktx-shop.xyz\/#website","url":"https:\/\/www.tktx-shop.xyz\/","name":"Dermacain","description":"Wir machen Ihre Tattoos angenehmer","potentialAction":[{"@type":"SearchAction","target":{"@type":"EntryPoint","urlTemplate":"https:\/\/www.tktx-shop.xyz\/?s={search_term_string}"},"query-input":{"@type":"PropertyValueSpecification","valueRequired":true,"valueName":"search_term_string"}}],"inLanguage":"de"}]}},"_links":{"self":[{"href":"https:\/\/www.tktx-shop.xyz\/index.php?rest_route=\/wp\/v2\/product\/456","targetHints":{"allow":["GET"]}}],"collection":[{"href":"https:\/\/www.tktx-shop.xyz\/index.php?rest_route=\/wp\/v2\/product"}],"about":[{"href":"https:\/\/www.tktx-shop.xyz\/index.php?rest_route=\/wp\/v2\/types\/product"}],"replies":[{"embeddable":true,"href":"https:\/\/www.tktx-shop.xyz\/index.php?rest_route=%2Fwp%2Fv2%2Fcomments&post=456"}],"wp:featuredmedia":[{"embeddable":true,"href":"https:\/\/www.tktx-shop.xyz\/index.php?rest_route=\/wp\/v2\/media\/42"}],"wp:attachment":[{"href":"https:\/\/www.tktx-shop.xyz\/index.php?rest_route=%2Fwp%2Fv2%2Fmedia&parent=456"}],"wp:term":[{"taxonomy":"product_brand","embeddable":true,"href":"https:\/\/www.tktx-shop.xyz\/index.php?rest_route=%2Fwp%2Fv2%2Fproduct_brand&post=456"},{"taxonomy":"product_cat","embeddable":true,"href":"https:\/\/www.tktx-shop.xyz\/index.php?rest_route=%2Fwp%2Fv2%2Fproduct_cat&post=456"},{"taxonomy":"product_tag","embeddable":true,"href":"https:\/\/www.tktx-shop.xyz\/index.php?rest_route=%2Fwp%2Fv2%2Fproduct_tag&post=456"}],"curies":[{"name":"wp","href":"https:\/\/api.w.org\/{rel}","templated":true}]}}