{"id":453,"date":"2025-03-19T08:07:35","date_gmt":"2025-03-19T07:07:35","guid":{"rendered":"https:\/\/www.dermacain.de\/?post_type=product&#038;p=453"},"modified":"2025-09-16T13:50:10","modified_gmt":"2025-09-16T11:50:10","slug":"6-x-dermacain-30g","status":"publish","type":"product","link":"https:\/\/www.tktx-shop.xyz\/?product=6-x-dermacain-30g","title":{"rendered":"6 x Dermacain 30g"},"content":{"rendered":"<article class=\"w-full text-token-text-primary focus-visible:outline-2 focus-visible:outline-offset-[-4px]\" dir=\"auto\" data-testid=\"conversation-turn-257\" data-scroll-anchor=\"true\">\n<div class=\"m-auto text-base py-[18px] px-6\">\n<div class=\"mx-auto flex flex-1 text-base gap-4 md:gap-5 lg:gap-6 md:max-w-3xl lg:max-w-[40rem] xl:max-w-[48rem]\">\n<div class=\"group\/conversation-turn relative flex w-full min-w-0 flex-col agent-turn @xs\/thread:px-0 @sm\/thread:px-1.5 @md\/thread:px-4\">\n<div class=\"flex-col gap-1 md:gap-3\">\n<div class=\"flex max-w-full flex-col flex-grow\">\n<div class=\"min-h-8 text-message relative flex w-full flex-col items-end gap-2 whitespace-normal break-words text-start [.text-message+&amp;]:mt-5\" dir=\"auto\" data-message-author-role=\"assistant\" data-message-id=\"e91ea81a-9bdf-4cb3-b883-551a7e15a341\" data-message-model-slug=\"gpt-4o\">\n<div class=\"flex w-full flex-col gap-1 empty:hidden first:pt-[3px]\">\n<div class=\"markdown prose w-full break-words dark:prose-invert light\">\n<p data-start=\"196\" data-end=\"276\">\ud83d\udca1 <strong data-start=\"199\" data-end=\"274\">Zakaj je Dermacain 30g najbolj\u0161a krema proti bole\u010dinam pri tetoviranju?<\/strong><\/p>\n<p data-start=\"278\" data-end=\"653\">\u2714 <strong data-start=\"280\" data-end=\"330\">NAJMO\u010cNEJ\u0160A FORMULA NA TRGU \u2013 15,6 % lidokaina<\/strong> za maksimalen u\u010dinek.<br data-start=\"352\" data-end=\"355\" \/>\u2714 <strong data-start=\"357\" data-end=\"384\">BREZBOLE\u010cE TETOVIRANJE!<\/strong> Tetovirajte spro\u0161\u010deno in brez bole\u010din!<br data-start=\"423\" data-end=\"426\" \/>\u2714 <strong data-start=\"428\" data-end=\"465\">IDEALNO ZA STRANKE IN TETOVATORJE<\/strong> \u2013 manj gibanja, bolj\u0161a kakovost tetova\u017ee!<br data-start=\"507\" data-end=\"510\" \/>\u2714 <strong data-start=\"512\" data-end=\"537\">VARNO &amp; KO\u017dI PRIJAZNO<\/strong> \u2013 dermatolo\u0161ko testirano, ne\u017eno do ko\u017ee.<br data-start=\"578\" data-end=\"581\" \/>\u2714 <strong data-start=\"583\" data-end=\"610\">GARANCIJA ZADOVOLJSTVA!<\/strong> \u010ce niste prepri\u010dani, povrnemo va\u0161 denar!<\/p>\n<p data-start=\"655\" data-end=\"714\">\ud83d\udd25 <strong data-start=\"658\" data-end=\"712\">Naro\u010dite zdaj in u\u017eivajte v tetova\u017ei brez bole\u010din!<\/strong><\/p>\n<p data-start=\"716\" data-end=\"796\">\ud83d\udee0 <strong data-start=\"719\" data-end=\"794\">Uporaba: kako pravilno uporabiti kremo proti bole\u010dinam pri tetoviranju:<\/strong><\/p>\n<\/div>\n<p><iframe loading=\"lazy\" title=\"Kako pravilno nanesti anesteti\u010dno kremo TKTX pred tetova\u017eo?\" width=\"760\" height=\"428\" src=\"https:\/\/www.youtube.com\/embed\/5HZfXko8OVI?feature=oembed\" frameborder=\"0\" allow=\"accelerometer; autoplay; clipboard-write; encrypted-media; gyroscope; picture-in-picture; web-share\" referrerpolicy=\"strict-origin-when-cross-origin\" allowfullscreen><\/iframe><\/p>\n<div class=\"markdown prose w-full break-words dark:prose-invert light\">\n<p data-start=\"798\" data-end=\"1105\"><strong>1\ufe0f\u20e3 Ko\u017eo temeljito o\u010distite z antibakterijskim milom in jo osu\u0161ite.<\/strong><br data-start=\"865\" data-end=\"868\" \/><strong>2\ufe0f\u20e3 Velikodu\u0161no nanesite debelo plast Dermacain 30g.<\/strong><br data-start=\"920\" data-end=\"923\" \/><strong>3\ufe0f\u20e3 Pokrijte s prozorno folijo \u2013 pustite delovati vsaj 30 minut.<\/strong><br data-start=\"987\" data-end=\"990\" \/><strong>4\ufe0f\u20e3 Pred za\u010detkom tetoviranja odstranite kremo z vla\u017eno krpo \u2013 zdaj ste pripravljeni na skoraj nebole\u010do tetova\u017eo!<\/strong><\/p>\n<p data-start=\"1107\" data-end=\"1231\">\ud83d\udca1 <strong data-start=\"1110\" data-end=\"1121\">Nasvet:<\/strong> Pri dolgih tetova\u017enih seansah lahko nanesete drugo plast, preden se za\u010dne tetovirati naslednji predel ko\u017ee.<\/p>\n<p data-start=\"1233\" data-end=\"1281\">\ud83d\udd0e <strong data-start=\"1236\" data-end=\"1279\">Mnenja strank \u2013 Kaj pravijo na\u0161i kupci?<\/strong><\/p>\n<p data-start=\"1283\" data-end=\"1414\"><strong>\ud83d\udcac David, 29 let<\/strong><br data-start=\"1299\" data-end=\"1302\" \/>&#8222;Vedno sem se bal bole\u010dine pri tetoviranju \u2013 z Dermacain 30g pa nisem skoraj ni\u010d \u010dutil! Popolnoma priporo\u010dam!&#8220;<\/p>\n<p data-start=\"1416\" data-end=\"1554\"><strong>\ud83d\udcac Nina, 26 let<\/strong><br data-start=\"1431\" data-end=\"1434\" \/>&#8222;Naredila sem si tetova\u017eo na rebrih \u2013 obi\u010dajno zelo bole\u010de! A s to kremo proti bole\u010dinam je bilo popolnoma spro\u0161\u010deno!&#8220;<\/p>\n<p data-start=\"1556\" data-end=\"1683\"><strong>\ud83d\udcac Markus, tetovator<\/strong><br data-start=\"1576\" data-end=\"1579\" \/>&#8222;Odkodkar moje stranke uporabljajo Dermacain, lahko delam veliko natan\u010dneje. Obvezno za dolge seanse!&#8220;<\/p>\n<p data-start=\"1685\" data-end=\"1747\">\ud83d\uded2 <strong data-start=\"1688\" data-end=\"1745\">Naro\u010dite zdaj in si zagotovite tetova\u017eo brez bole\u010din!<\/strong><\/p>\n<p data-start=\"1749\" data-end=\"1994\"><strong>\u2705 100 % originalen izdelek \u2013 nobene poceni ponaredbe!<\/strong><br data-start=\"1802\" data-end=\"1805\" \/><strong>\ud83d\ude80 Danes odposlano \u2013 dostava v DVA DELOVNA DNI!<\/strong><br data-start=\"1852\" data-end=\"1855\" \/><strong>\ud83d\udce6 Brezpla\u010dna dostava pri naro\u010dilu od 3 kosov \u2013 najbolj\u0161a ponudba na trgu!<\/strong><br data-start=\"1929\" data-end=\"1932\" \/><strong>\ud83d\udcde Strokovno svetovanje \u2013 pomagamo vam pri pravilni uporabi!<\/strong><\/p>\n<p data-start=\"1996\" data-end=\"2068\"><strong>\ud83d\udd25 Kliknite na &#8222;NARO\u010cI ZDAJ&#8220; in do\u017eivite tetova\u017eo brez bole\u010din! \ud83d\udd25<\/strong><\/p>\n<p data-start=\"3730\" data-end=\"3818\"><a href=\" https:\/\/www.tktx-shop.xyz\/?add-to-cart=453\"><img loading=\"lazy\" decoding=\"async\" class=\"aligncenter wp-image-43 size-medium\" src=\"https:\/\/www.tktx-shop.xyz\/wp-content\/uploads\/2023\/04\/1-233x300.png\" alt=\"Dermacain U\u010dinkovita krema za anestetik TKTX\" width=\"233\" height=\"300\" srcset=\"https:\/\/www.tktx-shop.xyz\/wp-content\/uploads\/2023\/04\/1-233x300.png 233w, https:\/\/www.tktx-shop.xyz\/wp-content\/uploads\/2023\/04\/1-300x387.png 300w, https:\/\/www.tktx-shop.xyz\/wp-content\/uploads\/2023\/04\/1.png 469w\" sizes=\"auto, (max-width: 233px) 100vw, 233px\" \/><\/a><\/p>\n<p data-start=\"3730\" data-end=\"3818\"><a href=\"https:\/\/www.tktx-shop.xyz\/?add-to-cart=453\"><img loading=\"lazy\" decoding=\"async\" class=\"aligncenter wp-image-839 size-full\" src=\"https:\/\/www.tktx-shop.xyz\/wp-content\/uploads\/2025\/07\/32.png\" alt=\"\" width=\"150\" height=\"70\" \/><\/a><\/p>\n<p style=\"text-align: center;\" data-start=\"2070\" data-end=\"2172\">\ud83d\udcb0 <strong data-start=\"2073\" data-end=\"2100\">Garancija zadovoljstva!<\/strong><br data-start=\"2100\" data-end=\"2103\" \/><strong>\u010ce niste zadovoljni, preprosto vrnite izdelek \u2013 povrnemo vam denar!<\/strong><\/p>\n<p data-start=\"2174\" data-end=\"2287\">\ud83d\udcde <strong data-start=\"2177\" data-end=\"2199\">Kontaktirajte nas!<\/strong><br data-start=\"2199\" data-end=\"2202\" \/><strong>Imate vpra\u0161anja ali \u017eelite naro\u010diti neposredno? Pi\u0161ite nam SMS na +421 902 877 942!<\/strong><\/p>\n<p data-start=\"2289\" data-end=\"2366\">\ud83c\udfaf <strong data-start=\"2292\" data-end=\"2361\">Dermacain 30g \u2013 \u0161t. 1 med kremami za tetoviranje proti bole\u010dinam!<\/strong> \ud83c\udfaf<\/p>\n<\/div>\n<\/div>\n<\/div>\n<\/div>\n<\/div>\n<\/div>\n<\/div>\n<\/div>\n<\/article>\n","protected":false},"excerpt":{"rendered":"<h2 data-start=\"723\" data-end=\"778\"><strong data-start=\"726\" data-end=\"776\">\ud83d\udd25 SCHMERZFREIES T\u00c4TOWIEREN MIT DERMACAIN 30G!<\/strong><\/h2>\n<p data-start=\"780\" data-end=\"850\">Tattoos sind f\u00fcr die Ewigkeit \u2013 aber der Schmerz muss es nicht sein!<\/p>\n<p data-start=\"852\" data-end=\"1099\">Mit <strong data-start=\"856\" data-end=\"873\">Dermacain 30g<\/strong> erleben Sie das T\u00e4towieren ohne Angst vor Schmerzen. Diese hochwirksame <strong data-start=\"946\" data-end=\"970\">Tattoo Schmerz Creme<\/strong> enth\u00e4lt <strong data-start=\"979\" data-end=\"998\">15,6 % Lidocain<\/strong>, die h\u00f6chste zugelassene Konzentration, um <strong data-start=\"1042\" data-end=\"1096\">die Haut zu bet\u00e4uben und den Schmerz zu blockieren<\/strong>.<\/p>\n<p data-start=\"1101\" data-end=\"1516\">\u2705 <strong data-start=\"1103\" data-end=\"1157\">Bis zu 3 Stunden fast vollst\u00e4ndige Schmerzfreiheit<\/strong> \u2013 ideal f\u00fcr lange Tattoos!<br data-start=\"1184\" data-end=\"1187\" \/>\u2705 <strong data-start=\"1189\" data-end=\"1227\">Schnelle Wirkung in nur 30 Minuten<\/strong> \u2013 auftragen, einwirken lassen &amp; entspannen!<br data-start=\"1271\" data-end=\"1274\" \/>\u2705 <strong data-start=\"1276\" data-end=\"1313\">Reduziert R\u00f6tungen &amp; Schwellungen<\/strong> \u2013 f\u00fcr eine makellose Tattoo-Qualit\u00e4t!<br data-start=\"1351\" data-end=\"1354\" \/>\u2705 <strong data-start=\"1356\" data-end=\"1385\">Von T\u00e4towierern empfohlen<\/strong> \u2013 f\u00fcr eine pr\u00e4zisere Arbeit &amp; besseren Komfort!<br data-start=\"1433\" data-end=\"1436\" \/>\u2705 <strong data-start=\"1438\" data-end=\"1476\">100 % Originalprodukt aus S\u00fcdkorea<\/strong> \u2013 garantiert keine billige F\u00e4lschung!<\/p>\n<p data-start=\"1518\" data-end=\"1565\">\ud83d\ude80 <strong data-start=\"1521\" data-end=\"1563\">Heute bestellt \u2013 \u00fcbermorgen geliefert!<\/strong><\/p>\n","protected":false},"featured_media":43,"comment_status":"closed","ping_status":"closed","template":"","meta":{"_monsterinsights_skip_tracking":false,"_monsterinsights_sitenote_active":false,"_monsterinsights_sitenote_note":"","_monsterinsights_sitenote_category":0},"product_brand":[],"product_cat":[28],"product_tag":[],"class_list":{"0":"post-453","1":"product","2":"type-product","3":"status-publish","4":"has-post-thumbnail","6":"product_cat-dermacain-30g","8":"first","9":"instock","10":"sale","11":"taxable","12":"shipping-taxable","13":"purchasable","14":"product-type-simple"},"yoast_head":"<!-- This site is optimized with the Yoast SEO plugin v25.2 - https:\/\/yoast.com\/wordpress\/plugins\/seo\/ -->\n<title>6 x Dermacain 30g - Dermacain<\/title>\n<meta name=\"description\" content=\"Dermacain 30g anesteti\u010dna krema z 15,6 % lidokaina \u2013 varna, u\u010dinkovita in ko\u017ei prijazna. Za tetoviranje brez bole\u010din, dostava v 2 delovnih dneh!\" \/>\n<meta name=\"robots\" content=\"index, follow, max-snippet:-1, max-image-preview:large, max-video-preview:-1\" \/>\n<link rel=\"canonical\" href=\"https:\/\/www.tktx-shop.xyz\/?product=6-x-dermacain-30g\" \/>\n<meta property=\"og:locale\" content=\"de_DE\" \/>\n<meta property=\"og:type\" content=\"article\" \/>\n<meta property=\"og:title\" content=\"6 x Dermacain 30g - Dermacain\" \/>\n<meta property=\"og:description\" content=\"Dermacain 30g anesteti\u010dna krema z 15,6 % lidokaina \u2013 varna, u\u010dinkovita in ko\u017ei prijazna. Za tetoviranje brez bole\u010din, dostava v 2 delovnih dneh!\" \/>\n<meta property=\"og:url\" content=\"https:\/\/www.tktx-shop.xyz\/?product=6-x-dermacain-30g\" \/>\n<meta property=\"og:site_name\" content=\"Dermacain\" \/>\n<meta property=\"article:modified_time\" content=\"2025-09-16T11:50:10+00:00\" \/>\n<meta property=\"og:image\" content=\"https:\/\/www.tktx-shop.xyz\/wp-content\/uploads\/2023\/04\/1.png\" \/>\n\t<meta property=\"og:image:width\" content=\"469\" \/>\n\t<meta property=\"og:image:height\" content=\"605\" \/>\n\t<meta property=\"og:image:type\" content=\"image\/png\" \/>\n<meta name=\"twitter:card\" content=\"summary_large_image\" \/>\n<meta name=\"twitter:label1\" content=\"Gesch\u00e4tzte Lesezeit\" \/>\n\t<meta name=\"twitter:data1\" content=\"3\u00a0Minuten\" \/>\n<script type=\"application\/ld+json\" class=\"yoast-schema-graph\">{\"@context\":\"https:\/\/schema.org\",\"@graph\":[{\"@type\":\"WebPage\",\"@id\":\"https:\/\/www.tktx-shop.xyz\/?product=6-x-dermacain-30g\",\"url\":\"https:\/\/www.tktx-shop.xyz\/?product=6-x-dermacain-30g\",\"name\":\"6 x Dermacain 30g - Dermacain\",\"isPartOf\":{\"@id\":\"https:\/\/www.tktx-shop.xyz\/#website\"},\"primaryImageOfPage\":{\"@id\":\"https:\/\/www.tktx-shop.xyz\/?product=6-x-dermacain-30g#primaryimage\"},\"image\":{\"@id\":\"https:\/\/www.tktx-shop.xyz\/?product=6-x-dermacain-30g#primaryimage\"},\"thumbnailUrl\":\"https:\/\/www.tktx-shop.xyz\/wp-content\/uploads\/2023\/04\/1.png\",\"datePublished\":\"2025-03-19T07:07:35+00:00\",\"dateModified\":\"2025-09-16T11:50:10+00:00\",\"description\":\"Dermacain 30g anesteti\u010dna krema z 15,6 % lidokaina \u2013 varna, u\u010dinkovita in ko\u017ei prijazna. Za tetoviranje brez bole\u010din, dostava v 2 delovnih dneh!\",\"breadcrumb\":{\"@id\":\"https:\/\/www.tktx-shop.xyz\/?product=6-x-dermacain-30g#breadcrumb\"},\"inLanguage\":\"de\",\"potentialAction\":[{\"@type\":\"ReadAction\",\"target\":[\"https:\/\/www.tktx-shop.xyz\/?product=6-x-dermacain-30g\"]}]},{\"@type\":\"ImageObject\",\"inLanguage\":\"de\",\"@id\":\"https:\/\/www.tktx-shop.xyz\/?product=6-x-dermacain-30g#primaryimage\",\"url\":\"https:\/\/www.tktx-shop.xyz\/wp-content\/uploads\/2023\/04\/1.png\",\"contentUrl\":\"https:\/\/www.tktx-shop.xyz\/wp-content\/uploads\/2023\/04\/1.png\",\"width\":469,\"height\":605,\"caption\":\"Dermacain Bet\u00e4ubende Tattoo-Creme TKTX\"},{\"@type\":\"BreadcrumbList\",\"@id\":\"https:\/\/www.tktx-shop.xyz\/?product=6-x-dermacain-30g#breadcrumb\",\"itemListElement\":[{\"@type\":\"ListItem\",\"position\":1,\"name\":\"Home\",\"item\":\"https:\/\/www.tktx-shop.xyz\/\"},{\"@type\":\"ListItem\",\"position\":2,\"name\":\"6 x Dermacain 30g\"}]},{\"@type\":\"WebSite\",\"@id\":\"https:\/\/www.tktx-shop.xyz\/#website\",\"url\":\"https:\/\/www.tktx-shop.xyz\/\",\"name\":\"Dermacain\",\"description\":\"Wir machen Ihre Tattoos angenehmer\",\"potentialAction\":[{\"@type\":\"SearchAction\",\"target\":{\"@type\":\"EntryPoint\",\"urlTemplate\":\"https:\/\/www.tktx-shop.xyz\/?s={search_term_string}\"},\"query-input\":{\"@type\":\"PropertyValueSpecification\",\"valueRequired\":true,\"valueName\":\"search_term_string\"}}],\"inLanguage\":\"de\"}]}<\/script>\n<!-- \/ Yoast SEO plugin. -->","yoast_head_json":{"title":"6 x Dermacain 30g - Dermacain","description":"Dermacain 30g anesteti\u010dna krema z 15,6 % lidokaina \u2013 varna, u\u010dinkovita in ko\u017ei prijazna. Za tetoviranje brez bole\u010din, dostava v 2 delovnih dneh!","robots":{"index":"index","follow":"follow","max-snippet":"max-snippet:-1","max-image-preview":"max-image-preview:large","max-video-preview":"max-video-preview:-1"},"canonical":"https:\/\/www.tktx-shop.xyz\/?product=6-x-dermacain-30g","og_locale":"de_DE","og_type":"article","og_title":"6 x Dermacain 30g - Dermacain","og_description":"Dermacain 30g anesteti\u010dna krema z 15,6 % lidokaina \u2013 varna, u\u010dinkovita in ko\u017ei prijazna. Za tetoviranje brez bole\u010din, dostava v 2 delovnih dneh!","og_url":"https:\/\/www.tktx-shop.xyz\/?product=6-x-dermacain-30g","og_site_name":"Dermacain","article_modified_time":"2025-09-16T11:50:10+00:00","og_image":[{"width":469,"height":605,"url":"https:\/\/www.tktx-shop.xyz\/wp-content\/uploads\/2023\/04\/1.png","type":"image\/png"}],"twitter_card":"summary_large_image","twitter_misc":{"Gesch\u00e4tzte Lesezeit":"3\u00a0Minuten"},"schema":{"@context":"https:\/\/schema.org","@graph":[{"@type":"WebPage","@id":"https:\/\/www.tktx-shop.xyz\/?product=6-x-dermacain-30g","url":"https:\/\/www.tktx-shop.xyz\/?product=6-x-dermacain-30g","name":"6 x Dermacain 30g - Dermacain","isPartOf":{"@id":"https:\/\/www.tktx-shop.xyz\/#website"},"primaryImageOfPage":{"@id":"https:\/\/www.tktx-shop.xyz\/?product=6-x-dermacain-30g#primaryimage"},"image":{"@id":"https:\/\/www.tktx-shop.xyz\/?product=6-x-dermacain-30g#primaryimage"},"thumbnailUrl":"https:\/\/www.tktx-shop.xyz\/wp-content\/uploads\/2023\/04\/1.png","datePublished":"2025-03-19T07:07:35+00:00","dateModified":"2025-09-16T11:50:10+00:00","description":"Dermacain 30g anesteti\u010dna krema z 15,6 % lidokaina \u2013 varna, u\u010dinkovita in ko\u017ei prijazna. Za tetoviranje brez bole\u010din, dostava v 2 delovnih dneh!","breadcrumb":{"@id":"https:\/\/www.tktx-shop.xyz\/?product=6-x-dermacain-30g#breadcrumb"},"inLanguage":"de","potentialAction":[{"@type":"ReadAction","target":["https:\/\/www.tktx-shop.xyz\/?product=6-x-dermacain-30g"]}]},{"@type":"ImageObject","inLanguage":"de","@id":"https:\/\/www.tktx-shop.xyz\/?product=6-x-dermacain-30g#primaryimage","url":"https:\/\/www.tktx-shop.xyz\/wp-content\/uploads\/2023\/04\/1.png","contentUrl":"https:\/\/www.tktx-shop.xyz\/wp-content\/uploads\/2023\/04\/1.png","width":469,"height":605,"caption":"Dermacain Bet\u00e4ubende Tattoo-Creme TKTX"},{"@type":"BreadcrumbList","@id":"https:\/\/www.tktx-shop.xyz\/?product=6-x-dermacain-30g#breadcrumb","itemListElement":[{"@type":"ListItem","position":1,"name":"Home","item":"https:\/\/www.tktx-shop.xyz\/"},{"@type":"ListItem","position":2,"name":"6 x Dermacain 30g"}]},{"@type":"WebSite","@id":"https:\/\/www.tktx-shop.xyz\/#website","url":"https:\/\/www.tktx-shop.xyz\/","name":"Dermacain","description":"Wir machen Ihre Tattoos angenehmer","potentialAction":[{"@type":"SearchAction","target":{"@type":"EntryPoint","urlTemplate":"https:\/\/www.tktx-shop.xyz\/?s={search_term_string}"},"query-input":{"@type":"PropertyValueSpecification","valueRequired":true,"valueName":"search_term_string"}}],"inLanguage":"de"}]}},"_links":{"self":[{"href":"https:\/\/www.tktx-shop.xyz\/index.php?rest_route=\/wp\/v2\/product\/453","targetHints":{"allow":["GET"]}}],"collection":[{"href":"https:\/\/www.tktx-shop.xyz\/index.php?rest_route=\/wp\/v2\/product"}],"about":[{"href":"https:\/\/www.tktx-shop.xyz\/index.php?rest_route=\/wp\/v2\/types\/product"}],"replies":[{"embeddable":true,"href":"https:\/\/www.tktx-shop.xyz\/index.php?rest_route=%2Fwp%2Fv2%2Fcomments&post=453"}],"wp:featuredmedia":[{"embeddable":true,"href":"https:\/\/www.tktx-shop.xyz\/index.php?rest_route=\/wp\/v2\/media\/43"}],"wp:attachment":[{"href":"https:\/\/www.tktx-shop.xyz\/index.php?rest_route=%2Fwp%2Fv2%2Fmedia&parent=453"}],"wp:term":[{"taxonomy":"product_brand","embeddable":true,"href":"https:\/\/www.tktx-shop.xyz\/index.php?rest_route=%2Fwp%2Fv2%2Fproduct_brand&post=453"},{"taxonomy":"product_cat","embeddable":true,"href":"https:\/\/www.tktx-shop.xyz\/index.php?rest_route=%2Fwp%2Fv2%2Fproduct_cat&post=453"},{"taxonomy":"product_tag","embeddable":true,"href":"https:\/\/www.tktx-shop.xyz\/index.php?rest_route=%2Fwp%2Fv2%2Fproduct_tag&post=453"}],"curies":[{"name":"wp","href":"https:\/\/api.w.org\/{rel}","templated":true}]}}