{"id":439,"date":"2025-03-16T08:14:31","date_gmt":"2025-03-16T07:14:31","guid":{"rendered":"https:\/\/www.dermacain.de\/?post_type=product&#038;p=439"},"modified":"2025-10-06T15:23:00","modified_gmt":"2025-10-06T13:23:00","slug":"4-stueck-x-tktx-anaesthesiesalbe-75-kostenloser-versand-kopia","status":"publish","type":"product","link":"https:\/\/www.tktx-shop.xyz\/?product=4-stueck-x-tktx-anaesthesiesalbe-75-kostenloser-versand-kopia","title":{"rendered":"4 x anesteti\u010dna krema TKTX 75 % + brezpla\u010dna dostava"},"content":{"rendered":"<article class=\"w-full text-token-text-primary focus-visible:outline-2 focus-visible:outline-offset-[-4px]\" dir=\"auto\" data-testid=\"conversation-turn-101\" data-scroll-anchor=\"true\">\n<div class=\"m-auto text-base py-[18px] px-6\">\n<div class=\"mx-auto flex flex-1 text-base gap-4 md:gap-5 lg:gap-6 md:max-w-3xl lg:max-w-[40rem] xl:max-w-[48rem]\">\n<div class=\"group\/conversation-turn relative flex w-full min-w-0 flex-col agent-turn @xs\/thread:px-0 @sm\/thread:px-1.5 @md\/thread:px-4\">\n<div class=\"flex-col gap-1 md:gap-3\">\n<div class=\"flex max-w-full flex-col flex-grow\">\n<div class=\"min-h-8 text-message relative flex w-full flex-col items-end gap-2 whitespace-normal break-words text-start [.text-message+&amp;]:mt-5\" dir=\"auto\" data-message-author-role=\"assistant\" data-message-id=\"0063f33d-f394-4740-b6a6-2fa82112af10\" data-message-model-slug=\"gpt-4o\">\n<div class=\"flex w-full flex-col gap-1 empty:hidden first:pt-[3px]\">\n<div class=\"markdown prose w-full break-words dark:prose-invert light\">\n<p data-start=\"196\" data-end=\"270\">\ud83d\udc8e <strong data-start=\"199\" data-end=\"268\">Zakaj izbrati TKTX 75% \u010crna kot anesteti\u010dno kremo za tetoviranje?<\/strong><\/p>\n<p data-start=\"272\" data-end=\"689\">\u2705 <strong data-start=\"274\" data-end=\"305\">NAJMO\u010cNEJ\u0160A FORMULA NA TRGU<\/strong> \u2013 vsebuje 75 % aktivnih u\u010dinkovin, ki popolnoma blokirajo bole\u010dino.<br data-start=\"373\" data-end=\"376\" \/>\u2705 <strong data-start=\"378\" data-end=\"401\">OMRTVI\u010cENJE DO 3 UR<\/strong> \u2013 idealno za velike tetova\u017ee in ob\u010dutljive predele telesa.<br data-start=\"460\" data-end=\"463\" \/>\u2705 <strong data-start=\"465\" data-end=\"498\">ZMANJ\u0160A KRVAVITEV IN OTEKLINO<\/strong> \u2013 hitrej\u0161e celjenje, intenzivnej\u0161e barve.<br data-start=\"540\" data-end=\"543\" \/>\u2705 <strong data-start=\"545\" data-end=\"571\">POPOLNA ZA TETOVATORJE<\/strong> \u2013 brez trzanja strank, brez prekinitev, teko\u010de delo!<br data-start=\"624\" data-end=\"627\" \/>\u2705 <strong data-start=\"629\" data-end=\"656\">GARANCIJA ZADOVOLJSTVA!<\/strong> Niste zadovoljni? Denar nazaj!<\/p>\n<p data-start=\"691\" data-end=\"785\">\ud83d\ude80 \u017delite tetova\u017eo brez bole\u010din? Ta anesteti\u010dna krema za tetoviranje je va\u0161e skrivno oro\u017eje!<\/p>\n<p data-start=\"787\" data-end=\"835\">\ud83d\udee0 <strong data-start=\"790\" data-end=\"833\">Kako optimalno uporabiti TKTX 75% \u010crna:<\/strong><\/p>\n<p data-start=\"2143\" data-end=\"2229\"><strong data-start=\"2143\" data-end=\"2227\"><img loading=\"lazy\" decoding=\"async\" class=\"aligncenter size-full wp-image-491\" src=\"https:\/\/www.tktx-shop.xyz\/wp-content\/uploads\/2025\/04\/DermacainanasthetischeTattoo-Creme-ezgif.com-optimize.gif\" alt=\"TKTX 75% creme bei tattoo\" width=\"480\" height=\"270\" \/><\/strong><\/p>\n<p data-start=\"837\" data-end=\"1152\"><strong>1\ufe0f\u20e3 Ko\u017eo temeljito o\u010distite z antibakterijskim milom.<\/strong><br data-start=\"890\" data-end=\"893\" \/><strong>2\ufe0f\u20e3 Nanesite DEBELO plast TKTX 75% \u010crna \u2013 ne var\u010dujte!<\/strong><br data-start=\"947\" data-end=\"950\" \/><strong>3\ufe0f\u20e3 Pokrijte s prozorno folijo in pustite delovati vsaj 30\u201340 minut.<\/strong><br data-start=\"1018\" data-end=\"1021\" \/><strong>4\ufe0f\u20e3 Pred za\u010detkom tetoviranja odstranite kremo z vla\u017eno krpo.<\/strong><br data-start=\"1082\" data-end=\"1085\" \/><strong>5\ufe0f\u20e3 Zdaj ste pripravljeni na popolnoma nebole\u010do tetova\u017eno seanso!<\/strong><\/p>\n<p data-start=\"1154\" data-end=\"1275\"><strong>\ud83d\udca1 Nasvet: Pri dolgih tetova\u017enih seansah nanesite drugo plast TKTX na naslednje predele ko\u017ee, preden se tetovirajo.<\/strong><\/p>\n<p data-start=\"1277\" data-end=\"1325\">\ud83d\udd0e <strong data-start=\"1280\" data-end=\"1323\">Mnenja strank \u2013 Kaj pravijo na\u0161i kupci?<\/strong><\/p>\n<p data-start=\"1327\" data-end=\"1493\"><strong>\ud83d\udcac Marek, 34 let<\/strong><br data-start=\"1343\" data-end=\"1346\" \/>&#8222;Uporabil sem TKTX 75% \u010crna za svoj full-sleeve \u2013 in NISEM \u010dutil ni\u010desar! Moj tetovator je bil navdu\u0161en, saj je lahko delal ure brez prekinitev.<strong>&#8222;<\/strong><\/p>\n<p data-start=\"1495\" data-end=\"1643\"><strong>\ud83d\udcac Simona, 27 let<\/strong><br data-start=\"1512\" data-end=\"1515\" \/>&#8222;Rebra? Kolena? Obi\u010dajno tega ne bi pre\u017eivela! A s to anesteti\u010dno kremo za tetoviranje je bilo popolnoma brez bole\u010din. 10\/10!&#8220;<\/p>\n<p data-start=\"1645\" data-end=\"1767\"><strong>\ud83d\udcac Jaro, 40 let<\/strong><br data-start=\"1660\" data-end=\"1663\" \/>&#8222;Bil sem skepti\u010den, a zdaj? Nikoli ve\u010d ne grem na tetoviranje brez TKTX 75% \u010crna. Razlika je ogromna!&#8220;<\/p>\n<p data-start=\"1769\" data-end=\"1818\">\ud83d\uded2 <strong data-start=\"1772\" data-end=\"1816\">Naro\u010dite TKTX 75% \u010crna zdaj in prejmite:<\/strong><\/p>\n<p data-start=\"1820\" data-end=\"2079\"><strong>\u2705 100 % originalen izdelek \u2013 zagotovljena pristnost in u\u010dinkovitost.<\/strong><br data-start=\"1888\" data-end=\"1891\" \/><strong>\ud83d\ude80 Danes odposlano \u2013 dostava v DVA DELOVNA DNI!<\/strong><br data-start=\"1938\" data-end=\"1941\" \/><strong>\ud83d\udce6 Brezpla\u010dna dostava pri naro\u010dilu 3 kosov \u2013 najbolj\u0161a ponudba na trgu!<\/strong><br data-start=\"2012\" data-end=\"2015\" \/><strong>\ud83d\udcde Profesionalna podpora \u2013 svetujemo vam za optimalno uporabo.<\/strong><\/p>\n<p data-start=\"2081\" data-end=\"2170\"><strong>\ud83d\udd25 Ne odla\u0161ajte! Kliknite na &#8222;NARO\u010cI ZDAJ&#8220; in do\u017eivite tetoviranje brez bole\u010din! \ud83d\udd25<\/strong><\/p>\n<p data-start=\"3721\" data-end=\"3827\"><a href=\"https:\/\/www.tktx-shop.xyz\/?add-to-cart=439\"><img loading=\"lazy\" decoding=\"async\" class=\"aligncenter wp-image-30 size-large\" src=\"https:\/\/www.tktx-shop.xyz\/wp-content\/uploads\/2023\/04\/IMG_20210723_133836-1024x454.png\" alt=\"TKTX 75% anesteti\u010dna krema za tetova\u017ee\" width=\"760\" height=\"337\" srcset=\"https:\/\/www.tktx-shop.xyz\/wp-content\/uploads\/2023\/04\/IMG_20210723_133836-1024x454.png 1024w, https:\/\/www.tktx-shop.xyz\/wp-content\/uploads\/2023\/04\/IMG_20210723_133836-300x133.png 300w, https:\/\/www.tktx-shop.xyz\/wp-content\/uploads\/2023\/04\/IMG_20210723_133836-600x266.png 600w, https:\/\/www.tktx-shop.xyz\/wp-content\/uploads\/2023\/04\/IMG_20210723_133836-768x340.png 768w, https:\/\/www.tktx-shop.xyz\/wp-content\/uploads\/2023\/04\/IMG_20210723_133836-1536x680.png 1536w, https:\/\/www.tktx-shop.xyz\/wp-content\/uploads\/2023\/04\/IMG_20210723_133836-2048x907.png 2048w, https:\/\/www.tktx-shop.xyz\/wp-content\/uploads\/2023\/04\/IMG_20210723_133836-1320x585.png 1320w\" sizes=\"auto, (max-width: 760px) 100vw, 760px\" \/><\/a><\/p>\n<p data-start=\"3721\" data-end=\"3827\"><a href=\"https:\/\/www.tktx-shop.xyz\/?add-to-cart=439\"><img loading=\"lazy\" decoding=\"async\" class=\"aligncenter wp-image-813 size-full\" src=\"https:\/\/www.tktx-shop.xyz\/wp-content\/uploads\/2025\/07\/6.png\" alt=\"\" width=\"150\" height=\"70\" \/><\/a><\/p>\n<h4 style=\"text-align: center;\" data-start=\"3829\" data-end=\"3963\">\ud83d\udcb0 GARANCIJA ZADOVOLJSTVA! \u010ce niste zadovoljni, nam izdelek vrnite \u2013 povrnili vam bomo denar!<\/h4>\n<\/div>\n<\/div>\n<\/div>\n<\/div>\n<\/div>\n<\/div>\n<\/div>\n<\/div>\n<\/article>\n","protected":false},"excerpt":{"rendered":"<h2 data-start=\"600\" data-end=\"683\"><strong data-start=\"603\" data-end=\"681\">\ud83d\udd25 BEREIT F\u00dcR EIN SCHMERZFREIES TATTOO? TKTX 75% SCHWARZ MACHT ES M\u00d6GLICH!<\/strong><\/h2>\n<p data-start=\"685\" data-end=\"933\">Lassen Sie mich Ihnen die <strong data-start=\"711\" data-end=\"752\">st\u00e4rkste Tattoo Creme gegen Schmerzen<\/strong> auf dem Markt vorstellen. Das hier ist nicht irgendein Bet\u00e4ubungsmittel \u2013 <strong data-start=\"827\" data-end=\"855\">das ist TKTX 75% Schwarz<\/strong>, die leistungsst\u00e4rkste Version f\u00fcr eine nahezu schmerzfreie Tattoo-Sitzung!<\/p>\n<p data-start=\"935\" data-end=\"1105\">Ob Sie einen <strong data-start=\"948\" data-end=\"1053\">Full-Sleeve, ein empfindliches K\u00f6rperteil wie Rippen oder Knie, oder eine lange Tattoo-Session planen<\/strong> \u2013 mit dieser Creme <strong data-start=\"1073\" data-end=\"1103\">sp\u00fcren Sie absolut nichts!<\/strong><\/p>\n<p data-start=\"1107\" data-end=\"1305\">\u23f3 <strong data-start=\"1109\" data-end=\"1153\">Bis zu 3 Stunden vollst\u00e4ndige Bet\u00e4ubung!<\/strong><br data-start=\"1153\" data-end=\"1156\" \/>\ud83c\udfaf <strong data-start=\"1159\" data-end=\"1240\">Perfekt f\u00fcr empfindliche Bereiche \u2013 Rippen, Hals, Finger, Knie? KEIN PROBLEM!<\/strong><br data-start=\"1240\" data-end=\"1243\" \/>\ud83d\udd25 <strong data-start=\"1246\" data-end=\"1303\">Unsere exklusivste TKTX-Version \u2013 st\u00e4rker geht nicht!<\/strong><\/p>\n<p data-start=\"1307\" data-end=\"1417\"><strong data-start=\"1307\" data-end=\"1415\">Tattoo-K\u00fcnstler empfehlen es. Kunden lieben es. Und Sie? Wann g\u00f6nnen Sie sich ein Tattoo OHNE Schmerzen?<\/strong><\/p>\n","protected":false},"featured_media":853,"comment_status":"closed","ping_status":"closed","template":"","meta":{"_monsterinsights_skip_tracking":false,"_monsterinsights_sitenote_active":false,"_monsterinsights_sitenote_note":"","_monsterinsights_sitenote_category":0},"product_brand":[],"product_cat":[17,27],"product_tag":[],"class_list":{"0":"post-439","1":"product","2":"type-product","3":"status-publish","4":"has-post-thumbnail","6":"product_cat-tktx","7":"product_cat-tktx-75-2","9":"first","10":"instock","11":"sale","12":"taxable","13":"shipping-taxable","14":"purchasable","15":"product-type-simple"},"yoast_head":"<!-- This site is optimized with the Yoast SEO plugin v25.2 - https:\/\/yoast.com\/wordpress\/plugins\/seo\/ -->\n<title>4 x anesteti\u010dna krema TKTX 75 % + brezpla\u010dna dostava - Dermacain<\/title>\n<meta name=\"description\" content=\"TKTX 75% \u010crna anesteti\u010dna krema \u2013 najmo\u010dnej\u0161a razli\u010dica na trgu. Do 3 ure brez bole\u010din, hitrej\u0161e celjenje in intenzivne barve. Dostava v 2 delovnih dneh!\" \/>\n<meta name=\"robots\" content=\"index, follow, max-snippet:-1, max-image-preview:large, max-video-preview:-1\" \/>\n<link rel=\"canonical\" href=\"https:\/\/www.tktx-shop.xyz\/?product=4-stueck-x-tktx-anaesthesiesalbe-75-kostenloser-versand-kopia\" \/>\n<meta property=\"og:locale\" content=\"de_DE\" \/>\n<meta property=\"og:type\" content=\"article\" \/>\n<meta property=\"og:title\" content=\"4 x anesteti\u010dna krema TKTX 75 % + brezpla\u010dna dostava - Dermacain\" \/>\n<meta property=\"og:description\" content=\"TKTX 75% \u010crna anesteti\u010dna krema \u2013 najmo\u010dnej\u0161a razli\u010dica na trgu. Do 3 ure brez bole\u010din, hitrej\u0161e celjenje in intenzivne barve. Dostava v 2 delovnih dneh!\" \/>\n<meta property=\"og:url\" content=\"https:\/\/www.tktx-shop.xyz\/?product=4-stueck-x-tktx-anaesthesiesalbe-75-kostenloser-versand-kopia\" \/>\n<meta property=\"og:site_name\" content=\"Dermacain\" \/>\n<meta property=\"article:modified_time\" content=\"2025-10-06T13:23:00+00:00\" \/>\n<meta property=\"og:image\" content=\"https:\/\/www.tktx-shop.xyz\/wp-content\/uploads\/2025\/07\/2-2.png\" \/>\n\t<meta property=\"og:image:width\" content=\"600\" \/>\n\t<meta property=\"og:image:height\" content=\"600\" \/>\n\t<meta property=\"og:image:type\" content=\"image\/png\" \/>\n<meta name=\"twitter:card\" content=\"summary_large_image\" \/>\n<meta name=\"twitter:label1\" content=\"Gesch\u00e4tzte Lesezeit\" \/>\n\t<meta name=\"twitter:data1\" content=\"3\u00a0Minuten\" \/>\n<script type=\"application\/ld+json\" class=\"yoast-schema-graph\">{\"@context\":\"https:\/\/schema.org\",\"@graph\":[{\"@type\":\"WebPage\",\"@id\":\"https:\/\/www.tktx-shop.xyz\/?product=4-stueck-x-tktx-anaesthesiesalbe-75-kostenloser-versand-kopia\",\"url\":\"https:\/\/www.tktx-shop.xyz\/?product=4-stueck-x-tktx-anaesthesiesalbe-75-kostenloser-versand-kopia\",\"name\":\"4 x anesteti\u010dna krema TKTX 75 % + brezpla\u010dna dostava - Dermacain\",\"isPartOf\":{\"@id\":\"https:\/\/www.tktx-shop.xyz\/#website\"},\"primaryImageOfPage\":{\"@id\":\"https:\/\/www.tktx-shop.xyz\/?product=4-stueck-x-tktx-anaesthesiesalbe-75-kostenloser-versand-kopia#primaryimage\"},\"image\":{\"@id\":\"https:\/\/www.tktx-shop.xyz\/?product=4-stueck-x-tktx-anaesthesiesalbe-75-kostenloser-versand-kopia#primaryimage\"},\"thumbnailUrl\":\"https:\/\/www.tktx-shop.xyz\/wp-content\/uploads\/2025\/07\/2-2.png\",\"datePublished\":\"2025-03-16T07:14:31+00:00\",\"dateModified\":\"2025-10-06T13:23:00+00:00\",\"description\":\"TKTX 75% \u010crna anesteti\u010dna krema \u2013 najmo\u010dnej\u0161a razli\u010dica na trgu. Do 3 ure brez bole\u010din, hitrej\u0161e celjenje in intenzivne barve. Dostava v 2 delovnih dneh!\",\"breadcrumb\":{\"@id\":\"https:\/\/www.tktx-shop.xyz\/?product=4-stueck-x-tktx-anaesthesiesalbe-75-kostenloser-versand-kopia#breadcrumb\"},\"inLanguage\":\"de\",\"potentialAction\":[{\"@type\":\"ReadAction\",\"target\":[\"https:\/\/www.tktx-shop.xyz\/?product=4-stueck-x-tktx-anaesthesiesalbe-75-kostenloser-versand-kopia\"]}]},{\"@type\":\"ImageObject\",\"inLanguage\":\"de\",\"@id\":\"https:\/\/www.tktx-shop.xyz\/?product=4-stueck-x-tktx-anaesthesiesalbe-75-kostenloser-versand-kopia#primaryimage\",\"url\":\"https:\/\/www.tktx-shop.xyz\/wp-content\/uploads\/2025\/07\/2-2.png\",\"contentUrl\":\"https:\/\/www.tktx-shop.xyz\/wp-content\/uploads\/2025\/07\/2-2.png\",\"width\":600,\"height\":600},{\"@type\":\"BreadcrumbList\",\"@id\":\"https:\/\/www.tktx-shop.xyz\/?product=4-stueck-x-tktx-anaesthesiesalbe-75-kostenloser-versand-kopia#breadcrumb\",\"itemListElement\":[{\"@type\":\"ListItem\",\"position\":1,\"name\":\"Home\",\"item\":\"https:\/\/www.tktx-shop.xyz\/\"},{\"@type\":\"ListItem\",\"position\":2,\"name\":\"4 x anesteti\u010dna krema TKTX 75 % + brezpla\u010dna dostava\"}]},{\"@type\":\"WebSite\",\"@id\":\"https:\/\/www.tktx-shop.xyz\/#website\",\"url\":\"https:\/\/www.tktx-shop.xyz\/\",\"name\":\"Dermacain\",\"description\":\"Wir machen Ihre Tattoos angenehmer\",\"potentialAction\":[{\"@type\":\"SearchAction\",\"target\":{\"@type\":\"EntryPoint\",\"urlTemplate\":\"https:\/\/www.tktx-shop.xyz\/?s={search_term_string}\"},\"query-input\":{\"@type\":\"PropertyValueSpecification\",\"valueRequired\":true,\"valueName\":\"search_term_string\"}}],\"inLanguage\":\"de\"}]}<\/script>\n<!-- \/ Yoast SEO plugin. -->","yoast_head_json":{"title":"4 x anesteti\u010dna krema TKTX 75 % + brezpla\u010dna dostava - Dermacain","description":"TKTX 75% \u010crna anesteti\u010dna krema \u2013 najmo\u010dnej\u0161a razli\u010dica na trgu. Do 3 ure brez bole\u010din, hitrej\u0161e celjenje in intenzivne barve. Dostava v 2 delovnih dneh!","robots":{"index":"index","follow":"follow","max-snippet":"max-snippet:-1","max-image-preview":"max-image-preview:large","max-video-preview":"max-video-preview:-1"},"canonical":"https:\/\/www.tktx-shop.xyz\/?product=4-stueck-x-tktx-anaesthesiesalbe-75-kostenloser-versand-kopia","og_locale":"de_DE","og_type":"article","og_title":"4 x anesteti\u010dna krema TKTX 75 % + brezpla\u010dna dostava - Dermacain","og_description":"TKTX 75% \u010crna anesteti\u010dna krema \u2013 najmo\u010dnej\u0161a razli\u010dica na trgu. Do 3 ure brez bole\u010din, hitrej\u0161e celjenje in intenzivne barve. Dostava v 2 delovnih dneh!","og_url":"https:\/\/www.tktx-shop.xyz\/?product=4-stueck-x-tktx-anaesthesiesalbe-75-kostenloser-versand-kopia","og_site_name":"Dermacain","article_modified_time":"2025-10-06T13:23:00+00:00","og_image":[{"width":600,"height":600,"url":"https:\/\/www.tktx-shop.xyz\/wp-content\/uploads\/2025\/07\/2-2.png","type":"image\/png"}],"twitter_card":"summary_large_image","twitter_misc":{"Gesch\u00e4tzte Lesezeit":"3\u00a0Minuten"},"schema":{"@context":"https:\/\/schema.org","@graph":[{"@type":"WebPage","@id":"https:\/\/www.tktx-shop.xyz\/?product=4-stueck-x-tktx-anaesthesiesalbe-75-kostenloser-versand-kopia","url":"https:\/\/www.tktx-shop.xyz\/?product=4-stueck-x-tktx-anaesthesiesalbe-75-kostenloser-versand-kopia","name":"4 x anesteti\u010dna krema TKTX 75 % + brezpla\u010dna dostava - Dermacain","isPartOf":{"@id":"https:\/\/www.tktx-shop.xyz\/#website"},"primaryImageOfPage":{"@id":"https:\/\/www.tktx-shop.xyz\/?product=4-stueck-x-tktx-anaesthesiesalbe-75-kostenloser-versand-kopia#primaryimage"},"image":{"@id":"https:\/\/www.tktx-shop.xyz\/?product=4-stueck-x-tktx-anaesthesiesalbe-75-kostenloser-versand-kopia#primaryimage"},"thumbnailUrl":"https:\/\/www.tktx-shop.xyz\/wp-content\/uploads\/2025\/07\/2-2.png","datePublished":"2025-03-16T07:14:31+00:00","dateModified":"2025-10-06T13:23:00+00:00","description":"TKTX 75% \u010crna anesteti\u010dna krema \u2013 najmo\u010dnej\u0161a razli\u010dica na trgu. Do 3 ure brez bole\u010din, hitrej\u0161e celjenje in intenzivne barve. Dostava v 2 delovnih dneh!","breadcrumb":{"@id":"https:\/\/www.tktx-shop.xyz\/?product=4-stueck-x-tktx-anaesthesiesalbe-75-kostenloser-versand-kopia#breadcrumb"},"inLanguage":"de","potentialAction":[{"@type":"ReadAction","target":["https:\/\/www.tktx-shop.xyz\/?product=4-stueck-x-tktx-anaesthesiesalbe-75-kostenloser-versand-kopia"]}]},{"@type":"ImageObject","inLanguage":"de","@id":"https:\/\/www.tktx-shop.xyz\/?product=4-stueck-x-tktx-anaesthesiesalbe-75-kostenloser-versand-kopia#primaryimage","url":"https:\/\/www.tktx-shop.xyz\/wp-content\/uploads\/2025\/07\/2-2.png","contentUrl":"https:\/\/www.tktx-shop.xyz\/wp-content\/uploads\/2025\/07\/2-2.png","width":600,"height":600},{"@type":"BreadcrumbList","@id":"https:\/\/www.tktx-shop.xyz\/?product=4-stueck-x-tktx-anaesthesiesalbe-75-kostenloser-versand-kopia#breadcrumb","itemListElement":[{"@type":"ListItem","position":1,"name":"Home","item":"https:\/\/www.tktx-shop.xyz\/"},{"@type":"ListItem","position":2,"name":"4 x anesteti\u010dna krema TKTX 75 % + brezpla\u010dna dostava"}]},{"@type":"WebSite","@id":"https:\/\/www.tktx-shop.xyz\/#website","url":"https:\/\/www.tktx-shop.xyz\/","name":"Dermacain","description":"Wir machen Ihre Tattoos angenehmer","potentialAction":[{"@type":"SearchAction","target":{"@type":"EntryPoint","urlTemplate":"https:\/\/www.tktx-shop.xyz\/?s={search_term_string}"},"query-input":{"@type":"PropertyValueSpecification","valueRequired":true,"valueName":"search_term_string"}}],"inLanguage":"de"}]}},"_links":{"self":[{"href":"https:\/\/www.tktx-shop.xyz\/index.php?rest_route=\/wp\/v2\/product\/439","targetHints":{"allow":["GET"]}}],"collection":[{"href":"https:\/\/www.tktx-shop.xyz\/index.php?rest_route=\/wp\/v2\/product"}],"about":[{"href":"https:\/\/www.tktx-shop.xyz\/index.php?rest_route=\/wp\/v2\/types\/product"}],"replies":[{"embeddable":true,"href":"https:\/\/www.tktx-shop.xyz\/index.php?rest_route=%2Fwp%2Fv2%2Fcomments&post=439"}],"wp:featuredmedia":[{"embeddable":true,"href":"https:\/\/www.tktx-shop.xyz\/index.php?rest_route=\/wp\/v2\/media\/853"}],"wp:attachment":[{"href":"https:\/\/www.tktx-shop.xyz\/index.php?rest_route=%2Fwp%2Fv2%2Fmedia&parent=439"}],"wp:term":[{"taxonomy":"product_brand","embeddable":true,"href":"https:\/\/www.tktx-shop.xyz\/index.php?rest_route=%2Fwp%2Fv2%2Fproduct_brand&post=439"},{"taxonomy":"product_cat","embeddable":true,"href":"https:\/\/www.tktx-shop.xyz\/index.php?rest_route=%2Fwp%2Fv2%2Fproduct_cat&post=439"},{"taxonomy":"product_tag","embeddable":true,"href":"https:\/\/www.tktx-shop.xyz\/index.php?rest_route=%2Fwp%2Fv2%2Fproduct_tag&post=439"}],"curies":[{"name":"wp","href":"https:\/\/api.w.org\/{rel}","templated":true}]}}