{"id":436,"date":"2025-03-16T07:35:36","date_gmt":"2025-03-16T06:35:36","guid":{"rendered":"https:\/\/www.dermacain.de\/?post_type=product&#038;p=436"},"modified":"2025-10-06T15:25:26","modified_gmt":"2025-10-06T13:25:26","slug":"tktx-75","status":"publish","type":"product","link":"https:\/\/www.tktx-shop.xyz\/?product=tktx-75","title":{"rendered":"Krema za tetoviranje \u2013 TKTX 75% \u010drna za brezbolno tetoviranje! \ud83d\udd25"},"content":{"rendered":"<article class=\"w-full text-token-text-primary focus-visible:outline-2 focus-visible:outline-offset-[-4px]\" dir=\"auto\" data-testid=\"conversation-turn-93\" data-scroll-anchor=\"true\">\n<div class=\"m-auto text-base py-[18px] px-6\">\n<div class=\"mx-auto flex flex-1 text-base gap-4 md:gap-5 lg:gap-6 md:max-w-3xl lg:max-w-[40rem] xl:max-w-[48rem]\">\n<div class=\"group\/conversation-turn relative flex w-full min-w-0 flex-col agent-turn @xs\/thread:px-0 @sm\/thread:px-1.5 @md\/thread:px-4\">\n<div class=\"flex-col gap-1 md:gap-3\">\n<div class=\"flex max-w-full flex-col flex-grow\">\n<div class=\"min-h-8 text-message relative flex w-full flex-col items-end gap-2 whitespace-normal break-words text-start [.text-message+&amp;]:mt-5\" dir=\"auto\" data-message-author-role=\"assistant\" data-message-id=\"f3440b00-3f75-443f-96e5-1e6cf71e9033\" data-message-model-slug=\"gpt-4o\">\n<div class=\"flex w-full flex-col gap-1 empty:hidden first:pt-[3px]\">\n<div class=\"markdown prose w-full break-words dark:prose-invert light\">\n<article class=\"w-full text-token-text-primary focus-visible:outline-2 focus-visible:outline-offset-[-4px]\" dir=\"auto\" data-testid=\"conversation-turn-95\" data-scroll-anchor=\"true\">\n<div class=\"m-auto text-base py-[18px] px-6\">\n<div class=\"mx-auto flex flex-1 text-base gap-4 md:gap-5 lg:gap-6 md:max-w-3xl lg:max-w-[40rem] xl:max-w-[48rem]\">\n<div class=\"group\/conversation-turn relative flex w-full min-w-0 flex-col agent-turn @xs\/thread:px-0 @sm\/thread:px-1.5 @md\/thread:px-4\">\n<div class=\"flex-col gap-1 md:gap-3\">\n<div class=\"flex max-w-full flex-col flex-grow\">\n<div class=\"min-h-8 text-message relative flex w-full flex-col items-end gap-2 whitespace-normal break-words text-start [.text-message+&amp;]:mt-5\" dir=\"auto\" data-message-author-role=\"assistant\" data-message-id=\"0afb24ca-6012-4cf7-bd77-17f9292ceaea\" data-message-model-slug=\"gpt-4o\">\n<div class=\"flex w-full flex-col gap-1 empty:hidden first:pt-[3px]\">\n<div class=\"markdown prose w-full break-words dark:prose-invert light\">\n<h2 data-start=\"175\" data-end=\"201\">\ud83d\udd25 <strong data-start=\"206\" data-end=\"274\">Pripravljeni na tetova\u017eo brez bole\u010din? TKTX 75% \u010crna to omogo\u010da!<\/strong><\/h2>\n<p data-start=\"278\" data-end=\"428\">Predstavljamo vam najmo\u010dnej\u0161o kremo pri tetoviranju. To ni katerokoli anesteti\u010dno sredstvo \u2013 to je <strong data-start=\"377\" data-end=\"394\">TKTX 75% \u010crna<\/strong>, najmo\u010dnej\u0161a razli\u010dica na trgu!<\/p>\n<p data-start=\"430\" data-end=\"595\"><strong>Ne glede na to, ali na\u010drtujete full-sleeve, ob\u010dutljiv predel telesa kot so rebra ali kolena, ali dolgo tetova\u017eno seanso \u2013 s to kremo ne boste \u010dutili popolnoma ni\u010d!<\/strong><\/p>\n<p data-start=\"597\" data-end=\"772\"><strong>\u23f3 Do 3 ure popolne omrtvi\u010ditve!<\/strong><br data-start=\"628\" data-end=\"631\" \/><strong>\ud83c\udfaf Popolno za ob\u010dutljive predele \u2013 rebra, vrat, prsti, kolena? NI PROBLEMA!<\/strong><br data-start=\"706\" data-end=\"709\" \/><strong>\ud83d\udd25 Na\u0161a najbolj ekskluzivna razli\u010dica TKTX \u2013 mo\u010dnej\u0161e ne gre!<\/strong><\/p>\n<p data-start=\"774\" data-end=\"880\"><strong>Tetovatorji jo priporo\u010dajo. Stranke jo obo\u017eujejo. In vi? Kdaj si boste privo\u0161\u010dili tetova\u017eo BREZ bole\u010din?<\/strong><\/p>\n<p data-start=\"882\" data-end=\"945\">\ud83d\udc8e <strong data-start=\"885\" data-end=\"943\">Zakaj izbrati TKTX 75% \u010crna kot kremo pri tetoviranju?<\/strong><\/p>\n<p data-start=\"947\" data-end=\"1364\">\u2705 <strong data-start=\"949\" data-end=\"980\">NAJMO\u010cNEJ\u0160A FORMULA NA TRGU<\/strong> \u2013 vsebuje 75 % aktivnih u\u010dinkovin, ki popolnoma blokirajo bole\u010dino.<br data-start=\"1048\" data-end=\"1051\" \/>\u2705 <strong data-start=\"1053\" data-end=\"1076\">OMRTVI\u010cENJE DO 3 UR<\/strong> \u2013 idealno za velike tetova\u017ee in ob\u010dutljive predele telesa.<br data-start=\"1135\" data-end=\"1138\" \/>\u2705 <strong data-start=\"1140\" data-end=\"1173\">ZMANJ\u0160A KRVAVITEV IN OTEKLINO<\/strong> \u2013 hitrej\u0161e celjenje, intenzivnej\u0161e barve.<br data-start=\"1215\" data-end=\"1218\" \/>\u2705 <strong data-start=\"1220\" data-end=\"1246\">POPOLNO ZA TETOVATORJE<\/strong> \u2013 brez trzanja strank, brez prekinitev, teko\u010de delo!<br data-start=\"1299\" data-end=\"1302\" \/>\u2705 <strong data-start=\"1304\" data-end=\"1331\">GARANCIJA ZADOVOLJSTVA!<\/strong> Niste zadovoljni? Denar nazaj!<\/p>\n<p data-start=\"1366\" data-end=\"1449\">\ud83d\ude80 \u017delite tetova\u017eo brez bole\u010din? Ta krema pri tetoviranju je va\u0161e skrivno oro\u017eje!<\/p>\n<p data-start=\"1451\" data-end=\"1499\">\ud83d\udee0 <strong data-start=\"1454\" data-end=\"1497\">Kako optimalno uporabiti TKTX 75% \u010crna:<\/strong><\/p>\n<p data-start=\"2013\" data-end=\"2099\"><img loading=\"lazy\" decoding=\"async\" class=\"aligncenter size-full wp-image-491\" src=\"https:\/\/www.tktx-shop.xyz\/wp-content\/uploads\/2025\/04\/DermacainanasthetischeTattoo-Creme-ezgif.com-optimize.gif\" alt=\"TKTX 75% creme bei tattoo\" width=\"480\" height=\"270\" \/><\/p>\n<p data-start=\"1501\" data-end=\"1816\"><strong>1\ufe0f\u20e3 Ko\u017eo temeljito o\u010distite z antibakterijskim milom.<\/strong><br data-start=\"1554\" data-end=\"1557\" \/><strong>2\ufe0f\u20e3 Nanesite DEBELO plast TKTX 75% \u010crna \u2013 ne var\u010dujte!<\/strong><br data-start=\"1611\" data-end=\"1614\" \/><strong>3\ufe0f\u20e3 Pokrijte s prozorno folijo in pustite delovati vsaj 30\u201340 minut.<\/strong><br data-start=\"1682\" data-end=\"1685\" \/><strong>4\ufe0f\u20e3 Pred za\u010detkom tetoviranja odstranite kremo z vla\u017eno krpo.<\/strong><br data-start=\"1746\" data-end=\"1749\" \/><strong>5\ufe0f\u20e3 Zdaj ste pripravljeni na popolnoma nebole\u010do tetova\u017eno seanso!<\/strong><\/p>\n<p data-start=\"1818\" data-end=\"1939\"><strong>\ud83d\udca1 Nasvet: Pri dolgih tetova\u017enih seansah nanesite drugo plast TKTX na naslednje predele ko\u017ee, preden se tetovirajo.<\/strong><\/p>\n<p data-start=\"1941\" data-end=\"1989\">\ud83d\udd0e <strong data-start=\"1944\" data-end=\"1987\">Mnenja strank \u2013 Kaj pravijo na\u0161i kupci?<\/strong><\/p>\n<p data-start=\"1991\" data-end=\"2157\"><strong>\ud83d\udcac Marek, 34 let<\/strong><br data-start=\"2007\" data-end=\"2010\" \/>&#8222;Uporabil sem TKTX 75% \u010crna za svoj full-sleeve \u2013 in NISEM \u010dutil ni\u010desar! Moj tetovator je bil navdu\u0161en, saj je lahko delal ure brez prekinitev.<strong>&#8222;<\/strong><\/p>\n<p data-start=\"2159\" data-end=\"2280\"><strong>\ud83d\udcac Simona, 27 let<\/strong><br data-start=\"2176\" data-end=\"2179\" \/>&#8222;Rebra? Kolena? Obi\u010dajno tega ne bi pre\u017eivela! A s to kremo je bilo popolnoma brez bole\u010din. 10\/10!&#8220;<\/p>\n<p data-start=\"2282\" data-end=\"2404\"><strong>\ud83d\udcac Jaro, 40 let<\/strong><br data-start=\"2297\" data-end=\"2300\" \/>&#8222;Bil sem skepti\u010den, a zdaj? Nikoli ve\u010d ne grem na tetoviranje brez TKTX 75% \u010crna. Razlika je ogromna!&#8220;<\/p>\n<p data-start=\"2406\" data-end=\"2455\">\ud83d\uded2 <strong data-start=\"2409\" data-end=\"2453\">Naro\u010dite TKTX 75% \u010crna zdaj in prejmite:<\/strong><\/p>\n<p data-start=\"2457\" data-end=\"2716\"><strong>\u2705 100 % originalen izdelek \u2013 zagotovljena pristnost in u\u010dinkovitost.<\/strong><br data-start=\"2525\" data-end=\"2528\" \/><strong>\ud83d\ude80 Danes odposlano \u2013 dostava v DVA DELOVNA DNI!<\/strong><br data-start=\"2575\" data-end=\"2578\" \/><strong>\ud83d\udce6 Brezpla\u010dna dostava pri naro\u010dilu 3 kosov \u2013 najbolj\u0161a ponudba na trgu!<\/strong><br data-start=\"2649\" data-end=\"2652\" \/><strong>\ud83d\udcde Profesionalna podpora \u2013 svetujemo vam za optimalno uporabo.<\/strong><\/p>\n<p data-start=\"2718\" data-end=\"2807\"><strong>\ud83d\udd25 Ne odla\u0161ajte! Kliknite na &#8222;NARO\u010cI ZDAJ&#8220; in do\u017eivite tetoviranje brez bole\u010din! \ud83d\udd25<\/strong><\/p>\n<p data-start=\"3568\" data-end=\"3674\"><a href=\"https:\/\/www.tktx-shop.xyz\/?add-to-cart=436\"><img loading=\"lazy\" decoding=\"async\" class=\"aligncenter wp-image-30 size-large\" src=\"https:\/\/www.tktx-shop.xyz\/wp-content\/uploads\/2023\/04\/IMG_20210723_133836-1024x454.png\" alt=\"TKTX 75% anesteti\u010dna krema za tetova\u017ee\" width=\"760\" height=\"337\" srcset=\"https:\/\/www.tktx-shop.xyz\/wp-content\/uploads\/2023\/04\/IMG_20210723_133836-1024x454.png 1024w, https:\/\/www.tktx-shop.xyz\/wp-content\/uploads\/2023\/04\/IMG_20210723_133836-300x133.png 300w, https:\/\/www.tktx-shop.xyz\/wp-content\/uploads\/2023\/04\/IMG_20210723_133836-600x266.png 600w, https:\/\/www.tktx-shop.xyz\/wp-content\/uploads\/2023\/04\/IMG_20210723_133836-768x340.png 768w, https:\/\/www.tktx-shop.xyz\/wp-content\/uploads\/2023\/04\/IMG_20210723_133836-1536x680.png 1536w, https:\/\/www.tktx-shop.xyz\/wp-content\/uploads\/2023\/04\/IMG_20210723_133836-2048x907.png 2048w, https:\/\/www.tktx-shop.xyz\/wp-content\/uploads\/2023\/04\/IMG_20210723_133836-1320x585.png 1320w\" sizes=\"auto, (max-width: 760px) 100vw, 760px\" \/><\/a><\/p>\n<p data-start=\"3568\" data-end=\"3674\"><a href=\"https:\/\/www.tktx-shop.xyz\/?add-to-cart=436\"><img loading=\"lazy\" decoding=\"async\" class=\"aligncenter wp-image-808 size-full\" src=\"https:\/\/www.tktx-shop.xyz\/wp-content\/uploads\/2025\/07\/1.png\" alt=\"\" width=\"150\" height=\"70\" \/><\/a><\/p>\n<h4 style=\"text-align: center;\" data-start=\"3676\" data-end=\"3810\">\ud83d\udcb0 GARANCIJA ZADOVOLJSTVA! \u010ce niste zadovoljni, nam izdelek vrnite \u2013 povrnili vam bomo denar!<\/h4>\n<p data-start=\"3676\" data-end=\"3810\" data-is-last-node=\"\" data-is-only-node=\"\"><a href=\"https:\/\/www.tktx-shop.xyz\/?add-to-cart=438\"><img loading=\"lazy\" decoding=\"async\" class=\"aligncenter wp-image-851 size-large\" src=\"https:\/\/www.tktx-shop.xyz\/wp-content\/uploads\/2025\/07\/6-1-926x1024.png\" alt=\"\" width=\"760\" height=\"840\" srcset=\"https:\/\/www.tktx-shop.xyz\/wp-content\/uploads\/2025\/07\/6-1-926x1024.png 926w, https:\/\/www.tktx-shop.xyz\/wp-content\/uploads\/2025\/07\/6-1-271x300.png 271w, https:\/\/www.tktx-shop.xyz\/wp-content\/uploads\/2025\/07\/6-1-768x849.png 768w, https:\/\/www.tktx-shop.xyz\/wp-content\/uploads\/2025\/07\/6-1-300x332.png 300w, https:\/\/www.tktx-shop.xyz\/wp-content\/uploads\/2025\/07\/6-1-600x663.png 600w, https:\/\/www.tktx-shop.xyz\/wp-content\/uploads\/2025\/07\/6-1.png 1080w\" sizes=\"auto, (max-width: 760px) 100vw, 760px\" \/><\/a><\/p>\n<\/div>\n<\/div>\n<\/div>\n<\/div>\n<\/div>\n<\/div>\n<\/div>\n<\/div>\n<\/article>\n<\/div>\n<\/div>\n<\/div>\n<\/div>\n<\/div>\n<\/div>\n<\/div>\n<\/div>\n<\/article>\n","protected":false},"excerpt":{"rendered":"<h4><strong>Hast du nach etwas St\u00e4rkerem gesucht?<\/strong><\/h4>\n<h5><strong>An\u00e4sthesiesalbe TKTX 75% \u2013 Maximale Bet\u00e4ubung f\u00fcr schmerzfreie Tattoos<\/strong><\/h5>\n<p>Wenn Sie nach einer noch st\u00e4rkeren An\u00e4sthesiecreme suchen, sind Sie hier genau richtig. Unsere TKTX 75% Creme ist die st\u00e4rkste An\u00e4sthesiecreme in unserem Sortiment. Sie erzielt eine Bet\u00e4ubung, die an die eines Zahnarztbesuchs erinnert.<\/p>\n","protected":false},"featured_media":28,"comment_status":"closed","ping_status":"closed","template":"","meta":{"_monsterinsights_skip_tracking":false,"_monsterinsights_sitenote_active":false,"_monsterinsights_sitenote_note":"","_monsterinsights_sitenote_category":0},"product_brand":[],"product_cat":[17,27],"product_tag":[],"class_list":{"0":"post-436","1":"product","2":"type-product","3":"status-publish","4":"has-post-thumbnail","6":"product_cat-tktx","7":"product_cat-tktx-75-2","9":"first","10":"instock","11":"taxable","12":"shipping-taxable","13":"purchasable","14":"product-type-simple"},"yoast_head":"<!-- This site is optimized with the Yoast SEO plugin v25.2 - https:\/\/yoast.com\/wordpress\/plugins\/seo\/ -->\n<title>Krema za tetoviranje \u2013 TKTX 75% \u010drna za brezbolno tetoviranje! \ud83d\udd25 - Dermacain<\/title>\n<meta name=\"description\" content=\"TKTX 75% \u010crna anesteti\u010dna krema \u2013 najmo\u010dnej\u0161a razli\u010dica na trgu. Do 3 ure brez bole\u010din, hitrej\u0161e celjenje in intenzivne barve. Dostava v 2 delovnih dneh!\" \/>\n<meta name=\"robots\" content=\"index, follow, max-snippet:-1, max-image-preview:large, max-video-preview:-1\" \/>\n<link rel=\"canonical\" href=\"https:\/\/www.tktx-shop.xyz\/?product=tktx-75\" \/>\n<meta property=\"og:locale\" content=\"de_DE\" \/>\n<meta property=\"og:type\" content=\"article\" \/>\n<meta property=\"og:title\" content=\"Krema za tetoviranje \u2013 TKTX 75% \u010drna za brezbolno tetoviranje! \ud83d\udd25 - Dermacain\" \/>\n<meta property=\"og:description\" content=\"TKTX 75% \u010crna anesteti\u010dna krema \u2013 najmo\u010dnej\u0161a razli\u010dica na trgu. Do 3 ure brez bole\u010din, hitrej\u0161e celjenje in intenzivne barve. Dostava v 2 delovnih dneh!\" \/>\n<meta property=\"og:url\" content=\"https:\/\/www.tktx-shop.xyz\/?product=tktx-75\" \/>\n<meta property=\"og:site_name\" content=\"Dermacain\" \/>\n<meta property=\"article:modified_time\" content=\"2025-10-06T13:25:26+00:00\" \/>\n<meta property=\"og:image\" content=\"https:\/\/www.tktx-shop.xyz\/wp-content\/uploads\/2023\/04\/Untitled-design-3.png\" \/>\n\t<meta property=\"og:image:width\" content=\"1080\" \/>\n\t<meta property=\"og:image:height\" content=\"458\" \/>\n\t<meta property=\"og:image:type\" content=\"image\/png\" \/>\n<meta name=\"twitter:card\" content=\"summary_large_image\" \/>\n<meta name=\"twitter:label1\" content=\"Gesch\u00e4tzte Lesezeit\" \/>\n\t<meta name=\"twitter:data1\" content=\"4\u00a0Minuten\" \/>\n<script type=\"application\/ld+json\" class=\"yoast-schema-graph\">{\"@context\":\"https:\/\/schema.org\",\"@graph\":[{\"@type\":\"WebPage\",\"@id\":\"https:\/\/www.tktx-shop.xyz\/?product=tktx-75\",\"url\":\"https:\/\/www.tktx-shop.xyz\/?product=tktx-75\",\"name\":\"Krema za tetoviranje \u2013 TKTX 75% \u010drna za brezbolno tetoviranje! \ud83d\udd25 - Dermacain\",\"isPartOf\":{\"@id\":\"https:\/\/www.tktx-shop.xyz\/#website\"},\"primaryImageOfPage\":{\"@id\":\"https:\/\/www.tktx-shop.xyz\/?product=tktx-75#primaryimage\"},\"image\":{\"@id\":\"https:\/\/www.tktx-shop.xyz\/?product=tktx-75#primaryimage\"},\"thumbnailUrl\":\"https:\/\/www.tktx-shop.xyz\/wp-content\/uploads\/2023\/04\/Untitled-design-3.png\",\"datePublished\":\"2025-03-16T06:35:36+00:00\",\"dateModified\":\"2025-10-06T13:25:26+00:00\",\"description\":\"TKTX 75% \u010crna anesteti\u010dna krema \u2013 najmo\u010dnej\u0161a razli\u010dica na trgu. Do 3 ure brez bole\u010din, hitrej\u0161e celjenje in intenzivne barve. Dostava v 2 delovnih dneh!\",\"breadcrumb\":{\"@id\":\"https:\/\/www.tktx-shop.xyz\/?product=tktx-75#breadcrumb\"},\"inLanguage\":\"de\",\"potentialAction\":[{\"@type\":\"ReadAction\",\"target\":[\"https:\/\/www.tktx-shop.xyz\/?product=tktx-75\"]}]},{\"@type\":\"ImageObject\",\"inLanguage\":\"de\",\"@id\":\"https:\/\/www.tktx-shop.xyz\/?product=tktx-75#primaryimage\",\"url\":\"https:\/\/www.tktx-shop.xyz\/wp-content\/uploads\/2023\/04\/Untitled-design-3.png\",\"contentUrl\":\"https:\/\/www.tktx-shop.xyz\/wp-content\/uploads\/2023\/04\/Untitled-design-3.png\",\"width\":1080,\"height\":458,\"caption\":\"TKTX 75% An\u00e4sthesiesalbe Tattoo-Creme\"},{\"@type\":\"BreadcrumbList\",\"@id\":\"https:\/\/www.tktx-shop.xyz\/?product=tktx-75#breadcrumb\",\"itemListElement\":[{\"@type\":\"ListItem\",\"position\":1,\"name\":\"Home\",\"item\":\"https:\/\/www.tktx-shop.xyz\/\"},{\"@type\":\"ListItem\",\"position\":2,\"name\":\"Krema za tetoviranje \u2013 TKTX 75% \u010drna za brezbolno tetoviranje! \ud83d\udd25\"}]},{\"@type\":\"WebSite\",\"@id\":\"https:\/\/www.tktx-shop.xyz\/#website\",\"url\":\"https:\/\/www.tktx-shop.xyz\/\",\"name\":\"Dermacain\",\"description\":\"Wir machen Ihre Tattoos angenehmer\",\"potentialAction\":[{\"@type\":\"SearchAction\",\"target\":{\"@type\":\"EntryPoint\",\"urlTemplate\":\"https:\/\/www.tktx-shop.xyz\/?s={search_term_string}\"},\"query-input\":{\"@type\":\"PropertyValueSpecification\",\"valueRequired\":true,\"valueName\":\"search_term_string\"}}],\"inLanguage\":\"de\"}]}<\/script>\n<!-- \/ Yoast SEO plugin. -->","yoast_head_json":{"title":"Krema za tetoviranje \u2013 TKTX 75% \u010drna za brezbolno tetoviranje! \ud83d\udd25 - Dermacain","description":"TKTX 75% \u010crna anesteti\u010dna krema \u2013 najmo\u010dnej\u0161a razli\u010dica na trgu. Do 3 ure brez bole\u010din, hitrej\u0161e celjenje in intenzivne barve. Dostava v 2 delovnih dneh!","robots":{"index":"index","follow":"follow","max-snippet":"max-snippet:-1","max-image-preview":"max-image-preview:large","max-video-preview":"max-video-preview:-1"},"canonical":"https:\/\/www.tktx-shop.xyz\/?product=tktx-75","og_locale":"de_DE","og_type":"article","og_title":"Krema za tetoviranje \u2013 TKTX 75% \u010drna za brezbolno tetoviranje! \ud83d\udd25 - Dermacain","og_description":"TKTX 75% \u010crna anesteti\u010dna krema \u2013 najmo\u010dnej\u0161a razli\u010dica na trgu. Do 3 ure brez bole\u010din, hitrej\u0161e celjenje in intenzivne barve. Dostava v 2 delovnih dneh!","og_url":"https:\/\/www.tktx-shop.xyz\/?product=tktx-75","og_site_name":"Dermacain","article_modified_time":"2025-10-06T13:25:26+00:00","og_image":[{"width":1080,"height":458,"url":"https:\/\/www.tktx-shop.xyz\/wp-content\/uploads\/2023\/04\/Untitled-design-3.png","type":"image\/png"}],"twitter_card":"summary_large_image","twitter_misc":{"Gesch\u00e4tzte Lesezeit":"4\u00a0Minuten"},"schema":{"@context":"https:\/\/schema.org","@graph":[{"@type":"WebPage","@id":"https:\/\/www.tktx-shop.xyz\/?product=tktx-75","url":"https:\/\/www.tktx-shop.xyz\/?product=tktx-75","name":"Krema za tetoviranje \u2013 TKTX 75% \u010drna za brezbolno tetoviranje! \ud83d\udd25 - Dermacain","isPartOf":{"@id":"https:\/\/www.tktx-shop.xyz\/#website"},"primaryImageOfPage":{"@id":"https:\/\/www.tktx-shop.xyz\/?product=tktx-75#primaryimage"},"image":{"@id":"https:\/\/www.tktx-shop.xyz\/?product=tktx-75#primaryimage"},"thumbnailUrl":"https:\/\/www.tktx-shop.xyz\/wp-content\/uploads\/2023\/04\/Untitled-design-3.png","datePublished":"2025-03-16T06:35:36+00:00","dateModified":"2025-10-06T13:25:26+00:00","description":"TKTX 75% \u010crna anesteti\u010dna krema \u2013 najmo\u010dnej\u0161a razli\u010dica na trgu. Do 3 ure brez bole\u010din, hitrej\u0161e celjenje in intenzivne barve. Dostava v 2 delovnih dneh!","breadcrumb":{"@id":"https:\/\/www.tktx-shop.xyz\/?product=tktx-75#breadcrumb"},"inLanguage":"de","potentialAction":[{"@type":"ReadAction","target":["https:\/\/www.tktx-shop.xyz\/?product=tktx-75"]}]},{"@type":"ImageObject","inLanguage":"de","@id":"https:\/\/www.tktx-shop.xyz\/?product=tktx-75#primaryimage","url":"https:\/\/www.tktx-shop.xyz\/wp-content\/uploads\/2023\/04\/Untitled-design-3.png","contentUrl":"https:\/\/www.tktx-shop.xyz\/wp-content\/uploads\/2023\/04\/Untitled-design-3.png","width":1080,"height":458,"caption":"TKTX 75% An\u00e4sthesiesalbe Tattoo-Creme"},{"@type":"BreadcrumbList","@id":"https:\/\/www.tktx-shop.xyz\/?product=tktx-75#breadcrumb","itemListElement":[{"@type":"ListItem","position":1,"name":"Home","item":"https:\/\/www.tktx-shop.xyz\/"},{"@type":"ListItem","position":2,"name":"Krema za tetoviranje \u2013 TKTX 75% \u010drna za brezbolno tetoviranje! \ud83d\udd25"}]},{"@type":"WebSite","@id":"https:\/\/www.tktx-shop.xyz\/#website","url":"https:\/\/www.tktx-shop.xyz\/","name":"Dermacain","description":"Wir machen Ihre Tattoos angenehmer","potentialAction":[{"@type":"SearchAction","target":{"@type":"EntryPoint","urlTemplate":"https:\/\/www.tktx-shop.xyz\/?s={search_term_string}"},"query-input":{"@type":"PropertyValueSpecification","valueRequired":true,"valueName":"search_term_string"}}],"inLanguage":"de"}]}},"_links":{"self":[{"href":"https:\/\/www.tktx-shop.xyz\/index.php?rest_route=\/wp\/v2\/product\/436","targetHints":{"allow":["GET"]}}],"collection":[{"href":"https:\/\/www.tktx-shop.xyz\/index.php?rest_route=\/wp\/v2\/product"}],"about":[{"href":"https:\/\/www.tktx-shop.xyz\/index.php?rest_route=\/wp\/v2\/types\/product"}],"replies":[{"embeddable":true,"href":"https:\/\/www.tktx-shop.xyz\/index.php?rest_route=%2Fwp%2Fv2%2Fcomments&post=436"}],"wp:featuredmedia":[{"embeddable":true,"href":"https:\/\/www.tktx-shop.xyz\/index.php?rest_route=\/wp\/v2\/media\/28"}],"wp:attachment":[{"href":"https:\/\/www.tktx-shop.xyz\/index.php?rest_route=%2Fwp%2Fv2%2Fmedia&parent=436"}],"wp:term":[{"taxonomy":"product_brand","embeddable":true,"href":"https:\/\/www.tktx-shop.xyz\/index.php?rest_route=%2Fwp%2Fv2%2Fproduct_brand&post=436"},{"taxonomy":"product_cat","embeddable":true,"href":"https:\/\/www.tktx-shop.xyz\/index.php?rest_route=%2Fwp%2Fv2%2Fproduct_cat&post=436"},{"taxonomy":"product_tag","embeddable":true,"href":"https:\/\/www.tktx-shop.xyz\/index.php?rest_route=%2Fwp%2Fv2%2Fproduct_tag&post=436"}],"curies":[{"name":"wp","href":"https:\/\/api.w.org\/{rel}","templated":true}]}}