{"id":435,"date":"2025-03-16T07:17:14","date_gmt":"2025-03-16T06:17:14","guid":{"rendered":"https:\/\/www.dermacain.de\/?post_type=product&#038;p=435"},"modified":"2025-10-07T10:17:31","modified_gmt":"2025-10-07T08:17:31","slug":"6-x-tktx-55-gold-kostenloser-versand","status":"publish","type":"product","link":"https:\/\/www.tktx-shop.xyz\/?product=6-x-tktx-55-gold-kostenloser-versand","title":{"rendered":"6 x TKTX 55 % zlato + brezpla\u010dna dostava"},"content":{"rendered":"<article class=\"w-full text-token-text-primary focus-visible:outline-2 focus-visible:outline-offset-[-4px]\" dir=\"auto\" data-testid=\"conversation-turn-89\" data-scroll-anchor=\"true\">\n<div class=\"m-auto text-base py-[18px] px-6\">\n<div class=\"mx-auto flex flex-1 text-base gap-4 md:gap-5 lg:gap-6 md:max-w-3xl lg:max-w-[40rem] xl:max-w-[48rem]\">\n<div class=\"group\/conversation-turn relative flex w-full min-w-0 flex-col agent-turn @xs\/thread:px-0 @sm\/thread:px-1.5 @md\/thread:px-4\">\n<div class=\"flex-col gap-1 md:gap-3\">\n<div class=\"flex max-w-full flex-col flex-grow\">\n<div class=\"min-h-8 text-message relative flex w-full flex-col items-end gap-2 whitespace-normal break-words text-start [.text-message+&amp;]:mt-5\" dir=\"auto\" data-message-author-role=\"assistant\" data-message-id=\"8896e57c-d2de-4e83-bba2-6ce14d881f6e\" data-message-model-slug=\"gpt-4o\">\n<div class=\"flex w-full flex-col gap-1 empty:hidden first:pt-[3px]\">\n<div class=\"markdown prose w-full break-words dark:prose-invert light\">\n<p data-start=\"200\" data-end=\"264\">\ud83d\udca1 <strong data-start=\"203\" data-end=\"262\">Zakaj je TKTX 55% Gold najbolj\u0161a krema pri tetoviranju?<\/strong><\/p>\n<p data-start=\"266\" data-end=\"650\">\u2705 <strong data-start=\"268\" data-end=\"291\">OMRTVI\u010cENJE DO 3 UR<\/strong> \u2013 idealno za srednje velike tetova\u017ee<br data-start=\"328\" data-end=\"331\" \/>\u2705 <strong data-start=\"333\" data-end=\"359\">ZAUPANJA VREDEN U\u010cINEK<\/strong> \u2013 dovolj mo\u010dna, da blokira bole\u010dino, a ne\u017ena do ko\u017ee<br data-start=\"412\" data-end=\"415\" \/>\u2705 <strong data-start=\"417\" data-end=\"450\">ZMANJ\u0160A KRVAVITEV IN OTEKLINO<\/strong> \u2013 bolj\u0161a absorpcija barve in hitrej\u0161e celjenje<br data-start=\"497\" data-end=\"500\" \/>\u2705 <strong data-start=\"502\" data-end=\"542\">ODLI\u010cNO RAZMERJE MED CENO IN U\u010cINKOM<\/strong> \u2013 najve\u010dji u\u010dinek po najbolj\u0161i ceni<br data-start=\"578\" data-end=\"581\" \/>\u2705 <strong data-start=\"583\" data-end=\"610\">GARANCIJA ZADOVOLJSTVA!<\/strong> Niste zadovoljni? Povrnemo vam denar!<\/p>\n<p data-start=\"652\" data-end=\"743\">\ud83d\udd25 \u010ce i\u0161\u010dete kremo pri tetoviranju z mo\u010dnim u\u010dinkom, je <strong data-start=\"708\" data-end=\"725\">TKTX 55% Gold<\/strong> popolna izbira!<\/p>\n<p data-start=\"745\" data-end=\"793\">\ud83d\udc8e <strong data-start=\"748\" data-end=\"791\">Kako optimalno uporabiti TKTX 55% Gold:<\/strong><\/p>\n<p data-start=\"1832\" data-end=\"1887\"><img loading=\"lazy\" decoding=\"async\" class=\"aligncenter wp-image-491 size-full\" src=\"https:\/\/www.tktx-shop.xyz\/wp-content\/uploads\/2025\/04\/DermacainanasthetischeTattoo-Creme-ezgif.com-optimize.gif\" alt=\"TKTX 75% creme bei tattoo\" width=\"480\" height=\"270\" \/><\/p>\n<p data-start=\"3398\" data-end=\"3500\"><a href=\"https:\/\/www.tktx-shop.xyz\/?add-to-cart=435\">\u00a0<\/a><\/p>\n<p data-start=\"795\" data-end=\"1090\"><strong>1\ufe0f\u20e3 Ko\u017eo temeljito o\u010distite z antibakterijskim milom in osu\u0161ite.<\/strong><br data-start=\"859\" data-end=\"862\" \/><strong>2\ufe0f\u20e3 Nanesite debelo plast TKTX 55% Gold na \u017eeleno mesto.<\/strong><br data-start=\"918\" data-end=\"921\" \/><strong>3\ufe0f\u20e3 Pokrijte s prozorno folijo in pustite delovati 30\u201340 minut.<\/strong><br data-start=\"984\" data-end=\"987\" \/><strong>4\ufe0f\u20e3 Pred za\u010detkom tetoviranja odstranite kremo z vla\u017eno krpo.<\/strong><br data-start=\"1048\" data-end=\"1051\" \/><strong>5\ufe0f\u20e3 U\u017eivajte v tetova\u017ei brez bole\u010din!<\/strong><\/p>\n<p data-start=\"1092\" data-end=\"1222\"><strong>\ud83d\udca1 Nasvet: Pri dalj\u0161ih tetova\u017enih seansah lahko nanesete \u0161e eno plast TKTX na naslednje predele ko\u017ee, preden jih tetovirate.<\/strong><\/p>\n<p data-start=\"1224\" data-end=\"1272\">\ud83d\udd0e <strong data-start=\"1227\" data-end=\"1270\">Mnenja strank \u2013 Kaj pravijo na\u0161i kupci?<\/strong><\/p>\n<p data-start=\"1274\" data-end=\"1440\"><strong>\ud83d\udcac Peter, 32 let<\/strong><br data-start=\"1290\" data-end=\"1293\" \/>&#8222;Uporabil sem TKTX 55 Gold za 3-urno tetova\u017eno seanso \u2013 delovalo je odli\u010dno! \u0160ele proti koncu sem za\u010dutil rahlo mravljin\u010denje, sicer pa popolno.&#8220;<\/p>\n<p data-start=\"1442\" data-end=\"1635\"><strong>\ud83d\udcac Martina, 28 let<\/strong><br data-start=\"1460\" data-end=\"1463\" \/>&#8222;I\u0161\u010dem kremo pri tetoviranju, ki dobro deluje, a ni predraga. TKTX 55 Gold je bila najbolj\u0161a izbira \u2013 super u\u010dinek, moja tetova\u017ea na roki je bila popolnoma brez bole\u010din!<strong>&#8222;<\/strong><\/p>\n<p data-start=\"1637\" data-end=\"1794\"><strong>\ud83d\udcac Tom, tetovator<\/strong><br data-start=\"1654\" data-end=\"1657\" \/>&#8222;Mnogi moji klienti ne potrebujejo najmo\u010dnej\u0161e kreme, a vseeno \u017eelijo udobje. TKTX 55% Gold je idealna \u2013 cenovno ugodna in zanesljiva!&#8220;<\/p>\n<p data-start=\"1796\" data-end=\"1846\">\ud83d\uded2 <strong data-start=\"1799\" data-end=\"1844\">Naro\u010dite TKTX 55% Gold zdaj in pridobite:<\/strong><\/p>\n<p data-start=\"1848\" data-end=\"2107\"><strong>\u2705 100 % originalen izdelek \u2013 zagotovljena pristnost in u\u010dinkovitost.<\/strong><br data-start=\"1916\" data-end=\"1919\" \/><strong>\ud83d\ude80 Danes odposlano \u2013 dostava v DVA DELOVNA DNI!<\/strong><br data-start=\"1966\" data-end=\"1969\" \/><strong>\ud83d\udce6 Brezpla\u010dna dostava pri naro\u010dilu 3 kosov \u2013 najbolj\u0161a ponudba na trgu!<\/strong><br data-start=\"2040\" data-end=\"2043\" \/><strong>\ud83d\udcde Profesionalna podpora \u2013 svetujemo vam za optimalno uporabo.<\/strong><\/p>\n<p data-start=\"2109\" data-end=\"2202\"><strong>\ud83d\udd25 Kliknite na &#8222;NARO\u010cI ZDAJ&#8220; in do\u017eivite tetoviranje brez bole\u010din po najbolj\u0161i ceni! \ud83d\udd25<\/strong><\/p>\n<p data-start=\"3398\" data-end=\"3500\"><a href=\"https:\/\/www.tktx-shop.xyz\/?add-to-cart=435\"><img loading=\"lazy\" decoding=\"async\" class=\"aligncenter wp-image-34 size-large\" src=\"https:\/\/www.tktx-shop.xyz\/wp-content\/uploads\/2023\/04\/Screen-Shot-2021-08-18-at-09.46.48-1024x543.png\" alt=\"TKTX Gold Narkoza za tatoo kremo\" width=\"760\" height=\"403\" srcset=\"https:\/\/www.tktx-shop.xyz\/wp-content\/uploads\/2023\/04\/Screen-Shot-2021-08-18-at-09.46.48-1024x543.png 1024w, https:\/\/www.tktx-shop.xyz\/wp-content\/uploads\/2023\/04\/Screen-Shot-2021-08-18-at-09.46.48-300x159.png 300w, https:\/\/www.tktx-shop.xyz\/wp-content\/uploads\/2023\/04\/Screen-Shot-2021-08-18-at-09.46.48-600x318.png 600w, https:\/\/www.tktx-shop.xyz\/wp-content\/uploads\/2023\/04\/Screen-Shot-2021-08-18-at-09.46.48-768x407.png 768w, https:\/\/www.tktx-shop.xyz\/wp-content\/uploads\/2023\/04\/Screen-Shot-2021-08-18-at-09.46.48.png 1180w\" sizes=\"auto, (max-width: 760px) 100vw, 760px\" \/><\/a><\/p>\n<p data-start=\"3398\" data-end=\"3500\"><a href=\"https:\/\/www.tktx-shop.xyz\/?add-to-cart=435\"><img loading=\"lazy\" decoding=\"async\" class=\"aligncenter wp-image-821 size-full\" src=\"https:\/\/www.tktx-shop.xyz\/wp-content\/uploads\/2025\/07\/14.png\" alt=\"TKTX Gold krema za omrtvi\u010denje tetova\u017ee\" width=\"150\" height=\"70\" \/><\/a><\/p>\n<h4 style=\"text-align: center;\" data-start=\"3502\" data-end=\"3636\">\ud83d\udcb0 GARANCIJA ZADOVOLJSTVA! \u010ce niste zadovoljni, nam izdelek vrnite \u2013 povrnili vam bomo denar!<\/h4>\n<\/div>\n<\/div>\n<\/div>\n<\/div>\n<\/div>\n<\/div>\n<\/div>\n<\/div>\n<\/article>\n","protected":false},"excerpt":{"rendered":"<h2 data-start=\"540\" data-end=\"590\"><strong data-start=\"543\" data-end=\"588\">\ud83d\udd39 SIE SUCHEN DIE BESTE CREME BEI TATTOO?<\/strong><\/h2>\n<p data-start=\"592\" data-end=\"747\">M\u00f6chten Sie Ihr <strong data-start=\"608\" data-end=\"642\">Tattoo ohne Schmerzen genie\u00dfen<\/strong>, aber nicht zu viel f\u00fcr eine Tattoo-Bet\u00e4ubungscreme ausgeben? <strong data-start=\"705\" data-end=\"745\">TKTX 55% GOLD ist die perfekte Wahl!<\/strong><\/p>\n<p data-start=\"749\" data-end=\"923\">Diese <strong data-start=\"755\" data-end=\"775\">Creme bei Tattoo<\/strong> bietet <strong data-start=\"783\" data-end=\"831\">die ideale Kombination aus Preis und Wirkung<\/strong>. Sie sorgt f\u00fcr <strong data-start=\"847\" data-end=\"880\">3 \u2013 4 Stunden Schmerzfreiheit<\/strong>, ideal f\u00fcr mittelgro\u00dfe Tattoo-Sitzungen.<\/p>\n<p data-start=\"925\" data-end=\"1086\">\ud83c\udfaf <strong data-start=\"928\" data-end=\"968\">Optimales Preis-Leistungs-Verh\u00e4ltnis<\/strong><br data-start=\"968\" data-end=\"971\" \/>\ud83c\udfaf <strong data-start=\"974\" data-end=\"1022\">Perfekt f\u00fcr kleinere und mittelgro\u00dfe Tattoos<\/strong><br data-start=\"1022\" data-end=\"1025\" \/>\ud83c\udfaf <strong data-start=\"1028\" data-end=\"1084\">Von T\u00e4towierern f\u00fcr schmerzfreie Sitzungen empfohlen<\/strong><\/p>\n<p data-start=\"1088\" data-end=\"1175\">\ud83d\ude80 <strong data-start=\"1091\" data-end=\"1173\">Jetzt bestellen \u2013 kaufen Sie 3 St\u00fcck und sichern Sie sich kostenlosen Versand!<\/strong><\/p>\n","protected":false},"featured_media":862,"comment_status":"closed","ping_status":"closed","template":"","meta":{"_monsterinsights_skip_tracking":false,"_monsterinsights_sitenote_active":false,"_monsterinsights_sitenote_note":"","_monsterinsights_sitenote_category":0},"product_brand":[],"product_cat":[17,26],"product_tag":[],"class_list":{"0":"post-435","1":"product","2":"type-product","3":"status-publish","4":"has-post-thumbnail","6":"product_cat-tktx","7":"product_cat-tktx-55-2","9":"first","10":"instock","11":"sale","12":"taxable","13":"shipping-taxable","14":"purchasable","15":"product-type-simple"},"yoast_head":"<!-- This site is optimized with the Yoast SEO plugin v25.2 - https:\/\/yoast.com\/wordpress\/plugins\/seo\/ -->\n<title>6 x TKTX 55 % zlato + brezpla\u010dna dostava - Dermacain<\/title>\n<meta name=\"description\" content=\"TKTX 55% Gold anesteti\u010dna krema \u2013 do 3 ure brez bole\u010din, manj krvavitve in hitrej\u0161e celjenje. Originalen izdelek, dostava v 2 delovnih dneh!\" \/>\n<meta name=\"robots\" content=\"index, follow, max-snippet:-1, max-image-preview:large, max-video-preview:-1\" \/>\n<link rel=\"canonical\" href=\"https:\/\/www.tktx-shop.xyz\/?product=6-x-tktx-55-gold-kostenloser-versand\" \/>\n<meta property=\"og:locale\" content=\"de_DE\" \/>\n<meta property=\"og:type\" content=\"article\" \/>\n<meta property=\"og:title\" content=\"6 x TKTX 55 % zlato + brezpla\u010dna dostava - Dermacain\" \/>\n<meta property=\"og:description\" content=\"TKTX 55% Gold anesteti\u010dna krema \u2013 do 3 ure brez bole\u010din, manj krvavitve in hitrej\u0161e celjenje. Originalen izdelek, dostava v 2 delovnih dneh!\" \/>\n<meta property=\"og:url\" content=\"https:\/\/www.tktx-shop.xyz\/?product=6-x-tktx-55-gold-kostenloser-versand\" \/>\n<meta property=\"og:site_name\" content=\"Dermacain\" \/>\n<meta property=\"article:modified_time\" content=\"2025-10-07T08:17:31+00:00\" \/>\n<meta property=\"og:image\" content=\"https:\/\/www.tktx-shop.xyz\/wp-content\/uploads\/2025\/07\/11-1.png\" \/>\n\t<meta property=\"og:image:width\" content=\"600\" \/>\n\t<meta property=\"og:image:height\" content=\"600\" \/>\n\t<meta property=\"og:image:type\" content=\"image\/png\" \/>\n<meta name=\"twitter:card\" content=\"summary_large_image\" \/>\n<meta name=\"twitter:label1\" content=\"Gesch\u00e4tzte Lesezeit\" \/>\n\t<meta name=\"twitter:data1\" content=\"3\u00a0Minuten\" \/>\n<script type=\"application\/ld+json\" class=\"yoast-schema-graph\">{\"@context\":\"https:\/\/schema.org\",\"@graph\":[{\"@type\":\"WebPage\",\"@id\":\"https:\/\/www.tktx-shop.xyz\/?product=6-x-tktx-55-gold-kostenloser-versand\",\"url\":\"https:\/\/www.tktx-shop.xyz\/?product=6-x-tktx-55-gold-kostenloser-versand\",\"name\":\"6 x TKTX 55 % zlato + brezpla\u010dna dostava - Dermacain\",\"isPartOf\":{\"@id\":\"https:\/\/www.tktx-shop.xyz\/#website\"},\"primaryImageOfPage\":{\"@id\":\"https:\/\/www.tktx-shop.xyz\/?product=6-x-tktx-55-gold-kostenloser-versand#primaryimage\"},\"image\":{\"@id\":\"https:\/\/www.tktx-shop.xyz\/?product=6-x-tktx-55-gold-kostenloser-versand#primaryimage\"},\"thumbnailUrl\":\"https:\/\/www.tktx-shop.xyz\/wp-content\/uploads\/2025\/07\/11-1.png\",\"datePublished\":\"2025-03-16T06:17:14+00:00\",\"dateModified\":\"2025-10-07T08:17:31+00:00\",\"description\":\"TKTX 55% Gold anesteti\u010dna krema \u2013 do 3 ure brez bole\u010din, manj krvavitve in hitrej\u0161e celjenje. Originalen izdelek, dostava v 2 delovnih dneh!\",\"breadcrumb\":{\"@id\":\"https:\/\/www.tktx-shop.xyz\/?product=6-x-tktx-55-gold-kostenloser-versand#breadcrumb\"},\"inLanguage\":\"de\",\"potentialAction\":[{\"@type\":\"ReadAction\",\"target\":[\"https:\/\/www.tktx-shop.xyz\/?product=6-x-tktx-55-gold-kostenloser-versand\"]}]},{\"@type\":\"ImageObject\",\"inLanguage\":\"de\",\"@id\":\"https:\/\/www.tktx-shop.xyz\/?product=6-x-tktx-55-gold-kostenloser-versand#primaryimage\",\"url\":\"https:\/\/www.tktx-shop.xyz\/wp-content\/uploads\/2025\/07\/11-1.png\",\"contentUrl\":\"https:\/\/www.tktx-shop.xyz\/wp-content\/uploads\/2025\/07\/11-1.png\",\"width\":600,\"height\":600},{\"@type\":\"BreadcrumbList\",\"@id\":\"https:\/\/www.tktx-shop.xyz\/?product=6-x-tktx-55-gold-kostenloser-versand#breadcrumb\",\"itemListElement\":[{\"@type\":\"ListItem\",\"position\":1,\"name\":\"Home\",\"item\":\"https:\/\/www.tktx-shop.xyz\/\"},{\"@type\":\"ListItem\",\"position\":2,\"name\":\"6 x TKTX 55 % zlato + brezpla\u010dna dostava\"}]},{\"@type\":\"WebSite\",\"@id\":\"https:\/\/www.tktx-shop.xyz\/#website\",\"url\":\"https:\/\/www.tktx-shop.xyz\/\",\"name\":\"Dermacain\",\"description\":\"Wir machen Ihre Tattoos angenehmer\",\"potentialAction\":[{\"@type\":\"SearchAction\",\"target\":{\"@type\":\"EntryPoint\",\"urlTemplate\":\"https:\/\/www.tktx-shop.xyz\/?s={search_term_string}\"},\"query-input\":{\"@type\":\"PropertyValueSpecification\",\"valueRequired\":true,\"valueName\":\"search_term_string\"}}],\"inLanguage\":\"de\"}]}<\/script>\n<!-- \/ Yoast SEO plugin. -->","yoast_head_json":{"title":"6 x TKTX 55 % zlato + brezpla\u010dna dostava - Dermacain","description":"TKTX 55% Gold anesteti\u010dna krema \u2013 do 3 ure brez bole\u010din, manj krvavitve in hitrej\u0161e celjenje. Originalen izdelek, dostava v 2 delovnih dneh!","robots":{"index":"index","follow":"follow","max-snippet":"max-snippet:-1","max-image-preview":"max-image-preview:large","max-video-preview":"max-video-preview:-1"},"canonical":"https:\/\/www.tktx-shop.xyz\/?product=6-x-tktx-55-gold-kostenloser-versand","og_locale":"de_DE","og_type":"article","og_title":"6 x TKTX 55 % zlato + brezpla\u010dna dostava - Dermacain","og_description":"TKTX 55% Gold anesteti\u010dna krema \u2013 do 3 ure brez bole\u010din, manj krvavitve in hitrej\u0161e celjenje. Originalen izdelek, dostava v 2 delovnih dneh!","og_url":"https:\/\/www.tktx-shop.xyz\/?product=6-x-tktx-55-gold-kostenloser-versand","og_site_name":"Dermacain","article_modified_time":"2025-10-07T08:17:31+00:00","og_image":[{"width":600,"height":600,"url":"https:\/\/www.tktx-shop.xyz\/wp-content\/uploads\/2025\/07\/11-1.png","type":"image\/png"}],"twitter_card":"summary_large_image","twitter_misc":{"Gesch\u00e4tzte Lesezeit":"3\u00a0Minuten"},"schema":{"@context":"https:\/\/schema.org","@graph":[{"@type":"WebPage","@id":"https:\/\/www.tktx-shop.xyz\/?product=6-x-tktx-55-gold-kostenloser-versand","url":"https:\/\/www.tktx-shop.xyz\/?product=6-x-tktx-55-gold-kostenloser-versand","name":"6 x TKTX 55 % zlato + brezpla\u010dna dostava - Dermacain","isPartOf":{"@id":"https:\/\/www.tktx-shop.xyz\/#website"},"primaryImageOfPage":{"@id":"https:\/\/www.tktx-shop.xyz\/?product=6-x-tktx-55-gold-kostenloser-versand#primaryimage"},"image":{"@id":"https:\/\/www.tktx-shop.xyz\/?product=6-x-tktx-55-gold-kostenloser-versand#primaryimage"},"thumbnailUrl":"https:\/\/www.tktx-shop.xyz\/wp-content\/uploads\/2025\/07\/11-1.png","datePublished":"2025-03-16T06:17:14+00:00","dateModified":"2025-10-07T08:17:31+00:00","description":"TKTX 55% Gold anesteti\u010dna krema \u2013 do 3 ure brez bole\u010din, manj krvavitve in hitrej\u0161e celjenje. Originalen izdelek, dostava v 2 delovnih dneh!","breadcrumb":{"@id":"https:\/\/www.tktx-shop.xyz\/?product=6-x-tktx-55-gold-kostenloser-versand#breadcrumb"},"inLanguage":"de","potentialAction":[{"@type":"ReadAction","target":["https:\/\/www.tktx-shop.xyz\/?product=6-x-tktx-55-gold-kostenloser-versand"]}]},{"@type":"ImageObject","inLanguage":"de","@id":"https:\/\/www.tktx-shop.xyz\/?product=6-x-tktx-55-gold-kostenloser-versand#primaryimage","url":"https:\/\/www.tktx-shop.xyz\/wp-content\/uploads\/2025\/07\/11-1.png","contentUrl":"https:\/\/www.tktx-shop.xyz\/wp-content\/uploads\/2025\/07\/11-1.png","width":600,"height":600},{"@type":"BreadcrumbList","@id":"https:\/\/www.tktx-shop.xyz\/?product=6-x-tktx-55-gold-kostenloser-versand#breadcrumb","itemListElement":[{"@type":"ListItem","position":1,"name":"Home","item":"https:\/\/www.tktx-shop.xyz\/"},{"@type":"ListItem","position":2,"name":"6 x TKTX 55 % zlato + brezpla\u010dna dostava"}]},{"@type":"WebSite","@id":"https:\/\/www.tktx-shop.xyz\/#website","url":"https:\/\/www.tktx-shop.xyz\/","name":"Dermacain","description":"Wir machen Ihre Tattoos angenehmer","potentialAction":[{"@type":"SearchAction","target":{"@type":"EntryPoint","urlTemplate":"https:\/\/www.tktx-shop.xyz\/?s={search_term_string}"},"query-input":{"@type":"PropertyValueSpecification","valueRequired":true,"valueName":"search_term_string"}}],"inLanguage":"de"}]}},"_links":{"self":[{"href":"https:\/\/www.tktx-shop.xyz\/index.php?rest_route=\/wp\/v2\/product\/435","targetHints":{"allow":["GET"]}}],"collection":[{"href":"https:\/\/www.tktx-shop.xyz\/index.php?rest_route=\/wp\/v2\/product"}],"about":[{"href":"https:\/\/www.tktx-shop.xyz\/index.php?rest_route=\/wp\/v2\/types\/product"}],"replies":[{"embeddable":true,"href":"https:\/\/www.tktx-shop.xyz\/index.php?rest_route=%2Fwp%2Fv2%2Fcomments&post=435"}],"wp:featuredmedia":[{"embeddable":true,"href":"https:\/\/www.tktx-shop.xyz\/index.php?rest_route=\/wp\/v2\/media\/862"}],"wp:attachment":[{"href":"https:\/\/www.tktx-shop.xyz\/index.php?rest_route=%2Fwp%2Fv2%2Fmedia&parent=435"}],"wp:term":[{"taxonomy":"product_brand","embeddable":true,"href":"https:\/\/www.tktx-shop.xyz\/index.php?rest_route=%2Fwp%2Fv2%2Fproduct_brand&post=435"},{"taxonomy":"product_cat","embeddable":true,"href":"https:\/\/www.tktx-shop.xyz\/index.php?rest_route=%2Fwp%2Fv2%2Fproduct_cat&post=435"},{"taxonomy":"product_tag","embeddable":true,"href":"https:\/\/www.tktx-shop.xyz\/index.php?rest_route=%2Fwp%2Fv2%2Fproduct_tag&post=435"}],"curies":[{"name":"wp","href":"https:\/\/api.w.org\/{rel}","templated":true}]}}