{"id":425,"date":"2025-03-15T14:36:35","date_gmt":"2025-03-15T13:36:35","guid":{"rendered":"https:\/\/www.dermacain.de\/?post_type=product&#038;p=425"},"modified":"2025-10-07T10:47:31","modified_gmt":"2025-10-07T08:47:31","slug":"3x-tktx-40-kostenloser-versand","status":"publish","type":"product","link":"https:\/\/www.tktx-shop.xyz\/?product=3x-tktx-40-kostenloser-versand","title":{"rendered":"3x TKTX 40 % + brezpla\u010dna dostava"},"content":{"rendered":"<div class=\"flex-1 overflow-hidden @container\/thread translate-y-[2rem] -mt-[2rem] pb-[1.5rem]\">\n<div class=\"relative h-full\">\n<div class=\"flex h-full flex-col overflow-y-auto [scrollbar-gutter:stable]\">\n<div class=\"flex flex-col text-sm md:pb-9\">\n<article class=\"w-full text-token-text-primary focus-visible:outline-2 focus-visible:outline-offset-[-4px]\" dir=\"auto\" data-testid=\"conversation-turn-111\" data-scroll-anchor=\"true\">\n<div class=\"m-auto text-base py-[18px] px-6\">\n<div class=\"mx-auto flex flex-1 text-base gap-4 md:gap-5 lg:gap-6 md:max-w-3xl lg:max-w-[40rem] xl:max-w-[48rem]\">\n<div class=\"group\/conversation-turn relative flex w-full min-w-0 flex-col agent-turn @xs\/thread:px-0 @sm\/thread:px-1.5 @md\/thread:px-4\">\n<div class=\"flex-col gap-1 md:gap-3\">\n<div class=\"flex max-w-full flex-col flex-grow\">\n<div class=\"min-h-8 text-message relative flex w-full flex-col items-end gap-2 whitespace-normal break-words text-start [.text-message+&amp;]:mt-5\" dir=\"auto\" data-message-author-role=\"assistant\" data-message-id=\"c746b304-cedd-42f5-b604-0c42a3ef0277\" data-message-model-slug=\"gpt-4o\">\n<div class=\"flex w-full flex-col gap-1 empty:hidden first:pt-[3px]\">\n<div class=\"markdown prose w-full break-words dark:prose-invert light\">\n<p data-start=\"208\" data-end=\"283\">\ud83d\udca1 <strong data-start=\"211\" data-end=\"281\">Zakaj je TKTX 40% najbolj\u0161a krema proti bole\u010dinam pri tetoviranju?<\/strong><\/p>\n<p data-start=\"285\" data-end=\"660\">\u2705 <strong data-start=\"287\" data-end=\"299\">ORIGINAL<\/strong> \u2013 Svetovno preizku\u0161ena anesteti\u010dna krema za tetova\u017ee.<br data-start=\"353\" data-end=\"356\" \/>\u2705 <strong data-start=\"358\" data-end=\"382\">BREZ BOLE\u010cIN DO 2 UR<\/strong> \u2013 idealno za manj\u0161e tetova\u017ee ali PMU.<br data-start=\"420\" data-end=\"423\" \/>\u2705 <strong data-start=\"425\" data-end=\"465\">ODLI\u010cNO RAZMERJE MED CENO IN U\u010cINKOM<\/strong> \u2013 najve\u010dji u\u010dinek po najbolj\u0161i ceni.<br data-start=\"502\" data-end=\"505\" \/>\u2705 <strong data-start=\"507\" data-end=\"553\">ZMANJ\u0160A KRVAVITEV IN IZBOLJ\u0160A VPITJE BARVE<\/strong> \u2013 za natan\u010dnej\u0161i rezultat tetova\u017ee.<br data-start=\"589\" data-end=\"592\" \/>\u2705 <strong data-start=\"594\" data-end=\"627\">100 % GARANCIJA ZADOVOLJSTVA!<\/strong> Niste zadovoljni? Denar nazaj!<\/p>\n<p data-start=\"662\" data-end=\"770\"><strong>\ud83d\udd25 I\u0161\u010dete cenovno ugodno, a u\u010dinkovito kremo proti bole\u010dinam pri tetoviranju? TKTX 40% je va\u0161 odgovor!<\/strong><\/p>\n<p data-start=\"772\" data-end=\"823\">\ud83d\udc8e <strong data-start=\"775\" data-end=\"821\">Uporaba: kako optimalno uporabiti TKTX 40%<\/strong><\/p>\n<p data-start=\"1827\" data-end=\"1888\"><img loading=\"lazy\" decoding=\"async\" class=\"aligncenter size-full wp-image-491\" src=\"https:\/\/www.tktx-shop.xyz\/wp-content\/uploads\/2025\/04\/DermacainanasthetischeTattoo-Creme-ezgif.com-optimize.gif\" alt=\"TKTX 75% creme bei tattoo\" width=\"480\" height=\"270\" \/><\/p>\n<p data-start=\"825\" data-end=\"1114\"><strong>1\ufe0f\u20e3 Ko\u017eo o\u010distite z antibakterijskim milom in osu\u0161ite.<\/strong><br data-start=\"879\" data-end=\"882\" \/><strong>2\ufe0f\u20e3 Nanesite debelo plast TKTX 40% na \u017eeleno mesto tetova\u017ee.<\/strong><br data-start=\"942\" data-end=\"945\" \/><strong>3\ufe0f\u20e3 Pokrijte s prozorno folijo in pustite delovati 30\u201340 minut.<\/strong><br data-start=\"1008\" data-end=\"1011\" \/><strong>4\ufe0f\u20e3 Pred za\u010detkom tetoviranja odstranite kremo z vla\u017eno krpo.<\/strong><br data-start=\"1072\" data-end=\"1075\" \/><strong>5\ufe0f\u20e3 U\u017eivajte v tetova\u017ei brez bole\u010din!<\/strong><\/p>\n<p data-start=\"1116\" data-end=\"1260\"><strong>\ud83d\udca1 Nasvet: TKTX 40% je idealna za manj\u0161e tetova\u017ee. Za dalj\u0161e seanse priporo\u010damo mo\u010dnej\u0161e razli\u010dice, kot sta TKTX 55% ali TKTX 75%.<\/strong><\/p>\n<p data-start=\"1262\" data-end=\"1315\">\ud83d\udd0e <strong data-start=\"1265\" data-end=\"1313\">Mnenja strank \u2013 Kaj pravijo na\u0161i uporabniki?<\/strong><\/p>\n<p data-start=\"1317\" data-end=\"1452\"><strong>\ud83d\udcac Jana, 26 let<\/strong><br data-start=\"1332\" data-end=\"1335\" \/>&#8222;Uporabila sem TKTX 40% za svojo prvo tetova\u017eo \u2013 bilo je super! Le proti koncu sem nekaj \u010dutila, sicer pa odli\u010dno!<strong>&#8222;<\/strong><\/p>\n<p data-start=\"1454\" data-end=\"1618\"><strong>\ud83d\udcac Luka, 30 let<\/strong><br data-start=\"1469\" data-end=\"1472\" \/>&#8222;I\u0161\u010dem cenovno ugodno kremo proti bole\u010dinam pri tetoviranju \u2013 TKTX 40% je odli\u010dno delovala. Naslednji\u010d bom morda preizkusil mo\u010dnej\u0161o razli\u010dico.&#8220;<\/p>\n<p data-start=\"1620\" data-end=\"1734\"><strong>\ud83d\udcac Filip, tetovator<\/strong><br data-start=\"1639\" data-end=\"1642\" \/>&#8222;TKTX 40% priporo\u010dam strankam, ki \u017eelijo le blago laj\u0161anje bole\u010din. Popolno za za\u010detnike!&#8220;<\/p>\n<p data-start=\"1736\" data-end=\"1813\">\ud83d\uded2 <strong data-start=\"1739\" data-end=\"1811\">Naro\u010dite zdaj TKTX 40% \u2013 va\u0161a krema proti bole\u010dinam pri tetoviranju!<\/strong><\/p>\n<p data-start=\"1815\" data-end=\"2056\"><strong>\u2705 100 % originalen izdelek \u2013 zagotovljena pristnost in u\u010dinkovitost.<\/strong><br data-start=\"1883\" data-end=\"1886\" \/><strong>\ud83d\ude80 Danes odposlano \u2013 dostava v DVA DELOVNA DNI!<\/strong><br data-start=\"1933\" data-end=\"1936\" \/><strong>\ud83d\udce6 Brezpla\u010dna dostava pri naro\u010dilu 3 kosov \u2013 najbolj\u0161a ponudba!<\/strong><br data-start=\"1999\" data-end=\"2002\" \/><strong>\ud83d\udcde Profesionalna podpora \u2013 z veseljem vam svetujemo.<\/strong><\/p>\n<p data-start=\"2058\" data-end=\"2132\"><strong>\ud83d\udd25 Kliknite na &#8222;NARO\u010cI ZDAJ&#8220; in u\u017eivajte v tetova\u017ei brez bole\u010din! \ud83d\udd25<\/strong><\/p>\n<p data-start=\"3368\" data-end=\"3482\" data-is-last-node=\"\" data-is-only-node=\"\"><a href=\"https:\/\/www.tktx-shop.xyz\/?add-to-cart=425\"><img loading=\"lazy\" decoding=\"async\" class=\"aligncenter wp-image-37 size-large\" src=\"https:\/\/www.tktx-shop.xyz\/wp-content\/uploads\/2023\/04\/IMG_20210723_114602-1024x436.png\" alt=\"Anestezijska krema TKTX 40%\" width=\"760\" height=\"324\" srcset=\"https:\/\/www.tktx-shop.xyz\/wp-content\/uploads\/2023\/04\/IMG_20210723_114602-1024x436.png 1024w, https:\/\/www.tktx-shop.xyz\/wp-content\/uploads\/2023\/04\/IMG_20210723_114602-300x128.png 300w, https:\/\/www.tktx-shop.xyz\/wp-content\/uploads\/2023\/04\/IMG_20210723_114602-600x255.png 600w, https:\/\/www.tktx-shop.xyz\/wp-content\/uploads\/2023\/04\/IMG_20210723_114602-768x327.png 768w, https:\/\/www.tktx-shop.xyz\/wp-content\/uploads\/2023\/04\/IMG_20210723_114602-1536x653.png 1536w, https:\/\/www.tktx-shop.xyz\/wp-content\/uploads\/2023\/04\/IMG_20210723_114602-2048x871.png 2048w, https:\/\/www.tktx-shop.xyz\/wp-content\/uploads\/2023\/04\/IMG_20210723_114602-1320x561.png 1320w\" sizes=\"auto, (max-width: 760px) 100vw, 760px\" \/><\/a><\/p>\n<p data-start=\"3368\" data-end=\"3482\" data-is-last-node=\"\" data-is-only-node=\"\"><a href=\"https:\/\/www.tktx-shop.xyz\/?add-to-cart=425\"><img loading=\"lazy\" decoding=\"async\" class=\"aligncenter wp-image-831 size-full\" src=\"https:\/\/www.tktx-shop.xyz\/wp-content\/uploads\/2025\/07\/24.png\" alt=\"TKTX anesteti\u010dna krema za tetova\u017ee 40%\" width=\"150\" height=\"70\" \/><\/a><\/p>\n<h4 style=\"text-align: center;\" data-start=\"2991\" data-end=\"3366\">\ud83d\udcb0 GARANCIJA ZADOVOLJSTVA! Niste zadovoljni? Po\u0161ljite izdelek nazaj in povrnili vam bomo denar!<\/h4>\n<\/div>\n<\/div>\n<\/div>\n<\/div>\n<\/div>\n<\/div>\n<\/div>\n<\/div>\n<\/article>\n<\/div>\n<\/div>\n<\/div>\n<\/div>\n","protected":false},"excerpt":{"rendered":"<h2 data-start=\"600\" data-end=\"677\"><strong data-start=\"603\" data-end=\"675\">\ud83d\udd39 SIE SUCHEN EINE HOCHWERTIGE TATTOO SCHMERZCREME ZUM BESTEN PREIS?<\/strong><\/h2>\n<p data-start=\"679\" data-end=\"819\">Wenn Sie sich <strong data-start=\"693\" data-end=\"734\">schmerzfrei t\u00e4towieren lassen m\u00f6chten<\/strong>, aber nicht unn\u00f6tig viel ausgeben wollen, dann ist <strong data-start=\"786\" data-end=\"817\">TKTX 40% die perfekte Wahl!<\/strong><\/p>\n<p data-start=\"821\" data-end=\"923\">Diese Creme ist <strong data-start=\"837\" data-end=\"853\">das Original<\/strong>, mit dem alles begann \u2013 bew\u00e4hrt, zuverl\u00e4ssig und bis heute beliebt!<\/p>\n<p data-start=\"925\" data-end=\"1136\">\ud83d\udca5 <strong data-start=\"928\" data-end=\"965\">Bietet bis zu 2 Stunden Bet\u00e4ubung<\/strong> \u2013 ideal f\u00fcr kleinere Tattoos.<br data-start=\"995\" data-end=\"998\" \/>\ud83d\udca5 <strong data-start=\"1001\" data-end=\"1032\">F\u00fcr alle Hauttypen geeignet<\/strong> \u2013 vielseitig und effektiv.<br data-start=\"1059\" data-end=\"1062\" \/>\ud83d\udca5 <strong data-start=\"1065\" data-end=\"1097\">Die g\u00fcnstigste TKTX-Variante<\/strong> \u2013 bestes Preis-Leistungs-Verh\u00e4ltnis!<\/p>\n<p data-start=\"1138\" data-end=\"1225\">\ud83d\ude80 <strong data-start=\"1141\" data-end=\"1223\">Sie wollen sparen? Bestellen Sie 3 St\u00fcck und erhalten Sie kostenlosen Versand!<\/strong><\/p>\n","protected":false},"featured_media":847,"comment_status":"closed","ping_status":"closed","template":"","meta":{"_monsterinsights_skip_tracking":false,"_monsterinsights_sitenote_active":false,"_monsterinsights_sitenote_note":"","_monsterinsights_sitenote_category":0},"product_brand":[],"product_cat":[17,25],"product_tag":[],"class_list":{"0":"post-425","1":"product","2":"type-product","3":"status-publish","4":"has-post-thumbnail","6":"product_cat-tktx","7":"product_cat-tktx-40-2","9":"first","10":"instock","11":"sale","12":"taxable","13":"shipping-taxable","14":"purchasable","15":"product-type-simple"},"yoast_head":"<!-- This site is optimized with the Yoast SEO plugin v25.2 - https:\/\/yoast.com\/wordpress\/plugins\/seo\/ -->\n<title>3x TKTX 40 % + brezpla\u010dna dostava - Dermacain<\/title>\n<meta name=\"description\" content=\"TKTX 40% anesteti\u010dna krema \u2013 do 2 uri brez bole\u010din, manj krvavitve in bolj\u0161a absorpcija barve. Originalen izdelek, dostava v 2 delovnih dneh!\" \/>\n<meta name=\"robots\" content=\"index, follow, max-snippet:-1, max-image-preview:large, max-video-preview:-1\" \/>\n<link rel=\"canonical\" href=\"https:\/\/www.tktx-shop.xyz\/?product=3x-tktx-40-kostenloser-versand\" \/>\n<meta property=\"og:locale\" content=\"de_DE\" \/>\n<meta property=\"og:type\" content=\"article\" \/>\n<meta property=\"og:title\" content=\"3x TKTX 40 % + brezpla\u010dna dostava - Dermacain\" \/>\n<meta property=\"og:description\" content=\"TKTX 40% anesteti\u010dna krema \u2013 do 2 uri brez bole\u010din, manj krvavitve in bolj\u0161a absorpcija barve. Originalen izdelek, dostava v 2 delovnih dneh!\" \/>\n<meta property=\"og:url\" content=\"https:\/\/www.tktx-shop.xyz\/?product=3x-tktx-40-kostenloser-versand\" \/>\n<meta property=\"og:site_name\" content=\"Dermacain\" \/>\n<meta property=\"article:modified_time\" content=\"2025-10-07T08:47:31+00:00\" \/>\n<meta property=\"og:image\" content=\"https:\/\/www.tktx-shop.xyz\/wp-content\/uploads\/2025\/07\/2-1.png\" \/>\n\t<meta property=\"og:image:width\" content=\"1080\" \/>\n\t<meta property=\"og:image:height\" content=\"1136\" \/>\n\t<meta property=\"og:image:type\" content=\"image\/png\" \/>\n<meta name=\"twitter:card\" content=\"summary_large_image\" \/>\n<meta name=\"twitter:label1\" content=\"Gesch\u00e4tzte Lesezeit\" \/>\n\t<meta name=\"twitter:data1\" content=\"3\u00a0Minuten\" \/>\n<script type=\"application\/ld+json\" class=\"yoast-schema-graph\">{\"@context\":\"https:\/\/schema.org\",\"@graph\":[{\"@type\":\"WebPage\",\"@id\":\"https:\/\/www.tktx-shop.xyz\/?product=3x-tktx-40-kostenloser-versand\",\"url\":\"https:\/\/www.tktx-shop.xyz\/?product=3x-tktx-40-kostenloser-versand\",\"name\":\"3x TKTX 40 % + brezpla\u010dna dostava - Dermacain\",\"isPartOf\":{\"@id\":\"https:\/\/www.tktx-shop.xyz\/#website\"},\"primaryImageOfPage\":{\"@id\":\"https:\/\/www.tktx-shop.xyz\/?product=3x-tktx-40-kostenloser-versand#primaryimage\"},\"image\":{\"@id\":\"https:\/\/www.tktx-shop.xyz\/?product=3x-tktx-40-kostenloser-versand#primaryimage\"},\"thumbnailUrl\":\"https:\/\/www.tktx-shop.xyz\/wp-content\/uploads\/2025\/07\/2-1.png\",\"datePublished\":\"2025-03-15T13:36:35+00:00\",\"dateModified\":\"2025-10-07T08:47:31+00:00\",\"description\":\"TKTX 40% anesteti\u010dna krema \u2013 do 2 uri brez bole\u010din, manj krvavitve in bolj\u0161a absorpcija barve. Originalen izdelek, dostava v 2 delovnih dneh!\",\"breadcrumb\":{\"@id\":\"https:\/\/www.tktx-shop.xyz\/?product=3x-tktx-40-kostenloser-versand#breadcrumb\"},\"inLanguage\":\"de\",\"potentialAction\":[{\"@type\":\"ReadAction\",\"target\":[\"https:\/\/www.tktx-shop.xyz\/?product=3x-tktx-40-kostenloser-versand\"]}]},{\"@type\":\"ImageObject\",\"inLanguage\":\"de\",\"@id\":\"https:\/\/www.tktx-shop.xyz\/?product=3x-tktx-40-kostenloser-versand#primaryimage\",\"url\":\"https:\/\/www.tktx-shop.xyz\/wp-content\/uploads\/2025\/07\/2-1.png\",\"contentUrl\":\"https:\/\/www.tktx-shop.xyz\/wp-content\/uploads\/2025\/07\/2-1.png\",\"width\":1080,\"height\":1136},{\"@type\":\"BreadcrumbList\",\"@id\":\"https:\/\/www.tktx-shop.xyz\/?product=3x-tktx-40-kostenloser-versand#breadcrumb\",\"itemListElement\":[{\"@type\":\"ListItem\",\"position\":1,\"name\":\"Home\",\"item\":\"https:\/\/www.tktx-shop.xyz\/\"},{\"@type\":\"ListItem\",\"position\":2,\"name\":\"3x TKTX 40 % + brezpla\u010dna dostava\"}]},{\"@type\":\"WebSite\",\"@id\":\"https:\/\/www.tktx-shop.xyz\/#website\",\"url\":\"https:\/\/www.tktx-shop.xyz\/\",\"name\":\"Dermacain\",\"description\":\"Wir machen Ihre Tattoos angenehmer\",\"potentialAction\":[{\"@type\":\"SearchAction\",\"target\":{\"@type\":\"EntryPoint\",\"urlTemplate\":\"https:\/\/www.tktx-shop.xyz\/?s={search_term_string}\"},\"query-input\":{\"@type\":\"PropertyValueSpecification\",\"valueRequired\":true,\"valueName\":\"search_term_string\"}}],\"inLanguage\":\"de\"}]}<\/script>\n<!-- \/ Yoast SEO plugin. -->","yoast_head_json":{"title":"3x TKTX 40 % + brezpla\u010dna dostava - Dermacain","description":"TKTX 40% anesteti\u010dna krema \u2013 do 2 uri brez bole\u010din, manj krvavitve in bolj\u0161a absorpcija barve. Originalen izdelek, dostava v 2 delovnih dneh!","robots":{"index":"index","follow":"follow","max-snippet":"max-snippet:-1","max-image-preview":"max-image-preview:large","max-video-preview":"max-video-preview:-1"},"canonical":"https:\/\/www.tktx-shop.xyz\/?product=3x-tktx-40-kostenloser-versand","og_locale":"de_DE","og_type":"article","og_title":"3x TKTX 40 % + brezpla\u010dna dostava - Dermacain","og_description":"TKTX 40% anesteti\u010dna krema \u2013 do 2 uri brez bole\u010din, manj krvavitve in bolj\u0161a absorpcija barve. Originalen izdelek, dostava v 2 delovnih dneh!","og_url":"https:\/\/www.tktx-shop.xyz\/?product=3x-tktx-40-kostenloser-versand","og_site_name":"Dermacain","article_modified_time":"2025-10-07T08:47:31+00:00","og_image":[{"width":1080,"height":1136,"url":"https:\/\/www.tktx-shop.xyz\/wp-content\/uploads\/2025\/07\/2-1.png","type":"image\/png"}],"twitter_card":"summary_large_image","twitter_misc":{"Gesch\u00e4tzte Lesezeit":"3\u00a0Minuten"},"schema":{"@context":"https:\/\/schema.org","@graph":[{"@type":"WebPage","@id":"https:\/\/www.tktx-shop.xyz\/?product=3x-tktx-40-kostenloser-versand","url":"https:\/\/www.tktx-shop.xyz\/?product=3x-tktx-40-kostenloser-versand","name":"3x TKTX 40 % + brezpla\u010dna dostava - Dermacain","isPartOf":{"@id":"https:\/\/www.tktx-shop.xyz\/#website"},"primaryImageOfPage":{"@id":"https:\/\/www.tktx-shop.xyz\/?product=3x-tktx-40-kostenloser-versand#primaryimage"},"image":{"@id":"https:\/\/www.tktx-shop.xyz\/?product=3x-tktx-40-kostenloser-versand#primaryimage"},"thumbnailUrl":"https:\/\/www.tktx-shop.xyz\/wp-content\/uploads\/2025\/07\/2-1.png","datePublished":"2025-03-15T13:36:35+00:00","dateModified":"2025-10-07T08:47:31+00:00","description":"TKTX 40% anesteti\u010dna krema \u2013 do 2 uri brez bole\u010din, manj krvavitve in bolj\u0161a absorpcija barve. Originalen izdelek, dostava v 2 delovnih dneh!","breadcrumb":{"@id":"https:\/\/www.tktx-shop.xyz\/?product=3x-tktx-40-kostenloser-versand#breadcrumb"},"inLanguage":"de","potentialAction":[{"@type":"ReadAction","target":["https:\/\/www.tktx-shop.xyz\/?product=3x-tktx-40-kostenloser-versand"]}]},{"@type":"ImageObject","inLanguage":"de","@id":"https:\/\/www.tktx-shop.xyz\/?product=3x-tktx-40-kostenloser-versand#primaryimage","url":"https:\/\/www.tktx-shop.xyz\/wp-content\/uploads\/2025\/07\/2-1.png","contentUrl":"https:\/\/www.tktx-shop.xyz\/wp-content\/uploads\/2025\/07\/2-1.png","width":1080,"height":1136},{"@type":"BreadcrumbList","@id":"https:\/\/www.tktx-shop.xyz\/?product=3x-tktx-40-kostenloser-versand#breadcrumb","itemListElement":[{"@type":"ListItem","position":1,"name":"Home","item":"https:\/\/www.tktx-shop.xyz\/"},{"@type":"ListItem","position":2,"name":"3x TKTX 40 % + brezpla\u010dna dostava"}]},{"@type":"WebSite","@id":"https:\/\/www.tktx-shop.xyz\/#website","url":"https:\/\/www.tktx-shop.xyz\/","name":"Dermacain","description":"Wir machen Ihre Tattoos angenehmer","potentialAction":[{"@type":"SearchAction","target":{"@type":"EntryPoint","urlTemplate":"https:\/\/www.tktx-shop.xyz\/?s={search_term_string}"},"query-input":{"@type":"PropertyValueSpecification","valueRequired":true,"valueName":"search_term_string"}}],"inLanguage":"de"}]}},"_links":{"self":[{"href":"https:\/\/www.tktx-shop.xyz\/index.php?rest_route=\/wp\/v2\/product\/425","targetHints":{"allow":["GET"]}}],"collection":[{"href":"https:\/\/www.tktx-shop.xyz\/index.php?rest_route=\/wp\/v2\/product"}],"about":[{"href":"https:\/\/www.tktx-shop.xyz\/index.php?rest_route=\/wp\/v2\/types\/product"}],"replies":[{"embeddable":true,"href":"https:\/\/www.tktx-shop.xyz\/index.php?rest_route=%2Fwp%2Fv2%2Fcomments&post=425"}],"wp:featuredmedia":[{"embeddable":true,"href":"https:\/\/www.tktx-shop.xyz\/index.php?rest_route=\/wp\/v2\/media\/847"}],"wp:attachment":[{"href":"https:\/\/www.tktx-shop.xyz\/index.php?rest_route=%2Fwp%2Fv2%2Fmedia&parent=425"}],"wp:term":[{"taxonomy":"product_brand","embeddable":true,"href":"https:\/\/www.tktx-shop.xyz\/index.php?rest_route=%2Fwp%2Fv2%2Fproduct_brand&post=425"},{"taxonomy":"product_cat","embeddable":true,"href":"https:\/\/www.tktx-shop.xyz\/index.php?rest_route=%2Fwp%2Fv2%2Fproduct_cat&post=425"},{"taxonomy":"product_tag","embeddable":true,"href":"https:\/\/www.tktx-shop.xyz\/index.php?rest_route=%2Fwp%2Fv2%2Fproduct_tag&post=425"}],"curies":[{"name":"wp","href":"https:\/\/api.w.org\/{rel}","templated":true}]}}