{"id":396,"date":"2025-01-25T06:39:57","date_gmt":"2025-01-25T05:39:57","guid":{"rendered":"https:\/\/www.dermacain.de\/?page_id=396"},"modified":"2025-07-21T19:09:37","modified_gmt":"2025-07-21T17:09:37","slug":"wie-lagert-man-die-tktx-creme-richtig-um-maximale-wirkung-zu-gewaehrleisten","status":"publish","type":"page","link":"https:\/\/www.tktx-shop.xyz\/?page_id=396","title":{"rendered":"Kako pravilno shraniti TKTX kremo, da zagotovimo najve\u010dji u\u010dinek?"},"content":{"rendered":"<h2 data-start=\"129\" data-end=\"194\">\ud83e\uddca Kako pravilno shranjevati TKTX kremo, da ostane u\u010dinkovita?<\/h2>\n<p data-start=\"196\" data-end=\"433\">\u017delite, da je va\u0161a <strong data-start=\"215\" data-end=\"241\">TKTX anesteti\u010dna krema<\/strong> vedno pripravljena za uporabo in ohrani svojo najve\u010djo u\u010dinkovitost? Klju\u010d je v <strong data-start=\"322\" data-end=\"348\">pravilnem shranjevanju<\/strong>! Tukaj je nekaj prakti\u010dnih nasvetov, kako ohraniti kakovost in delovanje kreme TKTX.<\/p>\n<hr data-start=\"435\" data-end=\"438\" \/>\n<h3 data-start=\"440\" data-end=\"485\">\u2744\ufe0f 1. Shranjujte pri ustrezni temperaturi<\/h3>\n<p data-start=\"487\" data-end=\"583\">Za ohranitev anesteti\u010dnega u\u010dinka mora biti krema shranjena pri temperaturi <strong data-start=\"563\" data-end=\"582\">med 15 in 25 \u00b0C<\/strong>.<\/p>\n<ul data-start=\"585\" data-end=\"764\">\n<li data-start=\"585\" data-end=\"682\">\n<p data-start=\"587\" data-end=\"682\"><strong data-start=\"587\" data-end=\"613\">Izogibajte se vro\u010dini:<\/strong> Visoke temperature oslabijo aktivne sestavine in zmanj\u0161ajo u\u010dinek.<\/p>\n<\/li>\n<li data-start=\"683\" data-end=\"764\">\n<p data-start=\"685\" data-end=\"764\"><strong data-start=\"685\" data-end=\"713\">Ne izpostavljajte mrazu:<\/strong> Zmrzovanje spremeni teksturo kreme in ote\u017ei nanos.<\/p>\n<\/li>\n<\/ul>\n<p data-start=\"766\" data-end=\"861\">\ud83d\udca1 <strong data-start=\"769\" data-end=\"779\">Namig:<\/strong> Na potovanjih hranite TKTX v izolirani embala\u017ei, da prepre\u010dite temperaturne \u0161oke.<\/p>\n<hr data-start=\"863\" data-end=\"866\" \/>\n<h3 data-start=\"868\" data-end=\"906\">\ud83d\udca7 2. Za\u0161\u010dita pred vlago in zrakom<\/h3>\n<p data-start=\"908\" data-end=\"1033\">Vlaga in zrak lahko negativno vplivata na sestavo kreme. Po vsaki uporabi <strong data-start=\"982\" data-end=\"1006\">tesno zaprite tubico<\/strong>, da prepre\u010dite oksidacijo.<\/p>\n<hr data-start=\"1035\" data-end=\"1038\" \/>\n<h3 data-start=\"1040\" data-end=\"1090\">\u2600\ufe0f 3. Izogibajte se neposredni son\u010dni svetlobi<\/h3>\n<p data-start=\"1092\" data-end=\"1215\">Aktivne sestavine TKTX so ob\u010dutljive na svetlobo. Hranite kremo na <strong data-start=\"1159\" data-end=\"1182\">temnem, suhem mestu<\/strong> \u2013 na primer v omari ali predalu.<\/p>\n<hr data-start=\"1217\" data-end=\"1220\" \/>\n<h3 data-start=\"1222\" data-end=\"1257\">\ud83d\udcc5 4. Preverite rok uporabnosti<\/h3>\n<p data-start=\"1259\" data-end=\"1390\">Vedno pred uporabo <strong data-start=\"1278\" data-end=\"1297\">preverite datum<\/strong> na embala\u017ei. Uporaba <strong data-start=\"1319\" data-end=\"1338\">prete\u010dene kreme<\/strong> lahko povzro\u010di manj\u0161i u\u010dinek ali <strong data-start=\"1372\" data-end=\"1389\">dra\u017eenje ko\u017ee<\/strong>.<\/p>\n<hr data-start=\"1392\" data-end=\"1395\" \/>\n<h3 data-start=\"1397\" data-end=\"1436\">\ud83d\udc76 5. Shranjujte izven dosega otrok<\/h3>\n<p data-start=\"1438\" data-end=\"1528\">TKTX naj bo shranjen na mestu, <strong data-start=\"1469\" data-end=\"1494\">nedosegljivem otrokom<\/strong>, da prepre\u010dite nenamerno uporabo.<\/p>\n<hr data-start=\"1530\" data-end=\"1533\" \/>\n<h2 data-start=\"1535\" data-end=\"1581\">\ud83e\udde0 Zakaj je pravilno shranjevanje pomembno?<\/h2>\n<ul data-start=\"1583\" data-end=\"1815\">\n<li data-start=\"1583\" data-end=\"1654\">\n<p data-start=\"1585\" data-end=\"1654\">\u2705 <strong data-start=\"1587\" data-end=\"1615\">Maksimalna u\u010dinkovitost:<\/strong> Ohranja anesteti\u010dne lastnosti kreme.<\/p>\n<\/li>\n<li data-start=\"1655\" data-end=\"1727\">\n<p data-start=\"1657\" data-end=\"1727\">\u2705 <strong data-start=\"1659\" data-end=\"1671\">Varnost:<\/strong> Prepre\u010duje razpad izdelka in morebitno dra\u017eenje ko\u017ee.<\/p>\n<\/li>\n<li data-start=\"1728\" data-end=\"1815\">\n<p data-start=\"1730\" data-end=\"1815\">\u2705 <strong data-start=\"1732\" data-end=\"1758\">Podalj\u0161ana obstojnost:<\/strong> Krema ostane sve\u017ea in u\u010dinkovita do izteka roka uporabe.<\/p>\n<\/li>\n<\/ul>\n<hr data-start=\"1817\" data-end=\"1820\" \/>\n<h2 data-start=\"1822\" data-end=\"1876\">\ud83e\uddf4 Enostavni nasveti za dolgo \u017eivljenjsko dobo TKTX<\/h2>\n<p data-start=\"1878\" data-end=\"2052\">Z nekaj preprostimi ukrepi zagotovite, da bo va\u0161a TKTX krema vedno <strong data-start=\"1945\" data-end=\"1981\">pripravljena in varna za uporabo<\/strong>. Pravilno shranjevanje = maksimalna mo\u010d + varna izku\u0161nja brez bole\u010din!<\/p>\n<p data-start=\"2054\" data-end=\"2171\">\ud83c\udfa5 Video navodila: <a class=\"\" href=\"https:\/\/youtu.be\/5HZfXko8OVI\" target=\"_new\" rel=\"noopener\" data-start=\"2073\" data-end=\"2133\">https:\/\/youtu.be\/5HZfXko8OVI<\/a><br data-start=\"2133\" data-end=\"2136\" \/>\ud83d\udce6 Dostava v <strong data-start=\"2149\" data-end=\"2171\">DVEH DELOVNIH DNEH<\/strong><\/p>\n<h4 style=\"text-align: center;\">Izberite med anesteti\u010dnimi kremami TKTX za tetova\u017ee<\/h4>\n<p><a href=\"https:\/\/www.tktx-shop.xyz\/?product=tktx-75\"><img loading=\"lazy\" decoding=\"async\" class=\"aligncenter wp-image-28 size-large\" src=\"https:\/\/www.tktx-shop.xyz\/wp-content\/uploads\/2023\/04\/Untitled-design-3-1024x434.png\" alt=\"TKTX anesteti\u010dna krema za tetova\u017ee\" width=\"760\" height=\"322\" srcset=\"https:\/\/www.tktx-shop.xyz\/wp-content\/uploads\/2023\/04\/Untitled-design-3-1024x434.png 1024w, https:\/\/www.tktx-shop.xyz\/wp-content\/uploads\/2023\/04\/Untitled-design-3-300x127.png 300w, https:\/\/www.tktx-shop.xyz\/wp-content\/uploads\/2023\/04\/Untitled-design-3-600x254.png 600w, https:\/\/www.tktx-shop.xyz\/wp-content\/uploads\/2023\/04\/Untitled-design-3-768x326.png 768w, https:\/\/www.tktx-shop.xyz\/wp-content\/uploads\/2023\/04\/Untitled-design-3.png 1080w\" sizes=\"auto, (max-width: 760px) 100vw, 760px\" \/><\/a><\/p>\n<p data-pm-slice=\"1 1 []\"><a href=\"https:\/\/www.tktx-shop.xyz\/?product=tktx-40\"><img loading=\"lazy\" decoding=\"async\" class=\"aligncenter wp-image-36 size-large\" src=\"https:\/\/www.tktx-shop.xyz\/wp-content\/uploads\/2023\/04\/Untitled-design-1-1024x377.png\" alt=\"TKTX anesteti\u010dno mazilo za tetova\u017ee 40%\" width=\"760\" height=\"280\" srcset=\"https:\/\/www.tktx-shop.xyz\/wp-content\/uploads\/2023\/04\/Untitled-design-1-1024x377.png 1024w, https:\/\/www.tktx-shop.xyz\/wp-content\/uploads\/2023\/04\/Untitled-design-1-300x110.png 300w, https:\/\/www.tktx-shop.xyz\/wp-content\/uploads\/2023\/04\/Untitled-design-1-600x221.png 600w, https:\/\/www.tktx-shop.xyz\/wp-content\/uploads\/2023\/04\/Untitled-design-1-768x283.png 768w, https:\/\/www.tktx-shop.xyz\/wp-content\/uploads\/2023\/04\/Untitled-design-1.png 1071w\" sizes=\"auto, (max-width: 760px) 100vw, 760px\" \/><\/a><\/p>\n<p data-pm-slice=\"1 1 []\"><a href=\"https:\/\/www.tktx-shop.xyz\/?product=tktx-55\"><img loading=\"lazy\" decoding=\"async\" class=\"aligncenter wp-image-31 size-large\" src=\"https:\/\/www.tktx-shop.xyz\/wp-content\/uploads\/2023\/04\/Untitled-design-1024x372.png\" alt=\"TKTX omrtvi\u010dujo\u010da krema za tetova\u017ee 55%\" width=\"760\" height=\"276\" srcset=\"https:\/\/www.tktx-shop.xyz\/wp-content\/uploads\/2023\/04\/Untitled-design-1024x372.png 1024w, https:\/\/www.tktx-shop.xyz\/wp-content\/uploads\/2023\/04\/Untitled-design-300x109.png 300w, https:\/\/www.tktx-shop.xyz\/wp-content\/uploads\/2023\/04\/Untitled-design-600x218.png 600w, https:\/\/www.tktx-shop.xyz\/wp-content\/uploads\/2023\/04\/Untitled-design-768x279.png 768w, https:\/\/www.tktx-shop.xyz\/wp-content\/uploads\/2023\/04\/Untitled-design.png 1069w\" sizes=\"auto, (max-width: 760px) 100vw, 760px\" \/><\/a><\/p>\n<p data-pm-slice=\"1 1 []\"><a href=\"https:\/\/www.tktx-shop.xyz\/?product=3xtktx-75\"><img loading=\"lazy\" decoding=\"async\" class=\"aligncenter wp-image-851 size-large\" src=\"https:\/\/www.tktx-shop.xyz\/wp-content\/uploads\/2025\/07\/6-1-926x1024.png\" alt=\"TKTX anesteti\u010dna krema za tetova\u017ee 75%\" width=\"760\" height=\"840\" srcset=\"https:\/\/www.tktx-shop.xyz\/wp-content\/uploads\/2025\/07\/6-1-926x1024.png 926w, https:\/\/www.tktx-shop.xyz\/wp-content\/uploads\/2025\/07\/6-1-271x300.png 271w, https:\/\/www.tktx-shop.xyz\/wp-content\/uploads\/2025\/07\/6-1-768x849.png 768w, https:\/\/www.tktx-shop.xyz\/wp-content\/uploads\/2025\/07\/6-1-300x332.png 300w, https:\/\/www.tktx-shop.xyz\/wp-content\/uploads\/2025\/07\/6-1-600x663.png 600w, https:\/\/www.tktx-shop.xyz\/wp-content\/uploads\/2025\/07\/6-1.png 1080w\" sizes=\"auto, (max-width: 760px) 100vw, 760px\" \/><\/a><\/p>\n<h4 style=\"text-align: center;\" data-pm-slice=\"1 1 []\">Garancija zadovoljstva\u00a0<br data-start=\"119\" data-end=\"122\" \/>\u010ce niste zadovoljni, izdelek vrnite in povrnili vam bomo denar<\/h4>\n<p>&nbsp;<\/p>\n<div class=\"min-h-8 text-message relative flex w-full flex-col items-end gap-2 whitespace-normal break-words text-start [.text-message+&amp;]:mt-5\" dir=\"auto\" data-message-author-role=\"assistant\" data-message-id=\"ab7cadc0-739a-4dd2-8ec7-f173db9d32ec\" data-message-model-slug=\"gpt-4o\">\n<p><strong>Morda vas zanima&#8230;<\/strong><\/p>\n<p><a href=\"https:\/\/www.tktx-shop.xyz\/?page_id=388\">Pogosto zastavljena vpra\u0161anja o TKTX kremi &#8211; Prakti\u010dni odgovori<\/a><\/p>\n<p><a href=\"https:\/\/www.tktx-shop.xyz\/?page_id=12\">Najbolj priljubljena TKTX krema za anestetik pri tetoviranju<\/a><\/p>\n<p><a href=\"https:\/\/www.tktx-shop.xyz\/?page_id=239\">Od\u0161kodnina za izpustke<\/a><\/p>\n<\/div>\n<div class=\"min-h-8 text-message relative flex w-full flex-col items-end gap-2 whitespace-normal break-words text-start [.text-message+&amp;]:mt-5\" dir=\"auto\" data-message-author-role=\"assistant\" data-message-id=\"ab7cadc0-739a-4dd2-8ec7-f173db9d32ec\" data-message-model-slug=\"gpt-4o\">\n<p><a href=\"https:\/\/www.tktx-shop.xyz\"><strong>Domov<\/strong><\/a><\/p>\n<\/div>\n","protected":false},"excerpt":{"rendered":"<p>\ud83e\uddca Kako pravilno shranjevati TKTX kremo, da ostane u\u010dinkovita? \u017delite, da je va\u0161a TKTX anesteti\u010dna krema vedno pripravljena za uporabo in ohrani svojo najve\u010djo u\u010dinkovitost? Klju\u010d je v pravilnem shranjevanju! Tukaj je nekaj prakti\u010dnih nasvetov, kako ohraniti kakovost in delovanje kreme TKTX. \u2744\ufe0f 1. Shranjujte pri ustrezni temperaturi Za ohranitev anesteti\u010dnega u\u010dinka mora biti krema [&hellip;]<\/p>\n","protected":false},"author":1,"featured_media":0,"parent":0,"menu_order":0,"comment_status":"closed","ping_status":"closed","template":"","meta":{"_monsterinsights_skip_tracking":false,"_monsterinsights_sitenote_active":false,"_monsterinsights_sitenote_note":"","_monsterinsights_sitenote_category":0,"footnotes":""},"class_list":["post-396","page","type-page","status-publish","hentry"],"yoast_head":"<!-- This site is optimized with the Yoast SEO plugin v25.2 - https:\/\/yoast.com\/wordpress\/plugins\/seo\/ -->\n<title>Kako pravilno shraniti TKTX kremo, da zagotovimo najve\u010dji u\u010dinek? - Dermacain<\/title>\n<meta name=\"description\" content=\"Kako pravilno shranjevati TKTX kremo, da ohrani svojo mo\u010d? Nasveti za temperaturo, svetlobo, vlago in varno uporabo, da bo va\u0161a krema vedno u\u010dinkovita in pripravljena.\" \/>\n<meta name=\"robots\" content=\"index, follow, max-snippet:-1, max-image-preview:large, max-video-preview:-1\" \/>\n<link rel=\"canonical\" href=\"https:\/\/www.tktx-shop.xyz\/?page_id=396\" \/>\n<meta property=\"og:locale\" content=\"de_DE\" \/>\n<meta property=\"og:type\" content=\"article\" \/>\n<meta property=\"og:title\" content=\"Kako pravilno shraniti TKTX kremo, da zagotovimo najve\u010dji u\u010dinek? - Dermacain\" \/>\n<meta property=\"og:description\" content=\"Kako pravilno shranjevati TKTX kremo, da ohrani svojo mo\u010d? Nasveti za temperaturo, svetlobo, vlago in varno uporabo, da bo va\u0161a krema vedno u\u010dinkovita in pripravljena.\" \/>\n<meta property=\"og:url\" content=\"https:\/\/www.tktx-shop.xyz\/?page_id=396\" \/>\n<meta property=\"og:site_name\" content=\"Dermacain\" \/>\n<meta property=\"article:modified_time\" content=\"2025-07-21T17:09:37+00:00\" \/>\n<meta property=\"og:image\" content=\"https:\/\/www.tktx-shop.xyz\/wp-content\/uploads\/2023\/04\/Untitled-design-3.png\" \/>\n\t<meta property=\"og:image:width\" content=\"1080\" \/>\n\t<meta property=\"og:image:height\" content=\"458\" \/>\n\t<meta property=\"og:image:type\" content=\"image\/png\" \/>\n<meta name=\"twitter:card\" content=\"summary_large_image\" \/>\n<meta name=\"twitter:label1\" content=\"Gesch\u00e4tzte Lesezeit\" \/>\n\t<meta name=\"twitter:data1\" content=\"3\u00a0Minuten\" \/>\n<script type=\"application\/ld+json\" class=\"yoast-schema-graph\">{\"@context\":\"https:\/\/schema.org\",\"@graph\":[{\"@type\":\"WebPage\",\"@id\":\"https:\/\/www.tktx-shop.xyz\/?page_id=396\",\"url\":\"https:\/\/www.tktx-shop.xyz\/?page_id=396\",\"name\":\"Kako pravilno shraniti TKTX kremo, da zagotovimo najve\u010dji u\u010dinek? - Dermacain\",\"isPartOf\":{\"@id\":\"https:\/\/www.tktx-shop.xyz\/#website\"},\"primaryImageOfPage\":{\"@id\":\"https:\/\/www.tktx-shop.xyz\/?page_id=396#primaryimage\"},\"image\":{\"@id\":\"https:\/\/www.tktx-shop.xyz\/?page_id=396#primaryimage\"},\"thumbnailUrl\":\"https:\/\/www.tktx-shop.xyz\/wp-content\/uploads\/2023\/04\/Untitled-design-3-1024x434.png\",\"datePublished\":\"2025-01-25T05:39:57+00:00\",\"dateModified\":\"2025-07-21T17:09:37+00:00\",\"description\":\"Kako pravilno shranjevati TKTX kremo, da ohrani svojo mo\u010d? Nasveti za temperaturo, svetlobo, vlago in varno uporabo, da bo va\u0161a krema vedno u\u010dinkovita in pripravljena.\",\"breadcrumb\":{\"@id\":\"https:\/\/www.tktx-shop.xyz\/?page_id=396#breadcrumb\"},\"inLanguage\":\"de\",\"potentialAction\":[{\"@type\":\"ReadAction\",\"target\":[\"https:\/\/www.tktx-shop.xyz\/?page_id=396\"]}]},{\"@type\":\"ImageObject\",\"inLanguage\":\"de\",\"@id\":\"https:\/\/www.tktx-shop.xyz\/?page_id=396#primaryimage\",\"url\":\"https:\/\/www.tktx-shop.xyz\/wp-content\/uploads\/2023\/04\/Untitled-design-3.png\",\"contentUrl\":\"https:\/\/www.tktx-shop.xyz\/wp-content\/uploads\/2023\/04\/Untitled-design-3.png\",\"width\":1080,\"height\":458,\"caption\":\"TKTX 75% An\u00e4sthesiesalbe Tattoo-Creme\"},{\"@type\":\"BreadcrumbList\",\"@id\":\"https:\/\/www.tktx-shop.xyz\/?page_id=396#breadcrumb\",\"itemListElement\":[{\"@type\":\"ListItem\",\"position\":1,\"name\":\"Home\",\"item\":\"https:\/\/www.tktx-shop.xyz\/\"},{\"@type\":\"ListItem\",\"position\":2,\"name\":\"Kako pravilno shraniti TKTX kremo, da zagotovimo najve\u010dji u\u010dinek?\"}]},{\"@type\":\"WebSite\",\"@id\":\"https:\/\/www.tktx-shop.xyz\/#website\",\"url\":\"https:\/\/www.tktx-shop.xyz\/\",\"name\":\"Dermacain\",\"description\":\"Wir machen Ihre Tattoos angenehmer\",\"potentialAction\":[{\"@type\":\"SearchAction\",\"target\":{\"@type\":\"EntryPoint\",\"urlTemplate\":\"https:\/\/www.tktx-shop.xyz\/?s={search_term_string}\"},\"query-input\":{\"@type\":\"PropertyValueSpecification\",\"valueRequired\":true,\"valueName\":\"search_term_string\"}}],\"inLanguage\":\"de\"}]}<\/script>\n<!-- \/ Yoast SEO plugin. -->","yoast_head_json":{"title":"Kako pravilno shraniti TKTX kremo, da zagotovimo najve\u010dji u\u010dinek? - Dermacain","description":"Kako pravilno shranjevati TKTX kremo, da ohrani svojo mo\u010d? Nasveti za temperaturo, svetlobo, vlago in varno uporabo, da bo va\u0161a krema vedno u\u010dinkovita in pripravljena.","robots":{"index":"index","follow":"follow","max-snippet":"max-snippet:-1","max-image-preview":"max-image-preview:large","max-video-preview":"max-video-preview:-1"},"canonical":"https:\/\/www.tktx-shop.xyz\/?page_id=396","og_locale":"de_DE","og_type":"article","og_title":"Kako pravilno shraniti TKTX kremo, da zagotovimo najve\u010dji u\u010dinek? - Dermacain","og_description":"Kako pravilno shranjevati TKTX kremo, da ohrani svojo mo\u010d? Nasveti za temperaturo, svetlobo, vlago in varno uporabo, da bo va\u0161a krema vedno u\u010dinkovita in pripravljena.","og_url":"https:\/\/www.tktx-shop.xyz\/?page_id=396","og_site_name":"Dermacain","article_modified_time":"2025-07-21T17:09:37+00:00","og_image":[{"width":1080,"height":458,"url":"https:\/\/www.tktx-shop.xyz\/wp-content\/uploads\/2023\/04\/Untitled-design-3.png","type":"image\/png"}],"twitter_card":"summary_large_image","twitter_misc":{"Gesch\u00e4tzte Lesezeit":"3\u00a0Minuten"},"schema":{"@context":"https:\/\/schema.org","@graph":[{"@type":"WebPage","@id":"https:\/\/www.tktx-shop.xyz\/?page_id=396","url":"https:\/\/www.tktx-shop.xyz\/?page_id=396","name":"Kako pravilno shraniti TKTX kremo, da zagotovimo najve\u010dji u\u010dinek? - Dermacain","isPartOf":{"@id":"https:\/\/www.tktx-shop.xyz\/#website"},"primaryImageOfPage":{"@id":"https:\/\/www.tktx-shop.xyz\/?page_id=396#primaryimage"},"image":{"@id":"https:\/\/www.tktx-shop.xyz\/?page_id=396#primaryimage"},"thumbnailUrl":"https:\/\/www.tktx-shop.xyz\/wp-content\/uploads\/2023\/04\/Untitled-design-3-1024x434.png","datePublished":"2025-01-25T05:39:57+00:00","dateModified":"2025-07-21T17:09:37+00:00","description":"Kako pravilno shranjevati TKTX kremo, da ohrani svojo mo\u010d? Nasveti za temperaturo, svetlobo, vlago in varno uporabo, da bo va\u0161a krema vedno u\u010dinkovita in pripravljena.","breadcrumb":{"@id":"https:\/\/www.tktx-shop.xyz\/?page_id=396#breadcrumb"},"inLanguage":"de","potentialAction":[{"@type":"ReadAction","target":["https:\/\/www.tktx-shop.xyz\/?page_id=396"]}]},{"@type":"ImageObject","inLanguage":"de","@id":"https:\/\/www.tktx-shop.xyz\/?page_id=396#primaryimage","url":"https:\/\/www.tktx-shop.xyz\/wp-content\/uploads\/2023\/04\/Untitled-design-3.png","contentUrl":"https:\/\/www.tktx-shop.xyz\/wp-content\/uploads\/2023\/04\/Untitled-design-3.png","width":1080,"height":458,"caption":"TKTX 75% An\u00e4sthesiesalbe Tattoo-Creme"},{"@type":"BreadcrumbList","@id":"https:\/\/www.tktx-shop.xyz\/?page_id=396#breadcrumb","itemListElement":[{"@type":"ListItem","position":1,"name":"Home","item":"https:\/\/www.tktx-shop.xyz\/"},{"@type":"ListItem","position":2,"name":"Kako pravilno shraniti TKTX kremo, da zagotovimo najve\u010dji u\u010dinek?"}]},{"@type":"WebSite","@id":"https:\/\/www.tktx-shop.xyz\/#website","url":"https:\/\/www.tktx-shop.xyz\/","name":"Dermacain","description":"Wir machen Ihre Tattoos angenehmer","potentialAction":[{"@type":"SearchAction","target":{"@type":"EntryPoint","urlTemplate":"https:\/\/www.tktx-shop.xyz\/?s={search_term_string}"},"query-input":{"@type":"PropertyValueSpecification","valueRequired":true,"valueName":"search_term_string"}}],"inLanguage":"de"}]}},"_links":{"self":[{"href":"https:\/\/www.tktx-shop.xyz\/index.php?rest_route=\/wp\/v2\/pages\/396","targetHints":{"allow":["GET"]}}],"collection":[{"href":"https:\/\/www.tktx-shop.xyz\/index.php?rest_route=\/wp\/v2\/pages"}],"about":[{"href":"https:\/\/www.tktx-shop.xyz\/index.php?rest_route=\/wp\/v2\/types\/page"}],"author":[{"embeddable":true,"href":"https:\/\/www.tktx-shop.xyz\/index.php?rest_route=\/wp\/v2\/users\/1"}],"replies":[{"embeddable":true,"href":"https:\/\/www.tktx-shop.xyz\/index.php?rest_route=%2Fwp%2Fv2%2Fcomments&post=396"}],"version-history":[{"count":6,"href":"https:\/\/www.tktx-shop.xyz\/index.php?rest_route=\/wp\/v2\/pages\/396\/revisions"}],"predecessor-version":[{"id":932,"href":"https:\/\/www.tktx-shop.xyz\/index.php?rest_route=\/wp\/v2\/pages\/396\/revisions\/932"}],"wp:attachment":[{"href":"https:\/\/www.tktx-shop.xyz\/index.php?rest_route=%2Fwp%2Fv2%2Fmedia&parent=396"}],"curies":[{"name":"wp","href":"https:\/\/api.w.org\/{rel}","templated":true}]}}