{"id":386,"date":"2025-01-23T10:33:34","date_gmt":"2025-01-23T09:33:34","guid":{"rendered":"https:\/\/www.dermacain.de\/?page_id=386"},"modified":"2025-07-21T19:37:12","modified_gmt":"2025-07-21T17:37:12","slug":"warum-ist-die-tktx-creme-bei-professionellen-taetowierern-so-beliebt","status":"publish","type":"page","link":"https:\/\/www.tktx-shop.xyz\/?page_id=386","title":{"rendered":"Zakaj je TKTX krema pri profesionalnih tatuistih tako priljubljena?"},"content":{"rendered":"<h2 data-start=\"85\" data-end=\"166\">\ud83c\udfaf <strong data-start=\"91\" data-end=\"166\">Zakaj je TKTX obvezna oprema v vsakem profesionalnem tetova\u017enem studiu?<\/strong><\/h2>\n<p data-start=\"168\" data-end=\"388\">V svetu tetoviranja sta kakovost in zadovoljstvo strank na prvem mestu.<br data-start=\"239\" data-end=\"242\" \/>Anesteti\u010dna krema <strong data-start=\"260\" data-end=\"268\">TKTX<\/strong> se je izkazala kot nepogre\u0161ljiv pripomo\u010dek za vse tetoverje, ki \u017eelijo zagotoviti najbolj\u0161e rezultate <strong data-start=\"371\" data-end=\"387\">brez bole\u010din<\/strong>.<\/p>\n<hr data-start=\"390\" data-end=\"393\" \/>\n<h3 data-start=\"395\" data-end=\"433\">\ud83d\udd39 1. Najve\u010dje zadovoljstvo strank<\/h3>\n<p data-start=\"435\" data-end=\"615\">Bole\u010dina je pogosto razlog, zakaj se nekateri bojijo tetova\u017ee.<br data-start=\"497\" data-end=\"500\" \/>S kremo TKTX te skrbi izginejo \u2013 <strong data-start=\"533\" data-end=\"561\">u\u010dinkovito omrtvi\u010di ko\u017eo<\/strong> in poskrbi, da se stranka po\u010duti spro\u0161\u010deno in udobno.<\/p>\n<hr data-start=\"617\" data-end=\"620\" \/>\n<h3 data-start=\"622\" data-end=\"653\">\ud83d\udd39 2. Natan\u010dnej\u0161i rezultati<\/h3>\n<p data-start=\"655\" data-end=\"778\">Spro\u0161\u010dena stranka = stabilnej\u0161a roka.<br data-start=\"692\" data-end=\"695\" \/>To pomeni bolj <strong data-start=\"710\" data-end=\"732\">fino linijsko delo<\/strong>, manj premikov in popolnej\u0161i kon\u010dni rezultat.<\/p>\n<hr data-start=\"780\" data-end=\"783\" \/>\n<h3 data-start=\"785\" data-end=\"821\">\ud83d\udd39 3. Hitra in preprosta uporaba<\/h3>\n<p data-start=\"823\" data-end=\"898\">\u2705 Nanesite debelo plast<br data-start=\"846\" data-end=\"849\" \/>\u2705 Pokrijte s folijo<br data-start=\"868\" data-end=\"871\" \/>\u2705 Po\u010dakajte <strong data-start=\"883\" data-end=\"898\">30\u201340 minut<\/strong><\/p>\n<p data-start=\"900\" data-end=\"940\">Brez kompliciranja. Hitro in u\u010dinkovito.<\/p>\n<hr data-start=\"942\" data-end=\"945\" \/>\n<h3 data-start=\"947\" data-end=\"970\">\ud83d\udd39 4. Vsestranskost<\/h3>\n<p data-start=\"972\" data-end=\"1127\">Majhne minimalisti\u010dne tetova\u017ee ali velika umetni\u0161ka dela?<br data-start=\"1029\" data-end=\"1032\" \/>TKTX deluje odli\u010dno povsod \u2013 tudi na <strong data-start=\"1069\" data-end=\"1091\">ob\u010dutljivih mestih<\/strong>, kot so rebra, zapestja in gle\u017enji.<\/p>\n<hr data-start=\"1129\" data-end=\"1132\" \/>\n<h3 data-start=\"1134\" data-end=\"1161\">\ud83d\udd39 5. Dokazana kakovost<\/h3>\n<p data-start=\"1163\" data-end=\"1339\">Tetoverji po vsem svetu zaupajo TKTX \u2013 ker <strong data-start=\"1206\" data-end=\"1220\">res deluje<\/strong>.<br data-start=\"1221\" data-end=\"1224\" \/>U\u010dinkovitost, zanesljivost in pozitivne izku\u0161nje strank dokazujejo, da gre za <strong data-start=\"1302\" data-end=\"1323\">vodilni anestetik<\/strong> za tetoviranje.<\/p>\n<hr data-start=\"1341\" data-end=\"1344\" \/>\n<h3 data-start=\"1346\" data-end=\"1394\">\ud83d\udd39 6. Bolj\u0161a izku\u0161nja = ve\u010d povratnih strank<\/h3>\n<p data-start=\"1396\" data-end=\"1582\">Zadovoljna stranka ne le, da se bo vrnila \u2013 temve\u010d bo tudi priporo\u010dila naprej.<br data-start=\"1474\" data-end=\"1477\" \/>S TKTX je celoten postopek <strong data-start=\"1504\" data-end=\"1535\">manj stresen in bolj udoben<\/strong>, kar izbolj\u0161a celotno storitev v va\u0161em studiu.<\/p>\n<hr data-start=\"1584\" data-end=\"1587\" \/>\n<h2 data-start=\"1589\" data-end=\"1637\">\ud83d\udca1 Zakaj TKTX ne sme manjkati v va\u0161em studiu?<\/h2>\n<p data-start=\"1639\" data-end=\"1766\">TKTX je popolna izbira za vse, ki \u017eelijo:<br data-start=\"1680\" data-end=\"1683\" \/>\u2714\ufe0f zadovoljiti stranko<br data-start=\"1705\" data-end=\"1708\" \/>\u2714\ufe0f skraj\u0161ati trajanje seje<br data-start=\"1734\" data-end=\"1737\" \/>\u2714\ufe0f izbolj\u0161ati kon\u010dni rezultat<\/p>\n<p data-start=\"1768\" data-end=\"1904\">\ud83d\udc49 S kombinacijo <strong data-start=\"1785\" data-end=\"1850\">u\u010dinkovitosti, enostavne uporabe in profesionalnih rezultatov<\/strong> je TKTX &#8222;must-have&#8220; za vsak sodoben tetova\u017eni studio.<\/p>\n<p data-start=\"1906\" data-end=\"2023\">\ud83d\udce6 Dostava v <strong data-start=\"1919\" data-end=\"1941\">DVEH DELOVNIH DNEH<\/strong><br data-start=\"1941\" data-end=\"1944\" \/>\ud83c\udfa5 Video navodila: <a class=\"\" href=\"https:\/\/youtu.be\/5HZfXko8OVI\" target=\"_new\" rel=\"noopener\" data-start=\"1963\" data-end=\"2023\">https:\/\/youtu.be\/5HZfXko8OVI<\/a><\/p>\n<hr \/>\n<h4 style=\"text-align: center;\">Izberite med anesteti\u010dnimi kremami TKTX za tetova\u017ee<\/h4>\n<p><a href=\"https:\/\/www.tktx-shop.xyz\/?product=tktx-75\"><img loading=\"lazy\" decoding=\"async\" class=\"aligncenter wp-image-28 size-large\" src=\"https:\/\/www.tktx-shop.xyz\/wp-content\/uploads\/2023\/04\/Untitled-design-3-1024x434.png\" alt=\"TKTX anesteti\u010dna krema za tetova\u017ee\" width=\"760\" height=\"322\" srcset=\"https:\/\/www.tktx-shop.xyz\/wp-content\/uploads\/2023\/04\/Untitled-design-3-1024x434.png 1024w, https:\/\/www.tktx-shop.xyz\/wp-content\/uploads\/2023\/04\/Untitled-design-3-300x127.png 300w, https:\/\/www.tktx-shop.xyz\/wp-content\/uploads\/2023\/04\/Untitled-design-3-600x254.png 600w, https:\/\/www.tktx-shop.xyz\/wp-content\/uploads\/2023\/04\/Untitled-design-3-768x326.png 768w, https:\/\/www.tktx-shop.xyz\/wp-content\/uploads\/2023\/04\/Untitled-design-3.png 1080w\" sizes=\"auto, (max-width: 760px) 100vw, 760px\" \/><\/a><\/p>\n<p data-pm-slice=\"1 1 []\"><a href=\"https:\/\/www.tktx-shop.xyz\/?product=tktx-40\"><img loading=\"lazy\" decoding=\"async\" class=\"aligncenter wp-image-36 size-large\" src=\"https:\/\/www.tktx-shop.xyz\/wp-content\/uploads\/2023\/04\/Untitled-design-1-1024x377.png\" alt=\"TKTX anesteti\u010dno mazilo za tetova\u017ee 40%\" width=\"760\" height=\"280\" srcset=\"https:\/\/www.tktx-shop.xyz\/wp-content\/uploads\/2023\/04\/Untitled-design-1-1024x377.png 1024w, https:\/\/www.tktx-shop.xyz\/wp-content\/uploads\/2023\/04\/Untitled-design-1-300x110.png 300w, https:\/\/www.tktx-shop.xyz\/wp-content\/uploads\/2023\/04\/Untitled-design-1-600x221.png 600w, https:\/\/www.tktx-shop.xyz\/wp-content\/uploads\/2023\/04\/Untitled-design-1-768x283.png 768w, https:\/\/www.tktx-shop.xyz\/wp-content\/uploads\/2023\/04\/Untitled-design-1.png 1071w\" sizes=\"auto, (max-width: 760px) 100vw, 760px\" \/><\/a><\/p>\n<p data-pm-slice=\"1 1 []\"><a href=\"https:\/\/www.tktx-shop.xyz\/?product=tktx-55\"><img loading=\"lazy\" decoding=\"async\" class=\"aligncenter wp-image-31 size-large\" src=\"https:\/\/www.tktx-shop.xyz\/wp-content\/uploads\/2023\/04\/Untitled-design-1024x372.png\" alt=\"TKTX omrtvi\u010dujo\u010da krema za tetova\u017ee 55%\" width=\"760\" height=\"276\" srcset=\"https:\/\/www.tktx-shop.xyz\/wp-content\/uploads\/2023\/04\/Untitled-design-1024x372.png 1024w, https:\/\/www.tktx-shop.xyz\/wp-content\/uploads\/2023\/04\/Untitled-design-300x109.png 300w, https:\/\/www.tktx-shop.xyz\/wp-content\/uploads\/2023\/04\/Untitled-design-600x218.png 600w, https:\/\/www.tktx-shop.xyz\/wp-content\/uploads\/2023\/04\/Untitled-design-768x279.png 768w, https:\/\/www.tktx-shop.xyz\/wp-content\/uploads\/2023\/04\/Untitled-design.png 1069w\" sizes=\"auto, (max-width: 760px) 100vw, 760px\" \/><\/a><\/p>\n<p data-pm-slice=\"1 1 []\"><a href=\"https:\/\/www.tktx-shop.xyz\/?product=3xtktx-75\"><img loading=\"lazy\" decoding=\"async\" class=\"aligncenter wp-image-851 size-large\" src=\"https:\/\/www.tktx-shop.xyz\/wp-content\/uploads\/2025\/07\/6-1-926x1024.png\" alt=\"TKTX anesteti\u010dna krema za tetova\u017ee 75%\" width=\"760\" height=\"840\" srcset=\"https:\/\/www.tktx-shop.xyz\/wp-content\/uploads\/2025\/07\/6-1-926x1024.png 926w, https:\/\/www.tktx-shop.xyz\/wp-content\/uploads\/2025\/07\/6-1-271x300.png 271w, https:\/\/www.tktx-shop.xyz\/wp-content\/uploads\/2025\/07\/6-1-768x849.png 768w, https:\/\/www.tktx-shop.xyz\/wp-content\/uploads\/2025\/07\/6-1-300x332.png 300w, https:\/\/www.tktx-shop.xyz\/wp-content\/uploads\/2025\/07\/6-1-600x663.png 600w, https:\/\/www.tktx-shop.xyz\/wp-content\/uploads\/2025\/07\/6-1.png 1080w\" sizes=\"auto, (max-width: 760px) 100vw, 760px\" \/><\/a><\/p>\n<h4 style=\"text-align: center;\" data-pm-slice=\"1 1 []\">Garancija zadovoljstva\u00a0<br data-start=\"119\" data-end=\"122\" \/>\u010ce niste zadovoljni, izdelek vrnite in povrnili vam bomo denar<\/h4>\n<p>&nbsp;<\/p>\n<p>&nbsp;<\/p>\n<div class=\"min-h-8 text-message relative flex w-full flex-col items-end gap-2 whitespace-normal break-words text-start [.text-message+&amp;]:mt-5\" dir=\"auto\" data-message-author-role=\"assistant\" data-message-id=\"ab7cadc0-739a-4dd2-8ec7-f173db9d32ec\" data-message-model-slug=\"gpt-4o\">\n<p><strong>Morda vas zanima&#8230;<\/strong><\/p>\n<p><a href=\"https:\/\/www.tktx-shop.xyz\/?page_id=378\">Brezbole\u010dinska PMU zdravljenja s TKTX: Pot do popolnosti brez trpljenja<\/a><\/p>\n<p><a href=\"https:\/\/www.tktx-shop.xyz\/?page_id=361\">Brezbole\u010da tetova\u017ea \u2013 Revolucionirajte svoje do\u017eivetje z izvirno TKTX anesteti\u010dno kremo!<\/a><\/p>\n<\/div>\n<div class=\"min-h-8 text-message relative flex w-full flex-col items-end gap-2 whitespace-normal break-words text-start [.text-message+&amp;]:mt-5\" dir=\"auto\" data-message-author-role=\"assistant\" data-message-id=\"ab7cadc0-739a-4dd2-8ec7-f173db9d32ec\" data-message-model-slug=\"gpt-4o\">\n<p><a href=\"https:\/\/www.tktx-shop.xyz\/?page_id=363\">Brezbole\u010de tetova\u017ee? Odkrijte mo\u010d izvirne TKTX anesteti\u010dne kreme!<\/a><\/p>\n<p><a href=\"https:\/\/www.tktx-shop.xyz\"><strong>Domov<\/strong><\/a><\/p>\n<\/div>\n","protected":false},"excerpt":{"rendered":"<p>\ud83c\udfaf Zakaj je TKTX obvezna oprema v vsakem profesionalnem tetova\u017enem studiu? V svetu tetoviranja sta kakovost in zadovoljstvo strank na prvem mestu.Anesteti\u010dna krema TKTX se je izkazala kot nepogre\u0161ljiv pripomo\u010dek za vse tetoverje, ki \u017eelijo zagotoviti najbolj\u0161e rezultate brez bole\u010din. \ud83d\udd39 1. Najve\u010dje zadovoljstvo strank Bole\u010dina je pogosto razlog, zakaj se nekateri bojijo tetova\u017ee.S kremo [&hellip;]<\/p>\n","protected":false},"author":1,"featured_media":0,"parent":0,"menu_order":0,"comment_status":"closed","ping_status":"closed","template":"","meta":{"_monsterinsights_skip_tracking":false,"_monsterinsights_sitenote_active":false,"_monsterinsights_sitenote_note":"","_monsterinsights_sitenote_category":0,"footnotes":""},"class_list":["post-386","page","type-page","status-publish","hentry"],"yoast_head":"<!-- This site is optimized with the Yoast SEO plugin v25.2 - https:\/\/yoast.com\/wordpress\/plugins\/seo\/ -->\n<title>Zakaj je TKTX krema pri profesionalnih tatuistih tako priljubljena? - Dermacain<\/title>\n<meta name=\"description\" content=\"TKTX je profesionalna anesteti\u010dna krema za tetovatorje. Zagotavlja nebole\u010de seje, natan\u010dne rezultate in popolno zadovoljstvo strank. Idealno za vse tetova\u017ene studie.\" \/>\n<meta name=\"robots\" content=\"index, follow, max-snippet:-1, max-image-preview:large, max-video-preview:-1\" \/>\n<link rel=\"canonical\" href=\"https:\/\/www.tktx-shop.xyz\/?page_id=386\" \/>\n<meta property=\"og:locale\" content=\"de_DE\" \/>\n<meta property=\"og:type\" content=\"article\" \/>\n<meta property=\"og:title\" content=\"Zakaj je TKTX krema pri profesionalnih tatuistih tako priljubljena? - Dermacain\" \/>\n<meta property=\"og:description\" content=\"TKTX je profesionalna anesteti\u010dna krema za tetovatorje. Zagotavlja nebole\u010de seje, natan\u010dne rezultate in popolno zadovoljstvo strank. Idealno za vse tetova\u017ene studie.\" \/>\n<meta property=\"og:url\" content=\"https:\/\/www.tktx-shop.xyz\/?page_id=386\" \/>\n<meta property=\"og:site_name\" content=\"Dermacain\" \/>\n<meta property=\"article:modified_time\" content=\"2025-07-21T17:37:12+00:00\" \/>\n<meta property=\"og:image\" content=\"https:\/\/www.tktx-shop.xyz\/wp-content\/uploads\/2023\/04\/Untitled-design-3.png\" \/>\n\t<meta property=\"og:image:width\" content=\"1080\" \/>\n\t<meta property=\"og:image:height\" content=\"458\" \/>\n\t<meta property=\"og:image:type\" content=\"image\/png\" \/>\n<meta name=\"twitter:card\" content=\"summary_large_image\" \/>\n<meta name=\"twitter:label1\" content=\"Gesch\u00e4tzte Lesezeit\" \/>\n\t<meta name=\"twitter:data1\" content=\"3\u00a0Minuten\" \/>\n<script type=\"application\/ld+json\" class=\"yoast-schema-graph\">{\"@context\":\"https:\/\/schema.org\",\"@graph\":[{\"@type\":\"WebPage\",\"@id\":\"https:\/\/www.tktx-shop.xyz\/?page_id=386\",\"url\":\"https:\/\/www.tktx-shop.xyz\/?page_id=386\",\"name\":\"Zakaj je TKTX krema pri profesionalnih tatuistih tako priljubljena? - Dermacain\",\"isPartOf\":{\"@id\":\"https:\/\/www.tktx-shop.xyz\/#website\"},\"primaryImageOfPage\":{\"@id\":\"https:\/\/www.tktx-shop.xyz\/?page_id=386#primaryimage\"},\"image\":{\"@id\":\"https:\/\/www.tktx-shop.xyz\/?page_id=386#primaryimage\"},\"thumbnailUrl\":\"https:\/\/www.tktx-shop.xyz\/wp-content\/uploads\/2023\/04\/Untitled-design-3-1024x434.png\",\"datePublished\":\"2025-01-23T09:33:34+00:00\",\"dateModified\":\"2025-07-21T17:37:12+00:00\",\"description\":\"TKTX je profesionalna anesteti\u010dna krema za tetovatorje. Zagotavlja nebole\u010de seje, natan\u010dne rezultate in popolno zadovoljstvo strank. Idealno za vse tetova\u017ene studie.\",\"breadcrumb\":{\"@id\":\"https:\/\/www.tktx-shop.xyz\/?page_id=386#breadcrumb\"},\"inLanguage\":\"de\",\"potentialAction\":[{\"@type\":\"ReadAction\",\"target\":[\"https:\/\/www.tktx-shop.xyz\/?page_id=386\"]}]},{\"@type\":\"ImageObject\",\"inLanguage\":\"de\",\"@id\":\"https:\/\/www.tktx-shop.xyz\/?page_id=386#primaryimage\",\"url\":\"https:\/\/www.tktx-shop.xyz\/wp-content\/uploads\/2023\/04\/Untitled-design-3.png\",\"contentUrl\":\"https:\/\/www.tktx-shop.xyz\/wp-content\/uploads\/2023\/04\/Untitled-design-3.png\",\"width\":1080,\"height\":458,\"caption\":\"TKTX 75% An\u00e4sthesiesalbe Tattoo-Creme\"},{\"@type\":\"BreadcrumbList\",\"@id\":\"https:\/\/www.tktx-shop.xyz\/?page_id=386#breadcrumb\",\"itemListElement\":[{\"@type\":\"ListItem\",\"position\":1,\"name\":\"Home\",\"item\":\"https:\/\/www.tktx-shop.xyz\/\"},{\"@type\":\"ListItem\",\"position\":2,\"name\":\"Zakaj je TKTX krema pri profesionalnih tatuistih tako priljubljena?\"}]},{\"@type\":\"WebSite\",\"@id\":\"https:\/\/www.tktx-shop.xyz\/#website\",\"url\":\"https:\/\/www.tktx-shop.xyz\/\",\"name\":\"Dermacain\",\"description\":\"Wir machen Ihre Tattoos angenehmer\",\"potentialAction\":[{\"@type\":\"SearchAction\",\"target\":{\"@type\":\"EntryPoint\",\"urlTemplate\":\"https:\/\/www.tktx-shop.xyz\/?s={search_term_string}\"},\"query-input\":{\"@type\":\"PropertyValueSpecification\",\"valueRequired\":true,\"valueName\":\"search_term_string\"}}],\"inLanguage\":\"de\"}]}<\/script>\n<!-- \/ Yoast SEO plugin. -->","yoast_head_json":{"title":"Zakaj je TKTX krema pri profesionalnih tatuistih tako priljubljena? - Dermacain","description":"TKTX je profesionalna anesteti\u010dna krema za tetovatorje. Zagotavlja nebole\u010de seje, natan\u010dne rezultate in popolno zadovoljstvo strank. Idealno za vse tetova\u017ene studie.","robots":{"index":"index","follow":"follow","max-snippet":"max-snippet:-1","max-image-preview":"max-image-preview:large","max-video-preview":"max-video-preview:-1"},"canonical":"https:\/\/www.tktx-shop.xyz\/?page_id=386","og_locale":"de_DE","og_type":"article","og_title":"Zakaj je TKTX krema pri profesionalnih tatuistih tako priljubljena? - Dermacain","og_description":"TKTX je profesionalna anesteti\u010dna krema za tetovatorje. Zagotavlja nebole\u010de seje, natan\u010dne rezultate in popolno zadovoljstvo strank. Idealno za vse tetova\u017ene studie.","og_url":"https:\/\/www.tktx-shop.xyz\/?page_id=386","og_site_name":"Dermacain","article_modified_time":"2025-07-21T17:37:12+00:00","og_image":[{"width":1080,"height":458,"url":"https:\/\/www.tktx-shop.xyz\/wp-content\/uploads\/2023\/04\/Untitled-design-3.png","type":"image\/png"}],"twitter_card":"summary_large_image","twitter_misc":{"Gesch\u00e4tzte Lesezeit":"3\u00a0Minuten"},"schema":{"@context":"https:\/\/schema.org","@graph":[{"@type":"WebPage","@id":"https:\/\/www.tktx-shop.xyz\/?page_id=386","url":"https:\/\/www.tktx-shop.xyz\/?page_id=386","name":"Zakaj je TKTX krema pri profesionalnih tatuistih tako priljubljena? - Dermacain","isPartOf":{"@id":"https:\/\/www.tktx-shop.xyz\/#website"},"primaryImageOfPage":{"@id":"https:\/\/www.tktx-shop.xyz\/?page_id=386#primaryimage"},"image":{"@id":"https:\/\/www.tktx-shop.xyz\/?page_id=386#primaryimage"},"thumbnailUrl":"https:\/\/www.tktx-shop.xyz\/wp-content\/uploads\/2023\/04\/Untitled-design-3-1024x434.png","datePublished":"2025-01-23T09:33:34+00:00","dateModified":"2025-07-21T17:37:12+00:00","description":"TKTX je profesionalna anesteti\u010dna krema za tetovatorje. Zagotavlja nebole\u010de seje, natan\u010dne rezultate in popolno zadovoljstvo strank. Idealno za vse tetova\u017ene studie.","breadcrumb":{"@id":"https:\/\/www.tktx-shop.xyz\/?page_id=386#breadcrumb"},"inLanguage":"de","potentialAction":[{"@type":"ReadAction","target":["https:\/\/www.tktx-shop.xyz\/?page_id=386"]}]},{"@type":"ImageObject","inLanguage":"de","@id":"https:\/\/www.tktx-shop.xyz\/?page_id=386#primaryimage","url":"https:\/\/www.tktx-shop.xyz\/wp-content\/uploads\/2023\/04\/Untitled-design-3.png","contentUrl":"https:\/\/www.tktx-shop.xyz\/wp-content\/uploads\/2023\/04\/Untitled-design-3.png","width":1080,"height":458,"caption":"TKTX 75% An\u00e4sthesiesalbe Tattoo-Creme"},{"@type":"BreadcrumbList","@id":"https:\/\/www.tktx-shop.xyz\/?page_id=386#breadcrumb","itemListElement":[{"@type":"ListItem","position":1,"name":"Home","item":"https:\/\/www.tktx-shop.xyz\/"},{"@type":"ListItem","position":2,"name":"Zakaj je TKTX krema pri profesionalnih tatuistih tako priljubljena?"}]},{"@type":"WebSite","@id":"https:\/\/www.tktx-shop.xyz\/#website","url":"https:\/\/www.tktx-shop.xyz\/","name":"Dermacain","description":"Wir machen Ihre Tattoos angenehmer","potentialAction":[{"@type":"SearchAction","target":{"@type":"EntryPoint","urlTemplate":"https:\/\/www.tktx-shop.xyz\/?s={search_term_string}"},"query-input":{"@type":"PropertyValueSpecification","valueRequired":true,"valueName":"search_term_string"}}],"inLanguage":"de"}]}},"_links":{"self":[{"href":"https:\/\/www.tktx-shop.xyz\/index.php?rest_route=\/wp\/v2\/pages\/386","targetHints":{"allow":["GET"]}}],"collection":[{"href":"https:\/\/www.tktx-shop.xyz\/index.php?rest_route=\/wp\/v2\/pages"}],"about":[{"href":"https:\/\/www.tktx-shop.xyz\/index.php?rest_route=\/wp\/v2\/types\/page"}],"author":[{"embeddable":true,"href":"https:\/\/www.tktx-shop.xyz\/index.php?rest_route=\/wp\/v2\/users\/1"}],"replies":[{"embeddable":true,"href":"https:\/\/www.tktx-shop.xyz\/index.php?rest_route=%2Fwp%2Fv2%2Fcomments&post=386"}],"version-history":[{"count":5,"href":"https:\/\/www.tktx-shop.xyz\/index.php?rest_route=\/wp\/v2\/pages\/386\/revisions"}],"predecessor-version":[{"id":948,"href":"https:\/\/www.tktx-shop.xyz\/index.php?rest_route=\/wp\/v2\/pages\/386\/revisions\/948"}],"wp:attachment":[{"href":"https:\/\/www.tktx-shop.xyz\/index.php?rest_route=%2Fwp%2Fv2%2Fmedia&parent=386"}],"curies":[{"name":"wp","href":"https:\/\/api.w.org\/{rel}","templated":true}]}}