{"id":378,"date":"2025-01-21T18:44:26","date_gmt":"2025-01-21T17:44:26","guid":{"rendered":"https:\/\/www.dermacain.de\/?page_id=378"},"modified":"2025-07-21T18:44:25","modified_gmt":"2025-07-21T16:44:25","slug":"schmerzfreie-pmu-behandlungen-mit-tktx-der-weg-zu-perfektion-ohne-leiden","status":"publish","type":"page","link":"https:\/\/www.tktx-shop.xyz\/?page_id=378","title":{"rendered":"Brezbole\u010dinska PMU zdravljenja s TKTX: Pot do popolnosti brez trpljenja"},"content":{"rendered":"<h2 data-start=\"170\" data-end=\"214\">\ud83d\udc84 PMU brez bole\u010din? S TKTX je to mogo\u010de!<\/h2>\n<p data-start=\"216\" data-end=\"411\">Si \u017eelite popolno oblikovane obrvi ali zapeljive ustnice, a vas skrbi bole\u010dina?<br data-start=\"295\" data-end=\"298\" \/>S <strong data-start=\"300\" data-end=\"326\">TKTX anesteti\u010dno kremo<\/strong> so ti strahovi preteklost. U\u017eivajte v <strong data-start=\"365\" data-end=\"410\">PMU tretmajih brez stresa in brez bole\u010din<\/strong>!<\/p>\n<hr data-start=\"413\" data-end=\"416\" \/>\n<h3 data-start=\"418\" data-end=\"462\">\u2705 Zakaj je TKTX najbolj\u0161a izbira za PMU:<\/h3>\n<h4 data-start=\"464\" data-end=\"501\">\ud83d\udd39 U\u010dinkovita laj\u0161anje bole\u010din<\/h4>\n<p data-start=\"502\" data-end=\"589\">Inovativna formula TKTX zanesljivo omrtvi\u010di ko\u017eo in poskrbi za <strong data-start=\"565\" data-end=\"588\">brezbole\u010do izku\u0161njo<\/strong>.<\/p>\n<h4 data-start=\"591\" data-end=\"620\">\ud83d\udd39 Najvi\u0161ja natan\u010dnost<\/h4>\n<p data-start=\"621\" data-end=\"723\">Brez bole\u010dine ostane va\u0161 obraz <strong data-start=\"652\" data-end=\"664\">spro\u0161\u010den<\/strong>, kar strokovnjakom za PMU omogo\u010da popolnoma natan\u010dno delo.<\/p>\n<h4 data-start=\"725\" data-end=\"754\">\ud83d\udd39 Vsestranska uporaba<\/h4>\n<p data-start=\"755\" data-end=\"876\">Ne glede na to, ali gre za obrvi, ustnice ali druge ob\u010dutljive predele \u2013 TKTX je <strong data-start=\"836\" data-end=\"854\">idealna izbira<\/strong> za vsak PMU postopek.<\/p>\n<hr data-start=\"878\" data-end=\"881\" \/>\n<h3 data-start=\"883\" data-end=\"928\">\ud83e\uddf4 Kako pravilno uporabljati TKTX za PMU:<\/h3>\n<ol data-start=\"930\" data-end=\"1454\">\n<li data-start=\"930\" data-end=\"1034\">\n<p data-start=\"933\" data-end=\"1034\"><strong data-start=\"933\" data-end=\"950\">Priprava ko\u017ee<\/strong><br data-start=\"950\" data-end=\"953\" \/>Temeljito o\u010distite predel z vodo in blagim milom, da pove\u010date u\u010dinkovitost kreme.<\/p>\n<\/li>\n<li data-start=\"1036\" data-end=\"1171\">\n<p data-start=\"1039\" data-end=\"1171\"><strong data-start=\"1039\" data-end=\"1054\">Nanos kreme<\/strong><br data-start=\"1054\" data-end=\"1057\" \/>Nanesite <strong data-start=\"1066\" data-end=\"1093\">debelo plast TKTX kreme<\/strong> na \u017eeleni predel. Prepri\u010dajte se, da je celotna povr\u0161ina enakomerno prekrita.<\/p>\n<\/li>\n<li data-start=\"1173\" data-end=\"1267\">\n<p data-start=\"1176\" data-end=\"1267\"><strong data-start=\"1176\" data-end=\"1200\">Prekrivanje s folijo<\/strong><br data-start=\"1200\" data-end=\"1203\" \/>Obmo\u010dje pokrijte s <strong data-start=\"1222\" data-end=\"1241\">\u017eivilsko folijo<\/strong>, da se krema bolje vpije.<\/p>\n<\/li>\n<li data-start=\"1269\" data-end=\"1373\">\n<p data-start=\"1272\" data-end=\"1373\"><strong data-start=\"1272\" data-end=\"1289\">\u010cas delovanja<\/strong><br data-start=\"1289\" data-end=\"1292\" \/>Pustite kremo delovati <strong data-start=\"1315\" data-end=\"1330\">30\u201340 minut<\/strong>, da dose\u017eete optimalen anesteti\u010dni u\u010dinek.<\/p>\n<\/li>\n<li data-start=\"1375\" data-end=\"1454\">\n<p data-start=\"1378\" data-end=\"1454\"><strong data-start=\"1378\" data-end=\"1399\">Odstranitev kreme<\/strong><br data-start=\"1399\" data-end=\"1402\" \/>Kremo ne\u017eno obri\u0161ite <strong data-start=\"1423\" data-end=\"1453\">tik pred za\u010detkom tretmaja<\/strong>.<\/p>\n<\/li>\n<\/ol>\n<hr data-start=\"1456\" data-end=\"1459\" \/>\n<h3 data-start=\"1461\" data-end=\"1497\">\ud83d\udc8e Prednosti TKTX kreme pri PMU:<\/h3>\n<ul data-start=\"1499\" data-end=\"1715\">\n<li data-start=\"1499\" data-end=\"1581\">\n<p data-start=\"1501\" data-end=\"1581\"><strong data-start=\"1501\" data-end=\"1523\">Dolgotrajen u\u010dinek<\/strong> \u2013 do <strong data-start=\"1529\" data-end=\"1551\">3 ure brez bole\u010din<\/strong>, idealno za dalj\u0161e postopke<\/p>\n<\/li>\n<li data-start=\"1582\" data-end=\"1640\">\n<p data-start=\"1584\" data-end=\"1640\"><strong data-start=\"1584\" data-end=\"1601\">Ne\u017ena do ko\u017ee<\/strong> \u2013 razvita posebej za ob\u010dutljivo ko\u017eo<\/p>\n<\/li>\n<li data-start=\"1641\" data-end=\"1715\">\n<p data-start=\"1643\" data-end=\"1715\"><strong data-start=\"1643\" data-end=\"1681\">Hitri rezultati, preprosta uporaba<\/strong> \u2013 brez zapletenosti, brez bole\u010din<\/p>\n<\/li>\n<\/ul>\n<hr data-start=\"1717\" data-end=\"1720\" \/>\n<h2 data-start=\"1722\" data-end=\"1765\">\u2728 PMU brez bole\u010din \u2013 z TKTX je to u\u017eitek<\/h2>\n<p data-start=\"1767\" data-end=\"1928\">Spremenite svoje PMU izku\u0161nje v <strong data-start=\"1799\" data-end=\"1831\">spro\u0161\u010dene in udobne tretmaje<\/strong>.<br data-start=\"1832\" data-end=\"1835\" \/>S TKTX boste dosegli <strong data-start=\"1856\" data-end=\"1904\">manj stresa, ve\u010d udobja in izjemne rezultate<\/strong>, ki vas bodo navdu\u0161ili.<\/p>\n<p data-start=\"1930\" data-end=\"2022\">\ud83c\udfa5 Video z navodili za uporabo: <a class=\"\" href=\"https:\/\/youtu.be\/5HZfXko8OVI\" target=\"_new\" rel=\"noopener\" data-start=\"1962\" data-end=\"2022\">https:\/\/youtu.be\/5HZfXko8OVI<\/a><\/p>\n<p>&nbsp;<\/p>\n<h4 style=\"text-align: center;\">Izberite med anesteti\u010dnimi kremami TKTX za tetova\u017ee<\/h4>\n<p><a href=\"https:\/\/www.tktx-shop.xyz\/?product=tktx-75\"><img loading=\"lazy\" decoding=\"async\" class=\"aligncenter wp-image-28 size-large\" src=\"https:\/\/www.tktx-shop.xyz\/wp-content\/uploads\/2023\/04\/Untitled-design-3-1024x434.png\" alt=\"TKTX anesteti\u010dna krema za tetova\u017ee\" width=\"760\" height=\"322\" srcset=\"https:\/\/www.tktx-shop.xyz\/wp-content\/uploads\/2023\/04\/Untitled-design-3-1024x434.png 1024w, https:\/\/www.tktx-shop.xyz\/wp-content\/uploads\/2023\/04\/Untitled-design-3-300x127.png 300w, https:\/\/www.tktx-shop.xyz\/wp-content\/uploads\/2023\/04\/Untitled-design-3-600x254.png 600w, https:\/\/www.tktx-shop.xyz\/wp-content\/uploads\/2023\/04\/Untitled-design-3-768x326.png 768w, https:\/\/www.tktx-shop.xyz\/wp-content\/uploads\/2023\/04\/Untitled-design-3.png 1080w\" sizes=\"auto, (max-width: 760px) 100vw, 760px\" \/><\/a><\/p>\n<p data-pm-slice=\"1 1 []\"><a href=\"https:\/\/www.tktx-shop.xyz\/?product=tktx-40\"><img loading=\"lazy\" decoding=\"async\" class=\"aligncenter wp-image-36 size-large\" src=\"https:\/\/www.tktx-shop.xyz\/wp-content\/uploads\/2023\/04\/Untitled-design-1-1024x377.png\" alt=\"TKTX anesteti\u010dno mazilo za tetova\u017ee 40%\" width=\"760\" height=\"280\" srcset=\"https:\/\/www.tktx-shop.xyz\/wp-content\/uploads\/2023\/04\/Untitled-design-1-1024x377.png 1024w, https:\/\/www.tktx-shop.xyz\/wp-content\/uploads\/2023\/04\/Untitled-design-1-300x110.png 300w, https:\/\/www.tktx-shop.xyz\/wp-content\/uploads\/2023\/04\/Untitled-design-1-600x221.png 600w, https:\/\/www.tktx-shop.xyz\/wp-content\/uploads\/2023\/04\/Untitled-design-1-768x283.png 768w, https:\/\/www.tktx-shop.xyz\/wp-content\/uploads\/2023\/04\/Untitled-design-1.png 1071w\" sizes=\"auto, (max-width: 760px) 100vw, 760px\" \/><\/a><\/p>\n<p data-pm-slice=\"1 1 []\"><a href=\"https:\/\/www.tktx-shop.xyz\/?product=tktx-55\"><img loading=\"lazy\" decoding=\"async\" class=\"aligncenter wp-image-31 size-large\" src=\"https:\/\/www.tktx-shop.xyz\/wp-content\/uploads\/2023\/04\/Untitled-design-1024x372.png\" alt=\"TKTX omrtvi\u010dujo\u010da krema za tetova\u017ee 55%\" width=\"760\" height=\"276\" srcset=\"https:\/\/www.tktx-shop.xyz\/wp-content\/uploads\/2023\/04\/Untitled-design-1024x372.png 1024w, https:\/\/www.tktx-shop.xyz\/wp-content\/uploads\/2023\/04\/Untitled-design-300x109.png 300w, https:\/\/www.tktx-shop.xyz\/wp-content\/uploads\/2023\/04\/Untitled-design-600x218.png 600w, https:\/\/www.tktx-shop.xyz\/wp-content\/uploads\/2023\/04\/Untitled-design-768x279.png 768w, https:\/\/www.tktx-shop.xyz\/wp-content\/uploads\/2023\/04\/Untitled-design.png 1069w\" sizes=\"auto, (max-width: 760px) 100vw, 760px\" \/><\/a><\/p>\n<p data-pm-slice=\"1 1 []\"><a href=\"https:\/\/www.tktx-shop.xyz\/?product=3xtktx-75\"><img loading=\"lazy\" decoding=\"async\" class=\"aligncenter wp-image-851 size-large\" src=\"https:\/\/www.tktx-shop.xyz\/wp-content\/uploads\/2025\/07\/6-1-926x1024.png\" alt=\"TKTX anesteti\u010dna krema za tetova\u017ee 75%\" width=\"760\" height=\"840\" srcset=\"https:\/\/www.tktx-shop.xyz\/wp-content\/uploads\/2025\/07\/6-1-926x1024.png 926w, https:\/\/www.tktx-shop.xyz\/wp-content\/uploads\/2025\/07\/6-1-271x300.png 271w, https:\/\/www.tktx-shop.xyz\/wp-content\/uploads\/2025\/07\/6-1-768x849.png 768w, https:\/\/www.tktx-shop.xyz\/wp-content\/uploads\/2025\/07\/6-1-300x332.png 300w, https:\/\/www.tktx-shop.xyz\/wp-content\/uploads\/2025\/07\/6-1-600x663.png 600w, https:\/\/www.tktx-shop.xyz\/wp-content\/uploads\/2025\/07\/6-1.png 1080w\" sizes=\"auto, (max-width: 760px) 100vw, 760px\" \/><\/a><\/p>\n<h4 style=\"text-align: center;\" data-pm-slice=\"1 1 []\">Garancija zadovoljstva\u00a0<br data-start=\"119\" data-end=\"122\" \/>\u010ce niste zadovoljni, izdelek vrnite in povrnili vam bomo denar<\/h4>\n<p>&nbsp;<\/p>\n<p><strong>Morda vas zanima&#8230;<\/strong><\/p>\n<p><a href=\"https:\/\/www.tktx-shop.xyz\/?page_id=446\">Dermacain \u2013 Najmo\u010dnej\u0161a anesteti\u010dna krema za brezbolno tetoviranje! \ud83d\udd25<\/a><\/p>\n<p><a href=\"https:\/\/www.tktx-shop.xyz\/?page_id=14\">Dermacain Najmo\u010dnej\u0161a krema za anestezijo tetova\u017e.<\/a><\/p>\n<p><a href=\"https:\/\/www.tktx-shop.xyz\/?page_id=367\">Brezsindromno tetoviranje? Odkrijte \u010darobnost originalne TKTX kreme za laj\u0161anje bole\u010din pri tetoviranju!<\/a><\/p>\n<p><a href=\"https:\/\/www.tktx-shop.xyz\"><strong>Domov<\/strong><\/a><\/p>\n","protected":false},"excerpt":{"rendered":"<p>\ud83d\udc84 PMU brez bole\u010din? S TKTX je to mogo\u010de! Si \u017eelite popolno oblikovane obrvi ali zapeljive ustnice, a vas skrbi bole\u010dina?S TKTX anesteti\u010dno kremo so ti strahovi preteklost. U\u017eivajte v PMU tretmajih brez stresa in brez bole\u010din! \u2705 Zakaj je TKTX najbolj\u0161a izbira za PMU: \ud83d\udd39 U\u010dinkovita laj\u0161anje bole\u010din Inovativna formula TKTX zanesljivo omrtvi\u010di ko\u017eo [&hellip;]<\/p>\n","protected":false},"author":1,"featured_media":0,"parent":0,"menu_order":0,"comment_status":"closed","ping_status":"closed","template":"","meta":{"_monsterinsights_skip_tracking":false,"_monsterinsights_sitenote_active":false,"_monsterinsights_sitenote_note":"","_monsterinsights_sitenote_category":0,"footnotes":""},"class_list":["post-378","page","type-page","status-publish","hentry"],"yoast_head":"<!-- This site is optimized with the Yoast SEO plugin v25.2 - https:\/\/yoast.com\/wordpress\/plugins\/seo\/ -->\n<title>Brezbole\u010dinska PMU zdravljenja s TKTX: Pot do popolnosti brez trpljenja - Dermacain<\/title>\n<meta name=\"description\" content=\"Brezbolen PMU s TKTX anesteti\u010dno kremo \u2013 idealna za obrvi, ustnice in ob\u010dutljivo ko\u017eo. Do 3 ure u\u010dinka. Dostava v DVEH DELOVNIH DNEH.\" \/>\n<meta name=\"robots\" content=\"index, follow, max-snippet:-1, max-image-preview:large, max-video-preview:-1\" \/>\n<link rel=\"canonical\" href=\"https:\/\/www.tktx-shop.xyz\/?page_id=378\" \/>\n<meta property=\"og:locale\" content=\"de_DE\" \/>\n<meta property=\"og:type\" content=\"article\" \/>\n<meta property=\"og:title\" content=\"Brezbole\u010dinska PMU zdravljenja s TKTX: Pot do popolnosti brez trpljenja - Dermacain\" \/>\n<meta property=\"og:description\" content=\"Brezbolen PMU s TKTX anesteti\u010dno kremo \u2013 idealna za obrvi, ustnice in ob\u010dutljivo ko\u017eo. Do 3 ure u\u010dinka. Dostava v DVEH DELOVNIH DNEH.\" \/>\n<meta property=\"og:url\" content=\"https:\/\/www.tktx-shop.xyz\/?page_id=378\" \/>\n<meta property=\"og:site_name\" content=\"Dermacain\" \/>\n<meta property=\"article:modified_time\" content=\"2025-07-21T16:44:25+00:00\" \/>\n<meta property=\"og:image\" content=\"https:\/\/www.tktx-shop.xyz\/wp-content\/uploads\/2023\/04\/Untitled-design-3.png\" \/>\n\t<meta property=\"og:image:width\" content=\"1080\" \/>\n\t<meta property=\"og:image:height\" content=\"458\" \/>\n\t<meta property=\"og:image:type\" content=\"image\/png\" \/>\n<meta name=\"twitter:card\" content=\"summary_large_image\" \/>\n<meta name=\"twitter:label1\" content=\"Gesch\u00e4tzte Lesezeit\" \/>\n\t<meta name=\"twitter:data1\" content=\"3\u00a0Minuten\" \/>\n<script type=\"application\/ld+json\" class=\"yoast-schema-graph\">{\"@context\":\"https:\/\/schema.org\",\"@graph\":[{\"@type\":\"WebPage\",\"@id\":\"https:\/\/www.tktx-shop.xyz\/?page_id=378\",\"url\":\"https:\/\/www.tktx-shop.xyz\/?page_id=378\",\"name\":\"Brezbole\u010dinska PMU zdravljenja s TKTX: Pot do popolnosti brez trpljenja - Dermacain\",\"isPartOf\":{\"@id\":\"https:\/\/www.tktx-shop.xyz\/#website\"},\"primaryImageOfPage\":{\"@id\":\"https:\/\/www.tktx-shop.xyz\/?page_id=378#primaryimage\"},\"image\":{\"@id\":\"https:\/\/www.tktx-shop.xyz\/?page_id=378#primaryimage\"},\"thumbnailUrl\":\"https:\/\/www.tktx-shop.xyz\/wp-content\/uploads\/2023\/04\/Untitled-design-3-1024x434.png\",\"datePublished\":\"2025-01-21T17:44:26+00:00\",\"dateModified\":\"2025-07-21T16:44:25+00:00\",\"description\":\"Brezbolen PMU s TKTX anesteti\u010dno kremo \u2013 idealna za obrvi, ustnice in ob\u010dutljivo ko\u017eo. Do 3 ure u\u010dinka. Dostava v DVEH DELOVNIH DNEH.\",\"breadcrumb\":{\"@id\":\"https:\/\/www.tktx-shop.xyz\/?page_id=378#breadcrumb\"},\"inLanguage\":\"de\",\"potentialAction\":[{\"@type\":\"ReadAction\",\"target\":[\"https:\/\/www.tktx-shop.xyz\/?page_id=378\"]}]},{\"@type\":\"ImageObject\",\"inLanguage\":\"de\",\"@id\":\"https:\/\/www.tktx-shop.xyz\/?page_id=378#primaryimage\",\"url\":\"https:\/\/www.tktx-shop.xyz\/wp-content\/uploads\/2023\/04\/Untitled-design-3.png\",\"contentUrl\":\"https:\/\/www.tktx-shop.xyz\/wp-content\/uploads\/2023\/04\/Untitled-design-3.png\",\"width\":1080,\"height\":458,\"caption\":\"TKTX 75% An\u00e4sthesiesalbe Tattoo-Creme\"},{\"@type\":\"BreadcrumbList\",\"@id\":\"https:\/\/www.tktx-shop.xyz\/?page_id=378#breadcrumb\",\"itemListElement\":[{\"@type\":\"ListItem\",\"position\":1,\"name\":\"Home\",\"item\":\"https:\/\/www.tktx-shop.xyz\/\"},{\"@type\":\"ListItem\",\"position\":2,\"name\":\"Brezbole\u010dinska PMU zdravljenja s TKTX: Pot do popolnosti brez trpljenja\"}]},{\"@type\":\"WebSite\",\"@id\":\"https:\/\/www.tktx-shop.xyz\/#website\",\"url\":\"https:\/\/www.tktx-shop.xyz\/\",\"name\":\"Dermacain\",\"description\":\"Wir machen Ihre Tattoos angenehmer\",\"potentialAction\":[{\"@type\":\"SearchAction\",\"target\":{\"@type\":\"EntryPoint\",\"urlTemplate\":\"https:\/\/www.tktx-shop.xyz\/?s={search_term_string}\"},\"query-input\":{\"@type\":\"PropertyValueSpecification\",\"valueRequired\":true,\"valueName\":\"search_term_string\"}}],\"inLanguage\":\"de\"}]}<\/script>\n<!-- \/ Yoast SEO plugin. -->","yoast_head_json":{"title":"Brezbole\u010dinska PMU zdravljenja s TKTX: Pot do popolnosti brez trpljenja - Dermacain","description":"Brezbolen PMU s TKTX anesteti\u010dno kremo \u2013 idealna za obrvi, ustnice in ob\u010dutljivo ko\u017eo. Do 3 ure u\u010dinka. Dostava v DVEH DELOVNIH DNEH.","robots":{"index":"index","follow":"follow","max-snippet":"max-snippet:-1","max-image-preview":"max-image-preview:large","max-video-preview":"max-video-preview:-1"},"canonical":"https:\/\/www.tktx-shop.xyz\/?page_id=378","og_locale":"de_DE","og_type":"article","og_title":"Brezbole\u010dinska PMU zdravljenja s TKTX: Pot do popolnosti brez trpljenja - Dermacain","og_description":"Brezbolen PMU s TKTX anesteti\u010dno kremo \u2013 idealna za obrvi, ustnice in ob\u010dutljivo ko\u017eo. Do 3 ure u\u010dinka. Dostava v DVEH DELOVNIH DNEH.","og_url":"https:\/\/www.tktx-shop.xyz\/?page_id=378","og_site_name":"Dermacain","article_modified_time":"2025-07-21T16:44:25+00:00","og_image":[{"width":1080,"height":458,"url":"https:\/\/www.tktx-shop.xyz\/wp-content\/uploads\/2023\/04\/Untitled-design-3.png","type":"image\/png"}],"twitter_card":"summary_large_image","twitter_misc":{"Gesch\u00e4tzte Lesezeit":"3\u00a0Minuten"},"schema":{"@context":"https:\/\/schema.org","@graph":[{"@type":"WebPage","@id":"https:\/\/www.tktx-shop.xyz\/?page_id=378","url":"https:\/\/www.tktx-shop.xyz\/?page_id=378","name":"Brezbole\u010dinska PMU zdravljenja s TKTX: Pot do popolnosti brez trpljenja - Dermacain","isPartOf":{"@id":"https:\/\/www.tktx-shop.xyz\/#website"},"primaryImageOfPage":{"@id":"https:\/\/www.tktx-shop.xyz\/?page_id=378#primaryimage"},"image":{"@id":"https:\/\/www.tktx-shop.xyz\/?page_id=378#primaryimage"},"thumbnailUrl":"https:\/\/www.tktx-shop.xyz\/wp-content\/uploads\/2023\/04\/Untitled-design-3-1024x434.png","datePublished":"2025-01-21T17:44:26+00:00","dateModified":"2025-07-21T16:44:25+00:00","description":"Brezbolen PMU s TKTX anesteti\u010dno kremo \u2013 idealna za obrvi, ustnice in ob\u010dutljivo ko\u017eo. Do 3 ure u\u010dinka. Dostava v DVEH DELOVNIH DNEH.","breadcrumb":{"@id":"https:\/\/www.tktx-shop.xyz\/?page_id=378#breadcrumb"},"inLanguage":"de","potentialAction":[{"@type":"ReadAction","target":["https:\/\/www.tktx-shop.xyz\/?page_id=378"]}]},{"@type":"ImageObject","inLanguage":"de","@id":"https:\/\/www.tktx-shop.xyz\/?page_id=378#primaryimage","url":"https:\/\/www.tktx-shop.xyz\/wp-content\/uploads\/2023\/04\/Untitled-design-3.png","contentUrl":"https:\/\/www.tktx-shop.xyz\/wp-content\/uploads\/2023\/04\/Untitled-design-3.png","width":1080,"height":458,"caption":"TKTX 75% An\u00e4sthesiesalbe Tattoo-Creme"},{"@type":"BreadcrumbList","@id":"https:\/\/www.tktx-shop.xyz\/?page_id=378#breadcrumb","itemListElement":[{"@type":"ListItem","position":1,"name":"Home","item":"https:\/\/www.tktx-shop.xyz\/"},{"@type":"ListItem","position":2,"name":"Brezbole\u010dinska PMU zdravljenja s TKTX: Pot do popolnosti brez trpljenja"}]},{"@type":"WebSite","@id":"https:\/\/www.tktx-shop.xyz\/#website","url":"https:\/\/www.tktx-shop.xyz\/","name":"Dermacain","description":"Wir machen Ihre Tattoos angenehmer","potentialAction":[{"@type":"SearchAction","target":{"@type":"EntryPoint","urlTemplate":"https:\/\/www.tktx-shop.xyz\/?s={search_term_string}"},"query-input":{"@type":"PropertyValueSpecification","valueRequired":true,"valueName":"search_term_string"}}],"inLanguage":"de"}]}},"_links":{"self":[{"href":"https:\/\/www.tktx-shop.xyz\/index.php?rest_route=\/wp\/v2\/pages\/378","targetHints":{"allow":["GET"]}}],"collection":[{"href":"https:\/\/www.tktx-shop.xyz\/index.php?rest_route=\/wp\/v2\/pages"}],"about":[{"href":"https:\/\/www.tktx-shop.xyz\/index.php?rest_route=\/wp\/v2\/types\/page"}],"author":[{"embeddable":true,"href":"https:\/\/www.tktx-shop.xyz\/index.php?rest_route=\/wp\/v2\/users\/1"}],"replies":[{"embeddable":true,"href":"https:\/\/www.tktx-shop.xyz\/index.php?rest_route=%2Fwp%2Fv2%2Fcomments&post=378"}],"version-history":[{"count":5,"href":"https:\/\/www.tktx-shop.xyz\/index.php?rest_route=\/wp\/v2\/pages\/378\/revisions"}],"predecessor-version":[{"id":922,"href":"https:\/\/www.tktx-shop.xyz\/index.php?rest_route=\/wp\/v2\/pages\/378\/revisions\/922"}],"wp:attachment":[{"href":"https:\/\/www.tktx-shop.xyz\/index.php?rest_route=%2Fwp%2Fv2%2Fmedia&parent=378"}],"curies":[{"name":"wp","href":"https:\/\/api.w.org\/{rel}","templated":true}]}}