{"id":367,"date":"2025-01-17T09:01:50","date_gmt":"2025-01-17T08:01:50","guid":{"rendered":"https:\/\/www.dermacain.de\/?page_id=367"},"modified":"2025-07-21T18:46:25","modified_gmt":"2025-07-21T16:46:25","slug":"schmerzfrei-taetowieren-entdecken-sie-die-magie-der-original-tktx-creme-fuer-tattoo-schmerzlinderung","status":"publish","type":"page","link":"https:\/\/www.tktx-shop.xyz\/?page_id=367","title":{"rendered":"Brezsindromno tetoviranje? Odkrijte \u010darobnost originalne TKTX kreme za laj\u0161anje bole\u010din pri tetoviranju!"},"content":{"rendered":"<h2 data-start=\"105\" data-end=\"157\">\ud83d\udd25 Va\u0161e iskanje nebole\u010de tetova\u017ee se tukaj kon\u010da.<\/h2>\n<p data-start=\"159\" data-end=\"358\">Z <strong data-start=\"161\" data-end=\"198\">originalno TKTX anesteti\u010dno kremo<\/strong> postane tetoviranje <strong data-start=\"219\" data-end=\"253\">prijetna izku\u0161nja brez bole\u010din<\/strong>. Poslovite se od strahu pred bole\u010dino in u\u017eivajte v svojem tetova\u017enem trenutku \u2013 mi poskrbimo za ostalo.<\/p>\n<hr data-start=\"360\" data-end=\"363\" \/>\n<h3 data-start=\"365\" data-end=\"400\">\u2705 Zakaj je TKTX popolna izbira:<\/h3>\n<h4 data-start=\"402\" data-end=\"457\">\ud83d\udcaa U\u010dinkovita bla\u017eitev bole\u010din za ve\u010durno udobje<\/h4>\n<p data-start=\"458\" data-end=\"582\">TKTX blokira bole\u010dinske signale in va\u0161o ko\u017eo popolnoma omrtvi\u010di.<br data-start=\"522\" data-end=\"525\" \/>Tudi med dolgimi tetova\u017eami ostane bole\u010dina <strong data-start=\"569\" data-end=\"581\">neznanka<\/strong>.<\/p>\n<h4 data-start=\"584\" data-end=\"636\">\ud83d\udd12 Certificirana originalnost za va\u0161o varnost<\/h4>\n<p data-start=\"637\" data-end=\"788\">Vsaka tuba TKTX prihaja <strong data-start=\"661\" data-end=\"699\">direktno od azijskega proizvajalca<\/strong> z zlatim varnostnim hologramom \u2013 100 % pristno.<br data-start=\"747\" data-end=\"750\" \/><strong data-start=\"750\" data-end=\"788\">Brez ponaredkov, brez kompromisov.<\/strong><\/p>\n<h4 data-start=\"790\" data-end=\"819\">\ud83c\udfaf Vsestranska uporaba<\/h4>\n<p data-start=\"820\" data-end=\"944\">Tetova\u017ee, PMU postopki, odstranjevanje tetova\u017e z laserjem ali druge bole\u010de obdelave ko\u017ee \u2013<br data-start=\"910\" data-end=\"913\" \/><strong data-start=\"913\" data-end=\"944\">TKTX je vedno prava izbira.<\/strong><\/p>\n<h4 data-start=\"946\" data-end=\"998\">\ud83d\udd8b Priporo\u010dajo tetovatorji, obo\u017eujejo stranke<\/h4>\n<p data-start=\"999\" data-end=\"1148\">Manj bole\u010din = manj gibanja.<br data-start=\"1027\" data-end=\"1030\" \/>To pomeni <strong data-start=\"1040\" data-end=\"1081\">natan\u010dnej\u0161e linije in bolj\u0161i rezultat<\/strong>. Tetovator bo zadovoljen \u2013 vi pa boste u\u017eivali v popolni tetova\u017ei.<\/p>\n<h4 data-start=\"1150\" data-end=\"1200\">\u23f1 Hitro delovanje, dolgotrajna omrtvi\u010denost<\/h4>\n<p data-start=\"1201\" data-end=\"1297\">Krema za\u010dne u\u010dinkovati \u017ee po <strong data-start=\"1230\" data-end=\"1247\">30\u201340 minutah<\/strong> in deluje do <strong data-start=\"1261\" data-end=\"1270\">3 ure<\/strong> \u2013 idealna za vsak projekt.<\/p>\n<p><iframe loading=\"lazy\" title=\"Kako pravilno nanesti anesteti\u010dno kremo TKTX pred tetova\u017eo?\" width=\"760\" height=\"428\" src=\"https:\/\/www.youtube.com\/embed\/5HZfXko8OVI?feature=oembed\" frameborder=\"0\" allow=\"accelerometer; autoplay; clipboard-write; encrypted-media; gyroscope; picture-in-picture; web-share\" referrerpolicy=\"strict-origin-when-cross-origin\" allowfullscreen><\/iframe><\/p>\n<h3>Kako uporabljate TKTX?<\/h3>\n<ol>\n<li>Na obdelano ko\u017eo nanesite debelo plast kreme.<\/li>\n<li>Obmo\u010dje ovijte v celofan, da dose\u017eete maksimalen u\u010dinek.<\/li>\n<li>Po\u010dakajte 30-40 minut \u2013 in do\u017eivite breznaporno izku\u0161njo tetoviranja do 3 ure!<\/li>\n<\/ol>\n<p><a href=\"https:\/\/www.tktx-shop.xyz\/?product=tktx-tattoo-creme-40-kopia\"><img loading=\"lazy\" decoding=\"async\" class=\"aligncenter wp-image-87 size-large\" src=\"https:\/\/www.tktx-shop.xyz\/wp-content\/uploads\/2023\/10\/7-1024x560.png\" alt=\"TKTX tetova\u017ena krema 40%\" width=\"760\" height=\"416\" srcset=\"https:\/\/www.tktx-shop.xyz\/wp-content\/uploads\/2023\/10\/7-1024x560.png 1024w, https:\/\/www.tktx-shop.xyz\/wp-content\/uploads\/2023\/10\/7-300x164.png 300w, https:\/\/www.tktx-shop.xyz\/wp-content\/uploads\/2023\/10\/7-600x328.png 600w, https:\/\/www.tktx-shop.xyz\/wp-content\/uploads\/2023\/10\/7-768x420.png 768w, https:\/\/www.tktx-shop.xyz\/wp-content\/uploads\/2023\/10\/7.png 1080w\" sizes=\"auto, (max-width: 760px) 100vw, 760px\" \/><\/a> <a href=\"https:\/\/www.tktx-shop.xyz\/?product=anasthesiecreme-tktx-55-gold\"><img loading=\"lazy\" decoding=\"async\" class=\"aligncenter wp-image-88 size-large\" src=\"https:\/\/www.tktx-shop.xyz\/wp-content\/uploads\/2023\/10\/8-1024x599.png\" alt=\"TKTX Gold Nummificirna krema za tetoviranje\" width=\"760\" height=\"445\" srcset=\"https:\/\/www.tktx-shop.xyz\/wp-content\/uploads\/2023\/10\/8-1024x599.png 1024w, https:\/\/www.tktx-shop.xyz\/wp-content\/uploads\/2023\/10\/8-300x176.png 300w, https:\/\/www.tktx-shop.xyz\/wp-content\/uploads\/2023\/10\/8-600x351.png 600w, https:\/\/www.tktx-shop.xyz\/wp-content\/uploads\/2023\/10\/8-768x449.png 768w, https:\/\/www.tktx-shop.xyz\/wp-content\/uploads\/2023\/10\/8.png 1080w\" sizes=\"auto, (max-width: 760px) 100vw, 760px\" \/><\/a> <a href=\"https:\/\/www.tktx-shop.xyz\/?product=tktx-anasthesiesalbe-75-kopia\"><img loading=\"lazy\" decoding=\"async\" class=\"aligncenter wp-image-89 size-large\" src=\"https:\/\/www.tktx-shop.xyz\/wp-content\/uploads\/2023\/10\/9-1024x579.png\" alt=\"TKTX 75% anestezinska krema za tetova\u017ee\" width=\"760\" height=\"430\" srcset=\"https:\/\/www.tktx-shop.xyz\/wp-content\/uploads\/2023\/10\/9-1024x579.png 1024w, https:\/\/www.tktx-shop.xyz\/wp-content\/uploads\/2023\/10\/9-300x170.png 300w, https:\/\/www.tktx-shop.xyz\/wp-content\/uploads\/2023\/10\/9-600x339.png 600w, https:\/\/www.tktx-shop.xyz\/wp-content\/uploads\/2023\/10\/9-768x434.png 768w, https:\/\/www.tktx-shop.xyz\/wp-content\/uploads\/2023\/10\/9.png 1080w\" sizes=\"auto, (max-width: 760px) 100vw, 760px\" \/><\/a><\/p>\n<h3><a href=\"https:\/\/www.tktx-shop.xyz\/?page_id=14\"><img loading=\"lazy\" decoding=\"async\" class=\"aligncenter wp-image-126 size-large\" src=\"https:\/\/www.tktx-shop.xyz\/wp-content\/uploads\/2023\/10\/ezgif.com-gif-maker-1024x456.gif\" alt=\"Tattoo-anestezijska krema TKTX Dermacain krema\" width=\"760\" height=\"338\" srcset=\"https:\/\/www.tktx-shop.xyz\/wp-content\/uploads\/2023\/10\/ezgif.com-gif-maker-1024x456.gif 1024w, https:\/\/www.tktx-shop.xyz\/wp-content\/uploads\/2023\/10\/ezgif.com-gif-maker-300x134.gif 300w, https:\/\/www.tktx-shop.xyz\/wp-content\/uploads\/2023\/10\/ezgif.com-gif-maker-768x342.gif 768w, https:\/\/www.tktx-shop.xyz\/wp-content\/uploads\/2023\/10\/ezgif.com-gif-maker-600x267.gif 600w\" sizes=\"auto, (max-width: 760px) 100vw, 760px\" \/><\/a><\/h3>\n<h4><strong>Zakaj kupiti pri nas?<br \/>\n<a href=\"https:\/\/www.tktx-shop.xyz\/?page_id=6\"><img loading=\"lazy\" decoding=\"async\" class=\"alignright wp-image-40 size-medium\" src=\"https:\/\/www.tktx-shop.xyz\/wp-content\/uploads\/2023\/04\/Orange-Truck-Free-Shipping-Instagram-Post-1-e1690105712757-300x300.png\" alt=\"Anestezijska mazilo TKTX 40%\" width=\"300\" height=\"300\" srcset=\"https:\/\/www.tktx-shop.xyz\/wp-content\/uploads\/2023\/04\/Orange-Truck-Free-Shipping-Instagram-Post-1-e1690105712757-300x300.png 300w, https:\/\/www.tktx-shop.xyz\/wp-content\/uploads\/2023\/04\/Orange-Truck-Free-Shipping-Instagram-Post-1-e1690105712757-100x100.png 100w, https:\/\/www.tktx-shop.xyz\/wp-content\/uploads\/2023\/04\/Orange-Truck-Free-Shipping-Instagram-Post-1-e1690105712757-150x150.png 150w, https:\/\/www.tktx-shop.xyz\/wp-content\/uploads\/2023\/04\/Orange-Truck-Free-Shipping-Instagram-Post-1-e1690105712757.png 487w\" sizes=\"auto, (max-width: 300px) 100vw, 300px\" \/><\/a><\/strong><\/h4>\n<ul>\n<li><strong>6 let izku\u0161enj:<\/strong> Smo strokovnjaki, ki jim zaupajo tako stranke kot tudi tatuisti.<\/li>\n<li><strong>Prednosti, usmerjene k strankam:<\/strong><\/li>\n<li>Brezpla\u010dna dostava pri nakupu 3 krem.<\/li>\n<li>Popusti za koli\u010dinske nakupe pri 2 tubah \u2013 \u010dim ve\u010d kupite, tem ve\u010d prihranite.<\/li>\n<li>100 % garancija zadovoljstva \u2013 brez tveganja, samo rezultati.<\/li>\n<\/ul>\n<p><a href=\"https:\/\/www.tktx-shop.xyz\/?product=3-stucke-x-tktx-tattoo-creme-40-kostenloser-versand\"><img loading=\"lazy\" decoding=\"async\" class=\"aligncenter wp-image-847 size-large\" src=\"https:\/\/www.tktx-shop.xyz\/wp-content\/uploads\/2025\/07\/2-1-974x1024.png\" alt=\"\" width=\"760\" height=\"799\" srcset=\"https:\/\/www.tktx-shop.xyz\/wp-content\/uploads\/2025\/07\/2-1-974x1024.png 974w, https:\/\/www.tktx-shop.xyz\/wp-content\/uploads\/2025\/07\/2-1-285x300.png 285w, https:\/\/www.tktx-shop.xyz\/wp-content\/uploads\/2025\/07\/2-1-768x808.png 768w, https:\/\/www.tktx-shop.xyz\/wp-content\/uploads\/2025\/07\/2-1-300x316.png 300w, https:\/\/www.tktx-shop.xyz\/wp-content\/uploads\/2025\/07\/2-1-600x631.png 600w, https:\/\/www.tktx-shop.xyz\/wp-content\/uploads\/2025\/07\/2-1.png 1080w\" sizes=\"auto, (max-width: 760px) 100vw, 760px\" \/><\/a> <a href=\"https:\/\/www.tktx-shop.xyz\/?product=3-stuck-x-anasthesiecreme-tktx-55-gold-kostenloser-versand\"><img loading=\"lazy\" decoding=\"async\" class=\"aligncenter wp-image-849 size-large\" src=\"https:\/\/www.tktx-shop.xyz\/wp-content\/uploads\/2025\/07\/4-1-963x1024.png\" alt=\"\" width=\"760\" height=\"808\" srcset=\"https:\/\/www.tktx-shop.xyz\/wp-content\/uploads\/2025\/07\/4-1-963x1024.png 963w, https:\/\/www.tktx-shop.xyz\/wp-content\/uploads\/2025\/07\/4-1-282x300.png 282w, https:\/\/www.tktx-shop.xyz\/wp-content\/uploads\/2025\/07\/4-1-768x816.png 768w, https:\/\/www.tktx-shop.xyz\/wp-content\/uploads\/2025\/07\/4-1-300x319.png 300w, https:\/\/www.tktx-shop.xyz\/wp-content\/uploads\/2025\/07\/4-1-600x638.png 600w, https:\/\/www.tktx-shop.xyz\/wp-content\/uploads\/2025\/07\/4-1.png 1080w\" sizes=\"auto, (max-width: 760px) 100vw, 760px\" \/><\/a> <a href=\"https:\/\/www.tktx-shop.xyz\/?product=3-stuck-x-tktx-anasthesiesalbe-75-kostenloser-versand\"><img loading=\"lazy\" decoding=\"async\" class=\"aligncenter wp-image-851 size-large\" src=\"https:\/\/www.tktx-shop.xyz\/wp-content\/uploads\/2025\/07\/6-1-926x1024.png\" alt=\"\" width=\"760\" height=\"840\" srcset=\"https:\/\/www.tktx-shop.xyz\/wp-content\/uploads\/2025\/07\/6-1-926x1024.png 926w, https:\/\/www.tktx-shop.xyz\/wp-content\/uploads\/2025\/07\/6-1-271x300.png 271w, https:\/\/www.tktx-shop.xyz\/wp-content\/uploads\/2025\/07\/6-1-768x849.png 768w, https:\/\/www.tktx-shop.xyz\/wp-content\/uploads\/2025\/07\/6-1-300x332.png 300w, https:\/\/www.tktx-shop.xyz\/wp-content\/uploads\/2025\/07\/6-1-600x663.png 600w, https:\/\/www.tktx-shop.xyz\/wp-content\/uploads\/2025\/07\/6-1.png 1080w\" sizes=\"auto, (max-width: 760px) 100vw, 760px\" \/><\/a><\/p>\n<h4>Va\u0161a ko\u017ea, va\u0161a izbira \u2013 tetoviranje brez bole\u010din<\/h4>\n<p>Do\u017eivite razliko, ki jo prina\u0161a izvirna <strong>TKTX krema za laj\u0161anje bole\u010dine pri tetoviranju.<\/strong> Naro\u010dite zdaj in naredite svoje izku\u0161nje s tetoviranjem nepozabne &#8211; brez bole\u010din, brez skrbi.<\/p>\n<h3><a href=\"https:\/\/www.tktx-shop.xyz\/?page_id=14\"><br \/>\n<img loading=\"lazy\" decoding=\"async\" class=\"aligncenter wp-image-126 size-large\" src=\"https:\/\/www.tktx-shop.xyz\/wp-content\/uploads\/2023\/10\/ezgif.com-gif-maker-1024x456.gif\" alt=\"Tattoo-anestezijska krema TKTX Dermacain krema\" width=\"760\" height=\"338\" srcset=\"https:\/\/www.tktx-shop.xyz\/wp-content\/uploads\/2023\/10\/ezgif.com-gif-maker-1024x456.gif 1024w, https:\/\/www.tktx-shop.xyz\/wp-content\/uploads\/2023\/10\/ezgif.com-gif-maker-300x134.gif 300w, https:\/\/www.tktx-shop.xyz\/wp-content\/uploads\/2023\/10\/ezgif.com-gif-maker-768x342.gif 768w, https:\/\/www.tktx-shop.xyz\/wp-content\/uploads\/2023\/10\/ezgif.com-gif-maker-600x267.gif 600w\" sizes=\"auto, (max-width: 760px) 100vw, 760px\" \/><\/a><\/h3>\n<p>&nbsp;<\/p>\n<p><strong>Morda vas zanima&#8230;<\/strong><\/p>\n<p><a href=\"https:\/\/www.tktx-shop.xyz\/?page_id=446\">Dermacain \u2013 Najmo\u010dnej\u0161a anesteti\u010dna krema za brezbolno tetoviranje! \ud83d\udd25<\/a><\/p>\n<p><a href=\"https:\/\/www.tktx-shop.xyz\/?page_id=14\">Dermacain Najmo\u010dnej\u0161a krema za anestezijo tetova\u017e.<\/a><\/p>\n<p><a href=\"https:\/\/www.tktx-shop.xyz\/?page_id=394\">Gro\u017enje zaradi ponarejenih anesteti\u010dnih krem: Zakaj staviti na originalni TKTX?<\/a><\/p>\n<p><a href=\"https:\/\/www.tktx-shop.xyz\"><strong>Domov<\/strong><\/a><\/p>\n","protected":false},"excerpt":{"rendered":"<p>\ud83d\udd25 Va\u0161e iskanje nebole\u010de tetova\u017ee se tukaj kon\u010da. Z originalno TKTX anesteti\u010dno kremo postane tetoviranje prijetna izku\u0161nja brez bole\u010din. Poslovite se od strahu pred bole\u010dino in u\u017eivajte v svojem tetova\u017enem trenutku \u2013 mi poskrbimo za ostalo. \u2705 Zakaj je TKTX popolna izbira: \ud83d\udcaa U\u010dinkovita bla\u017eitev bole\u010din za ve\u010durno udobje TKTX blokira bole\u010dinske signale in va\u0161o [&hellip;]<\/p>\n","protected":false},"author":1,"featured_media":0,"parent":0,"menu_order":0,"comment_status":"closed","ping_status":"closed","template":"","meta":{"_monsterinsights_skip_tracking":false,"_monsterinsights_sitenote_active":false,"_monsterinsights_sitenote_note":"","_monsterinsights_sitenote_category":0,"footnotes":""},"class_list":["post-367","page","type-page","status-publish","hentry"],"yoast_head":"<!-- This site is optimized with the Yoast SEO plugin v25.2 - https:\/\/yoast.com\/wordpress\/plugins\/seo\/ -->\n<title>Brezsindromno tetoviranje? Odkrijte \u010darobnost originalne TKTX kreme za laj\u0161anje bole\u010din pri tetoviranju! - Dermacain<\/title>\n<meta name=\"description\" content=\"TKTX krema spremeni bole\u010de tetoviranje v prijetno izku\u0161njo. Do 3 ure brez bole\u010din, hitri u\u010dinek, originalni izdelek z varnostno nalepko. Dostava v DVEH DELOVNIH DNEH.\" \/>\n<meta name=\"robots\" content=\"index, follow, max-snippet:-1, max-image-preview:large, max-video-preview:-1\" \/>\n<link rel=\"canonical\" href=\"https:\/\/www.tktx-shop.xyz\/?page_id=367\" \/>\n<meta property=\"og:locale\" content=\"de_DE\" \/>\n<meta property=\"og:type\" content=\"article\" \/>\n<meta property=\"og:title\" content=\"Brezsindromno tetoviranje? Odkrijte \u010darobnost originalne TKTX kreme za laj\u0161anje bole\u010din pri tetoviranju! - Dermacain\" \/>\n<meta property=\"og:description\" content=\"TKTX krema spremeni bole\u010de tetoviranje v prijetno izku\u0161njo. Do 3 ure brez bole\u010din, hitri u\u010dinek, originalni izdelek z varnostno nalepko. Dostava v DVEH DELOVNIH DNEH.\" \/>\n<meta property=\"og:url\" content=\"https:\/\/www.tktx-shop.xyz\/?page_id=367\" \/>\n<meta property=\"og:site_name\" content=\"Dermacain\" \/>\n<meta property=\"article:modified_time\" content=\"2025-07-21T16:46:25+00:00\" \/>\n<meta property=\"og:image\" content=\"https:\/\/www.tktx-shop.xyz\/wp-content\/uploads\/2023\/10\/7.png\" \/>\n\t<meta property=\"og:image:width\" content=\"1080\" \/>\n\t<meta property=\"og:image:height\" content=\"591\" \/>\n\t<meta property=\"og:image:type\" content=\"image\/png\" \/>\n<meta name=\"twitter:card\" content=\"summary_large_image\" \/>\n<meta name=\"twitter:label1\" content=\"Gesch\u00e4tzte Lesezeit\" \/>\n\t<meta name=\"twitter:data1\" content=\"4\u00a0Minuten\" \/>\n<script type=\"application\/ld+json\" class=\"yoast-schema-graph\">{\"@context\":\"https:\/\/schema.org\",\"@graph\":[{\"@type\":\"WebPage\",\"@id\":\"https:\/\/www.tktx-shop.xyz\/?page_id=367\",\"url\":\"https:\/\/www.tktx-shop.xyz\/?page_id=367\",\"name\":\"Brezsindromno tetoviranje? Odkrijte \u010darobnost originalne TKTX kreme za laj\u0161anje bole\u010din pri tetoviranju! - Dermacain\",\"isPartOf\":{\"@id\":\"https:\/\/www.tktx-shop.xyz\/#website\"},\"primaryImageOfPage\":{\"@id\":\"https:\/\/www.tktx-shop.xyz\/?page_id=367#primaryimage\"},\"image\":{\"@id\":\"https:\/\/www.tktx-shop.xyz\/?page_id=367#primaryimage\"},\"thumbnailUrl\":\"https:\/\/www.tktx-shop.xyz\/wp-content\/uploads\/2023\/10\/7-1024x560.png\",\"datePublished\":\"2025-01-17T08:01:50+00:00\",\"dateModified\":\"2025-07-21T16:46:25+00:00\",\"description\":\"TKTX krema spremeni bole\u010de tetoviranje v prijetno izku\u0161njo. Do 3 ure brez bole\u010din, hitri u\u010dinek, originalni izdelek z varnostno nalepko. Dostava v DVEH DELOVNIH DNEH.\",\"breadcrumb\":{\"@id\":\"https:\/\/www.tktx-shop.xyz\/?page_id=367#breadcrumb\"},\"inLanguage\":\"de\",\"potentialAction\":[{\"@type\":\"ReadAction\",\"target\":[\"https:\/\/www.tktx-shop.xyz\/?page_id=367\"]}]},{\"@type\":\"ImageObject\",\"inLanguage\":\"de\",\"@id\":\"https:\/\/www.tktx-shop.xyz\/?page_id=367#primaryimage\",\"url\":\"https:\/\/www.tktx-shop.xyz\/wp-content\/uploads\/2023\/10\/7.png\",\"contentUrl\":\"https:\/\/www.tktx-shop.xyz\/wp-content\/uploads\/2023\/10\/7.png\",\"width\":1080,\"height\":591,\"caption\":\"TKTX Tattoo-Creme\"},{\"@type\":\"BreadcrumbList\",\"@id\":\"https:\/\/www.tktx-shop.xyz\/?page_id=367#breadcrumb\",\"itemListElement\":[{\"@type\":\"ListItem\",\"position\":1,\"name\":\"Home\",\"item\":\"https:\/\/www.tktx-shop.xyz\/\"},{\"@type\":\"ListItem\",\"position\":2,\"name\":\"Brezsindromno tetoviranje? Odkrijte \u010darobnost originalne TKTX kreme za laj\u0161anje bole\u010din pri tetoviranju!\"}]},{\"@type\":\"WebSite\",\"@id\":\"https:\/\/www.tktx-shop.xyz\/#website\",\"url\":\"https:\/\/www.tktx-shop.xyz\/\",\"name\":\"Dermacain\",\"description\":\"Wir machen Ihre Tattoos angenehmer\",\"potentialAction\":[{\"@type\":\"SearchAction\",\"target\":{\"@type\":\"EntryPoint\",\"urlTemplate\":\"https:\/\/www.tktx-shop.xyz\/?s={search_term_string}\"},\"query-input\":{\"@type\":\"PropertyValueSpecification\",\"valueRequired\":true,\"valueName\":\"search_term_string\"}}],\"inLanguage\":\"de\"}]}<\/script>\n<!-- \/ Yoast SEO plugin. -->","yoast_head_json":{"title":"Brezsindromno tetoviranje? Odkrijte \u010darobnost originalne TKTX kreme za laj\u0161anje bole\u010din pri tetoviranju! - Dermacain","description":"TKTX krema spremeni bole\u010de tetoviranje v prijetno izku\u0161njo. Do 3 ure brez bole\u010din, hitri u\u010dinek, originalni izdelek z varnostno nalepko. Dostava v DVEH DELOVNIH DNEH.","robots":{"index":"index","follow":"follow","max-snippet":"max-snippet:-1","max-image-preview":"max-image-preview:large","max-video-preview":"max-video-preview:-1"},"canonical":"https:\/\/www.tktx-shop.xyz\/?page_id=367","og_locale":"de_DE","og_type":"article","og_title":"Brezsindromno tetoviranje? Odkrijte \u010darobnost originalne TKTX kreme za laj\u0161anje bole\u010din pri tetoviranju! - Dermacain","og_description":"TKTX krema spremeni bole\u010de tetoviranje v prijetno izku\u0161njo. Do 3 ure brez bole\u010din, hitri u\u010dinek, originalni izdelek z varnostno nalepko. Dostava v DVEH DELOVNIH DNEH.","og_url":"https:\/\/www.tktx-shop.xyz\/?page_id=367","og_site_name":"Dermacain","article_modified_time":"2025-07-21T16:46:25+00:00","og_image":[{"width":1080,"height":591,"url":"https:\/\/www.tktx-shop.xyz\/wp-content\/uploads\/2023\/10\/7.png","type":"image\/png"}],"twitter_card":"summary_large_image","twitter_misc":{"Gesch\u00e4tzte Lesezeit":"4\u00a0Minuten"},"schema":{"@context":"https:\/\/schema.org","@graph":[{"@type":"WebPage","@id":"https:\/\/www.tktx-shop.xyz\/?page_id=367","url":"https:\/\/www.tktx-shop.xyz\/?page_id=367","name":"Brezsindromno tetoviranje? Odkrijte \u010darobnost originalne TKTX kreme za laj\u0161anje bole\u010din pri tetoviranju! - Dermacain","isPartOf":{"@id":"https:\/\/www.tktx-shop.xyz\/#website"},"primaryImageOfPage":{"@id":"https:\/\/www.tktx-shop.xyz\/?page_id=367#primaryimage"},"image":{"@id":"https:\/\/www.tktx-shop.xyz\/?page_id=367#primaryimage"},"thumbnailUrl":"https:\/\/www.tktx-shop.xyz\/wp-content\/uploads\/2023\/10\/7-1024x560.png","datePublished":"2025-01-17T08:01:50+00:00","dateModified":"2025-07-21T16:46:25+00:00","description":"TKTX krema spremeni bole\u010de tetoviranje v prijetno izku\u0161njo. Do 3 ure brez bole\u010din, hitri u\u010dinek, originalni izdelek z varnostno nalepko. Dostava v DVEH DELOVNIH DNEH.","breadcrumb":{"@id":"https:\/\/www.tktx-shop.xyz\/?page_id=367#breadcrumb"},"inLanguage":"de","potentialAction":[{"@type":"ReadAction","target":["https:\/\/www.tktx-shop.xyz\/?page_id=367"]}]},{"@type":"ImageObject","inLanguage":"de","@id":"https:\/\/www.tktx-shop.xyz\/?page_id=367#primaryimage","url":"https:\/\/www.tktx-shop.xyz\/wp-content\/uploads\/2023\/10\/7.png","contentUrl":"https:\/\/www.tktx-shop.xyz\/wp-content\/uploads\/2023\/10\/7.png","width":1080,"height":591,"caption":"TKTX Tattoo-Creme"},{"@type":"BreadcrumbList","@id":"https:\/\/www.tktx-shop.xyz\/?page_id=367#breadcrumb","itemListElement":[{"@type":"ListItem","position":1,"name":"Home","item":"https:\/\/www.tktx-shop.xyz\/"},{"@type":"ListItem","position":2,"name":"Brezsindromno tetoviranje? Odkrijte \u010darobnost originalne TKTX kreme za laj\u0161anje bole\u010din pri tetoviranju!"}]},{"@type":"WebSite","@id":"https:\/\/www.tktx-shop.xyz\/#website","url":"https:\/\/www.tktx-shop.xyz\/","name":"Dermacain","description":"Wir machen Ihre Tattoos angenehmer","potentialAction":[{"@type":"SearchAction","target":{"@type":"EntryPoint","urlTemplate":"https:\/\/www.tktx-shop.xyz\/?s={search_term_string}"},"query-input":{"@type":"PropertyValueSpecification","valueRequired":true,"valueName":"search_term_string"}}],"inLanguage":"de"}]}},"_links":{"self":[{"href":"https:\/\/www.tktx-shop.xyz\/index.php?rest_route=\/wp\/v2\/pages\/367","targetHints":{"allow":["GET"]}}],"collection":[{"href":"https:\/\/www.tktx-shop.xyz\/index.php?rest_route=\/wp\/v2\/pages"}],"about":[{"href":"https:\/\/www.tktx-shop.xyz\/index.php?rest_route=\/wp\/v2\/types\/page"}],"author":[{"embeddable":true,"href":"https:\/\/www.tktx-shop.xyz\/index.php?rest_route=\/wp\/v2\/users\/1"}],"replies":[{"embeddable":true,"href":"https:\/\/www.tktx-shop.xyz\/index.php?rest_route=%2Fwp%2Fv2%2Fcomments&post=367"}],"version-history":[{"count":4,"href":"https:\/\/www.tktx-shop.xyz\/index.php?rest_route=\/wp\/v2\/pages\/367\/revisions"}],"predecessor-version":[{"id":923,"href":"https:\/\/www.tktx-shop.xyz\/index.php?rest_route=\/wp\/v2\/pages\/367\/revisions\/923"}],"wp:attachment":[{"href":"https:\/\/www.tktx-shop.xyz\/index.php?rest_route=%2Fwp%2Fv2%2Fmedia&parent=367"}],"curies":[{"name":"wp","href":"https:\/\/api.w.org\/{rel}","templated":true}]}}