{"id":365,"date":"2025-01-17T08:55:40","date_gmt":"2025-01-17T07:55:40","guid":{"rendered":"https:\/\/www.dermacain.de\/?page_id=365"},"modified":"2025-07-21T19:20:47","modified_gmt":"2025-07-21T17:20:47","slug":"tattoo-ohne-schmerzen-mit-der-original-tktx-betaeubungscreme-wird-es-moeglich","status":"publish","type":"page","link":"https:\/\/www.tktx-shop.xyz\/?page_id=365","title":{"rendered":"Tetova\u017ea brez bole\u010din? Z originalno TKTX anesteti\u010dno kremo je to mogo\u010de!"},"content":{"rendered":"<hr data-start=\"87\" data-end=\"90\" \/>\n<h2 data-start=\"92\" data-end=\"184\">\ud83d\udcad Si predstavljajte, da bi lahko svojo sanjsko tetova\u017eo do\u017eiveli brez strahu in bole\u010din.<\/h2>\n<p data-start=\"186\" data-end=\"464\">Zveni predobro, da bi bilo res?<br data-start=\"217\" data-end=\"220\" \/>Z <strong data-start=\"222\" data-end=\"259\">originalno TKTX anesteti\u010dno kremo<\/strong> je to realnost. Ne glede na to, ali ste za\u010detnik ali izku\u0161en tetoviranec \u2013 na\u0161e preverjeno sredstvo je <strong data-start=\"363\" data-end=\"393\">izbira \u0161t. 1 po vsem svetu<\/strong>, ko gre za zmanj\u0161anje bole\u010din pri tetoviranju in prijetnej\u0161o izku\u0161njo.<\/p>\n<hr data-start=\"466\" data-end=\"469\" \/>\n<h3 data-start=\"471\" data-end=\"505\">\u2705 Zakaj milijoni zaupajo TKTX?<\/h3>\n<ul data-start=\"507\" data-end=\"1200\">\n<li data-start=\"507\" data-end=\"652\">\n<p data-start=\"509\" data-end=\"652\"><strong data-start=\"509\" data-end=\"534\">Tetova\u017ee brez bole\u010din<\/strong> \u2013 mo\u010d formula TKTX blokira bole\u010dinske signale. Skoraj ni\u010d ne boste \u010dutili in boste tetova\u017eo lahko resni\u010dno u\u017eivali.<\/p>\n<\/li>\n<li data-start=\"653\" data-end=\"830\">\n<p data-start=\"655\" data-end=\"830\"><strong data-start=\"655\" data-end=\"683\">100 % originalni izdelek<\/strong> \u2013 vsak paket prihaja <strong data-start=\"705\" data-end=\"743\">direktno od azijskega proizvajalca<\/strong> in je opremljen z <strong data-start=\"762\" data-end=\"791\">zlatim varnostnim pe\u010datom<\/strong>. Brez ponaredkov \u2013 <strong data-start=\"811\" data-end=\"828\">zagotovljeno!<\/strong><\/p>\n<\/li>\n<li data-start=\"831\" data-end=\"960\">\n<p data-start=\"833\" data-end=\"960\"><strong data-start=\"833\" data-end=\"874\">Priporo\u010dajo tetovatorji po vsem svetu<\/strong> \u2013 manj bole\u010din = manj gibanja = <strong data-start=\"907\" data-end=\"932\">natan\u010dnej\u0161i rezultati<\/strong>. Va\u0161 umetnik bo navdu\u0161en.<\/p>\n<\/li>\n<li data-start=\"961\" data-end=\"1087\">\n<p data-start=\"963\" data-end=\"1087\"><strong data-start=\"963\" data-end=\"986\">Vsestranska uporaba<\/strong> \u2013 idealna za <strong data-start=\"1000\" data-end=\"1007\">PMU<\/strong>, <strong data-start=\"1009\" data-end=\"1035\">odstranjevanje tetova\u017e<\/strong>, <strong data-start=\"1037\" data-end=\"1050\">epilacijo<\/strong> in druge <strong data-start=\"1060\" data-end=\"1084\">bole\u010de tretmaje ko\u017ee<\/strong>.<\/p>\n<\/li>\n<li data-start=\"1088\" data-end=\"1200\">\n<p data-start=\"1090\" data-end=\"1200\"><strong data-start=\"1090\" data-end=\"1134\">Hitri rezultati in dolgotrajno delovanje<\/strong> \u2013 TKTX za\u010dne delovati po <strong data-start=\"1160\" data-end=\"1177\">30\u201340 minutah<\/strong> in traja do <strong data-start=\"1190\" data-end=\"1199\">3 ure<\/strong>.<\/p>\n<\/li>\n<\/ul>\n<hr data-start=\"1202\" data-end=\"1205\" \/>\n<h3 data-start=\"1207\" data-end=\"1237\">\ud83e\udd1d Zakaj zaupati prav nam?<\/h3>\n<ul data-start=\"1239\" data-end=\"1563\">\n<li data-start=\"1239\" data-end=\"1334\">\n<p data-start=\"1241\" data-end=\"1334\"><strong data-start=\"1241\" data-end=\"1267\">Ve\u010d kot 6 let izku\u0161enj<\/strong> \u2013 pomagamo ljudem do spro\u0161\u010denih tetova\u017e z zanesljivo TKTX kremo.<\/p>\n<\/li>\n<li data-start=\"1335\" data-end=\"1448\">\n<p data-start=\"1337\" data-end=\"1448\"><strong data-start=\"1337\" data-end=\"1369\">100 % garancija zadovoljstva<\/strong> \u2013 niste zadovoljni? <strong data-start=\"1390\" data-end=\"1446\">Vrnete izdelek in dobite denar nazaj. Brez tveganja!<\/strong><\/p>\n<\/li>\n<li data-start=\"1449\" data-end=\"1563\">\n<p data-start=\"1451\" data-end=\"1563\"><strong data-start=\"1451\" data-end=\"1491\">Brezpla\u010dna dostava ob nakupu 3+ krem<\/strong> \u2013 in \u017ee od <strong data-start=\"1503\" data-end=\"1514\">2 kosov<\/strong> za\u010dnete prihranek z na\u0161imi koli\u010dinskimi popusti.<\/p>\n<\/li>\n<\/ul>\n<p data-start=\"1565\" data-end=\"1689\">\ud83c\udfa5 Navodila za uporabo: <a class=\"\" href=\"https:\/\/youtu.be\/5HZfXko8OVI\" target=\"_new\" rel=\"noopener\" data-start=\"1589\" data-end=\"1649\">https:\/\/youtu.be\/5HZfXko8OVI<\/a><br data-start=\"1649\" data-end=\"1652\" \/>\ud83d\udce6 ROK DOSTAVE: <strong data-start=\"1668\" data-end=\"1689\">DVA DELOVNA DNEVA<\/strong><\/p>\n<p><iframe loading=\"lazy\" title=\"Kako pravilno nanesti anesteti\u010dno kremo TKTX pred tetova\u017eo?\" width=\"760\" height=\"428\" src=\"https:\/\/www.youtube.com\/embed\/5HZfXko8OVI?feature=oembed\" frameborder=\"0\" allow=\"accelerometer; autoplay; clipboard-write; encrypted-media; gyroscope; picture-in-picture; web-share\" referrerpolicy=\"strict-origin-when-cross-origin\" allowfullscreen><\/iframe><\/p>\n<h4>Kako enostavna je aplikacija?<\/h4>\n<ol>\n<li>Na ko\u017eo nanesite debelo plast TKTX kreme.<\/li>\n<li>Ovijte obmo\u010dje v celofan, da dose\u017eete najve\u010dji u\u010dinek.<\/li>\n<li>Po\u010dakajte 30\u201340 minut \u2013 kon\u010dano! Ko\u017ea ostane otopeljena do 3 ure.<\/li>\n<\/ol>\n<p><strong>Za majhne tetova\u017ee ali velike projekte \u2013 TKTX poskrbi za spro\u0161\u010deno izku\u0161njo.<\/strong><\/p>\n<p><a href=\"https:\/\/www.tktx-shop.xyz\/?product=tktx-tattoo-creme-40-kopia\"><img loading=\"lazy\" decoding=\"async\" class=\"aligncenter wp-image-87 size-large\" src=\"https:\/\/www.tktx-shop.xyz\/wp-content\/uploads\/2023\/10\/7-1024x560.png\" alt=\"TKTX tetova\u017ena krema 40%\" width=\"760\" height=\"416\" srcset=\"https:\/\/www.tktx-shop.xyz\/wp-content\/uploads\/2023\/10\/7-1024x560.png 1024w, https:\/\/www.tktx-shop.xyz\/wp-content\/uploads\/2023\/10\/7-300x164.png 300w, https:\/\/www.tktx-shop.xyz\/wp-content\/uploads\/2023\/10\/7-600x328.png 600w, https:\/\/www.tktx-shop.xyz\/wp-content\/uploads\/2023\/10\/7-768x420.png 768w, https:\/\/www.tktx-shop.xyz\/wp-content\/uploads\/2023\/10\/7.png 1080w\" sizes=\"auto, (max-width: 760px) 100vw, 760px\" \/><\/a> <a href=\"https:\/\/www.tktx-shop.xyz\/?product=anasthesiecreme-tktx-55-gold\"><img loading=\"lazy\" decoding=\"async\" class=\"aligncenter wp-image-88 size-large\" src=\"https:\/\/www.tktx-shop.xyz\/wp-content\/uploads\/2023\/10\/8-1024x599.png\" alt=\"TKTX Gold Nummificirna krema za tetoviranje\" width=\"760\" height=\"445\" srcset=\"https:\/\/www.tktx-shop.xyz\/wp-content\/uploads\/2023\/10\/8-1024x599.png 1024w, https:\/\/www.tktx-shop.xyz\/wp-content\/uploads\/2023\/10\/8-300x176.png 300w, https:\/\/www.tktx-shop.xyz\/wp-content\/uploads\/2023\/10\/8-600x351.png 600w, https:\/\/www.tktx-shop.xyz\/wp-content\/uploads\/2023\/10\/8-768x449.png 768w, https:\/\/www.tktx-shop.xyz\/wp-content\/uploads\/2023\/10\/8.png 1080w\" sizes=\"auto, (max-width: 760px) 100vw, 760px\" \/><\/a> <a href=\"https:\/\/www.tktx-shop.xyz\/?product=tktx-anasthesiesalbe-75-kopia\"><img loading=\"lazy\" decoding=\"async\" class=\"aligncenter wp-image-89 size-large\" src=\"https:\/\/www.tktx-shop.xyz\/wp-content\/uploads\/2023\/10\/9-1024x579.png\" alt=\"TKTX 75% anestezinska krema za tetova\u017ee\" width=\"760\" height=\"430\" srcset=\"https:\/\/www.tktx-shop.xyz\/wp-content\/uploads\/2023\/10\/9-1024x579.png 1024w, https:\/\/www.tktx-shop.xyz\/wp-content\/uploads\/2023\/10\/9-300x170.png 300w, https:\/\/www.tktx-shop.xyz\/wp-content\/uploads\/2023\/10\/9-600x339.png 600w, https:\/\/www.tktx-shop.xyz\/wp-content\/uploads\/2023\/10\/9-768x434.png 768w, https:\/\/www.tktx-shop.xyz\/wp-content\/uploads\/2023\/10\/9.png 1080w\" sizes=\"auto, (max-width: 760px) 100vw, 760px\" \/><\/a><\/p>\n<h3><a href=\"https:\/\/www.tktx-shop.xyz\/?page_id=14\"><img loading=\"lazy\" decoding=\"async\" class=\"aligncenter wp-image-126 size-large\" src=\"https:\/\/www.tktx-shop.xyz\/wp-content\/uploads\/2023\/10\/ezgif.com-gif-maker-1024x456.gif\" alt=\"Tattoo-anestezijska krema TKTX Dermacain krema\" width=\"760\" height=\"338\" srcset=\"https:\/\/www.tktx-shop.xyz\/wp-content\/uploads\/2023\/10\/ezgif.com-gif-maker-1024x456.gif 1024w, https:\/\/www.tktx-shop.xyz\/wp-content\/uploads\/2023\/10\/ezgif.com-gif-maker-300x134.gif 300w, https:\/\/www.tktx-shop.xyz\/wp-content\/uploads\/2023\/10\/ezgif.com-gif-maker-768x342.gif 768w, https:\/\/www.tktx-shop.xyz\/wp-content\/uploads\/2023\/10\/ezgif.com-gif-maker-600x267.gif 600w\" sizes=\"auto, (max-width: 760px) 100vw, 760px\" \/><\/a><\/h3>\n<h4>Naredite svojo tetova\u017eo nepozabno izku\u0161njo &#8211; brez bole\u010dine!<\/h4>\n<p>Naro\u010dite originalno <strong>TKTX anesteti\u010dno kremo<\/strong> \u0161e danes in izkusite, zakaj je najbolj prodajana krema na svetu.<\/p>\n<p>&nbsp;<\/p>\n<p><a href=\"https:\/\/www.tktx-shop.xyz\/?product=3-stucke-x-tktx-tattoo-creme-40-kostenloser-versand\"><img loading=\"lazy\" decoding=\"async\" class=\"aligncenter wp-image-847 size-large\" src=\"https:\/\/www.tktx-shop.xyz\/wp-content\/uploads\/2025\/07\/2-1-974x1024.png\" alt=\"\" width=\"760\" height=\"799\" srcset=\"https:\/\/www.tktx-shop.xyz\/wp-content\/uploads\/2025\/07\/2-1-974x1024.png 974w, https:\/\/www.tktx-shop.xyz\/wp-content\/uploads\/2025\/07\/2-1-285x300.png 285w, https:\/\/www.tktx-shop.xyz\/wp-content\/uploads\/2025\/07\/2-1-768x808.png 768w, https:\/\/www.tktx-shop.xyz\/wp-content\/uploads\/2025\/07\/2-1-300x316.png 300w, https:\/\/www.tktx-shop.xyz\/wp-content\/uploads\/2025\/07\/2-1-600x631.png 600w, https:\/\/www.tktx-shop.xyz\/wp-content\/uploads\/2025\/07\/2-1.png 1080w\" sizes=\"auto, (max-width: 760px) 100vw, 760px\" \/><\/a> <a href=\"https:\/\/www.tktx-shop.xyz\/?product=3-stuck-x-anasthesiecreme-tktx-55-gold-kostenloser-versand\"><img loading=\"lazy\" decoding=\"async\" class=\"aligncenter wp-image-849 size-large\" src=\"https:\/\/www.tktx-shop.xyz\/wp-content\/uploads\/2025\/07\/4-1-963x1024.png\" alt=\"\" width=\"760\" height=\"808\" srcset=\"https:\/\/www.tktx-shop.xyz\/wp-content\/uploads\/2025\/07\/4-1-963x1024.png 963w, https:\/\/www.tktx-shop.xyz\/wp-content\/uploads\/2025\/07\/4-1-282x300.png 282w, https:\/\/www.tktx-shop.xyz\/wp-content\/uploads\/2025\/07\/4-1-768x816.png 768w, https:\/\/www.tktx-shop.xyz\/wp-content\/uploads\/2025\/07\/4-1-300x319.png 300w, https:\/\/www.tktx-shop.xyz\/wp-content\/uploads\/2025\/07\/4-1-600x638.png 600w, https:\/\/www.tktx-shop.xyz\/wp-content\/uploads\/2025\/07\/4-1.png 1080w\" sizes=\"auto, (max-width: 760px) 100vw, 760px\" \/><\/a> <a href=\"https:\/\/www.tktx-shop.xyz\/?product=3-stuck-x-tktx-anasthesiesalbe-75-kostenloser-versand\"><img loading=\"lazy\" decoding=\"async\" class=\"aligncenter wp-image-851 size-large\" src=\"https:\/\/www.tktx-shop.xyz\/wp-content\/uploads\/2025\/07\/6-1-926x1024.png\" alt=\"\" width=\"760\" height=\"840\" srcset=\"https:\/\/www.tktx-shop.xyz\/wp-content\/uploads\/2025\/07\/6-1-926x1024.png 926w, https:\/\/www.tktx-shop.xyz\/wp-content\/uploads\/2025\/07\/6-1-271x300.png 271w, https:\/\/www.tktx-shop.xyz\/wp-content\/uploads\/2025\/07\/6-1-768x849.png 768w, https:\/\/www.tktx-shop.xyz\/wp-content\/uploads\/2025\/07\/6-1-300x332.png 300w, https:\/\/www.tktx-shop.xyz\/wp-content\/uploads\/2025\/07\/6-1-600x663.png 600w, https:\/\/www.tktx-shop.xyz\/wp-content\/uploads\/2025\/07\/6-1.png 1080w\" sizes=\"auto, (max-width: 760px) 100vw, 760px\" \/><\/a><\/p>\n<p><a href=\"https:\/\/www.tktx-shop.xyz\/?page_id=6\"><img loading=\"lazy\" decoding=\"async\" class=\"aligncenter wp-image-40 size-medium\" src=\"https:\/\/www.tktx-shop.xyz\/wp-content\/uploads\/2023\/04\/Orange-Truck-Free-Shipping-Instagram-Post-1-e1690105712757-300x300.png\" alt=\"Anestezijska mazilo TKTX 40%\" width=\"300\" height=\"300\" srcset=\"https:\/\/www.tktx-shop.xyz\/wp-content\/uploads\/2023\/04\/Orange-Truck-Free-Shipping-Instagram-Post-1-e1690105712757-300x300.png 300w, https:\/\/www.tktx-shop.xyz\/wp-content\/uploads\/2023\/04\/Orange-Truck-Free-Shipping-Instagram-Post-1-e1690105712757-100x100.png 100w, https:\/\/www.tktx-shop.xyz\/wp-content\/uploads\/2023\/04\/Orange-Truck-Free-Shipping-Instagram-Post-1-e1690105712757-150x150.png 150w, https:\/\/www.tktx-shop.xyz\/wp-content\/uploads\/2023\/04\/Orange-Truck-Free-Shipping-Instagram-Post-1-e1690105712757.png 487w\" sizes=\"auto, (max-width: 300px) 100vw, 300px\" \/><\/a><\/p>\n<p>&nbsp;<\/p>\n<h3><a href=\"https:\/\/www.tktx-shop.xyz\/?page_id=14\"><img loading=\"lazy\" decoding=\"async\" class=\"aligncenter wp-image-126 size-large\" src=\"https:\/\/www.tktx-shop.xyz\/wp-content\/uploads\/2023\/10\/ezgif.com-gif-maker-1024x456.gif\" alt=\"Tattoo-anestezijska krema TKTX Dermacain krema\" width=\"760\" height=\"338\" srcset=\"https:\/\/www.tktx-shop.xyz\/wp-content\/uploads\/2023\/10\/ezgif.com-gif-maker-1024x456.gif 1024w, https:\/\/www.tktx-shop.xyz\/wp-content\/uploads\/2023\/10\/ezgif.com-gif-maker-300x134.gif 300w, https:\/\/www.tktx-shop.xyz\/wp-content\/uploads\/2023\/10\/ezgif.com-gif-maker-768x342.gif 768w, https:\/\/www.tktx-shop.xyz\/wp-content\/uploads\/2023\/10\/ezgif.com-gif-maker-600x267.gif 600w\" sizes=\"auto, (max-width: 760px) 100vw, 760px\" \/><\/a><\/h3>\n<p>&nbsp;<\/p>\n<div class=\"min-h-8 text-message relative flex w-full flex-col items-end gap-2 whitespace-normal break-words text-start [.text-message+&amp;]:mt-5\" dir=\"auto\" data-message-author-role=\"assistant\" data-message-id=\"ab7cadc0-739a-4dd2-8ec7-f173db9d32ec\" data-message-model-slug=\"gpt-4o\">\n<p><strong>Morda vas zanima&#8230;<\/strong><\/p>\n<p><a href=\"https:\/\/www.tktx-shop.xyz\/?page_id=538\">TKTX 75 % proti TKTX 80 % \u2013 Katera anestezijska gel je prava zate?<\/a><\/p>\n<p><a href=\"https:\/\/www.tktx-shop.xyz\/?page_id=585\">TKTX krema na spletnih trgih: Na kaj bi moral biti pozoren pri nakupu<\/a><\/p>\n<p><a href=\"https:\/\/www.tktx-shop.xyz\/\">TKTX \u2013 BOLI PROSTO TATTOOIRANJE NI MIT, TEMVE\u010c RESNI\u010cNOST!<\/a><\/p>\n<\/div>\n<div class=\"min-h-8 text-message relative flex w-full flex-col items-end gap-2 whitespace-normal break-words text-start [.text-message+&amp;]:mt-5\" dir=\"auto\" data-message-author-role=\"assistant\" data-message-id=\"ab7cadc0-739a-4dd2-8ec7-f173db9d32ec\" data-message-model-slug=\"gpt-4o\">\n<p><a href=\"https:\/\/www.tktx-shop.xyz\"><strong>Domov<\/strong><\/a><\/p>\n<\/div>\n","protected":false},"excerpt":{"rendered":"<p>\ud83d\udcad Si predstavljajte, da bi lahko svojo sanjsko tetova\u017eo do\u017eiveli brez strahu in bole\u010din. Zveni predobro, da bi bilo res?Z originalno TKTX anesteti\u010dno kremo je to realnost. Ne glede na to, ali ste za\u010detnik ali izku\u0161en tetoviranec \u2013 na\u0161e preverjeno sredstvo je izbira \u0161t. 1 po vsem svetu, ko gre za zmanj\u0161anje bole\u010din pri tetoviranju [&hellip;]<\/p>\n","protected":false},"author":1,"featured_media":0,"parent":0,"menu_order":0,"comment_status":"closed","ping_status":"closed","template":"","meta":{"_monsterinsights_skip_tracking":false,"_monsterinsights_sitenote_active":false,"_monsterinsights_sitenote_note":"","_monsterinsights_sitenote_category":0,"footnotes":""},"class_list":["post-365","page","type-page","status-publish","hentry"],"yoast_head":"<!-- This site is optimized with the Yoast SEO plugin v25.2 - https:\/\/yoast.com\/wordpress\/plugins\/seo\/ -->\n<title>Tetova\u017ea brez bole\u010din? Z originalno TKTX anesteti\u010dno kremo je to mogo\u010de! - Dermacain<\/title>\n<meta name=\"description\" content=\"U\u017eivajte v tetova\u017ei brez bole\u010din z originalno TKTX kremo. Do 3 ure delovanja, brez tveganja, 100 % pristna. Dostava v dveh delovnih dneh.\" \/>\n<meta name=\"robots\" content=\"index, follow, max-snippet:-1, max-image-preview:large, max-video-preview:-1\" \/>\n<link rel=\"canonical\" href=\"https:\/\/www.tktx-shop.xyz\/?page_id=365\" \/>\n<meta property=\"og:locale\" content=\"de_DE\" \/>\n<meta property=\"og:type\" content=\"article\" \/>\n<meta property=\"og:title\" content=\"Tetova\u017ea brez bole\u010din? Z originalno TKTX anesteti\u010dno kremo je to mogo\u010de! - Dermacain\" \/>\n<meta property=\"og:description\" content=\"U\u017eivajte v tetova\u017ei brez bole\u010din z originalno TKTX kremo. Do 3 ure delovanja, brez tveganja, 100 % pristna. Dostava v dveh delovnih dneh.\" \/>\n<meta property=\"og:url\" content=\"https:\/\/www.tktx-shop.xyz\/?page_id=365\" \/>\n<meta property=\"og:site_name\" content=\"Dermacain\" \/>\n<meta property=\"article:modified_time\" content=\"2025-07-21T17:20:47+00:00\" \/>\n<meta property=\"og:image\" content=\"https:\/\/www.tktx-shop.xyz\/wp-content\/uploads\/2023\/10\/7.png\" \/>\n\t<meta property=\"og:image:width\" content=\"1080\" \/>\n\t<meta property=\"og:image:height\" content=\"591\" \/>\n\t<meta property=\"og:image:type\" content=\"image\/png\" \/>\n<meta name=\"twitter:card\" content=\"summary_large_image\" \/>\n<meta name=\"twitter:label1\" content=\"Gesch\u00e4tzte Lesezeit\" \/>\n\t<meta name=\"twitter:data1\" content=\"4\u00a0Minuten\" \/>\n<script type=\"application\/ld+json\" class=\"yoast-schema-graph\">{\"@context\":\"https:\/\/schema.org\",\"@graph\":[{\"@type\":\"WebPage\",\"@id\":\"https:\/\/www.tktx-shop.xyz\/?page_id=365\",\"url\":\"https:\/\/www.tktx-shop.xyz\/?page_id=365\",\"name\":\"Tetova\u017ea brez bole\u010din? Z originalno TKTX anesteti\u010dno kremo je to mogo\u010de! - Dermacain\",\"isPartOf\":{\"@id\":\"https:\/\/www.tktx-shop.xyz\/#website\"},\"primaryImageOfPage\":{\"@id\":\"https:\/\/www.tktx-shop.xyz\/?page_id=365#primaryimage\"},\"image\":{\"@id\":\"https:\/\/www.tktx-shop.xyz\/?page_id=365#primaryimage\"},\"thumbnailUrl\":\"https:\/\/www.tktx-shop.xyz\/wp-content\/uploads\/2023\/10\/7-1024x560.png\",\"datePublished\":\"2025-01-17T07:55:40+00:00\",\"dateModified\":\"2025-07-21T17:20:47+00:00\",\"description\":\"U\u017eivajte v tetova\u017ei brez bole\u010din z originalno TKTX kremo. Do 3 ure delovanja, brez tveganja, 100 % pristna. Dostava v dveh delovnih dneh.\",\"breadcrumb\":{\"@id\":\"https:\/\/www.tktx-shop.xyz\/?page_id=365#breadcrumb\"},\"inLanguage\":\"de\",\"potentialAction\":[{\"@type\":\"ReadAction\",\"target\":[\"https:\/\/www.tktx-shop.xyz\/?page_id=365\"]}]},{\"@type\":\"ImageObject\",\"inLanguage\":\"de\",\"@id\":\"https:\/\/www.tktx-shop.xyz\/?page_id=365#primaryimage\",\"url\":\"https:\/\/www.tktx-shop.xyz\/wp-content\/uploads\/2023\/10\/7.png\",\"contentUrl\":\"https:\/\/www.tktx-shop.xyz\/wp-content\/uploads\/2023\/10\/7.png\",\"width\":1080,\"height\":591,\"caption\":\"TKTX Tattoo-Creme\"},{\"@type\":\"BreadcrumbList\",\"@id\":\"https:\/\/www.tktx-shop.xyz\/?page_id=365#breadcrumb\",\"itemListElement\":[{\"@type\":\"ListItem\",\"position\":1,\"name\":\"Home\",\"item\":\"https:\/\/www.tktx-shop.xyz\/\"},{\"@type\":\"ListItem\",\"position\":2,\"name\":\"Tetova\u017ea brez bole\u010din? Z originalno TKTX anesteti\u010dno kremo je to mogo\u010de!\"}]},{\"@type\":\"WebSite\",\"@id\":\"https:\/\/www.tktx-shop.xyz\/#website\",\"url\":\"https:\/\/www.tktx-shop.xyz\/\",\"name\":\"Dermacain\",\"description\":\"Wir machen Ihre Tattoos angenehmer\",\"potentialAction\":[{\"@type\":\"SearchAction\",\"target\":{\"@type\":\"EntryPoint\",\"urlTemplate\":\"https:\/\/www.tktx-shop.xyz\/?s={search_term_string}\"},\"query-input\":{\"@type\":\"PropertyValueSpecification\",\"valueRequired\":true,\"valueName\":\"search_term_string\"}}],\"inLanguage\":\"de\"}]}<\/script>\n<!-- \/ Yoast SEO plugin. -->","yoast_head_json":{"title":"Tetova\u017ea brez bole\u010din? Z originalno TKTX anesteti\u010dno kremo je to mogo\u010de! - Dermacain","description":"U\u017eivajte v tetova\u017ei brez bole\u010din z originalno TKTX kremo. Do 3 ure delovanja, brez tveganja, 100 % pristna. Dostava v dveh delovnih dneh.","robots":{"index":"index","follow":"follow","max-snippet":"max-snippet:-1","max-image-preview":"max-image-preview:large","max-video-preview":"max-video-preview:-1"},"canonical":"https:\/\/www.tktx-shop.xyz\/?page_id=365","og_locale":"de_DE","og_type":"article","og_title":"Tetova\u017ea brez bole\u010din? Z originalno TKTX anesteti\u010dno kremo je to mogo\u010de! - Dermacain","og_description":"U\u017eivajte v tetova\u017ei brez bole\u010din z originalno TKTX kremo. Do 3 ure delovanja, brez tveganja, 100 % pristna. Dostava v dveh delovnih dneh.","og_url":"https:\/\/www.tktx-shop.xyz\/?page_id=365","og_site_name":"Dermacain","article_modified_time":"2025-07-21T17:20:47+00:00","og_image":[{"width":1080,"height":591,"url":"https:\/\/www.tktx-shop.xyz\/wp-content\/uploads\/2023\/10\/7.png","type":"image\/png"}],"twitter_card":"summary_large_image","twitter_misc":{"Gesch\u00e4tzte Lesezeit":"4\u00a0Minuten"},"schema":{"@context":"https:\/\/schema.org","@graph":[{"@type":"WebPage","@id":"https:\/\/www.tktx-shop.xyz\/?page_id=365","url":"https:\/\/www.tktx-shop.xyz\/?page_id=365","name":"Tetova\u017ea brez bole\u010din? Z originalno TKTX anesteti\u010dno kremo je to mogo\u010de! - Dermacain","isPartOf":{"@id":"https:\/\/www.tktx-shop.xyz\/#website"},"primaryImageOfPage":{"@id":"https:\/\/www.tktx-shop.xyz\/?page_id=365#primaryimage"},"image":{"@id":"https:\/\/www.tktx-shop.xyz\/?page_id=365#primaryimage"},"thumbnailUrl":"https:\/\/www.tktx-shop.xyz\/wp-content\/uploads\/2023\/10\/7-1024x560.png","datePublished":"2025-01-17T07:55:40+00:00","dateModified":"2025-07-21T17:20:47+00:00","description":"U\u017eivajte v tetova\u017ei brez bole\u010din z originalno TKTX kremo. Do 3 ure delovanja, brez tveganja, 100 % pristna. Dostava v dveh delovnih dneh.","breadcrumb":{"@id":"https:\/\/www.tktx-shop.xyz\/?page_id=365#breadcrumb"},"inLanguage":"de","potentialAction":[{"@type":"ReadAction","target":["https:\/\/www.tktx-shop.xyz\/?page_id=365"]}]},{"@type":"ImageObject","inLanguage":"de","@id":"https:\/\/www.tktx-shop.xyz\/?page_id=365#primaryimage","url":"https:\/\/www.tktx-shop.xyz\/wp-content\/uploads\/2023\/10\/7.png","contentUrl":"https:\/\/www.tktx-shop.xyz\/wp-content\/uploads\/2023\/10\/7.png","width":1080,"height":591,"caption":"TKTX Tattoo-Creme"},{"@type":"BreadcrumbList","@id":"https:\/\/www.tktx-shop.xyz\/?page_id=365#breadcrumb","itemListElement":[{"@type":"ListItem","position":1,"name":"Home","item":"https:\/\/www.tktx-shop.xyz\/"},{"@type":"ListItem","position":2,"name":"Tetova\u017ea brez bole\u010din? Z originalno TKTX anesteti\u010dno kremo je to mogo\u010de!"}]},{"@type":"WebSite","@id":"https:\/\/www.tktx-shop.xyz\/#website","url":"https:\/\/www.tktx-shop.xyz\/","name":"Dermacain","description":"Wir machen Ihre Tattoos angenehmer","potentialAction":[{"@type":"SearchAction","target":{"@type":"EntryPoint","urlTemplate":"https:\/\/www.tktx-shop.xyz\/?s={search_term_string}"},"query-input":{"@type":"PropertyValueSpecification","valueRequired":true,"valueName":"search_term_string"}}],"inLanguage":"de"}]}},"_links":{"self":[{"href":"https:\/\/www.tktx-shop.xyz\/index.php?rest_route=\/wp\/v2\/pages\/365","targetHints":{"allow":["GET"]}}],"collection":[{"href":"https:\/\/www.tktx-shop.xyz\/index.php?rest_route=\/wp\/v2\/pages"}],"about":[{"href":"https:\/\/www.tktx-shop.xyz\/index.php?rest_route=\/wp\/v2\/types\/page"}],"author":[{"embeddable":true,"href":"https:\/\/www.tktx-shop.xyz\/index.php?rest_route=\/wp\/v2\/users\/1"}],"replies":[{"embeddable":true,"href":"https:\/\/www.tktx-shop.xyz\/index.php?rest_route=%2Fwp%2Fv2%2Fcomments&post=365"}],"version-history":[{"count":5,"href":"https:\/\/www.tktx-shop.xyz\/index.php?rest_route=\/wp\/v2\/pages\/365\/revisions"}],"predecessor-version":[{"id":940,"href":"https:\/\/www.tktx-shop.xyz\/index.php?rest_route=\/wp\/v2\/pages\/365\/revisions\/940"}],"wp:attachment":[{"href":"https:\/\/www.tktx-shop.xyz\/index.php?rest_route=%2Fwp%2Fv2%2Fmedia&parent=365"}],"curies":[{"name":"wp","href":"https:\/\/api.w.org\/{rel}","templated":true}]}}