{"id":363,"date":"2025-01-17T07:45:55","date_gmt":"2025-01-17T06:45:55","guid":{"rendered":"https:\/\/www.dermacain.de\/?page_id=363"},"modified":"2025-07-21T18:43:33","modified_gmt":"2025-07-21T16:43:33","slug":"schmerzfreie-taetowierungen-entdecken-sie-die-kraft-der-original-tktx-betaeubungscreme","status":"publish","type":"page","link":"https:\/\/www.tktx-shop.xyz\/?page_id=363","title":{"rendered":"Brezbole\u010de tetova\u017ee? Odkrijte mo\u010d izvirne TKTX anesteti\u010dne kreme!"},"content":{"rendered":"<h2 data-start=\"148\" data-end=\"208\">\ud83e\uddca Tetova\u017ee brez bole\u010din niso mit \u2013 s TKTX so resni\u010dnost!<\/h2>\n<p data-start=\"210\" data-end=\"394\">Razmi\u0161ljate o tetova\u017ei, a vas skrbi bole\u010dina?<br data-start=\"255\" data-end=\"258\" \/>Z originalno <strong data-start=\"271\" data-end=\"297\">TKTX anesteti\u010dno kremo<\/strong> se ta strah kon\u010da. To ni le izdelek \u2013 je <strong data-start=\"339\" data-end=\"393\">va\u0161a vstopnica v popolnoma novo tetova\u017eno izku\u0161njo<\/strong>.<\/p>\n<hr data-start=\"396\" data-end=\"399\" \/>\n<h3 data-start=\"401\" data-end=\"431\">\u2705 Zakaj izbrati prav TKTX?<\/h3>\n<h4 data-start=\"433\" data-end=\"457\">\ud83d\udfe1 100 % original<\/h4>\n<p data-start=\"458\" data-end=\"582\">Neposredno od proizvajalca, z <strong data-start=\"488\" data-end=\"515\">zlato varnostno nalepko<\/strong>. Brez ponaredkov \u2013 le preverjena kakovost, ki ji zaupajo milijoni.<\/p>\n<h4 data-start=\"584\" data-end=\"607\">\ud83d\udca5 Mo\u010dna formula<\/h4>\n<p data-start=\"608\" data-end=\"737\">TKTX <strong data-start=\"613\" data-end=\"651\">za\u010dasno blokira bole\u010dinske signale<\/strong> in nudi <strong data-start=\"660\" data-end=\"688\">ve\u010durno laj\u0161anje bole\u010din<\/strong>, ne glede na velikost ali kompleksnost tetova\u017ee.<\/p>\n<h4 data-start=\"739\" data-end=\"773\">\ud83d\udd04 Ve\u010d kot samo za tetova\u017ee<\/h4>\n<p data-start=\"774\" data-end=\"792\">Popolna tudi za:<\/p>\n<ul data-start=\"793\" data-end=\"930\">\n<li data-start=\"793\" data-end=\"826\">\n<p data-start=\"795\" data-end=\"826\"><strong data-start=\"795\" data-end=\"824\">PMU (permanentni make-up)<\/strong><\/p>\n<\/li>\n<li data-start=\"827\" data-end=\"868\">\n<p data-start=\"829\" data-end=\"868\"><strong data-start=\"829\" data-end=\"866\">odstranjevanje tetova\u017e z laserjem<\/strong><\/p>\n<\/li>\n<li data-start=\"869\" data-end=\"930\">\n<p data-start=\"871\" data-end=\"930\"><strong data-start=\"871\" data-end=\"896\">druge bole\u010de postopke<\/strong><br data-start=\"896\" data-end=\"899\" \/>Zanesljiva, vsestranska izbira.<\/p>\n<\/li>\n<\/ul>\n<h4 data-start=\"932\" data-end=\"975\">\ud83c\udfaf Priporo\u010dena s strani tetovatorjev<\/h4>\n<p data-start=\"976\" data-end=\"1106\">Manj bole\u010dine pomeni manj gibanja \u2013 kar omogo\u010da <strong data-start=\"1024\" data-end=\"1064\">ve\u010djo natan\u010dnost in bolj\u0161e rezultate<\/strong>. Zadovoljen tetovator = popolna tetova\u017ea.<\/p>\n<h4 data-start=\"1108\" data-end=\"1147\">\ud83d\udcb0 Na\u0161a garancija, va\u0161e zaupanje<\/h4>\n<p data-start=\"1148\" data-end=\"1219\">Niste zadovoljni? <strong data-start=\"1166\" data-end=\"1200\">Vra\u010dilo denarja brez vpra\u0161anj.<\/strong> Tako enostavno je.<\/p>\n<hr data-start=\"1221\" data-end=\"1224\" \/>\n<p data-start=\"1226\" data-end=\"1350\">\ud83c\udfa5 Navodila za uporabo: <a class=\"\" href=\"https:\/\/youtu.be\/5HZfXko8OVI\" target=\"_new\" rel=\"noopener\" data-start=\"1250\" data-end=\"1310\">https:\/\/youtu.be\/5HZfXko8OVI<\/a><br data-start=\"1310\" data-end=\"1313\" \/>\ud83d\ude9a ROK DOSTAVE: <strong data-start=\"1329\" data-end=\"1350\">DVA DELOVNA DNEVA<\/strong><\/p>\n<p><iframe loading=\"lazy\" title=\"Kako pravilno nanesti anesteti\u010dno kremo TKTX pred tetova\u017eo?\" width=\"760\" height=\"428\" src=\"https:\/\/www.youtube.com\/embed\/5HZfXko8OVI?feature=oembed\" frameborder=\"0\" allow=\"accelerometer; autoplay; clipboard-write; encrypted-media; gyroscope; picture-in-picture; web-share\" referrerpolicy=\"strict-origin-when-cross-origin\" allowfullscreen><\/iframe><\/p>\n<p><strong>Najina izku\u0161nja je va\u0161a prednost:<\/strong><br \/>\n\u017de ve\u010d kot<strong> 6 let<\/strong> podpiramo ljubitelje tetova\u017e in umetnike pri zmanj\u0161evanju bole\u010din ter do\u017eivljanju lepote umetnosti brez trpljenja. Va\u0161e zadovoljstvo je na prvem mestu \u2013 nudimo brezpla\u010dno dostavo od 3 kosov, popuste \u017ee od 2 krem in supershitro dostavo v treh delovnih dneh.<\/p>\n<hr \/>\n<h3>Uporaba enostavna:<\/h3>\n<ol>\n<li>Nanesite debelo plast kreme na obmo\u010dje ko\u017ee, ki ga \u017eelite obdelati.<\/li>\n<li>Obmo\u010dje ovijte v celofan, da pove\u010date u\u010dinek.<\/li>\n<li>Po\u010dakajte 30-40 minut in nato u\u017eivajte v dolgotrajnem u\u010dinku do 3 ure.<\/li>\n<\/ol>\n<p><a href=\"https:\/\/www.tktx-shop.xyz\/?product=tktx-tattoo-creme-40-kopia\"><img loading=\"lazy\" decoding=\"async\" class=\"aligncenter wp-image-87 size-large\" src=\"https:\/\/www.tktx-shop.xyz\/wp-content\/uploads\/2023\/10\/7-1024x560.png\" alt=\"TKTX tatuirna krema 40%\" width=\"760\" height=\"416\" srcset=\"https:\/\/www.tktx-shop.xyz\/wp-content\/uploads\/2023\/10\/7-1024x560.png 1024w, https:\/\/www.tktx-shop.xyz\/wp-content\/uploads\/2023\/10\/7-300x164.png 300w, https:\/\/www.tktx-shop.xyz\/wp-content\/uploads\/2023\/10\/7-600x328.png 600w, https:\/\/www.tktx-shop.xyz\/wp-content\/uploads\/2023\/10\/7-768x420.png 768w, https:\/\/www.tktx-shop.xyz\/wp-content\/uploads\/2023\/10\/7.png 1080w\" sizes=\"auto, (max-width: 760px) 100vw, 760px\" \/><\/a> <a href=\"https:\/\/www.tktx-shop.xyz\/?product=anasthesiecreme-tktx-55-gold\"><img loading=\"lazy\" decoding=\"async\" class=\"aligncenter wp-image-88 size-large\" src=\"https:\/\/www.tktx-shop.xyz\/wp-content\/uploads\/2023\/10\/8-1024x599.png\" alt=\"TKTX Gold Nummificirna krema za tetoviranje\" width=\"760\" height=\"445\" srcset=\"https:\/\/www.tktx-shop.xyz\/wp-content\/uploads\/2023\/10\/8-1024x599.png 1024w, https:\/\/www.tktx-shop.xyz\/wp-content\/uploads\/2023\/10\/8-300x176.png 300w, https:\/\/www.tktx-shop.xyz\/wp-content\/uploads\/2023\/10\/8-600x351.png 600w, https:\/\/www.tktx-shop.xyz\/wp-content\/uploads\/2023\/10\/8-768x449.png 768w, https:\/\/www.tktx-shop.xyz\/wp-content\/uploads\/2023\/10\/8.png 1080w\" sizes=\"auto, (max-width: 760px) 100vw, 760px\" \/><\/a> <a href=\"https:\/\/www.tktx-shop.xyz\/?product=tktx-anasthesiesalbe-75-kopia\"><img loading=\"lazy\" decoding=\"async\" class=\"aligncenter wp-image-89 size-large\" src=\"https:\/\/www.tktx-shop.xyz\/wp-content\/uploads\/2023\/10\/9-1024x579.png\" alt=\"TKTX 75% anestezinska krema za tetova\u017ee\" width=\"760\" height=\"430\" srcset=\"https:\/\/www.tktx-shop.xyz\/wp-content\/uploads\/2023\/10\/9-1024x579.png 1024w, https:\/\/www.tktx-shop.xyz\/wp-content\/uploads\/2023\/10\/9-300x170.png 300w, https:\/\/www.tktx-shop.xyz\/wp-content\/uploads\/2023\/10\/9-600x339.png 600w, https:\/\/www.tktx-shop.xyz\/wp-content\/uploads\/2023\/10\/9-768x434.png 768w, https:\/\/www.tktx-shop.xyz\/wp-content\/uploads\/2023\/10\/9.png 1080w\" sizes=\"auto, (max-width: 760px) 100vw, 760px\" \/><\/a><\/p>\n<h3><a href=\"https:\/\/www.tktx-shop.xyz\/?page_id=14\"><img loading=\"lazy\" decoding=\"async\" class=\"aligncenter wp-image-126 size-large\" src=\"https:\/\/www.tktx-shop.xyz\/wp-content\/uploads\/2023\/10\/ezgif.com-gif-maker-1024x456.gif\" alt=\"Tattoo-anestezijska krema TKTX Dermacain krema\" width=\"760\" height=\"338\" srcset=\"https:\/\/www.tktx-shop.xyz\/wp-content\/uploads\/2023\/10\/ezgif.com-gif-maker-1024x456.gif 1024w, https:\/\/www.tktx-shop.xyz\/wp-content\/uploads\/2023\/10\/ezgif.com-gif-maker-300x134.gif 300w, https:\/\/www.tktx-shop.xyz\/wp-content\/uploads\/2023\/10\/ezgif.com-gif-maker-768x342.gif 768w, https:\/\/www.tktx-shop.xyz\/wp-content\/uploads\/2023\/10\/ezgif.com-gif-maker-600x267.gif 600w\" sizes=\"auto, (max-width: 760px) 100vw, 760px\" \/><\/a><\/h3>\n<h4>Konec trpljenja &#8211; tetova\u017ee ve\u010d ne boli!<\/h4>\n<p>Pridobite <strong>originalno TKTX anesteti\u010dno kremo<\/strong> in izkusite, kako enostavno in prijetno je lahko tetoviranje.<\/p>\n<h4>Kako dobim popust?<\/h4>\n<p>Na vse TKTX anesteti\u010dne kreme nudimo koli\u010dinski popust. Popust za\u010dne veljati pri 2 kosih in se nenehno pove\u010duje. Ve\u010d kot kupite, ve\u010d prihranite.<\/p>\n<p><a href=\"https:\/\/www.tktx-shop.xyz\/?product=3-stucke-x-tktx-tattoo-creme-40-kostenloser-versand\"><img loading=\"lazy\" decoding=\"async\" class=\"aligncenter wp-image-847 size-large\" src=\"https:\/\/www.tktx-shop.xyz\/wp-content\/uploads\/2025\/07\/2-1-974x1024.png\" alt=\"\" width=\"760\" height=\"799\" srcset=\"https:\/\/www.tktx-shop.xyz\/wp-content\/uploads\/2025\/07\/2-1-974x1024.png 974w, https:\/\/www.tktx-shop.xyz\/wp-content\/uploads\/2025\/07\/2-1-285x300.png 285w, https:\/\/www.tktx-shop.xyz\/wp-content\/uploads\/2025\/07\/2-1-768x808.png 768w, https:\/\/www.tktx-shop.xyz\/wp-content\/uploads\/2025\/07\/2-1-300x316.png 300w, https:\/\/www.tktx-shop.xyz\/wp-content\/uploads\/2025\/07\/2-1-600x631.png 600w, https:\/\/www.tktx-shop.xyz\/wp-content\/uploads\/2025\/07\/2-1.png 1080w\" sizes=\"auto, (max-width: 760px) 100vw, 760px\" \/><\/a> <a href=\"https:\/\/www.tktx-shop.xyz\/?product=3-stuck-x-anasthesiecreme-tktx-55-gold-kostenloser-versand\"><img loading=\"lazy\" decoding=\"async\" class=\"aligncenter wp-image-849 size-large\" src=\"https:\/\/www.tktx-shop.xyz\/wp-content\/uploads\/2025\/07\/4-1-963x1024.png\" alt=\"\" width=\"760\" height=\"808\" srcset=\"https:\/\/www.tktx-shop.xyz\/wp-content\/uploads\/2025\/07\/4-1-963x1024.png 963w, https:\/\/www.tktx-shop.xyz\/wp-content\/uploads\/2025\/07\/4-1-282x300.png 282w, https:\/\/www.tktx-shop.xyz\/wp-content\/uploads\/2025\/07\/4-1-768x816.png 768w, https:\/\/www.tktx-shop.xyz\/wp-content\/uploads\/2025\/07\/4-1-300x319.png 300w, https:\/\/www.tktx-shop.xyz\/wp-content\/uploads\/2025\/07\/4-1-600x638.png 600w, https:\/\/www.tktx-shop.xyz\/wp-content\/uploads\/2025\/07\/4-1.png 1080w\" sizes=\"auto, (max-width: 760px) 100vw, 760px\" \/><\/a> <a href=\"https:\/\/www.tktx-shop.xyz\/?product=3-stuck-x-tktx-anasthesiesalbe-75-kostenloser-versand\"><img loading=\"lazy\" decoding=\"async\" class=\"aligncenter wp-image-851 size-large\" src=\"https:\/\/www.tktx-shop.xyz\/wp-content\/uploads\/2025\/07\/6-1-926x1024.png\" alt=\"\" width=\"760\" height=\"840\" srcset=\"https:\/\/www.tktx-shop.xyz\/wp-content\/uploads\/2025\/07\/6-1-926x1024.png 926w, https:\/\/www.tktx-shop.xyz\/wp-content\/uploads\/2025\/07\/6-1-271x300.png 271w, https:\/\/www.tktx-shop.xyz\/wp-content\/uploads\/2025\/07\/6-1-768x849.png 768w, https:\/\/www.tktx-shop.xyz\/wp-content\/uploads\/2025\/07\/6-1-300x332.png 300w, https:\/\/www.tktx-shop.xyz\/wp-content\/uploads\/2025\/07\/6-1-600x663.png 600w, https:\/\/www.tktx-shop.xyz\/wp-content\/uploads\/2025\/07\/6-1.png 1080w\" sizes=\"auto, (max-width: 760px) 100vw, 760px\" \/><\/a>Ob nakupu 3 ali ve\u010d kosov je dostava brezpla\u010dna. Mo\u017ena je tudi dostava na dom s kurirjem. Narkoti\u010dno kremo lahko pla\u010date s kreditno kartico ali po povzetju. Vsi paketi z anesteti\u010dno kremo bodo poslani \u010dim prej, predvidena dostava v 3 delovnih dneh (paketi se po\u0161iljajo vsak delovni dan do 11:00).<\/p>\n<p><a href=\"https:\/\/www.tktx-shop.xyz\/?page_id=6\"><img loading=\"lazy\" decoding=\"async\" class=\"aligncenter wp-image-40 size-medium\" src=\"https:\/\/www.tktx-shop.xyz\/wp-content\/uploads\/2023\/04\/Orange-Truck-Free-Shipping-Instagram-Post-1-e1690105712757-300x300.png\" alt=\"Anestezijska mazilo TKTX 40%\" width=\"300\" height=\"300\" srcset=\"https:\/\/www.tktx-shop.xyz\/wp-content\/uploads\/2023\/04\/Orange-Truck-Free-Shipping-Instagram-Post-1-e1690105712757-300x300.png 300w, https:\/\/www.tktx-shop.xyz\/wp-content\/uploads\/2023\/04\/Orange-Truck-Free-Shipping-Instagram-Post-1-e1690105712757-100x100.png 100w, https:\/\/www.tktx-shop.xyz\/wp-content\/uploads\/2023\/04\/Orange-Truck-Free-Shipping-Instagram-Post-1-e1690105712757-150x150.png 150w, https:\/\/www.tktx-shop.xyz\/wp-content\/uploads\/2023\/04\/Orange-Truck-Free-Shipping-Instagram-Post-1-e1690105712757.png 487w\" sizes=\"auto, (max-width: 300px) 100vw, 300px\" \/><\/a><\/p>\n<p>TKTX anesteti\u010dna krema ponuja mo\u010dan anesteti\u010dni u\u010dinek za prijetno izku\u0161njo tetoviranja. Izberite kremo z ustreznim odstotkom za va\u0161e potrebe in u\u017eivajte v prednostih nebole\u010de tetoviranje ali drugih bole\u010dih postopkov na ko\u017ei.<\/p>\n<h3><a href=\"https:\/\/www.tktx-shop.xyz\/?page_id=14\"><img loading=\"lazy\" decoding=\"async\" class=\"aligncenter wp-image-126 size-large\" src=\"https:\/\/www.tktx-shop.xyz\/wp-content\/uploads\/2023\/10\/ezgif.com-gif-maker-1024x456.gif\" alt=\"Tattoo-anestezijska krema TKTX Dermacain krema\" width=\"760\" height=\"338\" srcset=\"https:\/\/www.tktx-shop.xyz\/wp-content\/uploads\/2023\/10\/ezgif.com-gif-maker-1024x456.gif 1024w, https:\/\/www.tktx-shop.xyz\/wp-content\/uploads\/2023\/10\/ezgif.com-gif-maker-300x134.gif 300w, https:\/\/www.tktx-shop.xyz\/wp-content\/uploads\/2023\/10\/ezgif.com-gif-maker-768x342.gif 768w, https:\/\/www.tktx-shop.xyz\/wp-content\/uploads\/2023\/10\/ezgif.com-gif-maker-600x267.gif 600w\" sizes=\"auto, (max-width: 760px) 100vw, 760px\" \/><\/a><\/h3>\n<p>&nbsp;<\/p>\n<p><strong>Morda vas zanima&#8230;<\/strong><\/p>\n<p><a href=\"https:\/\/www.tktx-shop.xyz\/?page_id=446\">Dermacain \u2013 Najmo\u010dnej\u0161a anesteti\u010dna krema za brezbolno tetoviranje! \ud83d\udd25<\/a><\/p>\n<p><a href=\"https:\/\/www.tktx-shop.xyz\/?page_id=378\">Brezbole\u010dinska PMU zdravljenja s TKTX: Pot do popolnosti brez trpljenja<\/a><\/p>\n<p><a href=\"https:\/\/www.tktx-shop.xyz\/?page_id=367\">Brezsindromno tetoviranje? Odkrijte \u010darobnost originalne TKTX kreme za laj\u0161anje bole\u010din pri tetoviranju!<\/a><\/p>\n<p><a href=\"https:\/\/www.tktx-shop.xyz\"><strong>Domov<\/strong><\/a><\/p>\n","protected":false},"excerpt":{"rendered":"<p>\ud83e\uddca Tetova\u017ee brez bole\u010din niso mit \u2013 s TKTX so resni\u010dnost! Razmi\u0161ljate o tetova\u017ei, a vas skrbi bole\u010dina?Z originalno TKTX anesteti\u010dno kremo se ta strah kon\u010da. To ni le izdelek \u2013 je va\u0161a vstopnica v popolnoma novo tetova\u017eno izku\u0161njo. \u2705 Zakaj izbrati prav TKTX? \ud83d\udfe1 100 % original Neposredno od proizvajalca, z zlato varnostno nalepko. [&hellip;]<\/p>\n","protected":false},"author":1,"featured_media":0,"parent":0,"menu_order":0,"comment_status":"closed","ping_status":"closed","template":"","meta":{"_monsterinsights_skip_tracking":false,"_monsterinsights_sitenote_active":false,"_monsterinsights_sitenote_note":"","_monsterinsights_sitenote_category":0,"footnotes":""},"class_list":["post-363","page","type-page","status-publish","hentry"],"yoast_head":"<!-- This site is optimized with the Yoast SEO plugin v25.2 - https:\/\/yoast.com\/wordpress\/plugins\/seo\/ -->\n<title>Brezbole\u010de tetova\u017ee? Odkrijte mo\u010d izvirne TKTX anesteti\u010dne kreme! - Dermacain<\/title>\n<meta name=\"description\" content=\"S TKTX do tetova\u017ee brez bole\u010din! Originalna anesteti\u010dna krema z ve\u010durno u\u010dinkovitostjo, ki jo priporo\u010dajo tetovatorji. Dostava v dveh delovnih dneh.\" \/>\n<meta name=\"robots\" content=\"index, follow, max-snippet:-1, max-image-preview:large, max-video-preview:-1\" \/>\n<link rel=\"canonical\" href=\"https:\/\/www.tktx-shop.xyz\/?page_id=363\" \/>\n<meta property=\"og:locale\" content=\"de_DE\" \/>\n<meta property=\"og:type\" content=\"article\" \/>\n<meta property=\"og:title\" content=\"Brezbole\u010de tetova\u017ee? Odkrijte mo\u010d izvirne TKTX anesteti\u010dne kreme! - Dermacain\" \/>\n<meta property=\"og:description\" content=\"S TKTX do tetova\u017ee brez bole\u010din! Originalna anesteti\u010dna krema z ve\u010durno u\u010dinkovitostjo, ki jo priporo\u010dajo tetovatorji. Dostava v dveh delovnih dneh.\" \/>\n<meta property=\"og:url\" content=\"https:\/\/www.tktx-shop.xyz\/?page_id=363\" \/>\n<meta property=\"og:site_name\" content=\"Dermacain\" \/>\n<meta property=\"article:modified_time\" content=\"2025-07-21T16:43:33+00:00\" \/>\n<meta property=\"og:image\" content=\"https:\/\/www.tktx-shop.xyz\/wp-content\/uploads\/2023\/10\/7.png\" \/>\n\t<meta property=\"og:image:width\" content=\"1080\" \/>\n\t<meta property=\"og:image:height\" content=\"591\" \/>\n\t<meta property=\"og:image:type\" content=\"image\/png\" \/>\n<meta name=\"twitter:card\" content=\"summary_large_image\" \/>\n<meta name=\"twitter:label1\" content=\"Gesch\u00e4tzte Lesezeit\" \/>\n\t<meta name=\"twitter:data1\" content=\"5\u00a0Minuten\" \/>\n<script type=\"application\/ld+json\" class=\"yoast-schema-graph\">{\"@context\":\"https:\/\/schema.org\",\"@graph\":[{\"@type\":\"WebPage\",\"@id\":\"https:\/\/www.tktx-shop.xyz\/?page_id=363\",\"url\":\"https:\/\/www.tktx-shop.xyz\/?page_id=363\",\"name\":\"Brezbole\u010de tetova\u017ee? Odkrijte mo\u010d izvirne TKTX anesteti\u010dne kreme! - Dermacain\",\"isPartOf\":{\"@id\":\"https:\/\/www.tktx-shop.xyz\/#website\"},\"primaryImageOfPage\":{\"@id\":\"https:\/\/www.tktx-shop.xyz\/?page_id=363#primaryimage\"},\"image\":{\"@id\":\"https:\/\/www.tktx-shop.xyz\/?page_id=363#primaryimage\"},\"thumbnailUrl\":\"https:\/\/www.tktx-shop.xyz\/wp-content\/uploads\/2023\/10\/7-1024x560.png\",\"datePublished\":\"2025-01-17T06:45:55+00:00\",\"dateModified\":\"2025-07-21T16:43:33+00:00\",\"description\":\"S TKTX do tetova\u017ee brez bole\u010din! Originalna anesteti\u010dna krema z ve\u010durno u\u010dinkovitostjo, ki jo priporo\u010dajo tetovatorji. Dostava v dveh delovnih dneh.\",\"breadcrumb\":{\"@id\":\"https:\/\/www.tktx-shop.xyz\/?page_id=363#breadcrumb\"},\"inLanguage\":\"de\",\"potentialAction\":[{\"@type\":\"ReadAction\",\"target\":[\"https:\/\/www.tktx-shop.xyz\/?page_id=363\"]}]},{\"@type\":\"ImageObject\",\"inLanguage\":\"de\",\"@id\":\"https:\/\/www.tktx-shop.xyz\/?page_id=363#primaryimage\",\"url\":\"https:\/\/www.tktx-shop.xyz\/wp-content\/uploads\/2023\/10\/7.png\",\"contentUrl\":\"https:\/\/www.tktx-shop.xyz\/wp-content\/uploads\/2023\/10\/7.png\",\"width\":1080,\"height\":591,\"caption\":\"TKTX Tattoo-Creme\"},{\"@type\":\"BreadcrumbList\",\"@id\":\"https:\/\/www.tktx-shop.xyz\/?page_id=363#breadcrumb\",\"itemListElement\":[{\"@type\":\"ListItem\",\"position\":1,\"name\":\"Home\",\"item\":\"https:\/\/www.tktx-shop.xyz\/\"},{\"@type\":\"ListItem\",\"position\":2,\"name\":\"Brezbole\u010de tetova\u017ee? Odkrijte mo\u010d izvirne TKTX anesteti\u010dne kreme!\"}]},{\"@type\":\"WebSite\",\"@id\":\"https:\/\/www.tktx-shop.xyz\/#website\",\"url\":\"https:\/\/www.tktx-shop.xyz\/\",\"name\":\"Dermacain\",\"description\":\"Wir machen Ihre Tattoos angenehmer\",\"potentialAction\":[{\"@type\":\"SearchAction\",\"target\":{\"@type\":\"EntryPoint\",\"urlTemplate\":\"https:\/\/www.tktx-shop.xyz\/?s={search_term_string}\"},\"query-input\":{\"@type\":\"PropertyValueSpecification\",\"valueRequired\":true,\"valueName\":\"search_term_string\"}}],\"inLanguage\":\"de\"}]}<\/script>\n<!-- \/ Yoast SEO plugin. -->","yoast_head_json":{"title":"Brezbole\u010de tetova\u017ee? Odkrijte mo\u010d izvirne TKTX anesteti\u010dne kreme! - Dermacain","description":"S TKTX do tetova\u017ee brez bole\u010din! Originalna anesteti\u010dna krema z ve\u010durno u\u010dinkovitostjo, ki jo priporo\u010dajo tetovatorji. Dostava v dveh delovnih dneh.","robots":{"index":"index","follow":"follow","max-snippet":"max-snippet:-1","max-image-preview":"max-image-preview:large","max-video-preview":"max-video-preview:-1"},"canonical":"https:\/\/www.tktx-shop.xyz\/?page_id=363","og_locale":"de_DE","og_type":"article","og_title":"Brezbole\u010de tetova\u017ee? Odkrijte mo\u010d izvirne TKTX anesteti\u010dne kreme! - Dermacain","og_description":"S TKTX do tetova\u017ee brez bole\u010din! Originalna anesteti\u010dna krema z ve\u010durno u\u010dinkovitostjo, ki jo priporo\u010dajo tetovatorji. Dostava v dveh delovnih dneh.","og_url":"https:\/\/www.tktx-shop.xyz\/?page_id=363","og_site_name":"Dermacain","article_modified_time":"2025-07-21T16:43:33+00:00","og_image":[{"width":1080,"height":591,"url":"https:\/\/www.tktx-shop.xyz\/wp-content\/uploads\/2023\/10\/7.png","type":"image\/png"}],"twitter_card":"summary_large_image","twitter_misc":{"Gesch\u00e4tzte Lesezeit":"5\u00a0Minuten"},"schema":{"@context":"https:\/\/schema.org","@graph":[{"@type":"WebPage","@id":"https:\/\/www.tktx-shop.xyz\/?page_id=363","url":"https:\/\/www.tktx-shop.xyz\/?page_id=363","name":"Brezbole\u010de tetova\u017ee? Odkrijte mo\u010d izvirne TKTX anesteti\u010dne kreme! - Dermacain","isPartOf":{"@id":"https:\/\/www.tktx-shop.xyz\/#website"},"primaryImageOfPage":{"@id":"https:\/\/www.tktx-shop.xyz\/?page_id=363#primaryimage"},"image":{"@id":"https:\/\/www.tktx-shop.xyz\/?page_id=363#primaryimage"},"thumbnailUrl":"https:\/\/www.tktx-shop.xyz\/wp-content\/uploads\/2023\/10\/7-1024x560.png","datePublished":"2025-01-17T06:45:55+00:00","dateModified":"2025-07-21T16:43:33+00:00","description":"S TKTX do tetova\u017ee brez bole\u010din! Originalna anesteti\u010dna krema z ve\u010durno u\u010dinkovitostjo, ki jo priporo\u010dajo tetovatorji. Dostava v dveh delovnih dneh.","breadcrumb":{"@id":"https:\/\/www.tktx-shop.xyz\/?page_id=363#breadcrumb"},"inLanguage":"de","potentialAction":[{"@type":"ReadAction","target":["https:\/\/www.tktx-shop.xyz\/?page_id=363"]}]},{"@type":"ImageObject","inLanguage":"de","@id":"https:\/\/www.tktx-shop.xyz\/?page_id=363#primaryimage","url":"https:\/\/www.tktx-shop.xyz\/wp-content\/uploads\/2023\/10\/7.png","contentUrl":"https:\/\/www.tktx-shop.xyz\/wp-content\/uploads\/2023\/10\/7.png","width":1080,"height":591,"caption":"TKTX Tattoo-Creme"},{"@type":"BreadcrumbList","@id":"https:\/\/www.tktx-shop.xyz\/?page_id=363#breadcrumb","itemListElement":[{"@type":"ListItem","position":1,"name":"Home","item":"https:\/\/www.tktx-shop.xyz\/"},{"@type":"ListItem","position":2,"name":"Brezbole\u010de tetova\u017ee? Odkrijte mo\u010d izvirne TKTX anesteti\u010dne kreme!"}]},{"@type":"WebSite","@id":"https:\/\/www.tktx-shop.xyz\/#website","url":"https:\/\/www.tktx-shop.xyz\/","name":"Dermacain","description":"Wir machen Ihre Tattoos angenehmer","potentialAction":[{"@type":"SearchAction","target":{"@type":"EntryPoint","urlTemplate":"https:\/\/www.tktx-shop.xyz\/?s={search_term_string}"},"query-input":{"@type":"PropertyValueSpecification","valueRequired":true,"valueName":"search_term_string"}}],"inLanguage":"de"}]}},"_links":{"self":[{"href":"https:\/\/www.tktx-shop.xyz\/index.php?rest_route=\/wp\/v2\/pages\/363","targetHints":{"allow":["GET"]}}],"collection":[{"href":"https:\/\/www.tktx-shop.xyz\/index.php?rest_route=\/wp\/v2\/pages"}],"about":[{"href":"https:\/\/www.tktx-shop.xyz\/index.php?rest_route=\/wp\/v2\/types\/page"}],"author":[{"embeddable":true,"href":"https:\/\/www.tktx-shop.xyz\/index.php?rest_route=\/wp\/v2\/users\/1"}],"replies":[{"embeddable":true,"href":"https:\/\/www.tktx-shop.xyz\/index.php?rest_route=%2Fwp%2Fv2%2Fcomments&post=363"}],"version-history":[{"count":4,"href":"https:\/\/www.tktx-shop.xyz\/index.php?rest_route=\/wp\/v2\/pages\/363\/revisions"}],"predecessor-version":[{"id":921,"href":"https:\/\/www.tktx-shop.xyz\/index.php?rest_route=\/wp\/v2\/pages\/363\/revisions\/921"}],"wp:attachment":[{"href":"https:\/\/www.tktx-shop.xyz\/index.php?rest_route=%2Fwp%2Fv2%2Fmedia&parent=363"}],"curies":[{"name":"wp","href":"https:\/\/api.w.org\/{rel}","templated":true}]}}