{"id":3,"date":"2023-04-08T08:37:03","date_gmt":"2023-04-08T06:37:03","guid":{"rendered":"https:\/\/www.dermacain.de\/?page_id=3"},"modified":"2025-07-21T19:17:55","modified_gmt":"2025-07-21T17:17:55","slug":"ochrana-sukromia","status":"publish","type":"page","link":"https:\/\/www.tktx-shop.xyz\/?page_id=3","title":{"rendered":"Smernice o za\u0161\u010diti osebnih podatkov"},"content":{"rendered":"<h2 class=\"wp-block-heading\" data-start=\"140\" data-end=\"150\">Kdo smo<\/h2>\r\n<p data-start=\"152\" data-end=\"200\">Na\u0161 spletni naslov je: <a class=\"\" href=\"https:\/\/www.tktx-shop.xyz\" target=\"_new\" rel=\"noopener\" data-start=\"175\" data-end=\"200\">https:\/\/www.tktx-shop.xyz<\/a><\/p>\r\n<hr data-start=\"202\" data-end=\"205\" \/>\r\n<h3 data-start=\"207\" data-end=\"221\">Komentarji<\/h3>\r\n<p data-start=\"223\" data-end=\"431\">Ko obiskovalci pustijo komentarje na spletnem mestu, zbiramo podatke, prikazane v obrazcu za komentar, pa tudi IP-naslov uporabnika in podatke brskalnika (User-Agent), da zaznamo in prepre\u010dimo ne\u017eeleno po\u0161to.<\/p>\r\n<p data-start=\"433\" data-end=\"789\">Anonimiziran niz znakov, ustvarjen iz va\u0161ega e-po\u0161tnega naslova (imenovan hash), je lahko posredovan storitvi Gravatar, da se preveri, ali jo uporabljate. Politiko zasebnosti Gravatarja najdete tukaj: <a class=\"\" href=\"https:\/\/automattic.com\/privacy\/\" target=\"_new\" rel=\"noopener\" data-start=\"634\" data-end=\"700\">https:\/\/automattic.com\/privacy\/<\/a>. Ko je va\u0161 komentar odobren, bo va\u0161a profilna slika javno prikazana ob va\u0161em komentarju.<\/p>\r\n<hr data-start=\"791\" data-end=\"794\" \/>\r\n<h3 data-start=\"796\" data-end=\"821\">Multimedijske vsebine<\/h3>\r\n<p data-start=\"823\" data-end=\"994\">Prosimo, da pri nalaganju slik na spletno stran <strong data-start=\"871\" data-end=\"914\">ne vklju\u010dujete EXIF podatkov o lokaciji<\/strong>. Obiskovalci spletnega mesta lahko te informacije prenesejo in si jih ogledajo.<\/p>\r\n<hr data-start=\"996\" data-end=\"999\" \/>\r\n<h3 data-start=\"1001\" data-end=\"1023\">Pi\u0161kotki (Cookies)<\/h3>\r\n<p data-start=\"1025\" data-end=\"1246\">\u010ce pustite komentar, lahko dovolite shranjevanje svojega imena, e-po\u0161te in spletnega mesta v pi\u0161kotke. To je za va\u0161o udobnost, da teh podatkov ne vna\u0161ate znova ob naslednjem komentiranju. Ti pi\u0161kotki so veljavni eno leto.<\/p>\r\n<p data-start=\"1248\" data-end=\"1442\">Ko obi\u0161\u010dete na\u0161o prijavno stran, za\u010dasno shranimo pi\u0161kotek, da preverimo, ali va\u0161 brskalnik podpira pi\u0161kotke. Ti pi\u0161kotki <strong data-start=\"1370\" data-end=\"1403\">ne vsebujejo osebnih podatkov<\/strong> in se izbri\u0161ejo, ko zaprete brskalnik.<\/p>\r\n<p data-start=\"1444\" data-end=\"1717\">Ko se prijavite, nastavimo ve\u010d pi\u0161kotkov, da shranimo va\u0161e prijavne podatke in nastavitve prikaza. Prijavni pi\u0161kotki so veljavni <strong data-start=\"1573\" data-end=\"1582\">2 dni<\/strong>, nastavitve prikaza <strong data-start=\"1603\" data-end=\"1613\">1 leto<\/strong>. \u010ce izberete mo\u017enost \u201eZapomni si me\u201c, bo prijava veljavna <strong data-start=\"1672\" data-end=\"1683\">2 tedna<\/strong>. Ob odjavi se pi\u0161kotki izbri\u0161ejo.<\/p>\r\n<p data-start=\"1719\" data-end=\"1901\">\u010ce urejate ali objavite \u010dlanek, se v va\u0161 brskalnik shrani dodaten pi\u0161kotek, ki <strong data-start=\"1798\" data-end=\"1829\">ne vsebuje osebnih podatkov<\/strong> in velja 1 dan. Uporablja se le za shranjevanje ID-ja urejenega \u010dlanka.<\/p>\r\n<hr data-start=\"1903\" data-end=\"1906\" \/>\r\n<h3 data-start=\"1908\" data-end=\"1950\">Vdelane vsebine z drugih spletnih mest<\/h3>\r\n<p data-start=\"1952\" data-end=\"2151\">\u010clanki na tej spletni strani lahko vsebujejo <strong data-start=\"1997\" data-end=\"2016\">vdelane vsebine<\/strong> (npr. videoposnetke, slike, \u010dlanke ipd.). Vdelana vsebina se obna\u0161a enako, kot da bi obiskovalec dejansko obiskal drugo spletno stran.<\/p>\r\n<p data-start=\"2153\" data-end=\"2356\">Te spletne strani lahko zbirajo podatke o vas, uporabljajo pi\u0161kotke, vklju\u010dujejo sledenje tretjih oseb in spremljajo va\u0161e interakcije z vdelano vsebino \u2013 \u010de ste prijavljeni v ra\u010dun na tej spletni strani.<\/p>\r\n<hr data-start=\"2358\" data-end=\"2361\" \/>\r\n<h3 data-start=\"2363\" data-end=\"2397\">Komu posredujemo va\u0161e podatke?<\/h3>\r\n<p data-start=\"2399\" data-end=\"2488\">\u010ce zahtevate ponastavitev gesla, bo va\u0161 <strong data-start=\"2439\" data-end=\"2461\">IP-naslov vklju\u010den<\/strong> v e-po\u0161to za ponastavitev.<\/p>\r\n<hr data-start=\"2490\" data-end=\"2493\" \/>\r\n<h3 data-start=\"2495\" data-end=\"2532\">Koliko \u010dasa hranimo va\u0161e podatke?<\/h3>\r\n<p data-start=\"2534\" data-end=\"2684\">\u010ce dodate komentar, se komentar in njegovi metapodatki shranijo za nedolo\u010den \u010das. Tako lahko sistem samodejno prepozna in odobri prihodnje komentarje.<\/p>\r\n<p data-start=\"2686\" data-end=\"2995\">\u010ce se uporabniki registrirajo na na\u0161i spletni strani (\u010de ta mo\u017enost obstaja), <strong data-start=\"2764\" data-end=\"2802\">shranjujemo njihove osebne podatke<\/strong> v njihovem uporabni\u0161kem profilu. Vsi uporabniki lahko svoje podatke kadar koli <strong data-start=\"2882\" data-end=\"2919\">pregledajo, uredijo ali izbri\u0161ejo<\/strong> (razen uporabni\u0161kega imena). Te podatke lahko urejajo tudi skrbniki strani.<\/p>\r\n<hr data-start=\"2997\" data-end=\"3000\" \/>\r\n<h3 data-start=\"3002\" data-end=\"3049\">Kak\u0161ne pravice imate glede svojih podatkov?<\/h3>\r\n<p data-start=\"3051\" data-end=\"3380\">\u010ce imate ra\u010dun ali ste kdaj pustili komentar na tem spletnem mestu, lahko zahtevate <strong data-start=\"3135\" data-end=\"3161\">izvoz osebnih podatkov<\/strong>, ki jih hranimo o vas, vklju\u010dno z vsemi podatki, ki ste jih vnesli. Prav tako lahko zahtevate <strong data-start=\"3256\" data-end=\"3289\">izbris va\u0161ih osebnih podatkov<\/strong>, razen tistih, ki jih moramo hraniti iz pravnih, varnostnih ali administrativnih razlogov.<\/p>\r\n<hr data-start=\"3382\" data-end=\"3385\" \/>\r\n<h3 data-start=\"3387\" data-end=\"3418\">Kam po\u0161iljamo va\u0161e podatke?<\/h3>\r\n<p data-start=\"3420\" data-end=\"3532\">Komentarji obiskovalcev se lahko preverjajo s pomo\u010djo <strong data-start=\"3474\" data-end=\"3531\">avtomatiziranega sistema za zaznavanje ne\u017eelene po\u0161te<\/strong>.<\/p>\r\n<p data-start=\"3420\" data-end=\"3532\">\u00a0<\/p>\r\n<div class=\"min-h-8 text-message relative flex w-full flex-col items-end gap-2 whitespace-normal break-words text-start [.text-message+&amp;]:mt-5\" dir=\"auto\" data-message-author-role=\"assistant\" data-message-id=\"ab7cadc0-739a-4dd2-8ec7-f173db9d32ec\" data-message-model-slug=\"gpt-4o\">\r\n<p><strong>Morda vas zanima&#8230;<\/strong><\/p>\r\n<p><a href=\"https:\/\/www.tktx-shop.xyz\/?page_id=369\">Tatuiranje brez bole\u010din? Kupite originalno anestezijsko kremo TKTX in izkusite razliko!<\/a><\/p>\r\n<p><a href=\"https:\/\/www.tktx-shop.xyz\/?page_id=365\">Tetova\u017ea brez bole\u010din? Z originalno TKTX anesteti\u010dno kremo je to mogo\u010de!<\/a><\/p>\r\n<p><a href=\"https:\/\/www.tktx-shop.xyz\/\">TKTX \u2013 BOLI PROSTO TATTOOIRANJE NI MIT, TEMVE\u010c RESNI\u010cNOST!<\/a><\/p>\r\n<\/div>\r\n<div class=\"min-h-8 text-message relative flex w-full flex-col items-end gap-2 whitespace-normal break-words text-start [.text-message+&amp;]:mt-5\" dir=\"auto\" data-message-author-role=\"assistant\" data-message-id=\"ab7cadc0-739a-4dd2-8ec7-f173db9d32ec\" data-message-model-slug=\"gpt-4o\">\r\n<p><a href=\"https:\/\/www.tktx-shop.xyz\"><strong>Domov<\/strong><\/a><\/p>\r\n<\/div>","protected":false},"excerpt":{"rendered":"<p>Kdo smo Na\u0161 spletni naslov je: https:\/\/www.tktx-shop.xyz Komentarji Ko obiskovalci pustijo komentarje na spletnem mestu, zbiramo podatke, prikazane v obrazcu za komentar, pa tudi IP-naslov uporabnika in podatke brskalnika (User-Agent), da zaznamo in prepre\u010dimo ne\u017eeleno po\u0161to. Anonimiziran niz znakov, ustvarjen iz va\u0161ega e-po\u0161tnega naslova (imenovan hash), je lahko posredovan storitvi Gravatar, da se preveri, ali [&hellip;]<\/p>\n","protected":false},"author":1,"featured_media":0,"parent":0,"menu_order":0,"comment_status":"closed","ping_status":"closed","template":"","meta":{"_monsterinsights_skip_tracking":false,"_monsterinsights_sitenote_active":false,"_monsterinsights_sitenote_note":"","_monsterinsights_sitenote_category":0,"footnotes":""},"class_list":["post-3","page","type-page","status-publish","hentry"],"yoast_head":"<!-- This site is optimized with the Yoast SEO plugin v25.2 - https:\/\/yoast.com\/wordpress\/plugins\/seo\/ -->\n<title>Smernice o za\u0161\u010diti osebnih podatkov - Dermacain<\/title>\n<meta name=\"description\" content=\"Politika zasebnosti spletne strani TKTX: kako ravnamo z va\u0161imi podatki, pi\u0161kotki, komentarji in varnostjo. Preverite, kako za\u0161\u010ditimo va\u0161o zasebnost.\" \/>\n<meta name=\"robots\" content=\"index, follow, max-snippet:-1, max-image-preview:large, max-video-preview:-1\" \/>\n<link rel=\"canonical\" href=\"https:\/\/www.tktx-shop.xyz\/?page_id=3\" \/>\n<meta property=\"og:locale\" content=\"de_DE\" \/>\n<meta property=\"og:type\" content=\"article\" \/>\n<meta property=\"og:title\" content=\"Smernice o za\u0161\u010diti osebnih podatkov - Dermacain\" \/>\n<meta property=\"og:description\" content=\"Politika zasebnosti spletne strani TKTX: kako ravnamo z va\u0161imi podatki, pi\u0161kotki, komentarji in varnostjo. Preverite, kako za\u0161\u010ditimo va\u0161o zasebnost.\" \/>\n<meta property=\"og:url\" content=\"https:\/\/www.tktx-shop.xyz\/?page_id=3\" \/>\n<meta property=\"og:site_name\" content=\"Dermacain\" \/>\n<meta property=\"article:modified_time\" content=\"2025-07-21T17:17:55+00:00\" \/>\n<meta name=\"twitter:card\" content=\"summary_large_image\" \/>\n<meta name=\"twitter:label1\" content=\"Gesch\u00e4tzte Lesezeit\" \/>\n\t<meta name=\"twitter:data1\" content=\"3\u00a0Minuten\" \/>\n<script type=\"application\/ld+json\" class=\"yoast-schema-graph\">{\"@context\":\"https:\/\/schema.org\",\"@graph\":[{\"@type\":\"WebPage\",\"@id\":\"https:\/\/www.tktx-shop.xyz\/?page_id=3\",\"url\":\"https:\/\/www.tktx-shop.xyz\/?page_id=3\",\"name\":\"Smernice o za\u0161\u010diti osebnih podatkov - Dermacain\",\"isPartOf\":{\"@id\":\"https:\/\/www.tktx-shop.xyz\/#website\"},\"datePublished\":\"2023-04-08T06:37:03+00:00\",\"dateModified\":\"2025-07-21T17:17:55+00:00\",\"description\":\"Politika zasebnosti spletne strani TKTX: kako ravnamo z va\u0161imi podatki, pi\u0161kotki, komentarji in varnostjo. Preverite, kako za\u0161\u010ditimo va\u0161o zasebnost.\",\"breadcrumb\":{\"@id\":\"https:\/\/www.tktx-shop.xyz\/?page_id=3#breadcrumb\"},\"inLanguage\":\"de\",\"potentialAction\":[{\"@type\":\"ReadAction\",\"target\":[\"https:\/\/www.tktx-shop.xyz\/?page_id=3\"]}]},{\"@type\":\"BreadcrumbList\",\"@id\":\"https:\/\/www.tktx-shop.xyz\/?page_id=3#breadcrumb\",\"itemListElement\":[{\"@type\":\"ListItem\",\"position\":1,\"name\":\"Home\",\"item\":\"https:\/\/www.tktx-shop.xyz\/\"},{\"@type\":\"ListItem\",\"position\":2,\"name\":\"Smernice o za\u0161\u010diti osebnih podatkov\"}]},{\"@type\":\"WebSite\",\"@id\":\"https:\/\/www.tktx-shop.xyz\/#website\",\"url\":\"https:\/\/www.tktx-shop.xyz\/\",\"name\":\"Dermacain\",\"description\":\"Wir machen Ihre Tattoos angenehmer\",\"potentialAction\":[{\"@type\":\"SearchAction\",\"target\":{\"@type\":\"EntryPoint\",\"urlTemplate\":\"https:\/\/www.tktx-shop.xyz\/?s={search_term_string}\"},\"query-input\":{\"@type\":\"PropertyValueSpecification\",\"valueRequired\":true,\"valueName\":\"search_term_string\"}}],\"inLanguage\":\"de\"}]}<\/script>\n<!-- \/ Yoast SEO plugin. -->","yoast_head_json":{"title":"Smernice o za\u0161\u010diti osebnih podatkov - Dermacain","description":"Politika zasebnosti spletne strani TKTX: kako ravnamo z va\u0161imi podatki, pi\u0161kotki, komentarji in varnostjo. Preverite, kako za\u0161\u010ditimo va\u0161o zasebnost.","robots":{"index":"index","follow":"follow","max-snippet":"max-snippet:-1","max-image-preview":"max-image-preview:large","max-video-preview":"max-video-preview:-1"},"canonical":"https:\/\/www.tktx-shop.xyz\/?page_id=3","og_locale":"de_DE","og_type":"article","og_title":"Smernice o za\u0161\u010diti osebnih podatkov - Dermacain","og_description":"Politika zasebnosti spletne strani TKTX: kako ravnamo z va\u0161imi podatki, pi\u0161kotki, komentarji in varnostjo. Preverite, kako za\u0161\u010ditimo va\u0161o zasebnost.","og_url":"https:\/\/www.tktx-shop.xyz\/?page_id=3","og_site_name":"Dermacain","article_modified_time":"2025-07-21T17:17:55+00:00","twitter_card":"summary_large_image","twitter_misc":{"Gesch\u00e4tzte Lesezeit":"3\u00a0Minuten"},"schema":{"@context":"https:\/\/schema.org","@graph":[{"@type":"WebPage","@id":"https:\/\/www.tktx-shop.xyz\/?page_id=3","url":"https:\/\/www.tktx-shop.xyz\/?page_id=3","name":"Smernice o za\u0161\u010diti osebnih podatkov - Dermacain","isPartOf":{"@id":"https:\/\/www.tktx-shop.xyz\/#website"},"datePublished":"2023-04-08T06:37:03+00:00","dateModified":"2025-07-21T17:17:55+00:00","description":"Politika zasebnosti spletne strani TKTX: kako ravnamo z va\u0161imi podatki, pi\u0161kotki, komentarji in varnostjo. Preverite, kako za\u0161\u010ditimo va\u0161o zasebnost.","breadcrumb":{"@id":"https:\/\/www.tktx-shop.xyz\/?page_id=3#breadcrumb"},"inLanguage":"de","potentialAction":[{"@type":"ReadAction","target":["https:\/\/www.tktx-shop.xyz\/?page_id=3"]}]},{"@type":"BreadcrumbList","@id":"https:\/\/www.tktx-shop.xyz\/?page_id=3#breadcrumb","itemListElement":[{"@type":"ListItem","position":1,"name":"Home","item":"https:\/\/www.tktx-shop.xyz\/"},{"@type":"ListItem","position":2,"name":"Smernice o za\u0161\u010diti osebnih podatkov"}]},{"@type":"WebSite","@id":"https:\/\/www.tktx-shop.xyz\/#website","url":"https:\/\/www.tktx-shop.xyz\/","name":"Dermacain","description":"Wir machen Ihre Tattoos angenehmer","potentialAction":[{"@type":"SearchAction","target":{"@type":"EntryPoint","urlTemplate":"https:\/\/www.tktx-shop.xyz\/?s={search_term_string}"},"query-input":{"@type":"PropertyValueSpecification","valueRequired":true,"valueName":"search_term_string"}}],"inLanguage":"de"}]}},"_links":{"self":[{"href":"https:\/\/www.tktx-shop.xyz\/index.php?rest_route=\/wp\/v2\/pages\/3","targetHints":{"allow":["GET"]}}],"collection":[{"href":"https:\/\/www.tktx-shop.xyz\/index.php?rest_route=\/wp\/v2\/pages"}],"about":[{"href":"https:\/\/www.tktx-shop.xyz\/index.php?rest_route=\/wp\/v2\/types\/page"}],"author":[{"embeddable":true,"href":"https:\/\/www.tktx-shop.xyz\/index.php?rest_route=\/wp\/v2\/users\/1"}],"replies":[{"embeddable":true,"href":"https:\/\/www.tktx-shop.xyz\/index.php?rest_route=%2Fwp%2Fv2%2Fcomments&post=3"}],"version-history":[{"count":5,"href":"https:\/\/www.tktx-shop.xyz\/index.php?rest_route=\/wp\/v2\/pages\/3\/revisions"}],"predecessor-version":[{"id":938,"href":"https:\/\/www.tktx-shop.xyz\/index.php?rest_route=\/wp\/v2\/pages\/3\/revisions\/938"}],"wp:attachment":[{"href":"https:\/\/www.tktx-shop.xyz\/index.php?rest_route=%2Fwp%2Fv2%2Fmedia&parent=3"}],"curies":[{"name":"wp","href":"https:\/\/api.w.org\/{rel}","templated":true}]}}