{"id":239,"date":"2024-08-22T19:51:08","date_gmt":"2024-08-22T17:51:08","guid":{"rendered":"https:\/\/www.dermacain.de\/?page_id=239"},"modified":"2025-07-21T19:13:27","modified_gmt":"2025-07-21T17:13:27","slug":"entschaedigung-fuer-versaeumnisse","status":"publish","type":"page","link":"https:\/\/www.tktx-shop.xyz\/?page_id=239","title":{"rendered":"Od\u0161kodnina za izpustke"},"content":{"rendered":"<h2 data-start=\"129\" data-end=\"219\">\u2757 Niste zadovoljni s kremo Dermacain? Opravi\u010dujemo se in ponujamo vra\u010dilo ali zamenjavo<\/h2>\n<p data-start=\"221\" data-end=\"281\">Iskreno se opravi\u010dujemo za nev\u0161e\u010dnosti, povezane z izdelkom.<\/p>\n<p data-start=\"283\" data-end=\"518\">Na podlagi povratnih informacij smo ugotovili, da je <strong data-start=\"336\" data-end=\"424\">nekaterim strankam bila dostavljena Dermacain krema z ni\u017ejo koncentracijo anestetika<\/strong>, kot je standardno. To lahko vpliva na njeno u\u010dinkovitost \u2013 in za to se iskreno opravi\u010dujemo.<\/p>\n<p data-start=\"520\" data-end=\"637\">\u010ce ste prejeli tak izdelek, vam \u017eelimo <strong data-start=\"559\" data-end=\"583\">ponuditi nadomestilo<\/strong>. Napaka ni bila namerna in \u017eelimo jo takoj popraviti.<\/p>\n<hr data-start=\"639\" data-end=\"642\" \/>\n<h3 data-start=\"644\" data-end=\"672\">\ud83e\uddf4 Izberite nadomestilo:<\/h3>\n<p data-start=\"674\" data-end=\"729\">Kot opravi\u010dilo vam ponujamo izbiro med dvema mo\u017enostma:<\/p>\n<ul data-start=\"731\" data-end=\"872\">\n<li data-start=\"731\" data-end=\"789\">\n<p data-start=\"733\" data-end=\"789\">\u2705 Nova krema <strong data-start=\"746\" data-end=\"759\">Dermacain<\/strong> \u2013 ista krema kot nadomestek<\/p>\n<\/li>\n<li data-start=\"790\" data-end=\"872\">\n<p data-start=\"792\" data-end=\"872\">\u2705 Krema <strong data-start=\"800\" data-end=\"818\">TKTX 75\u202f% \u010crna<\/strong> \u2013 z vi\u0161jo koncentracijo anestetika za mo\u010dnej\u0161i u\u010dinek<\/p>\n<\/li>\n<\/ul>\n<hr data-start=\"874\" data-end=\"877\" \/>\n<h3 data-start=\"879\" data-end=\"902\">\ud83d\udce6 \u010ce ste naro\u010dili:<\/h3>\n<ul data-start=\"904\" data-end=\"1029\">\n<li data-start=\"904\" data-end=\"967\">\n<p data-start=\"906\" data-end=\"967\"><strong data-start=\"906\" data-end=\"924\">30\u202fg Dermacain<\/strong>, vam po\u0161ljemo <strong data-start=\"939\" data-end=\"965\">3\u00d7 10\u202fg TKTX 75\u202f% \u010crna<\/strong><\/p>\n<\/li>\n<li data-start=\"968\" data-end=\"1029\">\n<p data-start=\"970\" data-end=\"1029\"><strong data-start=\"970\" data-end=\"988\">50\u202fg Dermacain<\/strong>, vam po\u0161ljemo <strong data-start=\"1003\" data-end=\"1029\">5\u00d7 10\u202fg TKTX 75\u202f% \u010crna<\/strong><\/p>\n<\/li>\n<\/ul>\n<hr data-start=\"1031\" data-end=\"1034\" \/>\n<h3 data-start=\"1036\" data-end=\"1055\">\u27a1\ufe0f Kako naprej?<\/h3>\n<p data-start=\"1057\" data-end=\"1156\">Sporo\u010dite nam, katero mo\u017enost izberete, in kremo vam bomo <strong data-start=\"1115\" data-end=\"1137\">brezpla\u010dno poslali<\/strong> na na\u0161e stro\u0161ke.<\/p>\n<p data-start=\"1158\" data-end=\"1231\">Hvala za va\u0161o potrpe\u017eljivost in \u0161e enkrat se opravi\u010dujemo za nev\u0161e\u010dnosti.<\/p>\n<p><img loading=\"lazy\" decoding=\"async\" class=\"aligncenter wp-image-43 size-medium\" src=\"https:\/\/www.tktx-shop.xyz\/wp-content\/uploads\/2023\/04\/1-233x300.png\" alt=\"Dermacain Anestet\u010dna krema za tetoviranje TKTX\" width=\"233\" height=\"300\" srcset=\"https:\/\/www.tktx-shop.xyz\/wp-content\/uploads\/2023\/04\/1-233x300.png 233w, https:\/\/www.tktx-shop.xyz\/wp-content\/uploads\/2023\/04\/1-300x387.png 300w, https:\/\/www.tktx-shop.xyz\/wp-content\/uploads\/2023\/04\/1.png 469w\" sizes=\"auto, (max-width: 233px) 100vw, 233px\" \/><\/p>\n<p><img loading=\"lazy\" decoding=\"async\" class=\"wp-image-28 size-large\" src=\"https:\/\/www.tktx-shop.xyz\/wp-content\/uploads\/2023\/04\/Untitled-design-3-1024x434.png\" alt=\"TKTX 75% anestezinska krema za tetova\u017ee\" width=\"760\" height=\"322\" srcset=\"https:\/\/www.tktx-shop.xyz\/wp-content\/uploads\/2023\/04\/Untitled-design-3-1024x434.png 1024w, https:\/\/www.tktx-shop.xyz\/wp-content\/uploads\/2023\/04\/Untitled-design-3-300x127.png 300w, https:\/\/www.tktx-shop.xyz\/wp-content\/uploads\/2023\/04\/Untitled-design-3-600x254.png 600w, https:\/\/www.tktx-shop.xyz\/wp-content\/uploads\/2023\/04\/Untitled-design-3-768x326.png 768w, https:\/\/www.tktx-shop.xyz\/wp-content\/uploads\/2023\/04\/Untitled-design-3.png 1080w\" sizes=\"auto, (max-width: 760px) 100vw, 760px\" \/><\/p>\n<p>&nbsp;<\/p>\n<p>Kliknite na sliko, da izberete nadomestni izdelek.<\/p>\n<p>&nbsp;<\/p>\n<div class=\"min-h-8 text-message relative flex w-full flex-col items-end gap-2 whitespace-normal break-words text-start [.text-message+&amp;]:mt-5\" dir=\"auto\" data-message-author-role=\"assistant\" data-message-id=\"ab7cadc0-739a-4dd2-8ec7-f173db9d32ec\" data-message-model-slug=\"gpt-4o\">\n<p><strong>Morda vas zanima&#8230;<\/strong><\/p>\n<p><a href=\"https:\/\/www.tktx-shop.xyz\/?page_id=388\">Pogosto zastavljena vpra\u0161anja o TKTX kremi &#8211; Prakti\u010dni odgovori<\/a><\/p>\n<p><a href=\"https:\/\/www.tktx-shop.xyz\/?page_id=10\">Politika vra\u010dila in prito\u017eb<\/a><\/p>\n<p><a href=\"https:\/\/www.tktx-shop.xyz\/?page_id=3\">Smernice o za\u0161\u010diti osebnih podatkov<\/a><\/p>\n<\/div>\n<div class=\"min-h-8 text-message relative flex w-full flex-col items-end gap-2 whitespace-normal break-words text-start [.text-message+&amp;]:mt-5\" dir=\"auto\" data-message-author-role=\"assistant\" data-message-id=\"ab7cadc0-739a-4dd2-8ec7-f173db9d32ec\" data-message-model-slug=\"gpt-4o\">\n<p><a href=\"https:\/\/www.tktx-shop.xyz\"><strong>Domov<\/strong><\/a><\/p>\n<\/div>\n","protected":false},"excerpt":{"rendered":"<p>\u2757 Niste zadovoljni s kremo Dermacain? Opravi\u010dujemo se in ponujamo vra\u010dilo ali zamenjavo Iskreno se opravi\u010dujemo za nev\u0161e\u010dnosti, povezane z izdelkom. Na podlagi povratnih informacij smo ugotovili, da je nekaterim strankam bila dostavljena Dermacain krema z ni\u017ejo koncentracijo anestetika, kot je standardno. To lahko vpliva na njeno u\u010dinkovitost \u2013 in za to se iskreno opravi\u010dujemo. [&hellip;]<\/p>\n","protected":false},"author":1,"featured_media":0,"parent":0,"menu_order":0,"comment_status":"closed","ping_status":"closed","template":"","meta":{"_monsterinsights_skip_tracking":false,"_monsterinsights_sitenote_active":false,"_monsterinsights_sitenote_note":"","_monsterinsights_sitenote_category":0,"footnotes":""},"class_list":["post-239","page","type-page","status-publish","hentry"],"yoast_head":"<!-- This site is optimized with the Yoast SEO plugin v25.2 - https:\/\/yoast.com\/wordpress\/plugins\/seo\/ -->\n<title>Od\u0161kodnina za izpustke - Dermacain<\/title>\n<meta name=\"description\" content=\"\u010ce niste zadovoljni z Dermacain kremo, vam brezpla\u010dno po\u0161ljemo TKTX 75\u202f% \u010crna ali novo Dermacain. Popravimo na\u0161o napako \u2013 hitro in brez stro\u0161kov.Sp\u00fdta\u0165 sa modelu ChatGPT\" \/>\n<meta name=\"robots\" content=\"index, follow, max-snippet:-1, max-image-preview:large, max-video-preview:-1\" \/>\n<link rel=\"canonical\" href=\"https:\/\/www.tktx-shop.xyz\/?page_id=239\" \/>\n<meta property=\"og:locale\" content=\"de_DE\" \/>\n<meta property=\"og:type\" content=\"article\" \/>\n<meta property=\"og:title\" content=\"Od\u0161kodnina za izpustke - Dermacain\" \/>\n<meta property=\"og:description\" content=\"\u010ce niste zadovoljni z Dermacain kremo, vam brezpla\u010dno po\u0161ljemo TKTX 75\u202f% \u010crna ali novo Dermacain. Popravimo na\u0161o napako \u2013 hitro in brez stro\u0161kov.Sp\u00fdta\u0165 sa modelu ChatGPT\" \/>\n<meta property=\"og:url\" content=\"https:\/\/www.tktx-shop.xyz\/?page_id=239\" \/>\n<meta property=\"og:site_name\" content=\"Dermacain\" \/>\n<meta property=\"article:modified_time\" content=\"2025-07-21T17:13:27+00:00\" \/>\n<meta property=\"og:image\" content=\"https:\/\/www.tktx-shop.xyz\/wp-content\/uploads\/2023\/04\/1.png\" \/>\n\t<meta property=\"og:image:width\" content=\"469\" \/>\n\t<meta property=\"og:image:height\" content=\"605\" \/>\n\t<meta property=\"og:image:type\" content=\"image\/png\" \/>\n<meta name=\"twitter:card\" content=\"summary_large_image\" \/>\n<meta name=\"twitter:label1\" content=\"Gesch\u00e4tzte Lesezeit\" \/>\n\t<meta name=\"twitter:data1\" content=\"2\u00a0Minuten\" \/>\n<script type=\"application\/ld+json\" class=\"yoast-schema-graph\">{\"@context\":\"https:\/\/schema.org\",\"@graph\":[{\"@type\":\"WebPage\",\"@id\":\"https:\/\/www.tktx-shop.xyz\/?page_id=239\",\"url\":\"https:\/\/www.tktx-shop.xyz\/?page_id=239\",\"name\":\"Od\u0161kodnina za izpustke - Dermacain\",\"isPartOf\":{\"@id\":\"https:\/\/www.tktx-shop.xyz\/#website\"},\"primaryImageOfPage\":{\"@id\":\"https:\/\/www.tktx-shop.xyz\/?page_id=239#primaryimage\"},\"image\":{\"@id\":\"https:\/\/www.tktx-shop.xyz\/?page_id=239#primaryimage\"},\"thumbnailUrl\":\"https:\/\/www.tktx-shop.xyz\/wp-content\/uploads\/2023\/04\/1-233x300.png\",\"datePublished\":\"2024-08-22T17:51:08+00:00\",\"dateModified\":\"2025-07-21T17:13:27+00:00\",\"description\":\"\u010ce niste zadovoljni z Dermacain kremo, vam brezpla\u010dno po\u0161ljemo TKTX 75\u202f% \u010crna ali novo Dermacain. Popravimo na\u0161o napako \u2013 hitro in brez stro\u0161kov.Sp\u00fdta\u0165 sa modelu ChatGPT\",\"breadcrumb\":{\"@id\":\"https:\/\/www.tktx-shop.xyz\/?page_id=239#breadcrumb\"},\"inLanguage\":\"de\",\"potentialAction\":[{\"@type\":\"ReadAction\",\"target\":[\"https:\/\/www.tktx-shop.xyz\/?page_id=239\"]}]},{\"@type\":\"ImageObject\",\"inLanguage\":\"de\",\"@id\":\"https:\/\/www.tktx-shop.xyz\/?page_id=239#primaryimage\",\"url\":\"https:\/\/www.tktx-shop.xyz\/wp-content\/uploads\/2023\/04\/1.png\",\"contentUrl\":\"https:\/\/www.tktx-shop.xyz\/wp-content\/uploads\/2023\/04\/1.png\",\"width\":469,\"height\":605,\"caption\":\"Dermacain Bet\u00e4ubende Tattoo-Creme TKTX\"},{\"@type\":\"BreadcrumbList\",\"@id\":\"https:\/\/www.tktx-shop.xyz\/?page_id=239#breadcrumb\",\"itemListElement\":[{\"@type\":\"ListItem\",\"position\":1,\"name\":\"Home\",\"item\":\"https:\/\/www.tktx-shop.xyz\/\"},{\"@type\":\"ListItem\",\"position\":2,\"name\":\"Od\u0161kodnina za izpustke\"}]},{\"@type\":\"WebSite\",\"@id\":\"https:\/\/www.tktx-shop.xyz\/#website\",\"url\":\"https:\/\/www.tktx-shop.xyz\/\",\"name\":\"Dermacain\",\"description\":\"Wir machen Ihre Tattoos angenehmer\",\"potentialAction\":[{\"@type\":\"SearchAction\",\"target\":{\"@type\":\"EntryPoint\",\"urlTemplate\":\"https:\/\/www.tktx-shop.xyz\/?s={search_term_string}\"},\"query-input\":{\"@type\":\"PropertyValueSpecification\",\"valueRequired\":true,\"valueName\":\"search_term_string\"}}],\"inLanguage\":\"de\"}]}<\/script>\n<!-- \/ Yoast SEO plugin. -->","yoast_head_json":{"title":"Od\u0161kodnina za izpustke - Dermacain","description":"\u010ce niste zadovoljni z Dermacain kremo, vam brezpla\u010dno po\u0161ljemo TKTX 75\u202f% \u010crna ali novo Dermacain. Popravimo na\u0161o napako \u2013 hitro in brez stro\u0161kov.Sp\u00fdta\u0165 sa modelu ChatGPT","robots":{"index":"index","follow":"follow","max-snippet":"max-snippet:-1","max-image-preview":"max-image-preview:large","max-video-preview":"max-video-preview:-1"},"canonical":"https:\/\/www.tktx-shop.xyz\/?page_id=239","og_locale":"de_DE","og_type":"article","og_title":"Od\u0161kodnina za izpustke - Dermacain","og_description":"\u010ce niste zadovoljni z Dermacain kremo, vam brezpla\u010dno po\u0161ljemo TKTX 75\u202f% \u010crna ali novo Dermacain. Popravimo na\u0161o napako \u2013 hitro in brez stro\u0161kov.Sp\u00fdta\u0165 sa modelu ChatGPT","og_url":"https:\/\/www.tktx-shop.xyz\/?page_id=239","og_site_name":"Dermacain","article_modified_time":"2025-07-21T17:13:27+00:00","og_image":[{"width":469,"height":605,"url":"https:\/\/www.tktx-shop.xyz\/wp-content\/uploads\/2023\/04\/1.png","type":"image\/png"}],"twitter_card":"summary_large_image","twitter_misc":{"Gesch\u00e4tzte Lesezeit":"2\u00a0Minuten"},"schema":{"@context":"https:\/\/schema.org","@graph":[{"@type":"WebPage","@id":"https:\/\/www.tktx-shop.xyz\/?page_id=239","url":"https:\/\/www.tktx-shop.xyz\/?page_id=239","name":"Od\u0161kodnina za izpustke - Dermacain","isPartOf":{"@id":"https:\/\/www.tktx-shop.xyz\/#website"},"primaryImageOfPage":{"@id":"https:\/\/www.tktx-shop.xyz\/?page_id=239#primaryimage"},"image":{"@id":"https:\/\/www.tktx-shop.xyz\/?page_id=239#primaryimage"},"thumbnailUrl":"https:\/\/www.tktx-shop.xyz\/wp-content\/uploads\/2023\/04\/1-233x300.png","datePublished":"2024-08-22T17:51:08+00:00","dateModified":"2025-07-21T17:13:27+00:00","description":"\u010ce niste zadovoljni z Dermacain kremo, vam brezpla\u010dno po\u0161ljemo TKTX 75\u202f% \u010crna ali novo Dermacain. Popravimo na\u0161o napako \u2013 hitro in brez stro\u0161kov.Sp\u00fdta\u0165 sa modelu ChatGPT","breadcrumb":{"@id":"https:\/\/www.tktx-shop.xyz\/?page_id=239#breadcrumb"},"inLanguage":"de","potentialAction":[{"@type":"ReadAction","target":["https:\/\/www.tktx-shop.xyz\/?page_id=239"]}]},{"@type":"ImageObject","inLanguage":"de","@id":"https:\/\/www.tktx-shop.xyz\/?page_id=239#primaryimage","url":"https:\/\/www.tktx-shop.xyz\/wp-content\/uploads\/2023\/04\/1.png","contentUrl":"https:\/\/www.tktx-shop.xyz\/wp-content\/uploads\/2023\/04\/1.png","width":469,"height":605,"caption":"Dermacain Bet\u00e4ubende Tattoo-Creme TKTX"},{"@type":"BreadcrumbList","@id":"https:\/\/www.tktx-shop.xyz\/?page_id=239#breadcrumb","itemListElement":[{"@type":"ListItem","position":1,"name":"Home","item":"https:\/\/www.tktx-shop.xyz\/"},{"@type":"ListItem","position":2,"name":"Od\u0161kodnina za izpustke"}]},{"@type":"WebSite","@id":"https:\/\/www.tktx-shop.xyz\/#website","url":"https:\/\/www.tktx-shop.xyz\/","name":"Dermacain","description":"Wir machen Ihre Tattoos angenehmer","potentialAction":[{"@type":"SearchAction","target":{"@type":"EntryPoint","urlTemplate":"https:\/\/www.tktx-shop.xyz\/?s={search_term_string}"},"query-input":{"@type":"PropertyValueSpecification","valueRequired":true,"valueName":"search_term_string"}}],"inLanguage":"de"}]}},"_links":{"self":[{"href":"https:\/\/www.tktx-shop.xyz\/index.php?rest_route=\/wp\/v2\/pages\/239","targetHints":{"allow":["GET"]}}],"collection":[{"href":"https:\/\/www.tktx-shop.xyz\/index.php?rest_route=\/wp\/v2\/pages"}],"about":[{"href":"https:\/\/www.tktx-shop.xyz\/index.php?rest_route=\/wp\/v2\/types\/page"}],"author":[{"embeddable":true,"href":"https:\/\/www.tktx-shop.xyz\/index.php?rest_route=\/wp\/v2\/users\/1"}],"replies":[{"embeddable":true,"href":"https:\/\/www.tktx-shop.xyz\/index.php?rest_route=%2Fwp%2Fv2%2Fcomments&post=239"}],"version-history":[{"count":5,"href":"https:\/\/www.tktx-shop.xyz\/index.php?rest_route=\/wp\/v2\/pages\/239\/revisions"}],"predecessor-version":[{"id":934,"href":"https:\/\/www.tktx-shop.xyz\/index.php?rest_route=\/wp\/v2\/pages\/239\/revisions\/934"}],"wp:attachment":[{"href":"https:\/\/www.tktx-shop.xyz\/index.php?rest_route=%2Fwp%2Fv2%2Fmedia&parent=239"}],"curies":[{"name":"wp","href":"https:\/\/api.w.org\/{rel}","templated":true}]}}