{"id":14,"date":"2023-04-10T18:25:04","date_gmt":"2023-04-10T16:25:04","guid":{"rendered":"https:\/\/www.dermacain.de\/?page_id=14"},"modified":"2025-07-21T18:51:23","modified_gmt":"2025-07-21T16:51:23","slug":"dermacain-die-starkste-creme-zur-betaubung-von-tatowierungen","status":"publish","type":"page","link":"https:\/\/www.tktx-shop.xyz\/?page_id=14","title":{"rendered":"Dermacain Najmo\u010dnej\u0161a krema za anestezijo tetova\u017e."},"content":{"rendered":"<h2 data-start=\"143\" data-end=\"201\">\ud83d\udd39 Zakaj uporabiti anesteti\u010dno kremo pred tetoviranjem?<\/h2>\n<p data-start=\"203\" data-end=\"446\">Razmi\u0161ljate o tetova\u017ei, a vas skrbi bole\u010dina? Ne i\u0161\u010dite dalje \u2013 <strong data-start=\"267\" data-end=\"312\">najmo\u010dnej\u0161a anesteti\u010dna krema za tetova\u017ee<\/strong> je tukaj! Dermacain lahko celoten postopek tetoviranja naredi veliko manj bole\u010d in prijetnej\u0161i \u2013 tako za vas kot tudi za tetovatorja.<\/p>\n<p data-start=\"448\" data-end=\"714\">Dobiti tetova\u017eo je lahko stresna izku\u0161nja, zlasti \u010de imate nizko toleranco na bole\u010dino. Misel na igle, ki znova in znova prebadajo ko\u017eo, je lahko zastra\u0161ujo\u010da. A z najmo\u010dnej\u0161o anesteti\u010dno kremo za tetova\u017ee se lahko sprostite in u\u017eivate, medtem ko krema opravi svoje.<\/p>\n<p data-start=\"716\" data-end=\"1066\"><strong data-start=\"716\" data-end=\"729\">Dermacain<\/strong> vsebuje 15,6 % lidokaina \u2013 lokalnega anestetika, ki blokira \u017eiv\u010dne signale, ki prena\u0161ajo bole\u010dino v mo\u017egane. Po nanosu na ko\u017eo za\u010dne delovati \u017ee v 30 minutah in zagotavlja skoraj popolnoma <strong data-start=\"919\" data-end=\"940\">nebole\u010do izku\u0161njo<\/strong> med tetoviranjem. Ni\u010d ve\u010d trzanja ali neugodja! Poleg tega lahko pomaga tudi po tetoviranju, saj laj\u0161a bole\u010dino in nelagodje.<\/p>\n<hr data-start=\"1068\" data-end=\"1071\" \/>\n<h3 data-start=\"1073\" data-end=\"1128\">\ud83d\udca1 Zakaj naj tetovator uporablja anesteti\u010dno kremo?<\/h3>\n<p><iframe loading=\"lazy\" title=\"Kako pravilno nanesti anesteti\u010dno kremo TKTX pred tetova\u017eo?\" width=\"760\" height=\"428\" src=\"https:\/\/www.youtube.com\/embed\/5HZfXko8OVI?feature=oembed\" frameborder=\"0\" allow=\"accelerometer; autoplay; clipboard-write; encrypted-media; gyroscope; picture-in-picture; web-share\" referrerpolicy=\"strict-origin-when-cross-origin\" allowfullscreen><\/iframe><\/p>\n<p data-start=\"1130\" data-end=\"1378\">Kot tetovator \u017eelite svojim strankam omogo\u010diti najbolj\u0161o izku\u0161njo. Uporaba najmo\u010dnej\u0161e anesteti\u010dne kreme za tetoviranje pri tem pomaga. Stranke, ki ob\u010dutijo bole\u010dino, se lahko premikajo ali celo izgubijo zavest \u2013 kar ote\u017ei va\u0161e delo in ga podalj\u0161a.<\/p>\n<p data-start=\"1380\" data-end=\"1563\">Z uporabo Dermacain kreme bodo stranke med tetoviranjem mirne in spro\u0161\u010dene, kar vam omogo\u010da bolj natan\u010dno delo in <strong data-start=\"1494\" data-end=\"1514\">bolj\u0161e rezultate<\/strong>. Zadovoljne stranke pa se bodo tudi rade vrnile!<\/p>\n<hr data-start=\"1565\" data-end=\"1568\" \/>\n<h3 data-start=\"1570\" data-end=\"1605\">\ud83d\udd2c Primerjava z drugimi kremami<\/h3>\n<p data-start=\"1607\" data-end=\"1621\">\n<table id=\"tablepress-3\" class=\"tablepress tablepress-id-3\">\n<thead>\n<tr class=\"row-1\">\n\t<th class=\"column-1\">Dermacain<\/th><th class=\"column-2\">TKTX<\/th>\n<\/tr>\n<\/thead>\n<tbody class=\"row-striping row-hover\">\n<tr class=\"row-2\">\n\t<td class=\"column-1\">Lidocaingehalt 15,6 %<\/td><td class=\"column-2\">Lidocaingehalt 7%<\/td>\n<\/tr>\n<tr class=\"row-3\">\n\t<td class=\"column-1\">Hochwertige Sahne aus S\u00fcdkorea<\/td><td class=\"column-2\">In China hergestellt<\/td>\n<\/tr>\n<tr class=\"row-4\">\n\t<td class=\"column-1\">30 g f\u00fcr 29,99\u20ac<\/td><td class=\"column-2\">10 g f\u00fcr 14,99\u20ac<\/td>\n<\/tr>\n<\/tbody>\n<\/table>\n<!-- #tablepress-3 from cache --><\/p>\n<hr data-start=\"1623\" data-end=\"1626\" \/>\n<h3 data-start=\"1628\" data-end=\"1678\">\ud83d\udd0e I\u0161\u010dete najbolj\u0161o anesteti\u010dno kremo na trgu?<\/h3>\n<p data-start=\"1680\" data-end=\"1928\">Na\u0161a <strong data-start=\"1685\" data-end=\"1698\">Dermacain<\/strong> krema, izdelana v biotehnolo\u0161kih laboratorijih v Ju\u017eni Koreji, zagotavlja <strong data-start=\"1773\" data-end=\"1794\">najvi\u0161jo kakovost<\/strong>. Ne gre za \u0161e en poceni kitajski izdelek, temve\u010d za preverjeno re\u0161itev, ki jo prodajamo \u017ee leta z visoko stopnjo zadovoljstva strank.<\/p>\n<p data-start=\"1930\" data-end=\"2166\">Ponujamo vam formulo z najvi\u0161jo dovoljeno koncentracijo anesteti\u010dnih snovi \u2013 za kar najbolj prijetno tetoviranje. \u010ce z izdelkom niste zadovoljni, ga lahko vrnete \u2013 tudi \u010de je odprt, a nerabljen v celoti \u2013 in <strong data-start=\"2138\" data-end=\"2165\">povrnili vam bomo denar<\/strong>.<\/p>\n<hr data-start=\"2168\" data-end=\"2171\" \/>\n<h3 data-start=\"2173\" data-end=\"2207\">\u2757 Vas skrbijo stranski u\u010dinki?<\/h3>\n<p data-start=\"2209\" data-end=\"2406\">Najpogostej\u0161i ne\u017eeleni u\u010dinki vklju\u010dujejo srbenje ali za\u010dasno razbarvanje ko\u017ee na mestu nanosa. Alergije na lidokain so redke.<br data-start=\"2335\" data-end=\"2338\" \/>Izberite na\u0161o anesteti\u010dno kremo za <strong data-start=\"2373\" data-end=\"2396\">varno in u\u010dinkovito<\/strong> izku\u0161njo!<\/p>\n<hr data-start=\"2408\" data-end=\"2411\" \/>\n<h3 data-start=\"2413\" data-end=\"2438\">\ud83d\udce6 Brezpla\u010dna dostava<\/h3>\n<p data-start=\"2440\" data-end=\"2591\">Vsa naro\u010dila s kremo odpo\u0161ljemo \u010dim prej (obi\u010dajno \u0161e isti delovni dan do 11:00).<br data-start=\"2521\" data-end=\"2524\" \/><strong data-start=\"2524\" data-end=\"2555\">Dostava v DVA DELOVNA DNEVA<\/strong>. Mo\u017ena je tudi pla\u010dila po povzetju.<\/p>\n<p><img loading=\"lazy\" decoding=\"async\" class=\"aligncenter wp-image-39 size-medium\" src=\"https:\/\/www.tktx-shop.xyz\/wp-content\/uploads\/2023\/04\/Orange-Truck-Free-Shipping-Instagram-Post-e1690105640659-300x297.png\" alt=\"Tattoo-An\u00e4sthesiecreme\" width=\"300\" height=\"297\" srcset=\"https:\/\/www.tktx-shop.xyz\/wp-content\/uploads\/2023\/04\/Orange-Truck-Free-Shipping-Instagram-Post-e1690105640659-300x297.png 300w, https:\/\/www.tktx-shop.xyz\/wp-content\/uploads\/2023\/04\/Orange-Truck-Free-Shipping-Instagram-Post-e1690105640659-100x100.png 100w, https:\/\/www.tktx-shop.xyz\/wp-content\/uploads\/2023\/04\/Orange-Truck-Free-Shipping-Instagram-Post-e1690105640659-150x150.png 150w, https:\/\/www.tktx-shop.xyz\/wp-content\/uploads\/2023\/04\/Orange-Truck-Free-Shipping-Instagram-Post-e1690105640659.png 496w\" sizes=\"auto, (max-width: 300px) 100vw, 300px\" \/><\/p>\n<h3 data-start=\"2598\" data-end=\"2621\">\ud83d\udcb0 Kako do popusta?<\/h3>\n<p data-start=\"2623\" data-end=\"2762\">Na vse Dermacain anesteti\u010dne kreme nudimo koli\u010dinske popuste.<br data-start=\"2684\" data-end=\"2687\" \/>Popust se za\u010dne \u017ee pri nakupu 2 kosov \u2013 <strong data-start=\"2727\" data-end=\"2762\">ve\u010d kot kupite, ve\u010d prihranite!<\/strong><\/p>\n<hr data-start=\"2764\" data-end=\"2767\" \/>\n<h2 data-start=\"2769\" data-end=\"2828\">\u2705 I\u0161\u010dete najbolj\u0161o kremo proti bole\u010dini pri tetoviranju?<\/h2>\n<p data-start=\"2830\" data-end=\"3074\">Ne i\u0161\u010dite ve\u010d \u2013 <strong data-start=\"2846\" data-end=\"2891\">najmo\u010dnej\u0161a anesteti\u010dna krema za tetova\u017ee<\/strong> bo poskrbela za prijetnej\u0161i postopek tako za vas kot za va\u0161ega tetovatorja. Z uporabo Dermacaina boste zagotovili prijetno izku\u0161njo brez bole\u010dine.<br data-start=\"3038\" data-end=\"3041\" \/><strong data-start=\"3041\" data-end=\"3074\">Zakaj bi trpeli, \u010de ni treba?<\/strong><\/p>\n<p data-start=\"3076\" data-end=\"3157\"><div class=\"woocommerce columns-2 \"><\/div><\/p>\n<hr data-start=\"3159\" data-end=\"3162\" \/>\n<h3 data-start=\"3164\" data-end=\"3189\">\ud83d\udcde Kontaktirajte nas:<\/h3>\n<p data-start=\"3191\" data-end=\"3284\">Za vpra\u0161anja in naro\u010dila smo vam na voljo. Po\u0161ljite nam SMS na \u0161tevilko <strong data-start=\"3263\" data-end=\"3283\">+421 902 877 942<\/strong>.<\/p>\n<p data-start=\"3191\" data-end=\"3284\">\n<div class=\"min-h-8 text-message relative flex w-full flex-col items-end gap-2 whitespace-normal break-words text-start [.text-message+&amp;]:mt-5\" dir=\"auto\" data-message-author-role=\"assistant\" data-message-id=\"ab7cadc0-739a-4dd2-8ec7-f173db9d32ec\" data-message-model-slug=\"gpt-4o\">\n<p><strong>Morda vas zanima&#8230;<\/strong><\/p>\n<p><a href=\"https:\/\/www.tktx-shop.xyz\/?page_id=382\">Je TKTX varen za ob\u010dutljivo ko\u017eo?<\/a><\/p>\n<p><a href=\"https:\/\/www.tktx-shop.xyz\/?page_id=372\">Kako deluje TKTX anesteti\u010dna krema za tetova\u017ee?<\/a><\/p>\n<\/div>\n<div class=\"min-h-8 text-message relative flex w-full flex-col items-end gap-2 whitespace-normal break-words text-start [.text-message+&amp;]:mt-5\" dir=\"auto\" data-message-author-role=\"assistant\" data-message-id=\"ab7cadc0-739a-4dd2-8ec7-f173db9d32ec\" data-message-model-slug=\"gpt-4o\">\n<p><a href=\"https:\/\/www.tktx-shop.xyz\/?page_id=394\">Gro\u017enje zaradi ponarejenih anesteti\u010dnih krem: Zakaj staviti na originalni TKTX?<\/a><\/p>\n<p><a href=\"https:\/\/www.tktx-shop.xyz\"><strong>Domov<\/strong><\/a><\/p>\n<\/div>\n","protected":false},"excerpt":{"rendered":"<p>\ud83d\udd39 Zakaj uporabiti anesteti\u010dno kremo pred tetoviranjem? Razmi\u0161ljate o tetova\u017ei, a vas skrbi bole\u010dina? Ne i\u0161\u010dite dalje \u2013 najmo\u010dnej\u0161a anesteti\u010dna krema za tetova\u017ee je tukaj! Dermacain lahko celoten postopek tetoviranja naredi veliko manj bole\u010d in prijetnej\u0161i \u2013 tako za vas kot tudi za tetovatorja. Dobiti tetova\u017eo je lahko stresna izku\u0161nja, zlasti \u010de imate nizko toleranco [&hellip;]<\/p>\n","protected":false},"author":1,"featured_media":0,"parent":0,"menu_order":0,"comment_status":"closed","ping_status":"closed","template":"","meta":{"_monsterinsights_skip_tracking":false,"_monsterinsights_sitenote_active":false,"_monsterinsights_sitenote_note":"","_monsterinsights_sitenote_category":0,"footnotes":""},"class_list":["post-14","page","type-page","status-publish","hentry"],"yoast_head":"<!-- This site is optimized with the Yoast SEO plugin v25.2 - https:\/\/yoast.com\/wordpress\/plugins\/seo\/ -->\n<title>Dermacain Najmo\u010dnej\u0161a krema za anestezijo tetova\u017e. - Dermacain<\/title>\n<meta name=\"description\" content=\"Uporabite anesteti\u010dno kremo Dermacain z 15,6 % lidokaina za brezbolno tetoviranje. Kakovost iz Ju\u017ene Koreje. Dostava v dveh delovnih dneh!\" \/>\n<meta name=\"robots\" content=\"index, follow, max-snippet:-1, max-image-preview:large, max-video-preview:-1\" \/>\n<link rel=\"canonical\" href=\"https:\/\/www.tktx-shop.xyz\/?page_id=14\" \/>\n<meta property=\"og:locale\" content=\"de_DE\" \/>\n<meta property=\"og:type\" content=\"article\" \/>\n<meta property=\"og:title\" content=\"Dermacain Najmo\u010dnej\u0161a krema za anestezijo tetova\u017e. - Dermacain\" \/>\n<meta property=\"og:description\" content=\"Uporabite anesteti\u010dno kremo Dermacain z 15,6 % lidokaina za brezbolno tetoviranje. Kakovost iz Ju\u017ene Koreje. Dostava v dveh delovnih dneh!\" \/>\n<meta property=\"og:url\" content=\"https:\/\/www.tktx-shop.xyz\/?page_id=14\" \/>\n<meta property=\"og:site_name\" content=\"Dermacain\" \/>\n<meta property=\"article:modified_time\" content=\"2025-07-21T16:51:23+00:00\" \/>\n<meta property=\"og:image\" content=\"https:\/\/www.tktx-shop.xyz\/wp-content\/uploads\/2023\/04\/Orange-Truck-Free-Shipping-Instagram-Post-e1690105640659.png\" \/>\n\t<meta property=\"og:image:width\" content=\"496\" \/>\n\t<meta property=\"og:image:height\" content=\"491\" \/>\n\t<meta property=\"og:image:type\" content=\"image\/png\" \/>\n<meta name=\"twitter:card\" content=\"summary_large_image\" \/>\n<meta name=\"twitter:label1\" content=\"Gesch\u00e4tzte Lesezeit\" \/>\n\t<meta name=\"twitter:data1\" content=\"3\u00a0Minuten\" \/>\n<script type=\"application\/ld+json\" class=\"yoast-schema-graph\">{\"@context\":\"https:\/\/schema.org\",\"@graph\":[{\"@type\":\"WebPage\",\"@id\":\"https:\/\/www.tktx-shop.xyz\/?page_id=14\",\"url\":\"https:\/\/www.tktx-shop.xyz\/?page_id=14\",\"name\":\"Dermacain Najmo\u010dnej\u0161a krema za anestezijo tetova\u017e. - Dermacain\",\"isPartOf\":{\"@id\":\"https:\/\/www.tktx-shop.xyz\/#website\"},\"primaryImageOfPage\":{\"@id\":\"https:\/\/www.tktx-shop.xyz\/?page_id=14#primaryimage\"},\"image\":{\"@id\":\"https:\/\/www.tktx-shop.xyz\/?page_id=14#primaryimage\"},\"thumbnailUrl\":\"https:\/\/www.tktx-shop.xyz\/wp-content\/uploads\/2023\/04\/Orange-Truck-Free-Shipping-Instagram-Post-e1690105640659-300x297.png\",\"datePublished\":\"2023-04-10T16:25:04+00:00\",\"dateModified\":\"2025-07-21T16:51:23+00:00\",\"description\":\"Uporabite anesteti\u010dno kremo Dermacain z 15,6 % lidokaina za brezbolno tetoviranje. Kakovost iz Ju\u017ene Koreje. Dostava v dveh delovnih dneh!\",\"breadcrumb\":{\"@id\":\"https:\/\/www.tktx-shop.xyz\/?page_id=14#breadcrumb\"},\"inLanguage\":\"de\",\"potentialAction\":[{\"@type\":\"ReadAction\",\"target\":[\"https:\/\/www.tktx-shop.xyz\/?page_id=14\"]}]},{\"@type\":\"ImageObject\",\"inLanguage\":\"de\",\"@id\":\"https:\/\/www.tktx-shop.xyz\/?page_id=14#primaryimage\",\"url\":\"https:\/\/www.tktx-shop.xyz\/wp-content\/uploads\/2023\/04\/Orange-Truck-Free-Shipping-Instagram-Post-e1690105640659.png\",\"contentUrl\":\"https:\/\/www.tktx-shop.xyz\/wp-content\/uploads\/2023\/04\/Orange-Truck-Free-Shipping-Instagram-Post-e1690105640659.png\",\"width\":496,\"height\":491},{\"@type\":\"BreadcrumbList\",\"@id\":\"https:\/\/www.tktx-shop.xyz\/?page_id=14#breadcrumb\",\"itemListElement\":[{\"@type\":\"ListItem\",\"position\":1,\"name\":\"Home\",\"item\":\"https:\/\/www.tktx-shop.xyz\/\"},{\"@type\":\"ListItem\",\"position\":2,\"name\":\"Dermacain Najmo\u010dnej\u0161a krema za anestezijo tetova\u017e.\"}]},{\"@type\":\"WebSite\",\"@id\":\"https:\/\/www.tktx-shop.xyz\/#website\",\"url\":\"https:\/\/www.tktx-shop.xyz\/\",\"name\":\"Dermacain\",\"description\":\"Wir machen Ihre Tattoos angenehmer\",\"potentialAction\":[{\"@type\":\"SearchAction\",\"target\":{\"@type\":\"EntryPoint\",\"urlTemplate\":\"https:\/\/www.tktx-shop.xyz\/?s={search_term_string}\"},\"query-input\":{\"@type\":\"PropertyValueSpecification\",\"valueRequired\":true,\"valueName\":\"search_term_string\"}}],\"inLanguage\":\"de\"}]}<\/script>\n<!-- \/ Yoast SEO plugin. -->","yoast_head_json":{"title":"Dermacain Najmo\u010dnej\u0161a krema za anestezijo tetova\u017e. - Dermacain","description":"Uporabite anesteti\u010dno kremo Dermacain z 15,6 % lidokaina za brezbolno tetoviranje. Kakovost iz Ju\u017ene Koreje. Dostava v dveh delovnih dneh!","robots":{"index":"index","follow":"follow","max-snippet":"max-snippet:-1","max-image-preview":"max-image-preview:large","max-video-preview":"max-video-preview:-1"},"canonical":"https:\/\/www.tktx-shop.xyz\/?page_id=14","og_locale":"de_DE","og_type":"article","og_title":"Dermacain Najmo\u010dnej\u0161a krema za anestezijo tetova\u017e. - Dermacain","og_description":"Uporabite anesteti\u010dno kremo Dermacain z 15,6 % lidokaina za brezbolno tetoviranje. Kakovost iz Ju\u017ene Koreje. Dostava v dveh delovnih dneh!","og_url":"https:\/\/www.tktx-shop.xyz\/?page_id=14","og_site_name":"Dermacain","article_modified_time":"2025-07-21T16:51:23+00:00","og_image":[{"width":496,"height":491,"url":"https:\/\/www.tktx-shop.xyz\/wp-content\/uploads\/2023\/04\/Orange-Truck-Free-Shipping-Instagram-Post-e1690105640659.png","type":"image\/png"}],"twitter_card":"summary_large_image","twitter_misc":{"Gesch\u00e4tzte Lesezeit":"3\u00a0Minuten"},"schema":{"@context":"https:\/\/schema.org","@graph":[{"@type":"WebPage","@id":"https:\/\/www.tktx-shop.xyz\/?page_id=14","url":"https:\/\/www.tktx-shop.xyz\/?page_id=14","name":"Dermacain Najmo\u010dnej\u0161a krema za anestezijo tetova\u017e. - Dermacain","isPartOf":{"@id":"https:\/\/www.tktx-shop.xyz\/#website"},"primaryImageOfPage":{"@id":"https:\/\/www.tktx-shop.xyz\/?page_id=14#primaryimage"},"image":{"@id":"https:\/\/www.tktx-shop.xyz\/?page_id=14#primaryimage"},"thumbnailUrl":"https:\/\/www.tktx-shop.xyz\/wp-content\/uploads\/2023\/04\/Orange-Truck-Free-Shipping-Instagram-Post-e1690105640659-300x297.png","datePublished":"2023-04-10T16:25:04+00:00","dateModified":"2025-07-21T16:51:23+00:00","description":"Uporabite anesteti\u010dno kremo Dermacain z 15,6 % lidokaina za brezbolno tetoviranje. Kakovost iz Ju\u017ene Koreje. Dostava v dveh delovnih dneh!","breadcrumb":{"@id":"https:\/\/www.tktx-shop.xyz\/?page_id=14#breadcrumb"},"inLanguage":"de","potentialAction":[{"@type":"ReadAction","target":["https:\/\/www.tktx-shop.xyz\/?page_id=14"]}]},{"@type":"ImageObject","inLanguage":"de","@id":"https:\/\/www.tktx-shop.xyz\/?page_id=14#primaryimage","url":"https:\/\/www.tktx-shop.xyz\/wp-content\/uploads\/2023\/04\/Orange-Truck-Free-Shipping-Instagram-Post-e1690105640659.png","contentUrl":"https:\/\/www.tktx-shop.xyz\/wp-content\/uploads\/2023\/04\/Orange-Truck-Free-Shipping-Instagram-Post-e1690105640659.png","width":496,"height":491},{"@type":"BreadcrumbList","@id":"https:\/\/www.tktx-shop.xyz\/?page_id=14#breadcrumb","itemListElement":[{"@type":"ListItem","position":1,"name":"Home","item":"https:\/\/www.tktx-shop.xyz\/"},{"@type":"ListItem","position":2,"name":"Dermacain Najmo\u010dnej\u0161a krema za anestezijo tetova\u017e."}]},{"@type":"WebSite","@id":"https:\/\/www.tktx-shop.xyz\/#website","url":"https:\/\/www.tktx-shop.xyz\/","name":"Dermacain","description":"Wir machen Ihre Tattoos angenehmer","potentialAction":[{"@type":"SearchAction","target":{"@type":"EntryPoint","urlTemplate":"https:\/\/www.tktx-shop.xyz\/?s={search_term_string}"},"query-input":{"@type":"PropertyValueSpecification","valueRequired":true,"valueName":"search_term_string"}}],"inLanguage":"de"}]}},"_links":{"self":[{"href":"https:\/\/www.tktx-shop.xyz\/index.php?rest_route=\/wp\/v2\/pages\/14","targetHints":{"allow":["GET"]}}],"collection":[{"href":"https:\/\/www.tktx-shop.xyz\/index.php?rest_route=\/wp\/v2\/pages"}],"about":[{"href":"https:\/\/www.tktx-shop.xyz\/index.php?rest_route=\/wp\/v2\/types\/page"}],"author":[{"embeddable":true,"href":"https:\/\/www.tktx-shop.xyz\/index.php?rest_route=\/wp\/v2\/users\/1"}],"replies":[{"embeddable":true,"href":"https:\/\/www.tktx-shop.xyz\/index.php?rest_route=%2Fwp%2Fv2%2Fcomments&post=14"}],"version-history":[{"count":7,"href":"https:\/\/www.tktx-shop.xyz\/index.php?rest_route=\/wp\/v2\/pages\/14\/revisions"}],"predecessor-version":[{"id":925,"href":"https:\/\/www.tktx-shop.xyz\/index.php?rest_route=\/wp\/v2\/pages\/14\/revisions\/925"}],"wp:attachment":[{"href":"https:\/\/www.tktx-shop.xyz\/index.php?rest_route=%2Fwp%2Fv2%2Fmedia&parent=14"}],"curies":[{"name":"wp","href":"https:\/\/api.w.org\/{rel}","templated":true}]}}