{"id":10,"date":"2023-04-08T08:51:39","date_gmt":"2023-04-08T06:51:39","guid":{"rendered":"https:\/\/www.dermacain.de\/?page_id=10"},"modified":"2025-07-21T19:16:15","modified_gmt":"2025-07-21T17:16:15","slug":"reklamacie","status":"publish","type":"page","link":"https:\/\/www.tktx-shop.xyz\/?page_id=10","title":{"rendered":"Politika vra\u010dila in prito\u017eb"},"content":{"rendered":"<h2 data-start=\"114\" data-end=\"147\">\ud83d\udd01 Politika vra\u010dil in povra\u010dil<\/h2>\r\n<p data-start=\"149\" data-end=\"290\">Na\u0161a politika vra\u010dila traja <strong data-start=\"177\" data-end=\"187\">30 dni<\/strong>. \u010ce je od va\u0161ega nakupa minilo ve\u010d kot 30 dni, \u017eal ne moremo ponuditi celotnega povra\u010dila ali menjave.<\/p>\r\n<hr data-start=\"292\" data-end=\"295\" \/>\r\n<h3 data-start=\"297\" data-end=\"321\">\u2705 Pogoji za vra\u010dilo:<\/h3>\r\n<ul data-start=\"323\" data-end=\"735\">\r\n<li data-start=\"323\" data-end=\"405\">\r\n<p data-start=\"325\" data-end=\"405\">Izdelek mora biti <strong data-start=\"343\" data-end=\"359\">neuporabljen<\/strong> in v <strong data-start=\"365\" data-end=\"382\">enakem stanju<\/strong>, kot ste ga prejeli.<\/p>\r\n<\/li>\r\n<li data-start=\"406\" data-end=\"454\">\r\n<p data-start=\"408\" data-end=\"454\">Izdelek mora biti v <strong data-start=\"428\" data-end=\"451\">originalni embala\u017ei<\/strong>.<\/p>\r\n<\/li>\r\n<li data-start=\"455\" data-end=\"735\">\r\n<p data-start=\"457\" data-end=\"485\">Vra\u010dila <strong data-start=\"465\" data-end=\"479\">niso mo\u017ena<\/strong> za:<\/p>\r\n<ul data-start=\"488\" data-end=\"735\">\r\n<li data-start=\"488\" data-end=\"544\">\r\n<p data-start=\"490\" data-end=\"544\">hitro pokvarljivo blago (npr. hrana, ro\u017ee, \u010dasopisi)<\/p>\r\n<\/li>\r\n<li data-start=\"547\" data-end=\"580\">\r\n<p data-start=\"549\" data-end=\"580\">higienske ali intimne izdelke<\/p>\r\n<\/li>\r\n<li data-start=\"583\" data-end=\"634\">\r\n<p data-start=\"585\" data-end=\"634\">nevarne materiale, vnetljive teko\u010dine ali pline<\/p>\r\n<\/li>\r\n<li data-start=\"637\" data-end=\"656\">\r\n<p data-start=\"639\" data-end=\"656\">darilne kartice<\/p>\r\n<\/li>\r\n<li data-start=\"659\" data-end=\"689\">\r\n<p data-start=\"661\" data-end=\"689\">prenosno programsko opremo<\/p>\r\n<\/li>\r\n<li data-start=\"692\" data-end=\"735\">\r\n<p data-start=\"694\" data-end=\"735\">izbrane izdelke za zdravje in nego telesa<\/p>\r\n<\/li>\r\n<\/ul>\r\n<\/li>\r\n<\/ul>\r\n<p data-start=\"737\" data-end=\"857\">Za vra\u010dilo <strong data-start=\"748\" data-end=\"791\">potrebujete ra\u010dun ali dokazilo o nakupu<\/strong>.<br data-start=\"792\" data-end=\"795\" \/>\ud83d\udce6 Prosimo, <strong data-start=\"807\" data-end=\"857\">ne po\u0161iljajte izdelka neposredno proizvajalcu.<\/strong><\/p>\r\n<hr data-start=\"859\" data-end=\"862\" \/>\r\n<h3 data-start=\"864\" data-end=\"917\">\ud83d\udfe1 Delna vra\u010dila so mogo\u010da v naslednjih primerih:<\/h3>\r\n<ul data-start=\"919\" data-end=\"1125\">\r\n<li data-start=\"919\" data-end=\"953\">\r\n<p data-start=\"921\" data-end=\"953\">Knjige z jasnimi znaki uporabe<\/p>\r\n<\/li>\r\n<li data-start=\"954\" data-end=\"998\">\r\n<p data-start=\"956\" data-end=\"998\">Odprta CD\/DVD\/igra ali programska oprema<\/p>\r\n<\/li>\r\n<li data-start=\"999\" data-end=\"1076\">\r\n<p data-start=\"1001\" data-end=\"1076\">Izdelki, ki niso v originalnem stanju ali so po\u0161kodovani brez na\u0161e krivde<\/p>\r\n<\/li>\r\n<li data-start=\"1077\" data-end=\"1125\">\r\n<p data-start=\"1079\" data-end=\"1125\">Izdelki, vrnjeni <strong data-start=\"1096\" data-end=\"1125\">ve\u010d kot 30 dni po dostavi<\/strong><\/p>\r\n<\/li>\r\n<\/ul>\r\n<hr data-start=\"1127\" data-end=\"1130\" \/>\r\n<h2 data-start=\"1132\" data-end=\"1154\">\ud83d\udce8 Postopek vra\u010dila<\/h2>\r\n<p data-start=\"1156\" data-end=\"1297\">Ko va\u0161 izdelek prejmemo in preverimo, vas bomo <strong data-start=\"1203\" data-end=\"1227\">obvestili po e-po\u0161ti<\/strong>. Obvestili vas bomo tudi, ali je bilo vra\u010dilo odobreno ali zavrnjeno.<\/p>\r\n<p data-start=\"1299\" data-end=\"1412\">\u010ce bo odobreno, bo znesek <strong data-start=\"1325\" data-end=\"1345\">samodejno vrnjen<\/strong> na va\u0161o kreditno kartico ali izvirno pla\u010dilno metodo v nekaj dneh.<\/p>\r\n<hr data-start=\"1414\" data-end=\"1417\" \/>\r\n<h3 data-start=\"1419\" data-end=\"1455\">\ud83d\udd52 Zamude ali manjkajo\u010da vra\u010dila<\/h3>\r\n<p data-start=\"1457\" data-end=\"1485\">\u010ce vra\u010dila \u0161e niste prejeli:<\/p>\r\n<ol data-start=\"1487\" data-end=\"1744\">\r\n<li data-start=\"1487\" data-end=\"1520\">\r\n<p data-start=\"1490\" data-end=\"1520\">Preverite svoj ban\u010dni ra\u010dun.<\/p>\r\n<\/li>\r\n<li data-start=\"1521\" data-end=\"1603\">\r\n<p data-start=\"1524\" data-end=\"1603\">Kontaktirajte svojo kreditno kartico \u2013 vra\u010dila se lahko zabele\u017eijo z zamikom.<\/p>\r\n<\/li>\r\n<li data-start=\"1604\" data-end=\"1681\">\r\n<p data-start=\"1607\" data-end=\"1681\">Obrnite se na svojo banko \u2013 tudi tam lahko pride do zamika pri obdelavi.<\/p>\r\n<\/li>\r\n<li data-start=\"1682\" data-end=\"1744\">\r\n<p data-start=\"1685\" data-end=\"1744\">\u010ce vra\u010dila \u0161e vedno ni, pi\u0161ite na: <strong data-start=\"1720\" data-end=\"1744\"><a class=\"cursor-pointer\" rel=\"noopener\" data-start=\"1722\" data-end=\"1742\">hondzik001@gmail.com<\/a><\/strong><\/p>\r\n<\/li>\r\n<\/ol>\r\n<hr data-start=\"1746\" data-end=\"1749\" \/>\r\n<h3 data-start=\"1751\" data-end=\"1777\">\u274c Izdelki v razprodaji<\/h3>\r\n<p data-start=\"1779\" data-end=\"1877\">Vra\u010dilo je mo\u017eno <strong data-start=\"1796\" data-end=\"1827\">le za izdelke po redni ceni<\/strong>. Izdelki v razprodaji niso upravi\u010deni do vra\u010dila.<\/p>\r\n<hr data-start=\"1879\" data-end=\"1882\" \/>\r\n<h3 data-start=\"1884\" data-end=\"1898\">\ud83d\udd01 Menjave<\/h3>\r\n<p data-start=\"1900\" data-end=\"2130\">Menjamo samo izdelke, ki so <strong data-start=\"1928\" data-end=\"1958\">pokvarjeni ali po\u0161kodovani<\/strong>.<br data-start=\"1959\" data-end=\"1962\" \/>\u010ce \u017eelite izdelek zamenjati za enakega, pi\u0161ite na:<br data-start=\"2012\" data-end=\"2015\" \/>\ud83d\udce7 <strong data-start=\"2018\" data-end=\"2042\"><a class=\"cursor-pointer\" rel=\"noopener\" data-start=\"2020\" data-end=\"2040\">hondzik001@gmail.com<\/a><\/strong><br data-start=\"2042\" data-end=\"2045\" \/>\ud83d\udce6 Po\u0161ljite izdelek na:<br data-start=\"2068\" data-end=\"2071\" \/><strong data-start=\"2071\" data-end=\"2130\">Thai Lanna s.r.o., Orechov\u00e1 17, 06601 Humenn\u00e9, Slova\u0161ka<\/strong><\/p>\r\n<hr data-start=\"2132\" data-end=\"2135\" \/>\r\n<h3 data-start=\"2137\" data-end=\"2150\">\ud83c\udf81 Darila<\/h3>\r\n<p data-start=\"2152\" data-end=\"2319\">\u010ce je bil izdelek ob nakupu ozna\u010den kot darilo in poslan neposredno vam, boste prejeli <strong data-start=\"2239\" data-end=\"2259\">darilni dobropis<\/strong> v vrednosti vra\u010dila. Ko izdelek prejmemo, vam po\u0161ljemo bon.<\/p>\r\n<p data-start=\"2321\" data-end=\"2412\">\u010ce izdelek <strong data-start=\"2332\" data-end=\"2361\">ni bil ozna\u010den kot darilo<\/strong>, bomo vra\u010dilo izvedli kupcu in ga o tem obvestili.<\/p>\r\n<hr data-start=\"2414\" data-end=\"2417\" \/>\r\n<h2 data-start=\"2419\" data-end=\"2443\">\ud83d\ude9a Dostava in vra\u010dila<\/h2>\r\n<p data-start=\"2445\" data-end=\"2547\">Za vra\u010dila po\u0161ljite izdelek na:<br data-start=\"2476\" data-end=\"2479\" \/><strong data-start=\"2479\" data-end=\"2494\">Jacob Sinaj<\/strong><br data-start=\"2494\" data-end=\"2497\" \/><strong data-start=\"2497\" data-end=\"2512\">Orechov\u00e1 17<\/strong><br data-start=\"2512\" data-end=\"2515\" \/><strong data-start=\"2515\" data-end=\"2532\">06601 Humenn\u00e9<\/strong><br data-start=\"2532\" data-end=\"2535\" \/><strong data-start=\"2535\" data-end=\"2547\">Slova\u0161ka<\/strong><\/p>\r\n<p data-start=\"2549\" data-end=\"2682\">Stro\u0161ke po\u0161iljanja krijete sami. <strong data-start=\"2582\" data-end=\"2608\">Po\u0161tnina ni vra\u010dljiva.<\/strong><br data-start=\"2608\" data-end=\"2611\" \/>\u010ce prejmete vra\u010dilo, bodo stro\u0161ki po\u0161iljanja od\u0161teti od zneska vra\u010dila.<\/p>\r\n<p data-start=\"2684\" data-end=\"2758\">\u010cas dostave zamenjanega izdelka se lahko razlikuje glede na va\u0161o lokacijo.<\/p>\r\n<p data-start=\"2760\" data-end=\"2893\">Za dra\u017eje po\u0161iljke priporo\u010damo uporabo storitve s sledenjem ali po\u0161tnega zavarovanja. <strong data-start=\"2846\" data-end=\"2860\">Ne jam\u010dimo<\/strong>, da bomo vrnjen izdelek prejeli.<\/p>\r\n<hr data-start=\"2895\" data-end=\"2898\" \/>\r\n<h2 data-start=\"2900\" data-end=\"2923\">\u2753 Potrebujete pomo\u010d?<\/h2>\r\n<p data-start=\"2925\" data-end=\"3025\">\ud83d\udce9 Pi\u0161ite nam na: <strong data-start=\"2943\" data-end=\"2967\"><a class=\"cursor-pointer\" rel=\"noopener\" data-start=\"2945\" data-end=\"2965\">hondzik001@gmail.com<\/a><\/strong> \u2013 z veseljem vam pomagamo glede vra\u010dil in vra\u010dil kupnine.<\/p>\r\n<p data-start=\"2925\" data-end=\"3025\">\u00a0<\/p>\r\n<div class=\"min-h-8 text-message relative flex w-full flex-col items-end gap-2 whitespace-normal break-words text-start [.text-message+&amp;]:mt-5\" dir=\"auto\" data-message-author-role=\"assistant\" data-message-id=\"ab7cadc0-739a-4dd2-8ec7-f173db9d32ec\" data-message-model-slug=\"gpt-4o\">\r\n<p><strong>Morda vas zanima&#8230;<\/strong><\/p>\r\n<p><a href=\"https:\/\/www.tktx-shop.xyz\/?page_id=369\">Tatuiranje brez bole\u010din? Kupite originalno anestezijsko kremo TKTX in izkusite razliko!<\/a><\/p>\r\n<p><a href=\"https:\/\/www.tktx-shop.xyz\/?page_id=365\">Tetova\u017ea brez bole\u010din? Z originalno TKTX anesteti\u010dno kremo je to mogo\u010de!<\/a><\/p>\r\n<p><a href=\"https:\/\/www.tktx-shop.xyz\/?page_id=3\">Smernice o za\u0161\u010diti osebnih podatkov<\/a><\/p>\r\n<\/div>\r\n<div class=\"min-h-8 text-message relative flex w-full flex-col items-end gap-2 whitespace-normal break-words text-start [.text-message+&amp;]:mt-5\" dir=\"auto\" data-message-author-role=\"assistant\" data-message-id=\"ab7cadc0-739a-4dd2-8ec7-f173db9d32ec\" data-message-model-slug=\"gpt-4o\">\r\n<p><a href=\"https:\/\/www.tktx-shop.xyz\"><strong>Domov<\/strong><\/a><\/p>\r\n<\/div>","protected":false},"excerpt":{"rendered":"<p>\ud83d\udd01 Politika vra\u010dil in povra\u010dil Na\u0161a politika vra\u010dila traja 30 dni. \u010ce je od va\u0161ega nakupa minilo ve\u010d kot 30 dni, \u017eal ne moremo ponuditi celotnega povra\u010dila ali menjave. \u2705 Pogoji za vra\u010dilo: Izdelek mora biti neuporabljen in v enakem stanju, kot ste ga prejeli. Izdelek mora biti v originalni embala\u017ei. Vra\u010dila niso mo\u017ena za: [&hellip;]<\/p>\n","protected":false},"author":1,"featured_media":0,"parent":0,"menu_order":0,"comment_status":"closed","ping_status":"closed","template":"","meta":{"_monsterinsights_skip_tracking":false,"_monsterinsights_sitenote_active":false,"_monsterinsights_sitenote_note":"","_monsterinsights_sitenote_category":0,"footnotes":""},"class_list":["post-10","page","type-page","status-publish","hentry"],"yoast_head":"<!-- This site is optimized with the Yoast SEO plugin v25.2 - https:\/\/yoast.com\/wordpress\/plugins\/seo\/ -->\n<title>Politika vra\u010dila in prito\u017eb - Dermacain<\/title>\n<meta name=\"description\" content=\"Politika vra\u010dila izdelkov TKTX: vra\u010dila so mo\u017ena do 30 dni za neuporabljene izdelke. Preberite pogoje, naslove za vra\u010dilo in kontakt za pomo\u010d.\" \/>\n<meta name=\"robots\" content=\"index, follow, max-snippet:-1, max-image-preview:large, max-video-preview:-1\" \/>\n<link rel=\"canonical\" href=\"https:\/\/www.tktx-shop.xyz\/?page_id=10\" \/>\n<meta property=\"og:locale\" content=\"de_DE\" \/>\n<meta property=\"og:type\" content=\"article\" \/>\n<meta property=\"og:title\" content=\"Politika vra\u010dila in prito\u017eb - Dermacain\" \/>\n<meta property=\"og:description\" content=\"Politika vra\u010dila izdelkov TKTX: vra\u010dila so mo\u017ena do 30 dni za neuporabljene izdelke. Preberite pogoje, naslove za vra\u010dilo in kontakt za pomo\u010d.\" \/>\n<meta property=\"og:url\" content=\"https:\/\/www.tktx-shop.xyz\/?page_id=10\" \/>\n<meta property=\"og:site_name\" content=\"Dermacain\" \/>\n<meta property=\"article:modified_time\" content=\"2025-07-21T17:16:15+00:00\" \/>\n<meta name=\"twitter:card\" content=\"summary_large_image\" \/>\n<meta name=\"twitter:label1\" content=\"Gesch\u00e4tzte Lesezeit\" \/>\n\t<meta name=\"twitter:data1\" content=\"3\u00a0Minuten\" \/>\n<script type=\"application\/ld+json\" class=\"yoast-schema-graph\">{\"@context\":\"https:\/\/schema.org\",\"@graph\":[{\"@type\":\"WebPage\",\"@id\":\"https:\/\/www.tktx-shop.xyz\/?page_id=10\",\"url\":\"https:\/\/www.tktx-shop.xyz\/?page_id=10\",\"name\":\"Politika vra\u010dila in prito\u017eb - Dermacain\",\"isPartOf\":{\"@id\":\"https:\/\/www.tktx-shop.xyz\/#website\"},\"datePublished\":\"2023-04-08T06:51:39+00:00\",\"dateModified\":\"2025-07-21T17:16:15+00:00\",\"description\":\"Politika vra\u010dila izdelkov TKTX: vra\u010dila so mo\u017ena do 30 dni za neuporabljene izdelke. Preberite pogoje, naslove za vra\u010dilo in kontakt za pomo\u010d.\",\"breadcrumb\":{\"@id\":\"https:\/\/www.tktx-shop.xyz\/?page_id=10#breadcrumb\"},\"inLanguage\":\"de\",\"potentialAction\":[{\"@type\":\"ReadAction\",\"target\":[\"https:\/\/www.tktx-shop.xyz\/?page_id=10\"]}]},{\"@type\":\"BreadcrumbList\",\"@id\":\"https:\/\/www.tktx-shop.xyz\/?page_id=10#breadcrumb\",\"itemListElement\":[{\"@type\":\"ListItem\",\"position\":1,\"name\":\"Home\",\"item\":\"https:\/\/www.tktx-shop.xyz\/\"},{\"@type\":\"ListItem\",\"position\":2,\"name\":\"Politika vra\u010dila in prito\u017eb\"}]},{\"@type\":\"WebSite\",\"@id\":\"https:\/\/www.tktx-shop.xyz\/#website\",\"url\":\"https:\/\/www.tktx-shop.xyz\/\",\"name\":\"Dermacain\",\"description\":\"Wir machen Ihre Tattoos angenehmer\",\"potentialAction\":[{\"@type\":\"SearchAction\",\"target\":{\"@type\":\"EntryPoint\",\"urlTemplate\":\"https:\/\/www.tktx-shop.xyz\/?s={search_term_string}\"},\"query-input\":{\"@type\":\"PropertyValueSpecification\",\"valueRequired\":true,\"valueName\":\"search_term_string\"}}],\"inLanguage\":\"de\"}]}<\/script>\n<!-- \/ Yoast SEO plugin. -->","yoast_head_json":{"title":"Politika vra\u010dila in prito\u017eb - Dermacain","description":"Politika vra\u010dila izdelkov TKTX: vra\u010dila so mo\u017ena do 30 dni za neuporabljene izdelke. Preberite pogoje, naslove za vra\u010dilo in kontakt za pomo\u010d.","robots":{"index":"index","follow":"follow","max-snippet":"max-snippet:-1","max-image-preview":"max-image-preview:large","max-video-preview":"max-video-preview:-1"},"canonical":"https:\/\/www.tktx-shop.xyz\/?page_id=10","og_locale":"de_DE","og_type":"article","og_title":"Politika vra\u010dila in prito\u017eb - Dermacain","og_description":"Politika vra\u010dila izdelkov TKTX: vra\u010dila so mo\u017ena do 30 dni za neuporabljene izdelke. Preberite pogoje, naslove za vra\u010dilo in kontakt za pomo\u010d.","og_url":"https:\/\/www.tktx-shop.xyz\/?page_id=10","og_site_name":"Dermacain","article_modified_time":"2025-07-21T17:16:15+00:00","twitter_card":"summary_large_image","twitter_misc":{"Gesch\u00e4tzte Lesezeit":"3\u00a0Minuten"},"schema":{"@context":"https:\/\/schema.org","@graph":[{"@type":"WebPage","@id":"https:\/\/www.tktx-shop.xyz\/?page_id=10","url":"https:\/\/www.tktx-shop.xyz\/?page_id=10","name":"Politika vra\u010dila in prito\u017eb - Dermacain","isPartOf":{"@id":"https:\/\/www.tktx-shop.xyz\/#website"},"datePublished":"2023-04-08T06:51:39+00:00","dateModified":"2025-07-21T17:16:15+00:00","description":"Politika vra\u010dila izdelkov TKTX: vra\u010dila so mo\u017ena do 30 dni za neuporabljene izdelke. Preberite pogoje, naslove za vra\u010dilo in kontakt za pomo\u010d.","breadcrumb":{"@id":"https:\/\/www.tktx-shop.xyz\/?page_id=10#breadcrumb"},"inLanguage":"de","potentialAction":[{"@type":"ReadAction","target":["https:\/\/www.tktx-shop.xyz\/?page_id=10"]}]},{"@type":"BreadcrumbList","@id":"https:\/\/www.tktx-shop.xyz\/?page_id=10#breadcrumb","itemListElement":[{"@type":"ListItem","position":1,"name":"Home","item":"https:\/\/www.tktx-shop.xyz\/"},{"@type":"ListItem","position":2,"name":"Politika vra\u010dila in prito\u017eb"}]},{"@type":"WebSite","@id":"https:\/\/www.tktx-shop.xyz\/#website","url":"https:\/\/www.tktx-shop.xyz\/","name":"Dermacain","description":"Wir machen Ihre Tattoos angenehmer","potentialAction":[{"@type":"SearchAction","target":{"@type":"EntryPoint","urlTemplate":"https:\/\/www.tktx-shop.xyz\/?s={search_term_string}"},"query-input":{"@type":"PropertyValueSpecification","valueRequired":true,"valueName":"search_term_string"}}],"inLanguage":"de"}]}},"_links":{"self":[{"href":"https:\/\/www.tktx-shop.xyz\/index.php?rest_route=\/wp\/v2\/pages\/10","targetHints":{"allow":["GET"]}}],"collection":[{"href":"https:\/\/www.tktx-shop.xyz\/index.php?rest_route=\/wp\/v2\/pages"}],"about":[{"href":"https:\/\/www.tktx-shop.xyz\/index.php?rest_route=\/wp\/v2\/types\/page"}],"author":[{"embeddable":true,"href":"https:\/\/www.tktx-shop.xyz\/index.php?rest_route=\/wp\/v2\/users\/1"}],"replies":[{"embeddable":true,"href":"https:\/\/www.tktx-shop.xyz\/index.php?rest_route=%2Fwp%2Fv2%2Fcomments&post=10"}],"version-history":[{"count":5,"href":"https:\/\/www.tktx-shop.xyz\/index.php?rest_route=\/wp\/v2\/pages\/10\/revisions"}],"predecessor-version":[{"id":937,"href":"https:\/\/www.tktx-shop.xyz\/index.php?rest_route=\/wp\/v2\/pages\/10\/revisions\/937"}],"wp:attachment":[{"href":"https:\/\/www.tktx-shop.xyz\/index.php?rest_route=%2Fwp%2Fv2%2Fmedia&parent=10"}],"curies":[{"name":"wp","href":"https:\/\/api.w.org\/{rel}","templated":true}]}}